{"id":3070,"date":"2020-01-13T15:28:37","date_gmt":"2020-01-13T14:28:37","guid":{"rendered":"http:\/\/agora.xtec.cat\/escolaroncana\/?page_id=3070"},"modified":"2025-03-28T10:22:50","modified_gmt":"2025-03-28T09:22:50","slug":"economia","status":"publish","type":"page","link":"https:\/\/agora.xtec.cat\/escolaroncana\/normativa\/economia\/","title":{"rendered":"Economia &#8211; Pagaments"},"content":{"rendered":"<p>Des de l&#8217;escola us volem fer accessibles els comptes per aquest motiu en el seg\u00fcent enlla\u00e7 us compartim el pressupost de l&#8217;escola, <a href=\"https:\/\/drive.google.com\/file\/d\/1nvDdazXSDO8D_gS7cefjQanVfzp5IIK-\/view?usp=sharing\" target=\"_blank\" rel=\"noopener\">document pressupost<\/a>.<\/p>\n<p>Tamb\u00e9 us adjuntem un document on explica quins convenis tenen l&#8217;escola i l&#8217;ajuntament:\u00a0<a href=\"https:\/\/drive.google.com\/open?id=1kreiegjgnRizf9l47ROMJYRVea8cNOn3\" target=\"_blank\" rel=\"noopener noreferrer\">document ajuntament<\/a>.<\/p>\n<p>I a continuaci\u00f3 els pagaments que es fan des de l&#8217;escola, <a href=\"https:\/\/drive.google.com\/file\/d\/1bI148xpKbfqeZf-gyBj2hMZA9XOW1mjZ\/view?usp=sharing\" target=\"_blank\" rel=\"noopener\">document pagaments<\/a>.<\/p>\n<p>Us desglossem en els documents que trobareu a continuaci\u00f3 com i quan es fan aquests pagaments: <a href=\"https:\/\/drive.google.com\/file\/d\/1aeDvPkdEuENtKsvhGbjjYiPUjhLK38R0\/view?usp=sharing\" target=\"_blank\" rel=\"noopener\">informaci\u00f3 general<\/a>.<\/p>\n<p>&nbsp;<\/p>\n","protected":false},"excerpt":{"rendered":"<p>Des de l&#8217;escola us volem fer accessibles els comptes per aquest motiu en el seg\u00fcent enlla\u00e7 us compartim el pressupost de l&#8217;escola, document pressupost. Tamb\u00e9 us adjuntem un document on explica quins convenis tenen l&#8217;escola i l&#8217;ajuntament:\u00a0document ajuntament. I a continuaci\u00f3 els pagaments que es fan des de l&#8217;escola, document pagaments. Us desglossem en els [&hellip;]<\/p>\n","protected":false},"author":3,"featured_media":0,"parent":464,"menu_order":4,"comment_status":"closed","ping_status":"closed","template":"page-templates\/side-menu.php","meta":{"_bbp_topic_count":0,"_bbp_reply_count":0,"_bbp_total_topic_count":0,"_bbp_total_reply_count":0,"_bbp_voice_count":0,"_bbp_anonymous_reply_count":0,"_bbp_topic_count_hidden":0,"_bbp_reply_count_hidden":0,"_bbp_forum_subforum_count":0,"site-sidebar-layout":"default","site-content-layout":"","ast-site-content-layout":"","site-content-style":"default","site-sidebar-style":"default","ast-global-header-display":"","ast-banner-title-visibility":"","ast-main-header-display":"","ast-hfb-above-header-display":"","ast-hfb-below-header-display":"","ast-hfb-mobile-header-display":"","site-post-title":"","ast-breadcrumbs-content":"","ast-featured-img":"","footer-sml-layout":"","theme-transparent-header-meta":"","adv-header-id-meta":"","stick-header-meta":"","header-above-stick-meta":"","header-main-stick-meta":"","header-below-stick-meta":"","astra-migrate-meta-layouts":"default","ast-page-background-enabled":"default","ast-page-background-meta":{"desktop":{"background-color":"var(--ast-global-color-4)","background-image":"","background-repeat":"repeat","background-position":"center center","background-size":"auto","background-attachment":"scroll","background-type":"","background-media":"","overlay-type":"","overlay-color":"","overlay-opacity":"","overlay-gradient":""},"tablet":{"background-color":"","background-image":"","background-repeat":"repeat","background-position":"center center","background-size":"auto","background-attachment":"scroll","background-type":"","background-media":"","overlay-type":"","overlay-color":"","overlay-opacity":"","overlay-gradient":""},"mobile":{"background-color":"","background-image":"","background-repeat":"repeat","background-position":"center center","background-size":"auto","background-attachment":"scroll","background-type":"","background-media":"","overlay-type":"","overlay-color":"","overlay-opacity":"","overlay-gradient":""}},"ast-content-background-meta":{"desktop":{"background-color":"var(--ast-global-color-5)","background-image":"","background-repeat":"repeat","background-position":"center center","background-size":"auto","background-attachment":"scroll","background-type":"","background-media":"","overlay-type":"","overlay-color":"","overlay-opacity":"","overlay-gradient":""},"tablet":{"background-color":"var(--ast-global-color-5)","background-image":"","background-repeat":"repeat","background-position":"center center","background-size":"auto","background-attachment":"scroll","background-type":"","background-media":"","overlay-type":"","overlay-color":"","overlay-opacity":"","overlay-gradient":""},"mobile":{"background-color":"var(--ast-global-color-5)","background-image":"","background-repeat":"repeat","background-position":"center center","background-size":"auto","background-attachment":"scroll","background-type":"","background-media":"","overlay-type":"","overlay-color":"","overlay-opacity":"","overlay-gradient":""}},"footnotes":""},"class_list":["post-3070","page","type-page","status-publish","hentry"],"post_mailing_queue_ids":[],"_links":{"self":[{"href":"https:\/\/agora.xtec.cat\/escolaroncana\/wp-json\/wp\/v2\/pages\/3070","targetHints":{"allow":["GET"]}}],"collection":[{"href":"https:\/\/agora.xtec.cat\/escolaroncana\/wp-json\/wp\/v2\/pages"}],"about":[{"href":"https:\/\/agora.xtec.cat\/escolaroncana\/wp-json\/wp\/v2\/types\/page"}],"author":[{"embeddable":true,"href":"https:\/\/agora.xtec.cat\/escolaroncana\/wp-json\/wp\/v2\/users\/3"}],"replies":[{"embeddable":true,"href":"https:\/\/agora.xtec.cat\/escolaroncana\/wp-json\/wp\/v2\/comments?post=3070"}],"version-history":[{"count":6,"href":"https:\/\/agora.xtec.cat\/escolaroncana\/wp-json\/wp\/v2\/pages\/3070\/revisions"}],"predecessor-version":[{"id":5314,"href":"https:\/\/agora.xtec.cat\/escolaroncana\/wp-json\/wp\/v2\/pages\/3070\/revisions\/5314"}],"up":[{"embeddable":true,"href":"https:\/\/agora.xtec.cat\/escolaroncana\/wp-json\/wp\/v2\/pages\/464"}],"wp:attachment":[{"href":"https:\/\/agora.xtec.cat\/escolaroncana\/wp-json\/wp\/v2\/media?parent=3070"}],"curies":[{"name":"wp","href":"https:\/\/api.w.org\/{rel}","templated":true}]}}