{"id":1403,"date":"2017-10-24T10:39:13","date_gmt":"2017-10-24T08:39:13","guid":{"rendered":"http:\/\/agora.xtec.cat\/escolaroncana\/?page_id=1403"},"modified":"2023-10-30T12:22:07","modified_gmt":"2023-10-30T11:22:07","slug":"carta-de-compromis-educatiu","status":"publish","type":"page","link":"https:\/\/agora.xtec.cat\/escolaroncana\/normativa\/carta-de-compromis-educatiu\/","title":{"rendered":"Carta de comprom\u00eds educatiu"},"content":{"rendered":"<p>Segons el propi <a href=\"http:\/\/familiaiescola.gencat.cat\/ca\/escolaritat\/participacio-compromis\/carta-compromis-educatiu\/\" target=\"_blank\" rel=\"noopener noreferrer\">Departament d&#8217;Ensenyament<\/a> &#8220;l&#8217;objectiu de la carta de comprom\u00eds \u00e9s expressar els objectius necessaris per assolir un entorn de conviv\u00e8ncia i respecte pel desenvolupament de les activitats educatives&#8221;.<\/p>\n<p>En el moment de la matr\u00edcula es firma la carta de comprom\u00eds educatiu, que t\u00e9 per finalitat facilitar la cooperaci\u00f3 entre les accions educatives de les fam\u00edlies i les del centre educatiu. En concret:<\/p>\n<ul>\n<li>Que la fam\u00edlia conegui el projecte educatiu del centre i s&#8217;hi comprometi.<\/li>\n<li>Millorar la informaci\u00f3 i comunicaci\u00f3 entre el centre educatiu i les fam\u00edlies.<\/li>\n<li>Facilitar el compliment dels drets i deures de la comunitat educativa.<\/li>\n<li>Fomentar la conviv\u00e8ncia i el bon clima escolar.<\/li>\n<li>Coresponsabilitzar el centre i la fam\u00edlia en les diferents mesures educatives que puguin rebre els vostres fills.<\/li>\n<\/ul>\n<p>A continuaci\u00f3 us presentem el document que cont\u00e9 la carta de comprom\u00eds educatiu de l<a href=\"https:\/\/drive.google.com\/open?id=0BxCS06RCfrzYQmlNWTRSY0YycWM\" target=\"_blank\" rel=\"noopener noreferrer\">&#8216;<\/a>Escola Ron\u00e7ana. Cliqueu al seg\u00fcent <a href=\"https:\/\/drive.google.com\/open?id=0BxCS06RCfrzYQmlNWTRSY0YycWM\" target=\"_blank\" rel=\"noopener noreferrer\">enlla\u00e7<\/a>.<\/p>\n<p>&nbsp;<\/p>\n<p>&nbsp;<\/p>\n","protected":false},"excerpt":{"rendered":"<p>Segons el propi Departament d&#8217;Ensenyament &#8220;l&#8217;objectiu de la carta de comprom\u00eds \u00e9s expressar els objectius necessaris per assolir un entorn de conviv\u00e8ncia i respecte pel desenvolupament de les activitats educatives&#8221;. En el moment de la matr\u00edcula es firma la carta de comprom\u00eds educatiu, que t\u00e9 per finalitat facilitar la cooperaci\u00f3 entre les accions educatives de [&hellip;]<\/p>\n","protected":false},"author":3,"featured_media":0,"parent":464,"menu_order":5,"comment_status":"closed","ping_status":"closed","template":"page-templates\/side-menu.php","meta":{"_bbp_topic_count":0,"_bbp_reply_count":0,"_bbp_total_topic_count":0,"_bbp_total_reply_count":0,"_bbp_voice_count":0,"_bbp_anonymous_reply_count":0,"_bbp_topic_count_hidden":0,"_bbp_reply_count_hidden":0,"_bbp_forum_subforum_count":0,"site-sidebar-layout":"default","site-content-layout":"","ast-site-content-layout":"","site-content-style":"default","site-sidebar-style":"default","ast-global-header-display":"","ast-banner-title-visibility":"","ast-main-header-display":"","ast-hfb-above-header-display":"","ast-hfb-below-header-display":"","ast-hfb-mobile-header-display":"","site-post-title":"","ast-breadcrumbs-content":"","ast-featured-img":"","footer-sml-layout":"","theme-transparent-header-meta":"","adv-header-id-meta":"","stick-header-meta":"","header-above-stick-meta":"","header-main-stick-meta":"","header-below-stick-meta":"","astra-migrate-meta-layouts":"default","ast-page-background-enabled":"default","ast-page-background-meta":{"desktop":{"background-color":"var(--ast-global-color-4)","background-image":"","background-repeat":"repeat","background-position":"center center","background-size":"auto","background-attachment":"scroll","background-type":"","background-media":"","overlay-type":"","overlay-color":"","overlay-opacity":"","overlay-gradient":""},"tablet":{"background-color":"","background-image":"","background-repeat":"repeat","background-position":"center center","background-size":"auto","background-attachment":"scroll","background-type":"","background-media":"","overlay-type":"","overlay-color":"","overlay-opacity":"","overlay-gradient":""},"mobile":{"background-color":"","background-image":"","background-repeat":"repeat","background-position":"center center","background-size":"auto","background-attachment":"scroll","background-type":"","background-media":"","overlay-type":"","overlay-color":"","overlay-opacity":"","overlay-gradient":""}},"ast-content-background-meta":{"desktop":{"background-color":"var(--ast-global-color-5)","background-image":"","background-repeat":"repeat","background-position":"center center","background-size":"auto","background-attachment":"scroll","background-type":"","background-media":"","overlay-type":"","overlay-color":"","overlay-opacity":"","overlay-gradient":""},"tablet":{"background-color":"var(--ast-global-color-5)","background-image":"","background-repeat":"repeat","background-position":"center center","background-size":"auto","background-attachment":"scroll","background-type":"","background-media":"","overlay-type":"","overlay-color":"","overlay-opacity":"","overlay-gradient":""},"mobile":{"background-color":"var(--ast-global-color-5)","background-image":"","background-repeat":"repeat","background-position":"center center","background-size":"auto","background-attachment":"scroll","background-type":"","background-media":"","overlay-type":"","overlay-color":"","overlay-opacity":"","overlay-gradient":""}},"footnotes":""},"class_list":["post-1403","page","type-page","status-publish","hentry"],"post_mailing_queue_ids":[],"_links":{"self":[{"href":"https:\/\/agora.xtec.cat\/escolaroncana\/wp-json\/wp\/v2\/pages\/1403","targetHints":{"allow":["GET"]}}],"collection":[{"href":"https:\/\/agora.xtec.cat\/escolaroncana\/wp-json\/wp\/v2\/pages"}],"about":[{"href":"https:\/\/agora.xtec.cat\/escolaroncana\/wp-json\/wp\/v2\/types\/page"}],"author":[{"embeddable":true,"href":"https:\/\/agora.xtec.cat\/escolaroncana\/wp-json\/wp\/v2\/users\/3"}],"replies":[{"embeddable":true,"href":"https:\/\/agora.xtec.cat\/escolaroncana\/wp-json\/wp\/v2\/comments?post=1403"}],"version-history":[{"count":1,"href":"https:\/\/agora.xtec.cat\/escolaroncana\/wp-json\/wp\/v2\/pages\/1403\/revisions"}],"predecessor-version":[{"id":1404,"href":"https:\/\/agora.xtec.cat\/escolaroncana\/wp-json\/wp\/v2\/pages\/1403\/revisions\/1404"}],"up":[{"embeddable":true,"href":"https:\/\/agora.xtec.cat\/escolaroncana\/wp-json\/wp\/v2\/pages\/464"}],"wp:attachment":[{"href":"https:\/\/agora.xtec.cat\/escolaroncana\/wp-json\/wp\/v2\/media?parent=1403"}],"curies":[{"name":"wp","href":"https:\/\/api.w.org\/{rel}","templated":true}]}}