{"id":73,"date":"2014-09-18T14:01:51","date_gmt":"2014-09-18T13:01:51","guid":{"rendered":"http:\/\/agora.xtec.cat\/escolariumar\/?page_id=73"},"modified":"2026-03-26T13:39:28","modified_gmt":"2026-03-26T12:39:28","slug":"menjador-escolar","status":"publish","type":"page","link":"https:\/\/agora.xtec.cat\/escolariumar\/serveis\/menjador-escolar\/","title":{"rendered":"Menjador escolar 25-26"},"content":{"rendered":"<p><strong>SERVEIX:<\/strong> &#8220;Plat a Taula&#8221;, especialistes en men\u00fas escolars.<\/p>\n<p><strong>PAGAMENT<\/strong>: Alumnes fixos, rebut bancari domiciliat del <strong>1 al 5<\/strong> de cada mes. Si s&#8217;ha de faltar al servei, avisar abans de les 9h 30&#8242;, es ficar\u00e0 un abono al rebut del mes seg\u00fcent.<\/p>\n<p><em>QUOTA ASSIST\u00c8NCIA REGULAR<\/em> (m\u00ednim 4 dies):\u00a0 <strong>7, 25\u00a0euros\u00a0<\/strong><\/p>\n<p><em>BECARIS<\/em>: <strong>Mateix sistema<\/strong><\/p>\n<p><em>QUOTA ASSIST\u00c8NCIA IRREGULAR<\/em>: <strong>7,98 euros\u00a0 (ingr\u00e9s al compte ES63 2100 1411 4202 0017 2374 CaixaBank, abans de les 9h 30&#8242;)<\/strong><\/p>\n<p>CARMANYOLA: <strong>4,50 euros<\/strong><\/p>\n<p><em>C<\/em>ASOS ESPECIALS: intoler\u00e0ncies, al\u00b7l\u00e8rgies, restriccions aliment\u00e0ries per creences religioses, urg\u00e8ncies, celebracions, etc., avisar abans de les 9h 30&#8242;.<\/p>\n<p style=\"text-align: center;\"><strong>TEL\u00c8FON CONTACTE: <span style=\"font-family: inherit; font-size: 1em;\">\u00a0977 593 818<\/span><\/strong><\/p>\n<p>&nbsp;<\/p>\n<h2><img loading=\"lazy\" decoding=\"async\" class=\"alignnone size-full wp-image-7867\" src=\"https:\/\/agora.xtec.cat\/escolariumar\/wp-content\/uploads\/usu55\/2026\/03\/Menu-abril.png\" alt=\"\" width=\"1024\" height=\"768\" srcset=\"https:\/\/agora.xtec.cat\/escolariumar\/wp-content\/uploads\/usu55\/2026\/03\/Menu-abril.png 1024w, https:\/\/agora.xtec.cat\/escolariumar\/wp-content\/uploads\/usu55\/2026\/03\/Menu-abril-300x225.png 300w, https:\/\/agora.xtec.cat\/escolariumar\/wp-content\/uploads\/usu55\/2026\/03\/Menu-abril-768x576.png 768w, https:\/\/agora.xtec.cat\/escolariumar\/wp-content\/uploads\/usu55\/2026\/03\/Menu-abril-200x150.png 200w\" sizes=\"auto, (max-width: 1024px) 100vw, 1024px\" \/><\/h2>\n","protected":false},"excerpt":{"rendered":"<p>SERVEIX: &#8220;Plat a Taula&#8221;, especialistes en men\u00fas escolars.<br \/>\nPAGAMENT: Alumnes fixos, rebut bancari domiciliat del 1 al 5 de cada mes. Si s&#8217;ha de faltar al servei, avisar abans de les 9h 30&#8242;, es ficar\u00e0 un abono al rebut del mes seg\u00fcent.<br \/>\nQUOTA ASSIST\u00c8NCIA REGULAR (m\u00ednim 4&hellip;  <a href=\"https:\/\/agora.xtec.cat\/escolariumar\/serveis\/menjador-escolar\/\" title=\"Read Menjador escolar 25-26\">Llegeix m\u00e9s\u00bb<\/a><\/p>\n","protected":false},"author":1,"featured_media":0,"parent":66,"menu_order":30,"comment_status":"closed","ping_status":"closed","template":"page-templates\/side-menu.php","meta":{"_bbp_topic_count":0,"_bbp_reply_count":0,"_bbp_total_topic_count":0,"_bbp_total_reply_count":0,"_bbp_voice_count":0,"_bbp_anonymous_reply_count":0,"_bbp_topic_count_hidden":0,"_bbp_reply_count_hidden":0,"_bbp_forum_subforum_count":0,"footnotes":""},"class_list":["post-73","page","type-page","status-publish","hentry"],"post_mailing_queue_ids":[],"_links":{"self":[{"href":"https:\/\/agora.xtec.cat\/escolariumar\/wp-json\/wp\/v2\/pages\/73","targetHints":{"allow":["GET"]}}],"collection":[{"href":"https:\/\/agora.xtec.cat\/escolariumar\/wp-json\/wp\/v2\/pages"}],"about":[{"href":"https:\/\/agora.xtec.cat\/escolariumar\/wp-json\/wp\/v2\/types\/page"}],"author":[{"embeddable":true,"href":"https:\/\/agora.xtec.cat\/escolariumar\/wp-json\/wp\/v2\/users\/1"}],"replies":[{"embeddable":true,"href":"https:\/\/agora.xtec.cat\/escolariumar\/wp-json\/wp\/v2\/comments?post=73"}],"version-history":[{"count":7,"href":"https:\/\/agora.xtec.cat\/escolariumar\/wp-json\/wp\/v2\/pages\/73\/revisions"}],"predecessor-version":[{"id":7868,"href":"https:\/\/agora.xtec.cat\/escolariumar\/wp-json\/wp\/v2\/pages\/73\/revisions\/7868"}],"up":[{"embeddable":true,"href":"https:\/\/agora.xtec.cat\/escolariumar\/wp-json\/wp\/v2\/pages\/66"}],"wp:attachment":[{"href":"https:\/\/agora.xtec.cat\/escolariumar\/wp-json\/wp\/v2\/media?parent=73"}],"curies":[{"name":"wp","href":"https:\/\/api.w.org\/{rel}","templated":true}]}}