{"id":26,"date":"2014-09-18T12:24:32","date_gmt":"2014-09-18T11:24:32","guid":{"rendered":"http:\/\/agora.xtec.cat\/escolariumar\/?page_id=26"},"modified":"2023-03-08T10:37:13","modified_gmt":"2023-03-08T09:37:13","slug":"historia","status":"publish","type":"page","link":"https:\/\/agora.xtec.cat\/escolariumar\/lescola\/historia\/","title":{"rendered":"Hist\u00f2ria"},"content":{"rendered":"<p>Som una\u00a0<strong>escola p\u00fablica<\/strong>, depenent del Departament d&#8217;Educaci\u00f3 de la Generalitat de Catalunya i estem ubicats al delta de l&#8217;Ebre, al municipi de Deltebre i a la zona de La Cava.<\/p>\n<p>Tenim una l\u00ednia d&#8217;educaci\u00f3 infantil i prim\u00e0ria i, per tant, 9 grups i al voltant de\u00a0<strong>200 alumnes<\/strong>. El r\u00e8gim escolar \u00e9s normal i d\u2019estructura lineal. Tenim una plantilla de 16 mestres, 1 t\u00e8cnica d&#8217;infantil, 1 administrativa, 1 conserge, 1 vetlladora i monitores de menjador .<\/p>\n<p>Estem ubicats a la zona del Barracot i atenem, majorit\u00e0riament, alumnes del ter\u00e7 est de La Cava, dins el municipi de Deltebre.<\/p>\n<p>El nostre alumnat \u00e9s catalanoparlant i tenim una pres\u00e8ncia d&#8217;alumnat estranger inferior al 2 %.<\/p>\n<p>Les lleng\u00fces que treballem s\u00f3n el catal\u00e0, el castell\u00e0 i l&#8217;angl\u00e8s.<\/p>\n<p>Participem\u00a0en el\u00a0<strong>Pla educatiu d&#8217;Entorn<\/strong>\u00a0de Deltebre i el\u00a0<strong>Pla educatiu d&#8217;esports<\/strong>.<\/p>\n<p>&nbsp;<\/p>\n<p>&nbsp;<\/p>\n","protected":false},"excerpt":{"rendered":"<p>Som una\u00a0escola p\u00fablica, depenent del Departament d&#8217;Educaci\u00f3 de la Generalitat de Catalunya i estem ubicats al delta de l&#8217;Ebre, al municipi de Deltebre i a la zona de La Cava.<br \/>\nTenim una l\u00ednia d&#8217;educaci\u00f3 infantil i prim\u00e0ria i, per tant, 9 grups i al voltant de\u00a0200&hellip;  <a href=\"https:\/\/agora.xtec.cat\/escolariumar\/lescola\/historia\/\" title=\"Read Hist\u00f2ria\">Llegeix m\u00e9s\u00bb<\/a><\/p>\n","protected":false},"author":1,"featured_media":0,"parent":22,"menu_order":20,"comment_status":"closed","ping_status":"closed","template":"page-templates\/side-menu.php","meta":{"_bbp_topic_count":0,"_bbp_reply_count":0,"_bbp_total_topic_count":0,"_bbp_total_reply_count":0,"_bbp_voice_count":0,"_bbp_anonymous_reply_count":0,"_bbp_topic_count_hidden":0,"_bbp_reply_count_hidden":0,"_bbp_forum_subforum_count":0,"footnotes":""},"class_list":["post-26","page","type-page","status-publish","hentry"],"post_mailing_queue_ids":[],"_links":{"self":[{"href":"https:\/\/agora.xtec.cat\/escolariumar\/wp-json\/wp\/v2\/pages\/26","targetHints":{"allow":["GET"]}}],"collection":[{"href":"https:\/\/agora.xtec.cat\/escolariumar\/wp-json\/wp\/v2\/pages"}],"about":[{"href":"https:\/\/agora.xtec.cat\/escolariumar\/wp-json\/wp\/v2\/types\/page"}],"author":[{"embeddable":true,"href":"https:\/\/agora.xtec.cat\/escolariumar\/wp-json\/wp\/v2\/users\/1"}],"replies":[{"embeddable":true,"href":"https:\/\/agora.xtec.cat\/escolariumar\/wp-json\/wp\/v2\/comments?post=26"}],"version-history":[{"count":3,"href":"https:\/\/agora.xtec.cat\/escolariumar\/wp-json\/wp\/v2\/pages\/26\/revisions"}],"predecessor-version":[{"id":6026,"href":"https:\/\/agora.xtec.cat\/escolariumar\/wp-json\/wp\/v2\/pages\/26\/revisions\/6026"}],"up":[{"embeddable":true,"href":"https:\/\/agora.xtec.cat\/escolariumar\/wp-json\/wp\/v2\/pages\/22"}],"wp:attachment":[{"href":"https:\/\/agora.xtec.cat\/escolariumar\/wp-json\/wp\/v2\/media?parent=26"}],"curies":[{"name":"wp","href":"https:\/\/api.w.org\/{rel}","templated":true}]}}