{"id":24,"date":"2014-09-18T12:23:15","date_gmt":"2014-09-18T11:23:15","guid":{"rendered":"http:\/\/agora.xtec.cat\/escolariumar\/?page_id=24"},"modified":"2023-03-08T10:37:32","modified_gmt":"2023-03-08T09:37:32","slug":"on-som","status":"publish","type":"page","link":"https:\/\/agora.xtec.cat\/escolariumar\/lescola\/on-som\/","title":{"rendered":"On som"},"content":{"rendered":"<p style=\"color: #666666;\"><b>Escola Riumar<\/b><br \/>\nCarrer Ignasi 26<br \/>\n43580 Deltebre (Tarragona)<\/p>\n<p>Tel. 977480545<br \/>\ne3006873@xtec.cat<\/p>\n<p>Deltebre \u00e9s un municipi situat al bell mig del Delta de l&#8217;Ebre, a l&#8217;hemidelta esquerre i el seu terme municipal ocupa la quasi totalitat de la meitat nord del Delta. T\u00e9 uns 11.000 habitants i la riquesa paisatg\u00edstica i natural \u00e9s el seu principal patrimoni i atractiu.<\/p>\n<p>La zona on est\u00e0 la nostra escola \u00e9s La Cava, que va ser un poble que depenia de Tortosa fins que, juntament amb Jes\u00fas i Maria, va aconseguir la segregaci\u00f3 municipal de Tortosa l&#8217;any 1977. Per tant, Deltebre \u00e9s la fusi\u00f3 de dos poblacions: La Cava i Jes\u00fas i Maria, hi ha 3 centres educatius de prim\u00e0ria i infantil i un centre de secund\u00e0ria, tots ells de titularitat p\u00fablica.<\/p>\n<p>La zona que abasta el nostre centre \u00e9s la part est de La Cava i la urbanitzaci\u00f3 Riumar.<\/p>\n<p>&nbsp;<\/p>\n<p><iframe loading=\"lazy\" style=\"border: 0;\" src=\"https:\/\/www.google.com\/maps\/embed?pb=!1m14!1m12!1m3!1d1511.9650849344164!2d0.7449631993913248!3d40.71955370944196!2m3!1f0!2f0!3f0!3m2!1i1024!2i768!4f13.1!5e0!3m2!1sca!2ses!4v1458139844367\" width=\"600\" height=\"450\" frameborder=\"0\" allowfullscreen=\"allowfullscreen\"><\/iframe><\/p>\n","protected":false},"excerpt":{"rendered":"<p>Escola Riumar<br \/>\nCarrer Ignasi 26<br \/>\n43580 Deltebre (Tarragona)<br \/>\nTel. 977480545<br \/>\ne3006873@xtec.cat<br \/>\nDeltebre \u00e9s un municipi situat al bell mig del Delta de l&#8217;Ebre, a l&#8217;hemidelta esquerre i el seu terme municipal ocupa la quasi totalitat de la meitat nord del Delta. T\u00e9 uns 11.000 habitants i la riquesa paisatg\u00edstica i&hellip;  <a href=\"https:\/\/agora.xtec.cat\/escolariumar\/lescola\/on-som\/\" title=\"Read On som\">Llegeix m\u00e9s\u00bb<\/a><\/p>\n","protected":false},"author":1,"featured_media":0,"parent":22,"menu_order":10,"comment_status":"closed","ping_status":"closed","template":"page-templates\/side-menu.php","meta":{"_bbp_topic_count":0,"_bbp_reply_count":0,"_bbp_total_topic_count":0,"_bbp_total_reply_count":0,"_bbp_voice_count":0,"_bbp_anonymous_reply_count":0,"_bbp_topic_count_hidden":0,"_bbp_reply_count_hidden":0,"_bbp_forum_subforum_count":0,"footnotes":""},"class_list":["post-24","page","type-page","status-publish","hentry"],"post_mailing_queue_ids":[],"_links":{"self":[{"href":"https:\/\/agora.xtec.cat\/escolariumar\/wp-json\/wp\/v2\/pages\/24","targetHints":{"allow":["GET"]}}],"collection":[{"href":"https:\/\/agora.xtec.cat\/escolariumar\/wp-json\/wp\/v2\/pages"}],"about":[{"href":"https:\/\/agora.xtec.cat\/escolariumar\/wp-json\/wp\/v2\/types\/page"}],"author":[{"embeddable":true,"href":"https:\/\/agora.xtec.cat\/escolariumar\/wp-json\/wp\/v2\/users\/1"}],"replies":[{"embeddable":true,"href":"https:\/\/agora.xtec.cat\/escolariumar\/wp-json\/wp\/v2\/comments?post=24"}],"version-history":[{"count":4,"href":"https:\/\/agora.xtec.cat\/escolariumar\/wp-json\/wp\/v2\/pages\/24\/revisions"}],"predecessor-version":[{"id":445,"href":"https:\/\/agora.xtec.cat\/escolariumar\/wp-json\/wp\/v2\/pages\/24\/revisions\/445"}],"up":[{"embeddable":true,"href":"https:\/\/agora.xtec.cat\/escolariumar\/wp-json\/wp\/v2\/pages\/22"}],"wp:attachment":[{"href":"https:\/\/agora.xtec.cat\/escolariumar\/wp-json\/wp\/v2\/media?parent=24"}],"curies":[{"name":"wp","href":"https:\/\/api.w.org\/{rel}","templated":true}]}}