{"id":26,"date":"2014-09-18T12:24:32","date_gmt":"2014-09-18T12:24:32","guid":{"rendered":"http:\/\/agora.xtec.cat\/escolariudor\/?page_id=26"},"modified":"2022-05-16T13:50:46","modified_gmt":"2022-05-16T11:50:46","slug":"historia","status":"publish","type":"page","link":"https:\/\/agora.xtec.cat\/escolariudor\/lescola\/historia\/","title":{"rendered":"Hist\u00f2ria"},"content":{"rendered":"<p>Al 1835 l&#8217;exclaustraci\u00f3 dels frares de convent de &#8220;Sant Francesc&#8221; fa que l&#8217;Ajuntament confisqui l&#8217;edifici per evitar-ne el saqueig.M\u00e9s tard, al refectori del convent, s&#8217;instal\u00b7len les anomenades &#8220;ESCUELAS NACIONALES&#8221; amb una aula per a nenes i una altra per a nens. Al final dels anys 60, degut a l&#8217;estat ru\u00efn\u00f3s del convent es construeix la nova &#8220;ESCUELA UNITARIA&#8221;, als terrenys del cementiri vell, al mateix lloc on avui hi ha l&#8217;ESCOLA RIU D&#8217;OR!<\/p>\n<p>L&#8217;Escola P\u00fablica Riu d&#8217;Or va n\u00e9ixer el curs 1978-79, gr\u00e0cies a la preocupaci\u00f3 d&#8217;un grup de pares i mares per l&#8217;educaci\u00f3 dels seus fills i filles.<\/p>\n<p><img loading=\"lazy\" decoding=\"async\" class=\"alignleft wp-image-11391 \" src=\"https:\/\/agora.xtec.cat\/escolariudor\/wp-content\/uploads\/usu545\/2022\/03\/1646654376017_opt-rotated-e1646655553544.jpg\" alt=\"\" width=\"479\" height=\"358\" srcset=\"https:\/\/agora.xtec.cat\/escolariudor\/wp-content\/uploads\/usu545\/2022\/03\/1646654376017_opt-rotated-e1646655553544.jpg 535w, https:\/\/agora.xtec.cat\/escolariudor\/wp-content\/uploads\/usu545\/2022\/03\/1646654376017_opt-rotated-e1646655553544-300x224.jpg 300w, https:\/\/agora.xtec.cat\/escolariudor\/wp-content\/uploads\/usu545\/2022\/03\/1646654376017_opt-rotated-e1646655553544-200x150.jpg 200w\" sizes=\"auto, (max-width: 479px) 100vw, 479px\" \/><\/p>\n<p>&nbsp;<\/p>\n<p>&nbsp;<\/p>\n<p>&nbsp;<\/p>\n<p>&nbsp;<\/p>\n<p>&nbsp;<\/p>\n<p>&nbsp;<\/p>\n<p>&nbsp;<\/p>\n<p>&nbsp;<\/p>\n<p>&nbsp;<\/p>\n<p>Aquest curs, a l&#8217;espera del nou edifici, els nens i nenes de parvulari a primer de b\u00e0sica van a les aules de &#8220;la Unitaria&#8221; al carrer de les verges, mentre que els de segon a vuit\u00e8 van a l&#8217;edifici anomenat &#8220;els Hermanos&#8221; de la carretera de Navarcles.<\/p>\n<p>El mar\u00e7 de 1979 comencen les obres amb la previsi\u00f3 que l&#8217;edifici es pugui estrenar al comen\u00e7ament del curs 79-80. Es construeix l&#8217;edifici principal amb 8 aules, 2 despatxets i els lavabos.<\/p>\n<p>El curs 1981-1982 s&#8217;inicien els passos per catalanitzar l&#8217;escola. El projecte s&#8217;aprova amb una acta de l&#8217;escola i de l&#8217;APA. A partir d&#8217;aquest moment ja som ESCOLA P\u00daBLICA CATALANA, tots els mestres de l&#8217;escola han de poder impartir classes en catal\u00e0, fet que ha de garantir que tots els nens i nenes acabin amb un bon domini de les dues lleng\u00fces. En aquest moment l&#8217;escola ja t\u00e9 10 mestres, un per cada curs de parvulari i b\u00e0sica, m\u00e9s la monitora de maternal.<\/p>\n<p>L&#8217;octubre de 1983 l&#8217;ajuntament comen\u00e7a les obres del menjador, amb el comprom\u00eds que el departament acabi l&#8217;\u00e0rea de serveis.<\/p>\n<p>El curs 85-86, l&#8217;escola s&#8217;estructura per cicles:<br \/>\n-maternal i parvulari.<br \/>\n-cicle inicial (1r i 2n)<br \/>\n-cicle mitj\u00e0 1 (3r i 4t)<br \/>\n-cicle mitj\u00e0 2 (5\u00e8 i 6\u00e8)<br \/>\n-cicle superior (7\u00e8 i 8\u00e8)<\/p>\n<p>El 1988 l&#8217;escola celebra el des\u00e8 aniversari amb una festa.<\/p>\n<p>El 1990 comencen les obres de la 2\u00aa fase de l&#8217;\u00e0rea de serveis. El 1991 s&#8217;inaugura l&#8217;\u00e0rea de serveis. L&#8217;estiu del 1994 l&#8217;ajuntament fa les obres del mur i del tancat del pati.<\/p>\n<p>El 1995 s&#8217;estrena l&#8217;anagrama de l&#8217;escola.<\/p>\n<p>El 1996 els cursos de 7\u00e8 i 8\u00e8 deixen l&#8217;escola per comen\u00e7ar a l&#8217;institut de Santpedor.<br \/>\nL&#8217;estiu de 1996 comencen les obres de millora del parvulari i del pati.<\/p>\n<p><img loading=\"lazy\" decoding=\"async\" class=\"alignleft wp-image-11392\" src=\"https:\/\/agora.xtec.cat\/escolariudor\/wp-content\/uploads\/usu545\/2022\/03\/any-97_opt.jpg\" alt=\"\" width=\"343\" height=\"205\" srcset=\"https:\/\/agora.xtec.cat\/escolariudor\/wp-content\/uploads\/usu545\/2022\/03\/any-97_opt.jpg 400w, https:\/\/agora.xtec.cat\/escolariudor\/wp-content\/uploads\/usu545\/2022\/03\/any-97_opt-300x179.jpg 300w\" sizes=\"auto, (max-width: 343px) 100vw, 343px\" \/><\/p>\n<p>&nbsp;<\/p>\n<p>( imatge de l&#8217;1 de juny de l&#8217;any 1997)<\/p>\n<p>&nbsp;<\/p>\n<p>&nbsp;<\/p>\n<p>&nbsp;<\/p>\n<p>El 1998 s&#8217;acaben les obres de parvulari.<\/p>\n<p>L&#8217;escola va ser remodelada progressivament de\u00a0 l&#8217;any 2001-2008 dins una obra que connectava els dos edificis existents i que va donar lloc a diferents ampliacions i millores\u00a0 \u00a0 del recinte escolar.<\/p>\n<p><a href=\"https:\/\/agora.xtec.cat\/escolariudor\/wp-content\/uploads\/usu545\/2018\/11\/escola-antiga-e1542110093509.jpg\"><img loading=\"lazy\" decoding=\"async\" class=\"size-medium wp-image-6753 aligncenter\" src=\"https:\/\/agora.xtec.cat\/escolariudor\/wp-content\/uploads\/usu545\/2018\/11\/escola-antiga-e1542110093509-300x199.jpg\" alt=\"\" width=\"300\" height=\"199\" srcset=\"https:\/\/agora.xtec.cat\/escolariudor\/wp-content\/uploads\/usu545\/2018\/11\/escola-antiga-e1542110093509-300x199.jpg 300w, https:\/\/agora.xtec.cat\/escolariudor\/wp-content\/uploads\/usu545\/2018\/11\/escola-antiga-e1542110093509-768x510.jpg 768w, https:\/\/agora.xtec.cat\/escolariudor\/wp-content\/uploads\/usu545\/2018\/11\/escola-antiga-e1542110093509-1024x680.jpg 1024w, https:\/\/agora.xtec.cat\/escolariudor\/wp-content\/uploads\/usu545\/2018\/11\/escola-antiga-e1542110093509.jpg 1332w\" sizes=\"auto, (max-width: 300px) 100vw, 300px\" \/><\/a><\/p>\n","protected":false},"excerpt":{"rendered":"<p>Al 1835 l&#8217;exclaustraci\u00f3 dels frares de convent de &#8220;Sant Francesc&#8221; fa que l&#8217;Ajuntament confisqui l&#8217;edifici per evitar-ne el saqueig.M\u00e9s tard, [&hellip;]<\/p>\n","protected":false},"author":2,"featured_media":0,"parent":22,"menu_order":20,"comment_status":"closed","ping_status":"closed","template":"page-templates\/side-menu.php","meta":{"_bbp_topic_count":0,"_bbp_reply_count":0,"_bbp_total_topic_count":0,"_bbp_total_reply_count":0,"_bbp_voice_count":0,"_bbp_anonymous_reply_count":0,"_bbp_topic_count_hidden":0,"_bbp_reply_count_hidden":0,"_bbp_forum_subforum_count":0,"site-sidebar-layout":"default","site-content-layout":"","ast-site-content-layout":"","site-content-style":"default","site-sidebar-style":"default","ast-global-header-display":"","ast-banner-title-visibility":"","ast-main-header-display":"","ast-hfb-above-header-display":"","ast-hfb-below-header-display":"","ast-hfb-mobile-header-display":"","site-post-title":"","ast-breadcrumbs-content":"","ast-featured-img":"","footer-sml-layout":"","theme-transparent-header-meta":"","adv-header-id-meta":"","stick-header-meta":"","header-above-stick-meta":"","header-main-stick-meta":"","header-below-stick-meta":"","astra-migrate-meta-layouts":"default","ast-page-background-enabled":"default","ast-page-background-meta":{"desktop":{"background-color":"var(--ast-global-color-4)","background-image":"","background-repeat":"repeat","background-position":"center center","background-size":"auto","background-attachment":"scroll","background-type":"","background-media":"","overlay-type":"","overlay-color":"","overlay-opacity":"","overlay-gradient":""},"tablet":{"background-color":"","background-image":"","background-repeat":"repeat","background-position":"center center","background-size":"auto","background-attachment":"scroll","background-type":"","background-media":"","overlay-type":"","overlay-color":"","overlay-opacity":"","overlay-gradient":""},"mobile":{"background-color":"","background-image":"","background-repeat":"repeat","background-position":"center center","background-size":"auto","background-attachment":"scroll","background-type":"","background-media":"","overlay-type":"","overlay-color":"","overlay-opacity":"","overlay-gradient":""}},"ast-content-background-meta":{"desktop":{"background-color":"var(--ast-global-color-5)","background-image":"","background-repeat":"repeat","background-position":"center center","background-size":"auto","background-attachment":"scroll","background-type":"","background-media":"","overlay-type":"","overlay-color":"","overlay-opacity":"","overlay-gradient":""},"tablet":{"background-color":"var(--ast-global-color-5)","background-image":"","background-repeat":"repeat","background-position":"center center","background-size":"auto","background-attachment":"scroll","background-type":"","background-media":"","overlay-type":"","overlay-color":"","overlay-opacity":"","overlay-gradient":""},"mobile":{"background-color":"var(--ast-global-color-5)","background-image":"","background-repeat":"repeat","background-position":"center center","background-size":"auto","background-attachment":"scroll","background-type":"","background-media":"","overlay-type":"","overlay-color":"","overlay-opacity":"","overlay-gradient":""}},"footnotes":""},"class_list":["post-26","page","type-page","status-publish","hentry"],"post_mailing_queue_ids":[],"_links":{"self":[{"href":"https:\/\/agora.xtec.cat\/escolariudor\/wp-json\/wp\/v2\/pages\/26","targetHints":{"allow":["GET"]}}],"collection":[{"href":"https:\/\/agora.xtec.cat\/escolariudor\/wp-json\/wp\/v2\/pages"}],"about":[{"href":"https:\/\/agora.xtec.cat\/escolariudor\/wp-json\/wp\/v2\/types\/page"}],"author":[{"embeddable":true,"href":"https:\/\/agora.xtec.cat\/escolariudor\/wp-json\/wp\/v2\/users\/2"}],"replies":[{"embeddable":true,"href":"https:\/\/agora.xtec.cat\/escolariudor\/wp-json\/wp\/v2\/comments?post=26"}],"version-history":[{"count":3,"href":"https:\/\/agora.xtec.cat\/escolariudor\/wp-json\/wp\/v2\/pages\/26\/revisions"}],"predecessor-version":[{"id":11545,"href":"https:\/\/agora.xtec.cat\/escolariudor\/wp-json\/wp\/v2\/pages\/26\/revisions\/11545"}],"up":[{"embeddable":true,"href":"https:\/\/agora.xtec.cat\/escolariudor\/wp-json\/wp\/v2\/pages\/22"}],"wp:attachment":[{"href":"https:\/\/agora.xtec.cat\/escolariudor\/wp-json\/wp\/v2\/media?parent=26"}],"curies":[{"name":"wp","href":"https:\/\/api.w.org\/{rel}","templated":true}]}}