{"id":15234,"date":"2025-02-26T12:34:39","date_gmt":"2025-02-26T11:34:39","guid":{"rendered":"https:\/\/agora.xtec.cat\/escolariudor\/?page_id=15234"},"modified":"2025-10-20T15:16:51","modified_gmt":"2025-10-20T13:16:51","slug":"projectes","status":"publish","type":"page","link":"https:\/\/agora.xtec.cat\/escolariudor\/projectes\/","title":{"rendered":"Projectes"},"content":{"rendered":"\n<p>Aquest any seguim participant en diversos programes i projectes del Departament, del poble i de l\u2019escola:<\/p>\n\n\n\n<ul class=\"wp-block-list\">\n<li><strong>PCEE (Pla Catal\u00e0 de l&#8217;Esport Escolar)<\/strong>: Potenciem l\u2019esport i el joc a les estones d\u2019esbarjo. Promovem els Jocs tradicionals, dinamitzem els patis dels divendres amb els dinamitzadors i dinamitzadores de 6\u00e8.<\/li>\n\n\n\n<li><strong>Daily Mile<\/strong>: Aquest any hem afegit als alumnes de 2n a aquest projecte que fomenta l\u2019activitat f\u00edsica, el benestar i la concentraci\u00f3 a l\u2019aula.<\/li>\n\n\n\n<li><strong>Xarxa 0-6: <\/strong>Fem 4 trobades a la Llar d\u2019infants \u201cEls Gallarets\u201d per tal de potenciar la relaci\u00f3 entre els petits del poble, alhora que experimentem plegats.<\/li>\n\n\n\n<li><strong>Projecte R\u00e0dio<\/strong>: Seguim treballant l\u2019expressi\u00f3 oral amb la participaci\u00f3 a R\u00e0dio Santpedor i l\u2019enregistrament de lectures i poemes, aix\u00ed com aspectes t\u00e8cnics a c\u00e0rrec dels alumnes de CS.<\/li>\n\n\n\n<li><strong>Cantaxics<\/strong>: L\u2019alumnat de 2n forma part d\u2019un cor de cantata a la Sala Gran del Kursaal amb altres escoles i m\u00fasics en directe.<\/li>\n\n\n\n<li><strong>Concert a l\u2019Onada: <\/strong>Aquest any anirem a l\u2019Onada a gaudir d\u2019una estona de la companyia dels avis i \u00e0vies i els hi farem un concert als voltants de Nadal.<\/li>\n\n\n\n<li><strong>Programa de Consum de Fruites i Hortalisses<\/strong>: potenciem el consum de menjar saludable.<\/li>\n\n\n\n<li><strong>Programa Apilo<\/strong>: Es recullen piles per tal d\u2019ajudar al reciclatge.<\/li>\n\n\n\n<li><strong>M\u00e8tode Gabarr\u00f3 &#8211; Ortografia sense esfor\u00e7<\/strong>: Es redueixen les faltes d\u2019ortografia amb una metodologia innovadora que es vol aplicar de manera sistem\u00e0tica a 4t.<\/li>\n\n\n\n<li><strong>Rob\u00f2tica<\/strong>: A partir del segon trimestre introdu\u00efm el nou material de rob\u00f2tica a prim\u00e0ria, potenciant el pensament computacional i el treball en equip.<\/li>\n\n\n\n<li><strong>Tallers en educaci\u00f3 en consum: <\/strong>pels alumnes de 2n, 4t i 6\u00e8. Es duran a terme a la Setmana de la Salut i el benestar.<\/li>\n\n\n\n<li><strong>Projecte \u201cSalut Escolar\u201d <\/strong>del Col\u00b7legi de Fisioterapeutes de Catalunya, els qual ens v\u00e9nen a fer unes xerrades i uns tallers.<\/li>\n\n\n\n<li><strong>Hort<\/strong>: \u00e9s un projecte que realitzen els alumnes de cicle mitj\u00e0, en el qual fan d&#8217;hortolans amb l\u2019hort de l\u2019escola, mentre practiquen el vocabulari b\u00e0sic en angl\u00e8s.<\/li>\n\n\n\n<li><strong>Padrins i padrines de lectura: <\/strong>promovent la lectura amb un treball entre grans i petits.<\/li>\n\n\n\n<li><strong>Projecte Pati<\/strong>: Despr\u00e9s de la diagnosi feta i les propostes dels alumnes i les mestres, aquest any l\u2019AFA inicia petits canvis al pati i engega un avant projecte per tal de treure\u2019n el m\u00e0xim rendiment al nostre pati.<\/li>\n\n\n\n<li><strong>Atrapallibres: <\/strong>participem en el Premi Atrapallibres, en el qual els alumnes de CM i CS fan de jurat despr\u00e9s de llegir uns llibres \u201ctriats\u201d per l\u2019organitzaci\u00f3.<\/li>\n<\/ul>\n\n\n\n<p>A part d\u2019aquests projectes i programes, \u00e9s possible que al llarg del curs ens sumem a algun altre.<\/p>\n\n\n\n<p><\/p>\n","protected":false},"excerpt":{"rendered":"<p>Aquest any seguim participant en diversos programes i projectes del Departament, del poble i de l\u2019escola: A part d\u2019aquests projectes [&hellip;]<\/p>\n","protected":false},"author":1,"featured_media":0,"parent":0,"menu_order":0,"comment_status":"closed","ping_status":"close","template":"","meta":{"_bbp_topic_count":0,"_bbp_reply_count":0,"_bbp_total_topic_count":0,"_bbp_total_reply_count":0,"_bbp_voice_count":0,"_bbp_anonymous_reply_count":0,"_bbp_topic_count_hidden":0,"_bbp_reply_count_hidden":0,"_bbp_forum_subforum_count":0,"site-sidebar-layout":"no-sidebar","site-content-layout":"","ast-site-content-layout":"default","site-content-style":"default","site-sidebar-style":"default","ast-global-header-display":"","ast-banner-title-visibility":"","ast-main-header-display":"","ast-hfb-above-header-display":"","ast-hfb-below-header-display":"","ast-hfb-mobile-header-display":"","site-post-title":"","ast-breadcrumbs-content":"","ast-featured-img":"","footer-sml-layout":"","theme-transparent-header-meta":"","adv-header-id-meta":"","stick-header-meta":"","header-above-stick-meta":"","header-main-stick-meta":"","header-below-stick-meta":"","astra-migrate-meta-layouts":"set","ast-page-background-enabled":"default","ast-page-background-meta":{"desktop":{"background-color":"var(--ast-global-color-4)","background-image":"","background-repeat":"repeat","background-position":"center center","background-size":"auto","background-attachment":"scroll","background-type":"","background-media":"","overlay-type":"","overlay-color":"","overlay-opacity":"","overlay-gradient":""},"tablet":{"background-color":"","background-image":"","background-repeat":"repeat","background-position":"center center","background-size":"auto","background-attachment":"scroll","background-type":"","background-media":"","overlay-type":"","overlay-color":"","overlay-opacity":"","overlay-gradient":""},"mobile":{"background-color":"","background-image":"","background-repeat":"repeat","background-position":"center center","background-size":"auto","background-attachment":"scroll","background-type":"","background-media":"","overlay-type":"","overlay-color":"","overlay-opacity":"","overlay-gradient":""}},"ast-content-background-meta":{"desktop":{"background-color":"var(--ast-global-color-5)","background-image":"","background-repeat":"repeat","background-position":"center center","background-size":"auto","background-attachment":"scroll","background-type":"","background-media":"","overlay-type":"","overlay-color":"","overlay-opacity":"","overlay-gradient":""},"tablet":{"background-color":"var(--ast-global-color-5)","background-image":"","background-repeat":"repeat","background-position":"center center","background-size":"auto","background-attachment":"scroll","background-type":"","background-media":"","overlay-type":"","overlay-color":"","overlay-opacity":"","overlay-gradient":""},"mobile":{"background-color":"var(--ast-global-color-5)","background-image":"","background-repeat":"repeat","background-position":"center center","background-size":"auto","background-attachment":"scroll","background-type":"","background-media":"","overlay-type":"","overlay-color":"","overlay-opacity":"","overlay-gradient":""}},"footnotes":""},"class_list":["post-15234","page","type-page","status-publish","hentry"],"post_mailing_queue_ids":[],"_links":{"self":[{"href":"https:\/\/agora.xtec.cat\/escolariudor\/wp-json\/wp\/v2\/pages\/15234","targetHints":{"allow":["GET"]}}],"collection":[{"href":"https:\/\/agora.xtec.cat\/escolariudor\/wp-json\/wp\/v2\/pages"}],"about":[{"href":"https:\/\/agora.xtec.cat\/escolariudor\/wp-json\/wp\/v2\/types\/page"}],"author":[{"embeddable":true,"href":"https:\/\/agora.xtec.cat\/escolariudor\/wp-json\/wp\/v2\/users\/1"}],"replies":[{"embeddable":true,"href":"https:\/\/agora.xtec.cat\/escolariudor\/wp-json\/wp\/v2\/comments?post=15234"}],"version-history":[{"count":4,"href":"https:\/\/agora.xtec.cat\/escolariudor\/wp-json\/wp\/v2\/pages\/15234\/revisions"}],"predecessor-version":[{"id":15376,"href":"https:\/\/agora.xtec.cat\/escolariudor\/wp-json\/wp\/v2\/pages\/15234\/revisions\/15376"}],"wp:attachment":[{"href":"https:\/\/agora.xtec.cat\/escolariudor\/wp-json\/wp\/v2\/media?parent=15234"}],"curies":[{"name":"wp","href":"https:\/\/api.w.org\/{rel}","templated":true}]}}