{"id":15188,"date":"2025-02-24T15:28:40","date_gmt":"2025-02-24T14:28:40","guid":{"rendered":"https:\/\/agora.xtec.cat\/escolariudor\/?page_id=15188"},"modified":"2025-10-13T16:23:32","modified_gmt":"2025-10-13T14:23:32","slug":"contactes-2","status":"publish","type":"page","link":"https:\/\/agora.xtec.cat\/escolariudor\/contactes-2\/","title":{"rendered":"CONTACTES"},"content":{"rendered":"\n<h2 class=\"wp-block-heading\" style=\"font-size:29px\">ESCOLA <\/h2>\n\n\n\n<ul class=\"wp-block-list\">\n<li><a href=\"riudorescola@escolariudor.cat\" data-type=\"link\" data-id=\"riudorescola@escolariudor.cat\">riudorescola@escolariudor.cat<\/a><\/li>\n\n\n\n<li><a href=\"mailto:a8025058@xtec.cat\">a8025058@xtec.cat<\/a><\/li>\n<\/ul>\n\n\n\n<p><\/p>\n\n\n\n<h2 class=\"wp-block-heading\" style=\"font-size:29px\">EQUIP DIRECTIU<\/h2>\n\n\n\n<ul class=\"wp-block-list\">\n<li>Directora \u2013 Raquel Olmedo &#8211; <a href=\"mailto:rolmedo@escolariudor.cat\">rolmedo@escolariudor.cat<\/a><\/li>\n\n\n\n<li>Cap d&#8217;estudis &#8211; Carme Tovar &#8211; <a href=\"mailto:mtorvar2@escolariudor.cat\">mtorvar2@escolariudor.cat<\/a><\/li>\n\n\n\n<li>Secret\u00e0ria &#8211; Tat Serrat &#8211; <a href=\"mailto:mserrat6@escolariudor.cat\">mserrat6@escolariudor.cat<\/a><\/li>\n<\/ul>\n\n\n\n<p><\/p>\n\n\n\n<p><\/p>\n\n\n\n<h2 class=\"wp-block-heading\" style=\"font-size:29px\">DOCENTS EDUCACI\u00d3 INFANTIL<\/h2>\n\n\n\n<ul class=\"wp-block-list\">\n<li>Coordinadora &#8211; Geno Queralt &#8211; <a href=\"mailto:gqueralt@escolariudor.cat\">gqueralt@escolariudor.cat<\/a><\/li>\n\n\n\n<li>Tutora I3 \u2013 Anna Bosch &#8211; <a href=\"mailto:amoren94@escolariudor.cat\">abosch37@escolariudor.cat<\/a>\n<ul class=\"wp-block-list\">\n<li>TEI &#8211; Carme Jurado &#8211; <a href=\"mailto:mjurad28@escolariudor.cat\">mjurad28@escolariudor.cat<\/a><\/li>\n<\/ul>\n<\/li>\n\n\n\n<li>Tutora I4  \u2013 Gemma Navarro &#8211; <a href=\"mailto:gnavarr9@escolariudor.cat\">gnavarr9@escolariudor.cat<\/a><\/li>\n\n\n\n<li>Tutora I5 A \u2013 Mireia Barcons &#8211; <a href=\"mailto:mbarcon2@escolariudor.cat\">mbarcon2@escolariudor.cat<\/a>\n<ul class=\"wp-block-list\">\n<li>Estefan\u00eda Garcia &#8211; <a href=\"mailto:egarc394@escolariudor.cat\">egarc394@escolariudor.cat<\/a><\/li>\n<\/ul>\n<\/li>\n\n\n\n<li>Tutora I5 B \u2013 Geno Queralt &#8211; <a href=\"mailto:gqueralt@escolariudor.cat\">gqueralt@escolariudor.cat<\/a><\/li>\n\n\n\n<li>Angl\u00e8s \u2013 Iv\u00e0 Guillaumet &#8211; <a href=\"mailto:iguillau@escolariudor.cat\">iguillau@escolariudor.cat<\/a><\/li>\n\n\n\n<li>M\u00fasica \u2013 Montse Claret &#8211; <a href=\"mailto:mclaret@escolariudor.cat\">mclaret@escolariudor.cat<\/a><\/li>\n\n\n\n<li>Psicomotricitat \u2013 Raquel Olmedo &#8211; <a href=\"mailto:rolmedo@escolariudor.cat\">rolmedo@escolariudor.cat<\/a><\/li>\n\n\n\n<li>Educaci\u00f3 Especial \u2013 Carme S\u00e1nchez &#8211; <a href=\"mailto:csanch68@escolariudor.cat\">csanch68@escolariudor.cat<\/a>\n<ul class=\"wp-block-list\">\n<li>M\u00f2nica Prat &#8211; <a href=\"mailto:mprat264@escolariudor.cat\">mprat264@escolariudor.cat<\/a><\/li>\n<\/ul>\n<\/li>\n<\/ul>\n\n\n\n<p><\/p>\n\n\n\n<p><\/p>\n\n\n\n<p><\/p>\n\n\n\n<h2 class=\"wp-block-heading\" style=\"font-size:29px\">DOCENTS EDUCACI\u00d3 PRIM\u00c0RIA \u2013 PRIMER CICLE &#8211; <\/h2>\n\n\n\n<ul class=\"wp-block-list\">\n<li>Coordinadora \u2013 Laia Torrescasana &#8211; <a href=\"mailto:ltorresc@escolariudor.cat\">ltorresc@escolariudor.cat<\/a><\/li>\n\n\n\n<li>Tutora 1r A \u2013 Anna Moreno &#8211; <a href=\"mailto:amoren94@escolariudor.cat\">amoren94@escolariudor.cat<\/a> \n<ul class=\"wp-block-list\">\n<li>Lydia Hern\u00e1ndez &#8211; <a href=\"mailto:svilard1@escolariudor.cat\">lherna17@escolariudor.cat<\/a><\/li>\n<\/ul>\n<\/li>\n\n\n\n<li>Tutora 1r B \u2013 Mar Barons &#8211; <a href=\"mailto:mbarons@escolariudor.cat\">mbarons@escolariudor.cat<\/a><\/li>\n\n\n\n<li>Tutora 2n A \u2013 Teresa Garcia &#8211; <a href=\"mailto:mgarc577@escolariudor.cat\">mgarc577@escolariudor.cat<\/a><\/li>\n\n\n\n<li>Tutora 2n B \u2013 Laia Torrescasana &#8211; <a href=\"mailto:ltorresc@escolariudor.cat\">ltorresc@escolariudor.cat<\/a><\/li>\n\n\n\n<li>M\u00fasica \u2013 Montse Claret &#8211; <a href=\"mailto:mclaret@escolariudor.cat\">mclaret@escolariudor.cat<\/a><\/li>\n\n\n\n<li>Angl\u00e8s \u2013 Iv\u00e0 Guillaumet &#8211; <a href=\"mailto:iguillau@escolariudor.cat\">iguillau@escolariudor.cat<\/a><\/li>\n\n\n\n<li>Educaci\u00f3 F\u00edsica \u2013 Ramon Casas &#8211; <a href=\"mailto:rcasas@escolariudor.cat\">rcasas@escolariudor.cat<\/a><\/li>\n\n\n\n<li>R\u00e0dio \u2013 Pilar Garcia &#8211; <a href=\"pilargarcia@escolariudor.cat\">pilargarcia@escolariudor.cat<\/a><\/li>\n\n\n\n<li>Educaci\u00f3 Especial \u2013 Carme S\u00e1nchez &#8211; <a href=\"mailto:csanch68@escolariudor.cat\">csanch68@escolariudor.cat<\/a>\n<ul class=\"wp-block-list\">\n<li>M\u00f2nica Prat &#8211; <a href=\"mailto:mprat264@escolariudor.cat\">mprat264@escolariudor.cat<\/a><\/li>\n<\/ul>\n<\/li>\n\n\n\n<li>Projecte Lectura i Desdoblaments \u2013 Jordi Viega &#8211; <a href=\"mailto:rcasas@escolariudor.cat\">jviega@escolariudor.cat<\/a><\/li>\n<\/ul>\n\n\n\n<p><\/p>\n\n\n\n<p><\/p>\n\n\n\n<h2 class=\"wp-block-heading\" style=\"font-size:29px\">DOCENTS EDUCACI\u00d3 PRIM\u00c0RIA \u2013 SEGON CICLE &#8211; <\/h2>\n\n\n\n<ul class=\"wp-block-list\">\n<li>Coordinador \u2013 Ramon Casas \u2013 <a href=\"mailto:rcasas@escolariudor.cat\">rcasas@escolariudor.cat<\/a><\/li>\n\n\n\n<li>Tutora 3r A \u2013 N\u00faria Barnaus &#8211; <a href=\"mailto:nbarnaus@escolariudor.cat\">nbarnaus@escolariudor.cat<\/a><\/li>\n\n\n\n<li>Tutora 3r B \u2013 Anna Alcaide &#8211; <a href=\"mailto:alao@escolariudor.cat\">aalcaid4@escolariudor.cat<\/a><\/li>\n\n\n\n<li>Tutora 4t A \u2013 Kirian Sabat\u00e9 &#8211; <a href=\"mailto:ksabate@escolariudor.cat\">ksabate@escolariudor.cat<\/a><\/li>\n\n\n\n<li>Tutora 4t B \u2013 Elisabet Colom &#8211; <a href=\"mailto:ecolon2@escolariudor.cat\">ecolon2@escolariudor.cat<\/a><\/li>\n\n\n\n<li>Angl\u00e8s \u2013 Pilar Garcia \u2013 <a href=\"mailto:pilargarcia@escolariudor.cat\">pilargarcia@escolariudor.cat<\/a><\/li>\n\n\n\n<li>M\u00fasica \u2013 Montse Claret &#8211; <a href=\"mailto:mclaret@escolariudor.cat\">mclaret@escolariudor.cat<\/a><\/li>\n\n\n\n<li>Educaci\u00f3 F\u00edsica \u2013 Ramon Casas &#8211; <a href=\"mailto:rcasas@escolariudor.cat\">rcasas@escolariudor.cat<\/a><\/li>\n\n\n\n<li>R\u00e0dio \u2013 Pilar Garcia &#8211; <a href=\"pilargarcia@escolariudor.cat\">pilargarcia@escolariudor.cat<\/a><\/li>\n\n\n\n<li>Educaci\u00f3 Especial \u2013 Carme S\u00e1nchez &#8211; <a href=\"mailto:csanch68@escolariudor.cat\">csanch68@escolariudor.cat<\/a>\n<ul class=\"wp-block-list\">\n<li>M\u00f2nica Prat &#8211; <a href=\"mailto:mprat264@escolariudor.cat\">mprat264@escolariudor.cat<\/a><\/li>\n<\/ul>\n<\/li>\n\n\n\n<li>Desdoblaments \u2013 Carme Tovar &#8211; <a href=\"mailto:mtorvar2@escolariudor.cat\">mtorvar2@escolariudor.cat<\/a><\/li>\n<\/ul>\n\n\n\n<p><\/p>\n\n\n\n<p><\/p>\n\n\n\n<h2 class=\"wp-block-heading\" style=\"font-size:29px\">DOCENTS EDUCACI\u00d3 PRIM\u00c0RIA \u2013 TERCER CICLE &#8211; <\/h2>\n\n\n\n<ul class=\"wp-block-list\">\n<li>Coordinadora \u2013 Eva Prieto \u2013 <a href=\"mailto:eprieto2@escolariudor.cat\">eprieto2@escolariudor.cat<\/a><\/li>\n\n\n\n<li>Tutor 5\u00e8 A \u2013 Jordi Munich &#8211; <a href=\"mailto:jmunich1@escolariudor.cat\">jmunich1@escolariudor.cat<\/a>\n<ul class=\"wp-block-list\">\n<li>M\u00f2nica Prat &#8211; <a href=\"mailto:xhuerta@escolariudor.cat\"><\/a><a href=\"mailto:mprat264@escolariudor.cat\">mprat264@escolariudor.cat<\/a><\/li>\n<\/ul>\n<\/li>\n\n\n\n<li>Tutora 5\u00e8 B \u2013 Laura Baltanas &#8211; <a href=\"mailto:dolorscasamitjana@escolariudor.cat\">lbaltana@escolariudor.cat<\/a><\/li>\n\n\n\n<li>Tutor 6\u00e8 A \u2013 Xavi Huerta &#8211; <a href=\"mailto:xhuerta@escolariudor.cat\">xhuerta@escolariudor.cat<\/a>\n<ul class=\"wp-block-list\">\n<li>Eva Aguilera &#8211; <a href=\"mailto:xhuerta@escolariudor.cat\">eaguile6@escolariudor.cat<\/a><\/li>\n<\/ul>\n<\/li>\n\n\n\n<li>Tutora 6\u00e8 B \u2013 Eva Prieto &#8211; <a href=\"mailto:eprieto2@escolariudor.cat\">eprieto2@escolariudor.cat<\/a><\/li>\n\n\n\n<li>M\u00fasica \u2013 Montse Claret &#8211; <a href=\"mailto:mclaret@escolariudor.cat\">mclaret@escolariudor.cat<\/a><\/li>\n\n\n\n<li>Angl\u00e8s  \u2013 Tat Serrat &#8211; <a href=\"mailto:mserrat6@escolariudor.cat\">mserrat6@escolariudor.cat<\/a>\n<ul class=\"wp-block-list\">\n<li>Jordi Munich &#8211; <a href=\"mailto:jmunich1@escolariudor.cat\">jmunich1@escolariudor.cat<\/a><\/li>\n\n\n\n<li>Laura Baltanas &#8211; <a href=\"mailto:dolorscasamitjana@escolariudor.cat\">lbaltana@escolariudor.cat<\/a><\/li>\n<\/ul>\n<\/li>\n\n\n\n<li>Educaci\u00f3 F\u00edsica \u2013 Raquel Olmedo &#8211; <a href=\"mailto:rolmedo@escolariudor.cat\">rolmedo@escolariudor.cat<\/a>\n<ul class=\"wp-block-list\">\n<li>Xavi Huerta &#8211; <a href=\"mailto:xhuerta@escolariudor.cat\">xhuerta@escolariudor.cat<\/a><\/li>\n<\/ul>\n<\/li>\n\n\n\n<li>R\u00e0dio \u2013 Pilar Garcia &#8211; <a href=\"pilargarcia@escolariudor.cat\">pilargarcia@escolariudor.cat<\/a><\/li>\n\n\n\n<li>Educaci\u00f3 Especial \u2013 Carme S\u00e1nchez &#8211; <a href=\"mailto:csanch68@escolariudor.cat\">csanch68@escolariudor.cat<\/a>\n<ul class=\"wp-block-list\">\n<li>M\u00f2nica Prat &#8211; <a href=\"mailto:mprat264@escolariudor.cat\">mprat264@escolariudor.cat<\/a><\/li>\n<\/ul>\n<\/li>\n<\/ul>\n\n\n\n<p><\/p>\n\n\n","protected":false},"excerpt":{"rendered":"<p>ESCOLA EQUIP DIRECTIU DOCENTS EDUCACI\u00d3 INFANTIL DOCENTS EDUCACI\u00d3 PRIM\u00c0RIA \u2013 PRIMER CICLE &#8211; DOCENTS EDUCACI\u00d3 PRIM\u00c0RIA \u2013 SEGON CICLE &#8211; [&hellip;]<\/p>\n","protected":false},"author":1,"featured_media":0,"parent":0,"menu_order":0,"comment_status":"closed","ping_status":"close","template":"","meta":{"_bbp_topic_count":0,"_bbp_reply_count":0,"_bbp_total_topic_count":0,"_bbp_total_reply_count":0,"_bbp_voice_count":0,"_bbp_anonymous_reply_count":0,"_bbp_topic_count_hidden":0,"_bbp_reply_count_hidden":0,"_bbp_forum_subforum_count":0,"site-sidebar-layout":"default","site-content-layout":"","ast-site-content-layout":"default","site-content-style":"default","site-sidebar-style":"unboxed","ast-global-header-display":"","ast-banner-title-visibility":"","ast-main-header-display":"","ast-hfb-above-header-display":"","ast-hfb-below-header-display":"","ast-hfb-mobile-header-display":"","site-post-title":"","ast-breadcrumbs-content":"","ast-featured-img":"","footer-sml-layout":"","theme-transparent-header-meta":"","adv-header-id-meta":"","stick-header-meta":"","header-above-stick-meta":"","header-main-stick-meta":"","header-below-stick-meta":"","astra-migrate-meta-layouts":"set","ast-page-background-enabled":"default","ast-page-background-meta":{"desktop":{"background-color":"var(--ast-global-color-4)","background-image":"","background-repeat":"repeat","background-position":"center center","background-size":"auto","background-attachment":"scroll","background-type":"","background-media":"","overlay-type":"","overlay-color":"","overlay-opacity":"","overlay-gradient":""},"tablet":{"background-color":"","background-image":"","background-repeat":"repeat","background-position":"center center","background-size":"auto","background-attachment":"scroll","background-type":"","background-media":"","overlay-type":"","overlay-color":"","overlay-opacity":"","overlay-gradient":""},"mobile":{"background-color":"","background-image":"","background-repeat":"repeat","background-position":"center center","background-size":"auto","background-attachment":"scroll","background-type":"","background-media":"","overlay-type":"","overlay-color":"","overlay-opacity":"","overlay-gradient":""}},"ast-content-background-meta":{"desktop":{"background-color":"var(--ast-global-color-5)","background-image":"","background-repeat":"repeat","background-position":"center center","background-size":"auto","background-attachment":"scroll","background-type":"","background-media":"","overlay-type":"","overlay-color":"","overlay-opacity":"","overlay-gradient":""},"tablet":{"background-color":"var(--ast-global-color-5)","background-image":"","background-repeat":"repeat","background-position":"center center","background-size":"auto","background-attachment":"scroll","background-type":"","background-media":"","overlay-type":"","overlay-color":"","overlay-opacity":"","overlay-gradient":""},"mobile":{"background-color":"var(--ast-global-color-5)","background-image":"","background-repeat":"repeat","background-position":"center center","background-size":"auto","background-attachment":"scroll","background-type":"","background-media":"","overlay-type":"","overlay-color":"","overlay-opacity":"","overlay-gradient":""}},"footnotes":""},"class_list":["post-15188","page","type-page","status-publish","hentry"],"post_mailing_queue_ids":[],"_links":{"self":[{"href":"https:\/\/agora.xtec.cat\/escolariudor\/wp-json\/wp\/v2\/pages\/15188","targetHints":{"allow":["GET"]}}],"collection":[{"href":"https:\/\/agora.xtec.cat\/escolariudor\/wp-json\/wp\/v2\/pages"}],"about":[{"href":"https:\/\/agora.xtec.cat\/escolariudor\/wp-json\/wp\/v2\/types\/page"}],"author":[{"embeddable":true,"href":"https:\/\/agora.xtec.cat\/escolariudor\/wp-json\/wp\/v2\/users\/1"}],"replies":[{"embeddable":true,"href":"https:\/\/agora.xtec.cat\/escolariudor\/wp-json\/wp\/v2\/comments?post=15188"}],"version-history":[{"count":6,"href":"https:\/\/agora.xtec.cat\/escolariudor\/wp-json\/wp\/v2\/pages\/15188\/revisions"}],"predecessor-version":[{"id":16071,"href":"https:\/\/agora.xtec.cat\/escolariudor\/wp-json\/wp\/v2\/pages\/15188\/revisions\/16071"}],"wp:attachment":[{"href":"https:\/\/agora.xtec.cat\/escolariudor\/wp-json\/wp\/v2\/media?parent=15188"}],"curies":[{"name":"wp","href":"https:\/\/api.w.org\/{rel}","templated":true}]}}