{"id":14035,"date":"2024-03-30T13:25:15","date_gmt":"2024-03-30T12:25:15","guid":{"rendered":"https:\/\/agora.xtec.cat\/escolariudor\/?page_id=14035"},"modified":"2024-04-05T10:54:40","modified_gmt":"2024-04-05T08:54:40","slug":"lets-english","status":"publish","type":"page","link":"https:\/\/agora.xtec.cat\/escolariudor\/lets-english\/","title":{"rendered":"LET&#8217;S ENGLISH"},"content":{"rendered":"<h2>ETWINNING PROJECT &#8211; INSIDE OUT<\/h2>\n<p style=\"text-align: justify;\">Enguany estem portant a terme un projecte Etwinning amb una escola francesa, l&#8217;Ecole des Marronniers, el nom del projecte \u00e9s INSIDE OUT.<\/p>\n<p style=\"text-align: justify;\">En aquest projecte treballarem les emocions, hem comen\u00e7at a identificar-les, entenent que aquest \u00e9s el primer pas per poder arribar a gestionar-les. Ens endinsarem en el m\u00f3n de les emocions a trav\u00e9s de diferents expressions art\u00edstiques (pintura, escultura, m\u00fasica) aix\u00f2 ens permetr\u00e0 con\u00e8ixer millor diferents artistes i recon\u00e8ixer les emocions que sentim quan estem en contacte amb algunes de les seves obres. Els alumnes francesos faran el mateix amb artistes del seu territori i aix\u00ed ens podrem explicar i ensenyar el qu\u00e8 hem apr\u00e8s, sentit i descobert.<\/p>\n<p style=\"text-align: justify;\">Esperem poder aprendre molt sobre nosaltres mateixos i les nostres emocions, a m\u00e9s de con\u00e8ixer millor alguns artistes i la seva obra. Tot plegat, fent \u00fas de la llengua anglesa com a mitj\u00e0 de comunicaci\u00f3 amb l&#8217;Ecole des Marronniers.<\/p>\n<p>&nbsp;<\/p>\n<h1><strong><a href=\"https:\/\/gepriudor.wixsite.com\/website\" target=\"_blank\" rel=\"noopener\">Projecte GEP<\/a><\/strong><\/h1>\n<p>&nbsp;<\/p>\n<p><a href=\"https:\/\/agora.xtec.cat\/escolariudor\/\" rel=\"cc:attributionURL\">Propietat<\/a> by Escola Riu d&#8217;Or is licensed under <a style=\"display: inline-block;\" href=\"http:\/\/creativecommons.org\/licenses\/by-nc-nd\/4.0\/?ref=chooser-v1\" target=\"_blank\" rel=\"license noopener noreferrer\">CC BY-NC-ND 4.0<img decoding=\"async\" style=\"height: 22px!important; margin-left: 3px; vertical-align: text-bottom;\" src=\"https:\/\/mirrors.creativecommons.org\/presskit\/icons\/cc.svg?ref=chooser-v1\" \/><img decoding=\"async\" style=\"height: 22px!important; margin-left: 3px; vertical-align: text-bottom;\" src=\"https:\/\/mirrors.creativecommons.org\/presskit\/icons\/by.svg?ref=chooser-v1\" \/><img decoding=\"async\" style=\"height: 22px!important; margin-left: 3px; vertical-align: text-bottom;\" src=\"https:\/\/mirrors.creativecommons.org\/presskit\/icons\/nc.svg?ref=chooser-v1\" \/><img decoding=\"async\" style=\"height: 22px!important; margin-left: 3px; vertical-align: text-bottom;\" src=\"https:\/\/mirrors.creativecommons.org\/presskit\/icons\/nd.svg?ref=chooser-v1\" \/><\/a><\/p>\n<p>&nbsp;<\/p>\n","protected":false},"excerpt":{"rendered":"<p>ETWINNING PROJECT &#8211; INSIDE OUT Enguany estem portant a terme un projecte Etwinning amb una escola francesa, l&#8217;Ecole des Marronniers, [&hellip;]<\/p>\n","protected":false},"author":1,"featured_media":0,"parent":0,"menu_order":0,"comment_status":"closed","ping_status":"closed","template":"","meta":{"_bbp_topic_count":0,"_bbp_reply_count":0,"_bbp_total_topic_count":0,"_bbp_total_reply_count":0,"_bbp_voice_count":0,"_bbp_anonymous_reply_count":0,"_bbp_topic_count_hidden":0,"_bbp_reply_count_hidden":0,"_bbp_forum_subforum_count":0,"site-sidebar-layout":"default","site-content-layout":"","ast-site-content-layout":"","site-content-style":"default","site-sidebar-style":"default","ast-global-header-display":"","ast-banner-title-visibility":"","ast-main-header-display":"","ast-hfb-above-header-display":"","ast-hfb-below-header-display":"","ast-hfb-mobile-header-display":"","site-post-title":"","ast-breadcrumbs-content":"","ast-featured-img":"","footer-sml-layout":"","theme-transparent-header-meta":"","adv-header-id-meta":"","stick-header-meta":"","header-above-stick-meta":"","header-main-stick-meta":"","header-below-stick-meta":"","astra-migrate-meta-layouts":"default","ast-page-background-enabled":"default","ast-page-background-meta":{"desktop":{"background-color":"var(--ast-global-color-4)","background-image":"","background-repeat":"repeat","background-position":"center center","background-size":"auto","background-attachment":"scroll","background-type":"","background-media":"","overlay-type":"","overlay-color":"","overlay-opacity":"","overlay-gradient":""},"tablet":{"background-color":"","background-image":"","background-repeat":"repeat","background-position":"center center","background-size":"auto","background-attachment":"scroll","background-type":"","background-media":"","overlay-type":"","overlay-color":"","overlay-opacity":"","overlay-gradient":""},"mobile":{"background-color":"","background-image":"","background-repeat":"repeat","background-position":"center center","background-size":"auto","background-attachment":"scroll","background-type":"","background-media":"","overlay-type":"","overlay-color":"","overlay-opacity":"","overlay-gradient":""}},"ast-content-background-meta":{"desktop":{"background-color":"var(--ast-global-color-5)","background-image":"","background-repeat":"repeat","background-position":"center center","background-size":"auto","background-attachment":"scroll","background-type":"","background-media":"","overlay-type":"","overlay-color":"","overlay-opacity":"","overlay-gradient":""},"tablet":{"background-color":"var(--ast-global-color-5)","background-image":"","background-repeat":"repeat","background-position":"center center","background-size":"auto","background-attachment":"scroll","background-type":"","background-media":"","overlay-type":"","overlay-color":"","overlay-opacity":"","overlay-gradient":""},"mobile":{"background-color":"var(--ast-global-color-5)","background-image":"","background-repeat":"repeat","background-position":"center center","background-size":"auto","background-attachment":"scroll","background-type":"","background-media":"","overlay-type":"","overlay-color":"","overlay-opacity":"","overlay-gradient":""}},"footnotes":""},"class_list":["post-14035","page","type-page","status-publish","hentry"],"post_mailing_queue_ids":[],"_links":{"self":[{"href":"https:\/\/agora.xtec.cat\/escolariudor\/wp-json\/wp\/v2\/pages\/14035","targetHints":{"allow":["GET"]}}],"collection":[{"href":"https:\/\/agora.xtec.cat\/escolariudor\/wp-json\/wp\/v2\/pages"}],"about":[{"href":"https:\/\/agora.xtec.cat\/escolariudor\/wp-json\/wp\/v2\/types\/page"}],"author":[{"embeddable":true,"href":"https:\/\/agora.xtec.cat\/escolariudor\/wp-json\/wp\/v2\/users\/1"}],"replies":[{"embeddable":true,"href":"https:\/\/agora.xtec.cat\/escolariudor\/wp-json\/wp\/v2\/comments?post=14035"}],"version-history":[{"count":4,"href":"https:\/\/agora.xtec.cat\/escolariudor\/wp-json\/wp\/v2\/pages\/14035\/revisions"}],"predecessor-version":[{"id":14074,"href":"https:\/\/agora.xtec.cat\/escolariudor\/wp-json\/wp\/v2\/pages\/14035\/revisions\/14074"}],"wp:attachment":[{"href":"https:\/\/agora.xtec.cat\/escolariudor\/wp-json\/wp\/v2\/media?parent=14035"}],"curies":[{"name":"wp","href":"https:\/\/api.w.org\/{rel}","templated":true}]}}