{"id":73,"date":"2014-09-18T14:01:51","date_gmt":"2014-09-18T13:01:51","guid":{"rendered":"http:\/\/agora.xtec.cat\/escolaridolaina\/?page_id=73"},"modified":"2026-05-04T10:22:59","modified_gmt":"2026-05-04T08:22:59","slug":"menjador-escolar","status":"publish","type":"page","link":"https:\/\/agora.xtec.cat\/escolaridolaina\/menjador-escolar\/","title":{"rendered":"CARMANYOLA RESPONSABLE"},"content":{"rendered":"<h2><strong>SERVEI DE CARMANYOLA RESPONSABLE <\/strong><\/h2>\n<p>La comunitat educativa de l&#8217;escola, ja fa temps que vam acordar tenir un servei de carmanyola, en comptes de c\u00e0tering. Tots els infants que ho necessiten es poden quedar a dinar a l&#8217;escola amb la seva carmanyola portada de casa.<\/p>\n<h3>Normes d\u2019\u00fas i funcionament.<\/h3>\n<h4>OBJECTIU<\/h4>\n<p>El servei de Carmanyola Responsable \u00e9s responsabilitat de tota la comunitat educativa de l\u2019Escola Ridolaina.<\/p>\n<p>Partint d\u2019aquest objectiu, el servei de Carmanyola que proposem \u00e9s el seg\u00fcent:<\/p>\n<ul>\n<li><em>Que les fam\u00edlies cuinin el menjar dels seus fills\/es.<\/em><\/li>\n<li><em>Que les fam\u00edlies siguin responsables i conscients de la salut dels seus fills\/es.<\/em><\/li>\n<li><em>Que l\u2019acompanyament dels alumnes en el temps de menjador vagi en conson\u00e0ncia amb la l\u00ednia pedag\u00f2gica i filosofia de l\u2019escola.<\/em><\/li>\n<\/ul>\n<p>Tota la comunitat educativa de l\u2019escola Ridolaina (pares, mares , mestres\u2026..) ent\u00e9n i comparteix aquest pensament i responsabilitat.<\/p>\n<h4>DESCRIPCI\u00d3 D\u2019AQUEST SERVEI<\/h4>\n<ul>\n<li>El servei de Carmanyola Responsable a l\u2019Escola Ridolaina est\u00e0 gestionat per l\u2019AFA de l\u2019escola.<\/li>\n<li>Les fam\u00edlies que vulguin utilitzar aquest servei hauran de signar una autoritzaci\u00f3 en qu\u00e8 declaren haver llegit i acceptat les normes d\u2019\u00fas i funcionament del menjador escolar.<\/li>\n<li>En el menjador els nens\/es porten el menjar preparat de casa, servei de carmanyola.<\/li>\n<li>A primera hora del mat\u00ed, els alumnes que duguin la carmanyola hauran de portar-la en una bossa i deixar-la al lloc reservat a aquest efecte. Les carmanyoles, amb el nom posat, s&#8217;han de deixar a la nevera.<\/li>\n<\/ul>\n<ul>\n<li>Les carmanyoles han d\u2019estar identificades amb el nom complet de cada alumne.<\/li>\n<\/ul>\n<ul>\n<li>Les carmanyoles han de ser de llauna, aptes per ser escalfades al forn.<\/li>\n<\/ul>\n<ul>\n<li>Durant l\u2019estona del migdia que va de 12:45 a 14:45, hi haur\u00e0 dues monitores que acompanyaran els nens\/es durant aquesta estona. L\u2019horari de les monitors\/es ser\u00e0 de les 12:15 a les 15:15, per tal d\u2019escalfar el menjar i perqu\u00e8 quedi tot ben endre\u00e7at i amb la cuina neta un cop acabat el servei diari.<\/li>\n<\/ul>\n<ul>\n<li>Calendari: de principi de setembre a finals de juny.<\/li>\n<\/ul>\n<p>\u00c9s un servei diari, exceptuant dies festius de l\u2019escola.<\/p>\n<p>Durant la setmana blanca i col\u00f2nies, es donar\u00e0 servei si hi ha com a m\u00ednim un nen\/a que ho necessiti.<\/p>\n<p><strong>OPCI\u00d3 D\u2019EMERG\u00c8NCIA:<\/strong><\/p>\n<p>En cas d\u2019urg\u00e8ncia s\u2019aniria a buscar a la Dolors del Centre C\u00edvic de Montell\u00e0 un men\u00fa o un entrep\u00e0, les despeses del qual se\u2019n far\u00e0 c\u00e0rrec la fam\u00edlia d\u2019aquest nen\/a.<\/p>\n<p>&nbsp;<\/p>\n<p>&nbsp;<\/p>\n","protected":false},"excerpt":{"rendered":"<p>SERVEI DE CARMANYOLA RESPONSABLE La comunitat educativa de l&#8217;escola, ja fa temps que vam acordar tenir un servei de carmanyola, en comptes de c\u00e0tering. Tots els infants que ho necessiten es poden quedar a dinar a l&#8217;escola amb la seva carmanyola portada de casa. Normes d\u2019\u00fas i funcionament. OBJECTIU El servei de Carmanyola Responsable \u00e9s [&hellip;]<\/p>\n","protected":false},"author":1,"featured_media":0,"parent":0,"menu_order":30,"comment_status":"closed","ping_status":"closed","template":"","meta":{"_bbp_topic_count":0,"_bbp_reply_count":0,"_bbp_total_topic_count":0,"_bbp_total_reply_count":0,"_bbp_voice_count":0,"_bbp_anonymous_reply_count":0,"_bbp_topic_count_hidden":0,"_bbp_reply_count_hidden":0,"_bbp_forum_subforum_count":0,"site-sidebar-layout":"default","site-content-layout":"","ast-site-content-layout":"default","site-content-style":"default","site-sidebar-style":"default","ast-global-header-display":"","ast-banner-title-visibility":"","ast-main-header-display":"","ast-hfb-above-header-display":"","ast-hfb-below-header-display":"","ast-hfb-mobile-header-display":"","site-post-title":"","ast-breadcrumbs-content":"","ast-featured-img":"","footer-sml-layout":"","theme-transparent-header-meta":"default","adv-header-id-meta":"","stick-header-meta":"","header-above-stick-meta":"","header-main-stick-meta":"","header-below-stick-meta":"","astra-migrate-meta-layouts":"set","ast-page-background-enabled":"default","ast-page-background-meta":{"desktop":{"background-color":"var(--ast-global-color-4)","background-image":"","background-repeat":"repeat","background-position":"center center","background-size":"auto","background-attachment":"scroll","background-type":"","background-media":"","overlay-type":"","overlay-color":"","overlay-opacity":"","overlay-gradient":""},"tablet":{"background-color":"","background-image":"","background-repeat":"repeat","background-position":"center center","background-size":"auto","background-attachment":"scroll","background-type":"","background-media":"","overlay-type":"","overlay-color":"","overlay-opacity":"","overlay-gradient":""},"mobile":{"background-color":"","background-image":"","background-repeat":"repeat","background-position":"center center","background-size":"auto","background-attachment":"scroll","background-type":"","background-media":"","overlay-type":"","overlay-color":"","overlay-opacity":"","overlay-gradient":""}},"ast-content-background-meta":{"desktop":{"background-color":"var(--ast-global-color-5)","background-image":"","background-repeat":"repeat","background-position":"center center","background-size":"auto","background-attachment":"scroll","background-type":"","background-media":"","overlay-type":"","overlay-color":"","overlay-opacity":"","overlay-gradient":""},"tablet":{"background-color":"var(--ast-global-color-5)","background-image":"","background-repeat":"repeat","background-position":"center center","background-size":"auto","background-attachment":"scroll","background-type":"","background-media":"","overlay-type":"","overlay-color":"","overlay-opacity":"","overlay-gradient":""},"mobile":{"background-color":"var(--ast-global-color-5)","background-image":"","background-repeat":"repeat","background-position":"center center","background-size":"auto","background-attachment":"scroll","background-type":"","background-media":"","overlay-type":"","overlay-color":"","overlay-opacity":"","overlay-gradient":""}},"footnotes":""},"class_list":["post-73","page","type-page","status-publish","hentry"],"post_mailing_queue_ids":[],"_links":{"self":[{"href":"https:\/\/agora.xtec.cat\/escolaridolaina\/wp-json\/wp\/v2\/pages\/73","targetHints":{"allow":["GET"]}}],"collection":[{"href":"https:\/\/agora.xtec.cat\/escolaridolaina\/wp-json\/wp\/v2\/pages"}],"about":[{"href":"https:\/\/agora.xtec.cat\/escolaridolaina\/wp-json\/wp\/v2\/types\/page"}],"author":[{"embeddable":true,"href":"https:\/\/agora.xtec.cat\/escolaridolaina\/wp-json\/wp\/v2\/users\/1"}],"replies":[{"embeddable":true,"href":"https:\/\/agora.xtec.cat\/escolaridolaina\/wp-json\/wp\/v2\/comments?post=73"}],"version-history":[{"count":6,"href":"https:\/\/agora.xtec.cat\/escolaridolaina\/wp-json\/wp\/v2\/pages\/73\/revisions"}],"predecessor-version":[{"id":2052,"href":"https:\/\/agora.xtec.cat\/escolaridolaina\/wp-json\/wp\/v2\/pages\/73\/revisions\/2052"}],"wp:attachment":[{"href":"https:\/\/agora.xtec.cat\/escolaridolaina\/wp-json\/wp\/v2\/media?parent=73"}],"curies":[{"name":"wp","href":"https:\/\/api.w.org\/{rel}","templated":true}]}}