{"id":566,"date":"2017-03-21T16:36:16","date_gmt":"2017-03-21T15:36:16","guid":{"rendered":"http:\/\/agora.xtec.cat\/escolaridolaina\/?page_id=566"},"modified":"2026-04-15T10:37:34","modified_gmt":"2026-04-15T08:37:34","slug":"africa-stop-malaria","status":"publish","type":"page","link":"https:\/\/agora.xtec.cat\/escolaridolaina\/altres-projectes\/africa-stop-malaria\/","title":{"rendered":"\u00c1frica Stop Mal\u00e0ria"},"content":{"rendered":"<h2><b><i>\u00c0frica stop mal\u00e0ria<a href=\"http:\/\/agora.xtec.cat\/escolaridolaina\/wp-content\/uploads\/usu1606\/2017\/03\/IMG_4154.jpg\"><img loading=\"lazy\" decoding=\"async\" class=\"size-large wp-image-582 alignright\" src=\"http:\/\/agora.xtec.cat\/escolaridolaina\/wp-content\/uploads\/usu1606\/2017\/03\/IMG_4154.jpg\" alt=\"img_4154\" width=\"448\" height=\"190\" srcset=\"https:\/\/agora.xtec.cat\/escolaridolaina\/wp-content\/uploads\/usu1606\/2017\/03\/IMG_4154.jpg 448w, https:\/\/agora.xtec.cat\/escolaridolaina\/wp-content\/uploads\/usu1606\/2017\/03\/IMG_4154-300x127.jpg 300w\" sizes=\"auto, (max-width: 448px) 100vw, 448px\" \/><\/a><\/i><\/b><\/h2>\n<p><span style=\"font-weight: 400;\">El nostre projecte es diu \u00c0frica stop mal\u00e0ria.<\/span><\/p>\n<p><span style=\"font-weight: 400;\">La O.N.G \u00e9s una associaci\u00f3 que ajuda a les fam\u00edlies de \u00c0frica, concretament de G\u00e0mbia.<\/span><\/p>\n<p><span style=\"font-weight: 400;\">Aquesta ONG recull diners per comprar mosquiteres per protegir-se de la mal\u00e0ria. La mal\u00e0ria la porta un mosquit que es diu Anopehles i fa que es mori la gent.<\/span><\/p>\n<p>&nbsp;<\/p>\n<p><a href=\"http:\/\/agora.xtec.cat\/escolaridolaina\/wp-content\/uploads\/usu1606\/2017\/03\/IMG_4159.jpg\"><img loading=\"lazy\" decoding=\"async\" class=\"size-large wp-image-583 alignright\" src=\"http:\/\/agora.xtec.cat\/escolaridolaina\/wp-content\/uploads\/usu1606\/2017\/03\/IMG_4159.jpg\" alt=\"img_4159\" width=\"448\" height=\"225\" srcset=\"https:\/\/agora.xtec.cat\/escolaridolaina\/wp-content\/uploads\/usu1606\/2017\/03\/IMG_4159.jpg 448w, https:\/\/agora.xtec.cat\/escolaridolaina\/wp-content\/uploads\/usu1606\/2017\/03\/IMG_4159-300x151.jpg 300w\" sizes=\"auto, (max-width: 448px) 100vw, 448px\" \/><\/a><\/p>\n<p><span style=\"font-weight: 400;\">Nosaltres hem recollit diners fent un mercat de segona m\u00e0. Llavors els hi enviem a la O.N.G i podem comprar mosquiteres.<\/span><\/p>\n<p><span style=\"font-weight: 400;\">Podeu trobar m\u00e9s informaci\u00f3 a <\/span><a href=\"http:\/\/www.africastopmalaria.org\/\"><span style=\"font-weight: 400;\">www.africastopmalaria.org\/<\/span><\/a><\/p>\n<p><span style=\"font-weight: 400;\">El nostre grup som el Guerau, la J\u00falia, el Kilian, l\u2019Uriel i el Gen\u00eds.<\/span><\/p>\n<p><a href=\"http:\/\/agora.xtec.cat\/escolaridolaina\/wp-content\/uploads\/usu1606\/2017\/03\/FB_IMG_1471591789923.jpg\"><img loading=\"lazy\" decoding=\"async\" class=\"size-full wp-image-581 alignleft\" src=\"http:\/\/agora.xtec.cat\/escolaridolaina\/wp-content\/uploads\/usu1606\/2017\/03\/FB_IMG_1471591789923.jpg\" alt=\"fb_img_1471591789923\" width=\"448\" height=\"336\" srcset=\"https:\/\/agora.xtec.cat\/escolaridolaina\/wp-content\/uploads\/usu1606\/2017\/03\/FB_IMG_1471591789923.jpg 448w, https:\/\/agora.xtec.cat\/escolaridolaina\/wp-content\/uploads\/usu1606\/2017\/03\/FB_IMG_1471591789923-300x225.jpg 300w, https:\/\/agora.xtec.cat\/escolaridolaina\/wp-content\/uploads\/usu1606\/2017\/03\/FB_IMG_1471591789923-200x150.jpg 200w\" sizes=\"auto, (max-width: 448px) 100vw, 448px\" \/><\/a> <a href=\"http:\/\/agora.xtec.cat\/escolaridolaina\/wp-content\/uploads\/usu1606\/2017\/03\/IMG_4160.jpg\"><img loading=\"lazy\" decoding=\"async\" class=\"size-large wp-image-584 alignright\" src=\"http:\/\/agora.xtec.cat\/escolaridolaina\/wp-content\/uploads\/usu1606\/2017\/03\/IMG_4160.jpg\" alt=\"img_4160\" width=\"448\" height=\"336\" srcset=\"https:\/\/agora.xtec.cat\/escolaridolaina\/wp-content\/uploads\/usu1606\/2017\/03\/IMG_4160.jpg 448w, https:\/\/agora.xtec.cat\/escolaridolaina\/wp-content\/uploads\/usu1606\/2017\/03\/IMG_4160-300x225.jpg 300w, https:\/\/agora.xtec.cat\/escolaridolaina\/wp-content\/uploads\/usu1606\/2017\/03\/IMG_4160-200x150.jpg 200w\" sizes=\"auto, (max-width: 448px) 100vw, 448px\" \/><\/a><\/p>\n","protected":false},"excerpt":{"rendered":"<p>\u00c0frica stop mal\u00e0ria El nostre projecte es diu \u00c0frica stop mal\u00e0ria. La O.N.G \u00e9s una associaci\u00f3 que ajuda a les fam\u00edlies de \u00c0frica, concretament de G\u00e0mbia. Aquesta ONG recull diners per comprar mosquiteres per protegir-se de la mal\u00e0ria. La mal\u00e0ria la porta un mosquit que es diu Anopehles i fa que es mori la gent. [&hellip;]<\/p>\n","protected":false},"author":1,"featured_media":0,"parent":2012,"menu_order":0,"comment_status":"closed","ping_status":"closed","template":"","meta":{"_bbp_topic_count":0,"_bbp_reply_count":0,"_bbp_total_topic_count":0,"_bbp_total_reply_count":0,"_bbp_voice_count":0,"_bbp_anonymous_reply_count":0,"_bbp_topic_count_hidden":0,"_bbp_reply_count_hidden":0,"_bbp_forum_subforum_count":0,"site-sidebar-layout":"default","site-content-layout":"","ast-site-content-layout":"","site-content-style":"default","site-sidebar-style":"default","ast-global-header-display":"","ast-banner-title-visibility":"","ast-main-header-display":"","ast-hfb-above-header-display":"","ast-hfb-below-header-display":"","ast-hfb-mobile-header-display":"","site-post-title":"","ast-breadcrumbs-content":"","ast-featured-img":"","footer-sml-layout":"","theme-transparent-header-meta":"","adv-header-id-meta":"","stick-header-meta":"","header-above-stick-meta":"","header-main-stick-meta":"","header-below-stick-meta":"","astra-migrate-meta-layouts":"default","ast-page-background-enabled":"default","ast-page-background-meta":{"desktop":{"background-color":"var(--ast-global-color-4)","background-image":"","background-repeat":"repeat","background-position":"center center","background-size":"auto","background-attachment":"scroll","background-type":"","background-media":"","overlay-type":"","overlay-color":"","overlay-opacity":"","overlay-gradient":""},"tablet":{"background-color":"","background-image":"","background-repeat":"repeat","background-position":"center center","background-size":"auto","background-attachment":"scroll","background-type":"","background-media":"","overlay-type":"","overlay-color":"","overlay-opacity":"","overlay-gradient":""},"mobile":{"background-color":"","background-image":"","background-repeat":"repeat","background-position":"center center","background-size":"auto","background-attachment":"scroll","background-type":"","background-media":"","overlay-type":"","overlay-color":"","overlay-opacity":"","overlay-gradient":""}},"ast-content-background-meta":{"desktop":{"background-color":"var(--ast-global-color-5)","background-image":"","background-repeat":"repeat","background-position":"center center","background-size":"auto","background-attachment":"scroll","background-type":"","background-media":"","overlay-type":"","overlay-color":"","overlay-opacity":"","overlay-gradient":""},"tablet":{"background-color":"var(--ast-global-color-5)","background-image":"","background-repeat":"repeat","background-position":"center center","background-size":"auto","background-attachment":"scroll","background-type":"","background-media":"","overlay-type":"","overlay-color":"","overlay-opacity":"","overlay-gradient":""},"mobile":{"background-color":"var(--ast-global-color-5)","background-image":"","background-repeat":"repeat","background-position":"center center","background-size":"auto","background-attachment":"scroll","background-type":"","background-media":"","overlay-type":"","overlay-color":"","overlay-opacity":"","overlay-gradient":""}},"footnotes":""},"class_list":["post-566","page","type-page","status-publish","hentry"],"post_mailing_queue_ids":[],"_links":{"self":[{"href":"https:\/\/agora.xtec.cat\/escolaridolaina\/wp-json\/wp\/v2\/pages\/566","targetHints":{"allow":["GET"]}}],"collection":[{"href":"https:\/\/agora.xtec.cat\/escolaridolaina\/wp-json\/wp\/v2\/pages"}],"about":[{"href":"https:\/\/agora.xtec.cat\/escolaridolaina\/wp-json\/wp\/v2\/types\/page"}],"author":[{"embeddable":true,"href":"https:\/\/agora.xtec.cat\/escolaridolaina\/wp-json\/wp\/v2\/users\/1"}],"replies":[{"embeddable":true,"href":"https:\/\/agora.xtec.cat\/escolaridolaina\/wp-json\/wp\/v2\/comments?post=566"}],"version-history":[{"count":3,"href":"https:\/\/agora.xtec.cat\/escolaridolaina\/wp-json\/wp\/v2\/pages\/566\/revisions"}],"predecessor-version":[{"id":588,"href":"https:\/\/agora.xtec.cat\/escolaridolaina\/wp-json\/wp\/v2\/pages\/566\/revisions\/588"}],"up":[{"embeddable":true,"href":"https:\/\/agora.xtec.cat\/escolaridolaina\/wp-json\/wp\/v2\/pages\/2012"}],"wp:attachment":[{"href":"https:\/\/agora.xtec.cat\/escolaridolaina\/wp-json\/wp\/v2\/media?parent=566"}],"curies":[{"name":"wp","href":"https:\/\/api.w.org\/{rel}","templated":true}]}}