{"id":519,"date":"2016-12-12T13:01:19","date_gmt":"2016-12-12T12:01:19","guid":{"rendered":"http:\/\/agora.xtec.cat\/escolaridolaina\/?page_id=519"},"modified":"2026-04-15T10:38:14","modified_gmt":"2026-04-15T08:38:14","slug":"out-of-eden-project","status":"publish","type":"page","link":"https:\/\/agora.xtec.cat\/escolaridolaina\/altres-projectes\/out-of-eden-project\/","title":{"rendered":"Out of Eden project"},"content":{"rendered":"<p><span style=\"font-weight: 400;\">\u00c9s un projecte vinculat a les <strong>intel\u00b7lig\u00e8ncies m\u00faltiples<\/strong> i al<strong> Projecte Zero.<\/strong> Obra la porta a una visi\u00f3 del m\u00f3n diferent a la que estem acostumats a trav\u00e9s dels mitjans de comunicaci\u00f3. <\/span><\/p>\n<blockquote>\n<h5><span style=\"font-weight: 400;\">Els objectius d\u2019aquest projecte s\u00f3n part de la nostra base fonamental com escola, es pret\u00e9n observar el nostre entorn i el m\u00f3n amb una <\/span><i><span style=\"font-weight: 400;\">mirada, atenta, lenta, reflexiva, comprensiva i respectuosa<\/span><\/i><span style=\"font-weight: 400;\">. <\/span><i><span style=\"font-weight: 400;\">Provocant inquietut i creixement personal.<\/span><\/i><\/h5>\n<\/blockquote>\n<p><span style=\"font-weight: 400;\">Consisteix en un cam\u00ed virtual amb el <strong>Paul Salopek\u2019s,<\/strong> periodista americ\u00e0. <strong>Un <\/strong><\/span><strong><i>cam\u00ed ple d\u2019aprenentatges i reflexions, individuals i compartides<\/i><\/strong><span style=\"font-weight: 400;\"> amb els membres de la nostra comunitat i amb altres escoles de tot el m\u00f3n. <\/span><\/p>\n<p><span style=\"font-weight: 400;\">Des de la basant de la<\/span><i><span style=\"font-weight: 400;\"> llengua angl\u00e8sa<\/span><\/i><span style=\"font-weight: 400;\"> ens permet fer \u00fas d\u2019aquesta llengua com a <\/span><strong><i>instrument b\u00e0sic de comunicaci\u00f3<\/i><\/strong><span style=\"font-weight: 400;\"><strong>,<\/strong> ja que les diverses interaccions que tenen lloc a la plataforma digital amb el Paul i amb les altres comunitats educatives es fa en angl\u00e8s.<\/span><\/p>\n","protected":false},"excerpt":{"rendered":"<p>\u00c9s un projecte vinculat a les intel\u00b7lig\u00e8ncies m\u00faltiples i al Projecte Zero. Obra la porta a una visi\u00f3 del m\u00f3n diferent a la que estem acostumats a trav\u00e9s dels mitjans de comunicaci\u00f3. Els objectius d\u2019aquest projecte s\u00f3n part de la nostra base fonamental com escola, es pret\u00e9n observar el nostre entorn i el m\u00f3n amb [&hellip;]<\/p>\n","protected":false},"author":1,"featured_media":0,"parent":2012,"menu_order":0,"comment_status":"closed","ping_status":"closed","template":"","meta":{"_bbp_topic_count":0,"_bbp_reply_count":0,"_bbp_total_topic_count":0,"_bbp_total_reply_count":0,"_bbp_voice_count":0,"_bbp_anonymous_reply_count":0,"_bbp_topic_count_hidden":0,"_bbp_reply_count_hidden":0,"_bbp_forum_subforum_count":0,"site-sidebar-layout":"default","site-content-layout":"","ast-site-content-layout":"default","site-content-style":"default","site-sidebar-style":"default","ast-global-header-display":"","ast-banner-title-visibility":"","ast-main-header-display":"","ast-hfb-above-header-display":"","ast-hfb-below-header-display":"","ast-hfb-mobile-header-display":"","site-post-title":"","ast-breadcrumbs-content":"","ast-featured-img":"","footer-sml-layout":"","theme-transparent-header-meta":"default","adv-header-id-meta":"","stick-header-meta":"","header-above-stick-meta":"","header-main-stick-meta":"","header-below-stick-meta":"","astra-migrate-meta-layouts":"set","ast-page-background-enabled":"default","ast-page-background-meta":{"desktop":{"background-color":"var(--ast-global-color-4)","background-image":"","background-repeat":"repeat","background-position":"center center","background-size":"auto","background-attachment":"scroll","background-type":"","background-media":"","overlay-type":"","overlay-color":"","overlay-opacity":"","overlay-gradient":""},"tablet":{"background-color":"","background-image":"","background-repeat":"repeat","background-position":"center center","background-size":"auto","background-attachment":"scroll","background-type":"","background-media":"","overlay-type":"","overlay-color":"","overlay-opacity":"","overlay-gradient":""},"mobile":{"background-color":"","background-image":"","background-repeat":"repeat","background-position":"center center","background-size":"auto","background-attachment":"scroll","background-type":"","background-media":"","overlay-type":"","overlay-color":"","overlay-opacity":"","overlay-gradient":""}},"ast-content-background-meta":{"desktop":{"background-color":"var(--ast-global-color-5)","background-image":"","background-repeat":"repeat","background-position":"center center","background-size":"auto","background-attachment":"scroll","background-type":"","background-media":"","overlay-type":"","overlay-color":"","overlay-opacity":"","overlay-gradient":""},"tablet":{"background-color":"var(--ast-global-color-5)","background-image":"","background-repeat":"repeat","background-position":"center center","background-size":"auto","background-attachment":"scroll","background-type":"","background-media":"","overlay-type":"","overlay-color":"","overlay-opacity":"","overlay-gradient":""},"mobile":{"background-color":"var(--ast-global-color-5)","background-image":"","background-repeat":"repeat","background-position":"center center","background-size":"auto","background-attachment":"scroll","background-type":"","background-media":"","overlay-type":"","overlay-color":"","overlay-opacity":"","overlay-gradient":""}},"footnotes":""},"class_list":["post-519","page","type-page","status-publish","hentry"],"post_mailing_queue_ids":[],"_links":{"self":[{"href":"https:\/\/agora.xtec.cat\/escolaridolaina\/wp-json\/wp\/v2\/pages\/519","targetHints":{"allow":["GET"]}}],"collection":[{"href":"https:\/\/agora.xtec.cat\/escolaridolaina\/wp-json\/wp\/v2\/pages"}],"about":[{"href":"https:\/\/agora.xtec.cat\/escolaridolaina\/wp-json\/wp\/v2\/types\/page"}],"author":[{"embeddable":true,"href":"https:\/\/agora.xtec.cat\/escolaridolaina\/wp-json\/wp\/v2\/users\/1"}],"replies":[{"embeddable":true,"href":"https:\/\/agora.xtec.cat\/escolaridolaina\/wp-json\/wp\/v2\/comments?post=519"}],"version-history":[{"count":1,"href":"https:\/\/agora.xtec.cat\/escolaridolaina\/wp-json\/wp\/v2\/pages\/519\/revisions"}],"predecessor-version":[{"id":520,"href":"https:\/\/agora.xtec.cat\/escolaridolaina\/wp-json\/wp\/v2\/pages\/519\/revisions\/520"}],"up":[{"embeddable":true,"href":"https:\/\/agora.xtec.cat\/escolaridolaina\/wp-json\/wp\/v2\/pages\/2012"}],"wp:attachment":[{"href":"https:\/\/agora.xtec.cat\/escolaridolaina\/wp-json\/wp\/v2\/media?parent=519"}],"curies":[{"name":"wp","href":"https:\/\/api.w.org\/{rel}","templated":true}]}}