{"id":509,"date":"2016-12-06T19:09:52","date_gmt":"2016-12-06T18:09:52","guid":{"rendered":"http:\/\/agora.xtec.cat\/escolaridolaina\/?page_id=509"},"modified":"2026-04-16T10:19:54","modified_gmt":"2026-04-16T08:19:54","slug":"projectes-dinvestigacio","status":"publish","type":"page","link":"https:\/\/agora.xtec.cat\/escolaridolaina\/comunitat\/projectes-dinvestigacio\/","title":{"rendered":"Projectes d&#8217;investigaci\u00f3"},"content":{"rendered":"<h3 data-path-to-node=\"2\">Els nostres Projectes<\/h3>\n<p data-path-to-node=\"3\">Creiem que l\u2019aprenentatge neix de la curiositat. Per aix\u00f2, dediquem un temps a investigar sobre les inquietuds dels infants, treballant de manera individual o en <b data-path-to-node=\"3\" data-index-in-node=\"162\">petit grup<\/b>.<\/p>\n<p data-path-to-node=\"4\">El proc\u00e9s \u00e9s molt viu:<\/p>\n<ul data-path-to-node=\"5\">\n<li>\n<p data-path-to-node=\"5,0,0\">Comencem amb una <b data-path-to-node=\"5,0,0\" data-index-in-node=\"17\">pluja d&#8217;idees<\/b> on tothom aporta el que li agradaria descobrir.<\/p>\n<\/li>\n<li>\n<p data-path-to-node=\"5,1,0\">Despr\u00e9s, els infants <b data-path-to-node=\"5,1,0\" data-index-in-node=\"21\">voten<\/b> les propostes i es <b data-path-to-node=\"5,1,0\" data-index-in-node=\"46\">col\u00b7loquen en el projecte<\/b> que m\u00e9s els motiva.<\/p>\n<\/li>\n<\/ul>\n<p data-path-to-node=\"6\">Acompanyats per les mestres, els alumnes aprenen a fer servir el llenguatge i la metodologia cient\u00edfica per trobar respostes, respectant sempre el ritme de cada infant i potenciant les seves diferents capacitats.<\/p>\n<p data-path-to-node=\"7\">Finalment, obren el seu projecte a la <b data-path-to-node=\"7\" data-index-in-node=\"38\">comunitat educativa<\/b> a trav\u00e9s d&#8217;exposicions. \u00c9s el moment de compartir el que han apr\u00e8s i de valorar, ells mateixos, tot el seu progr\u00e9s.<\/p>\n","protected":false},"excerpt":{"rendered":"<p>Els nostres Projectes Creiem que l\u2019aprenentatge neix de la curiositat. Per aix\u00f2, dediquem un temps a investigar sobre les inquietuds dels infants, treballant de manera individual o en petit grup. El proc\u00e9s \u00e9s molt viu: Comencem amb una pluja d&#8217;idees on tothom aporta el que li agradaria descobrir. Despr\u00e9s, els infants voten les propostes i [&hellip;]<\/p>\n","protected":false},"author":1,"featured_media":0,"parent":9,"menu_order":0,"comment_status":"closed","ping_status":"closed","template":"","meta":{"_bbp_topic_count":0,"_bbp_reply_count":0,"_bbp_total_topic_count":0,"_bbp_total_reply_count":0,"_bbp_voice_count":0,"_bbp_anonymous_reply_count":0,"_bbp_topic_count_hidden":0,"_bbp_reply_count_hidden":0,"_bbp_forum_subforum_count":0,"site-sidebar-layout":"default","site-content-layout":"","ast-site-content-layout":"default","site-content-style":"default","site-sidebar-style":"default","ast-global-header-display":"","ast-banner-title-visibility":"","ast-main-header-display":"","ast-hfb-above-header-display":"","ast-hfb-below-header-display":"","ast-hfb-mobile-header-display":"","site-post-title":"","ast-breadcrumbs-content":"","ast-featured-img":"","footer-sml-layout":"","theme-transparent-header-meta":"default","adv-header-id-meta":"","stick-header-meta":"","header-above-stick-meta":"","header-main-stick-meta":"","header-below-stick-meta":"","astra-migrate-meta-layouts":"set","ast-page-background-enabled":"default","ast-page-background-meta":{"desktop":{"background-color":"var(--ast-global-color-4)","background-image":"","background-repeat":"repeat","background-position":"center center","background-size":"auto","background-attachment":"scroll","background-type":"","background-media":"","overlay-type":"","overlay-color":"","overlay-opacity":"","overlay-gradient":""},"tablet":{"background-color":"","background-image":"","background-repeat":"repeat","background-position":"center center","background-size":"auto","background-attachment":"scroll","background-type":"","background-media":"","overlay-type":"","overlay-color":"","overlay-opacity":"","overlay-gradient":""},"mobile":{"background-color":"","background-image":"","background-repeat":"repeat","background-position":"center center","background-size":"auto","background-attachment":"scroll","background-type":"","background-media":"","overlay-type":"","overlay-color":"","overlay-opacity":"","overlay-gradient":""}},"ast-content-background-meta":{"desktop":{"background-color":"var(--ast-global-color-5)","background-image":"","background-repeat":"repeat","background-position":"center center","background-size":"auto","background-attachment":"scroll","background-type":"","background-media":"","overlay-type":"","overlay-color":"","overlay-opacity":"","overlay-gradient":""},"tablet":{"background-color":"var(--ast-global-color-5)","background-image":"","background-repeat":"repeat","background-position":"center center","background-size":"auto","background-attachment":"scroll","background-type":"","background-media":"","overlay-type":"","overlay-color":"","overlay-opacity":"","overlay-gradient":""},"mobile":{"background-color":"var(--ast-global-color-5)","background-image":"","background-repeat":"repeat","background-position":"center center","background-size":"auto","background-attachment":"scroll","background-type":"","background-media":"","overlay-type":"","overlay-color":"","overlay-opacity":"","overlay-gradient":""}},"footnotes":""},"class_list":["post-509","page","type-page","status-publish","hentry"],"post_mailing_queue_ids":[],"_links":{"self":[{"href":"https:\/\/agora.xtec.cat\/escolaridolaina\/wp-json\/wp\/v2\/pages\/509","targetHints":{"allow":["GET"]}}],"collection":[{"href":"https:\/\/agora.xtec.cat\/escolaridolaina\/wp-json\/wp\/v2\/pages"}],"about":[{"href":"https:\/\/agora.xtec.cat\/escolaridolaina\/wp-json\/wp\/v2\/types\/page"}],"author":[{"embeddable":true,"href":"https:\/\/agora.xtec.cat\/escolaridolaina\/wp-json\/wp\/v2\/users\/1"}],"replies":[{"embeddable":true,"href":"https:\/\/agora.xtec.cat\/escolaridolaina\/wp-json\/wp\/v2\/comments?post=509"}],"version-history":[{"count":3,"href":"https:\/\/agora.xtec.cat\/escolaridolaina\/wp-json\/wp\/v2\/pages\/509\/revisions"}],"predecessor-version":[{"id":2029,"href":"https:\/\/agora.xtec.cat\/escolaridolaina\/wp-json\/wp\/v2\/pages\/509\/revisions\/2029"}],"up":[{"embeddable":true,"href":"https:\/\/agora.xtec.cat\/escolaridolaina\/wp-json\/wp\/v2\/pages\/9"}],"wp:attachment":[{"href":"https:\/\/agora.xtec.cat\/escolaridolaina\/wp-json\/wp\/v2\/media?parent=509"}],"curies":[{"name":"wp","href":"https:\/\/api.w.org\/{rel}","templated":true}]}}