{"id":506,"date":"2016-12-06T19:08:21","date_gmt":"2016-12-06T18:08:21","guid":{"rendered":"http:\/\/agora.xtec.cat\/escolaridolaina\/?page_id=506"},"modified":"2026-05-04T10:22:24","modified_gmt":"2026-05-04T08:22:24","slug":"sortides-a-la-natura","status":"publish","type":"page","link":"https:\/\/agora.xtec.cat\/escolaridolaina\/sortides-a-la-natura\/","title":{"rendered":"Sortides a la NATURA"},"content":{"rendered":"<h3><strong>\u00a0PER QU\u00c8 SORTIM? <\/strong><\/h3>\n<p><strong>La intel\u00b7lig\u00e8ncia natural\u00edstica<\/strong> \u00e9s la m\u00e9s primig\u00e8nia que tenim com a \u00e9ssers humans, \u00e9s aquella que ens uneix a la mare Terra, que ens acull als seus bra\u00e7os i alhora ens uneix amb l\u2019Univers, el cel infinit al damunt dels nostres caps. La intel\u00b7lig\u00e8ncia natural\u00edstica ens mostra constantment la neurodiversitat del m\u00f3n i si som capa\u00e7os d\u2019observar-la ser\u00e0 la clau per fer emergir la nostra ment compassiva, emp\u00e0tica i \u00e8tica<\/p>\n<p><strong>La intel\u00b7lig\u00e8ncia cinest\u00e8sica<\/strong> \u00e9s la relaci\u00f3 amb el nostre cos, la pell que s\u2019emociona amb el tacte de l\u2019aire, del sol, del fred; el tacte que ens relaciona amb el m\u00f3n, l\u2019equilibri que ens ajuda a trobar la just\u00edcia i la locomoci\u00f3 que ens porta a buscar els l\u00edmits, a conviure amb la incertesa, a anar m\u00e9s enll\u00e0.<\/p>\n<p><strong> <a href=\"https:\/\/agora.xtec.cat\/escolaridolaina\/wp-content\/uploads\/usu1606\/2022\/04\/1650921695648.jpg\"><img loading=\"lazy\" decoding=\"async\" class=\"wp-image-1752 alignleft\" src=\"https:\/\/agora.xtec.cat\/escolaridolaina\/wp-content\/uploads\/usu1606\/2022\/04\/1650921695648.jpg\" alt=\"\" width=\"292\" height=\"389\" srcset=\"https:\/\/agora.xtec.cat\/escolaridolaina\/wp-content\/uploads\/usu1606\/2022\/04\/1650921695648.jpg 768w, https:\/\/agora.xtec.cat\/escolaridolaina\/wp-content\/uploads\/usu1606\/2022\/04\/1650921695648-225x300.jpg 225w\" sizes=\"auto, (max-width: 292px) 100vw, 292px\" \/><\/a><\/strong><strong><img loading=\"lazy\" decoding=\"async\" class=\"wp-image-513 alignleft\" src=\"http:\/\/agora.xtec.cat\/escolaridolaina\/wp-content\/uploads\/usu1606\/2016\/12\/20160928_155332-1024x576.jpg\" alt=\"20160928_155332\" width=\"371\" height=\"209\" srcset=\"https:\/\/agora.xtec.cat\/escolaridolaina\/wp-content\/uploads\/usu1606\/2016\/12\/20160928_155332-1024x576.jpg 1024w, https:\/\/agora.xtec.cat\/escolaridolaina\/wp-content\/uploads\/usu1606\/2016\/12\/20160928_155332-300x169.jpg 300w, https:\/\/agora.xtec.cat\/escolaridolaina\/wp-content\/uploads\/usu1606\/2016\/12\/20160928_155332-768x432.jpg 768w, https:\/\/agora.xtec.cat\/escolaridolaina\/wp-content\/uploads\/usu1606\/2016\/12\/20160928_155332.jpg 2048w\" sizes=\"auto, (max-width: 371px) 100vw, 371px\" \/><\/strong><\/p>\n<blockquote><p>&nbsp;<\/p>\n<p>&nbsp;<\/p>\n<p>&nbsp;<\/p>\n<p>&nbsp;<\/p>\n<p><em>Recordem tot all\u00f2 que ens emociona. <\/em><\/p>\n<p><em>Estimem quan ens emocionem,<\/em> quan posem tota la nostra atenci\u00f3 i intenci\u00f3 en con\u00e8ixer.<\/p><\/blockquote>\n<p>&nbsp;<\/p>\n<p>Es tracta d\u2019emocionar, de connectar amb la nostra ess\u00e8ncia, per aix\u00f2 el pati \u00e9s el bosc, i el prat, on caminar \u00e9s el medi per moure\u2019ns, on la imaginaci\u00f3, la creativitat i la llibertat s\u00f3n els motors de creixement.<\/p>\n<p>Comptar pedretes, c\u00f3rrer amb els peus nus, ficar els peus a l\u2019aigua freda dels rierols, beure aigua amb una fulla, cantar-li al sol, imaginar mons, seguir les petjades a la neu, olorar la pluja, escoltar el vent, llegir hist\u00f2ries en els n\u00favols que passen estirats en un prat, c\u00f3rrer en un llit de fulles a la tardor, pintar els colors de la primavera, admirar els tons del verd, sentir el silenci a la pell, acariciar un poll\u00ed, sentir la llibertat d\u2019un xoriguer planejant sobre nostre, obrir el cor i la ment a l\u2019 immensitat de l\u2019horitz\u00f3 &#8230;. emocionar-nos junts \u00e9s la clau.<\/p>\n<p><a href=\"https:\/\/agora.xtec.cat\/escolaridolaina\/wp-content\/uploads\/usu1606\/2026\/04\/IMG_1732.heic\"><img decoding=\"async\" class=\"alignnone size-full wp-image-2034\" src=\"https:\/\/agora.xtec.cat\/escolaridolaina\/wp-content\/uploads\/usu1606\/2026\/04\/IMG_1732.heic\" alt=\"\" \/><\/a><a href=\"https:\/\/agora.xtec.cat\/escolaridolaina\/wp-content\/uploads\/usu1606\/2026\/04\/IMG_1732.heic\"><img decoding=\"async\" class=\"alignnone size-full wp-image-2034\" src=\"https:\/\/agora.xtec.cat\/escolaridolaina\/wp-content\/uploads\/usu1606\/2026\/04\/IMG_1732.heic\" alt=\"\" \/><\/a><\/p>\n<p>Potser la pregunta d\u2019aquest post hauria de ser : <strong>Per qu\u00e8 per aprendre ens tanquem en una aula?<\/strong><\/p>\n","protected":false},"excerpt":{"rendered":"<p>\u00a0PER QU\u00c8 SORTIM? La intel\u00b7lig\u00e8ncia natural\u00edstica \u00e9s la m\u00e9s primig\u00e8nia que tenim com a \u00e9ssers humans, \u00e9s aquella que ens uneix a la mare Terra, que ens acull als seus bra\u00e7os i alhora ens uneix amb l\u2019Univers, el cel infinit al damunt dels nostres caps. La intel\u00b7lig\u00e8ncia natural\u00edstica ens mostra constantment la neurodiversitat del m\u00f3n [&hellip;]<\/p>\n","protected":false},"author":1,"featured_media":0,"parent":0,"menu_order":0,"comment_status":"closed","ping_status":"closed","template":"","meta":{"_bbp_topic_count":0,"_bbp_reply_count":0,"_bbp_total_topic_count":0,"_bbp_total_reply_count":0,"_bbp_voice_count":0,"_bbp_anonymous_reply_count":0,"_bbp_topic_count_hidden":0,"_bbp_reply_count_hidden":0,"_bbp_forum_subforum_count":0,"site-sidebar-layout":"default","site-content-layout":"","ast-site-content-layout":"default","site-content-style":"default","site-sidebar-style":"default","ast-global-header-display":"","ast-banner-title-visibility":"","ast-main-header-display":"","ast-hfb-above-header-display":"","ast-hfb-below-header-display":"","ast-hfb-mobile-header-display":"","site-post-title":"","ast-breadcrumbs-content":"","ast-featured-img":"","footer-sml-layout":"","theme-transparent-header-meta":"default","adv-header-id-meta":"","stick-header-meta":"","header-above-stick-meta":"","header-main-stick-meta":"","header-below-stick-meta":"","astra-migrate-meta-layouts":"set","ast-page-background-enabled":"default","ast-page-background-meta":{"desktop":{"background-color":"var(--ast-global-color-4)","background-image":"","background-repeat":"repeat","background-position":"center center","background-size":"auto","background-attachment":"scroll","background-type":"","background-media":"","overlay-type":"","overlay-color":"","overlay-opacity":"","overlay-gradient":""},"tablet":{"background-color":"","background-image":"","background-repeat":"repeat","background-position":"center center","background-size":"auto","background-attachment":"scroll","background-type":"","background-media":"","overlay-type":"","overlay-color":"","overlay-opacity":"","overlay-gradient":""},"mobile":{"background-color":"","background-image":"","background-repeat":"repeat","background-position":"center center","background-size":"auto","background-attachment":"scroll","background-type":"","background-media":"","overlay-type":"","overlay-color":"","overlay-opacity":"","overlay-gradient":""}},"ast-content-background-meta":{"desktop":{"background-color":"var(--ast-global-color-5)","background-image":"","background-repeat":"repeat","background-position":"center center","background-size":"auto","background-attachment":"scroll","background-type":"","background-media":"","overlay-type":"","overlay-color":"","overlay-opacity":"","overlay-gradient":""},"tablet":{"background-color":"var(--ast-global-color-5)","background-image":"","background-repeat":"repeat","background-position":"center center","background-size":"auto","background-attachment":"scroll","background-type":"","background-media":"","overlay-type":"","overlay-color":"","overlay-opacity":"","overlay-gradient":""},"mobile":{"background-color":"var(--ast-global-color-5)","background-image":"","background-repeat":"repeat","background-position":"center center","background-size":"auto","background-attachment":"scroll","background-type":"","background-media":"","overlay-type":"","overlay-color":"","overlay-opacity":"","overlay-gradient":""}},"footnotes":""},"class_list":["post-506","page","type-page","status-publish","hentry"],"post_mailing_queue_ids":[],"_links":{"self":[{"href":"https:\/\/agora.xtec.cat\/escolaridolaina\/wp-json\/wp\/v2\/pages\/506","targetHints":{"allow":["GET"]}}],"collection":[{"href":"https:\/\/agora.xtec.cat\/escolaridolaina\/wp-json\/wp\/v2\/pages"}],"about":[{"href":"https:\/\/agora.xtec.cat\/escolaridolaina\/wp-json\/wp\/v2\/types\/page"}],"author":[{"embeddable":true,"href":"https:\/\/agora.xtec.cat\/escolaridolaina\/wp-json\/wp\/v2\/users\/1"}],"replies":[{"embeddable":true,"href":"https:\/\/agora.xtec.cat\/escolaridolaina\/wp-json\/wp\/v2\/comments?post=506"}],"version-history":[{"count":6,"href":"https:\/\/agora.xtec.cat\/escolaridolaina\/wp-json\/wp\/v2\/pages\/506\/revisions"}],"predecessor-version":[{"id":2051,"href":"https:\/\/agora.xtec.cat\/escolaridolaina\/wp-json\/wp\/v2\/pages\/506\/revisions\/2051"}],"wp:attachment":[{"href":"https:\/\/agora.xtec.cat\/escolaridolaina\/wp-json\/wp\/v2\/media?parent=506"}],"curies":[{"name":"wp","href":"https:\/\/api.w.org\/{rel}","templated":true}]}}