{"id":32,"date":"2014-09-18T12:31:33","date_gmt":"2014-09-18T11:31:33","guid":{"rendered":"http:\/\/agora.xtec.cat\/escolaridolaina\/?page_id=32"},"modified":"2026-05-04T10:26:40","modified_gmt":"2026-05-04T08:26:40","slug":"calendari-escolar","status":"publish","type":"page","link":"https:\/\/agora.xtec.cat\/escolaridolaina\/calendari-escolar\/","title":{"rendered":"CALENDARI ESCOLAR"},"content":{"rendered":"<h3><a href=\"https:\/\/agora.xtec.cat\/escolaridolaina\/wp-content\/uploads\/usu1606\/2026\/05\/Calendari_25-26-2_page-0001.jpg\"><img loading=\"lazy\" decoding=\"async\" class=\"alignnone size-large wp-image-2053\" src=\"https:\/\/agora.xtec.cat\/escolaridolaina\/wp-content\/uploads\/usu1606\/2026\/05\/Calendari_25-26-2_page-0001-724x1024.jpg\" alt=\"\" width=\"724\" height=\"1024\" srcset=\"https:\/\/agora.xtec.cat\/escolaridolaina\/wp-content\/uploads\/usu1606\/2026\/05\/Calendari_25-26-2_page-0001-724x1024.jpg 724w, https:\/\/agora.xtec.cat\/escolaridolaina\/wp-content\/uploads\/usu1606\/2026\/05\/Calendari_25-26-2_page-0001-212x300.jpg 212w, https:\/\/agora.xtec.cat\/escolaridolaina\/wp-content\/uploads\/usu1606\/2026\/05\/Calendari_25-26-2_page-0001-768x1087.jpg 768w, https:\/\/agora.xtec.cat\/escolaridolaina\/wp-content\/uploads\/usu1606\/2026\/05\/Calendari_25-26-2_page-0001-1085x1536.jpg 1085w, https:\/\/agora.xtec.cat\/escolaridolaina\/wp-content\/uploads\/usu1606\/2026\/05\/Calendari_25-26-2_page-0001.jpg 1240w\" sizes=\"auto, (max-width: 724px) 100vw, 724px\" \/><\/a><\/h3>\n<h3>Inici de curs:<\/h3>\n<p>8 de setembre de 2025<\/p>\n<h4><strong>Vacances:<\/strong><\/h4>\n<p>Del 22 de desembre de 2025 al 7 de gener de 2026 (ambd\u00f3s inclosos)<\/p>\n<p>Del 28 de mar\u00e7 al 6 d\u2019abril de 2026 (ambd\u00f3s inclosos)<\/p>\n<p>A partir del 20 de juny de 2021<\/p>\n<h4><strong>Dies festius de lliure disposici\u00f3:<\/strong><\/h4>\n<p>13 i 16 de febrer, 2 de ma\u00e7, 30 d&#8217;abril i 25 de maig del 2026.<\/p>\n<h4><strong>Festes locals:<\/strong><\/h4>\n<p>28 de novembre de 2026<\/p>\n<h4><strong>Jornada compactada:<\/strong><\/h4>\n<p>19 de desembre de 2025 i del 8 al 19 de juny de 2026 (ambd\u00f3s inclosos)<\/p>\n<h4>Horari lectiu:<\/h4>\n<p>L\u2019<b>horari lectiu<\/b> del centre \u00e9s de 9&#8217;00 a 12,45 h i de 14,45 a 16:15 h per a tots els alumnes del centre. El dia 19 de desembre de 2025\u00a0 i a partir del 8 de juny de 2026 es realitza horari compactat de 9 a 13h.<\/p>\n<p><strong><a href=\"https:\/\/agora.xtec.cat\/escolaridolaina\/wp-content\/uploads\/usu1606\/2026\/04\/Calendari_25-26-1.pdf\">Calendari_25-26<\/a><\/strong><\/p>\n<h4><strong><a href=\"http:\/\/agora.xtec.cat\/escolaridolaina\/calendar\/calendari\/\">V\u00e9s al calendari.<\/a><\/strong><\/h4>\n","protected":false},"excerpt":{"rendered":"<p>Inici de curs: 8 de setembre de 2025 Vacances: Del 22 de desembre de 2025 al 7 de gener de 2026 (ambd\u00f3s inclosos) Del 28 de mar\u00e7 al 6 d\u2019abril de 2026 (ambd\u00f3s inclosos) A partir del 20 de juny de 2021 Dies festius de lliure disposici\u00f3: 13 i 16 de febrer, 2 de ma\u00e7, [&hellip;]<\/p>\n","protected":false},"author":1,"featured_media":0,"parent":0,"menu_order":50,"comment_status":"closed","ping_status":"closed","template":"","meta":{"_bbp_topic_count":0,"_bbp_reply_count":0,"_bbp_total_topic_count":0,"_bbp_total_reply_count":0,"_bbp_voice_count":0,"_bbp_anonymous_reply_count":0,"_bbp_topic_count_hidden":0,"_bbp_reply_count_hidden":0,"_bbp_forum_subforum_count":0,"site-sidebar-layout":"default","site-content-layout":"","ast-site-content-layout":"default","site-content-style":"default","site-sidebar-style":"default","ast-global-header-display":"","ast-banner-title-visibility":"","ast-main-header-display":"","ast-hfb-above-header-display":"","ast-hfb-below-header-display":"","ast-hfb-mobile-header-display":"","site-post-title":"","ast-breadcrumbs-content":"","ast-featured-img":"","footer-sml-layout":"","theme-transparent-header-meta":"default","adv-header-id-meta":"","stick-header-meta":"","header-above-stick-meta":"","header-main-stick-meta":"","header-below-stick-meta":"","astra-migrate-meta-layouts":"set","ast-page-background-enabled":"default","ast-page-background-meta":{"desktop":{"background-color":"var(--ast-global-color-4)","background-image":"","background-repeat":"repeat","background-position":"center center","background-size":"auto","background-attachment":"scroll","background-type":"","background-media":"","overlay-type":"","overlay-color":"","overlay-opacity":"","overlay-gradient":""},"tablet":{"background-color":"","background-image":"","background-repeat":"repeat","background-position":"center center","background-size":"auto","background-attachment":"scroll","background-type":"","background-media":"","overlay-type":"","overlay-color":"","overlay-opacity":"","overlay-gradient":""},"mobile":{"background-color":"","background-image":"","background-repeat":"repeat","background-position":"center center","background-size":"auto","background-attachment":"scroll","background-type":"","background-media":"","overlay-type":"","overlay-color":"","overlay-opacity":"","overlay-gradient":""}},"ast-content-background-meta":{"desktop":{"background-color":"var(--ast-global-color-5)","background-image":"","background-repeat":"repeat","background-position":"center center","background-size":"auto","background-attachment":"scroll","background-type":"","background-media":"","overlay-type":"","overlay-color":"","overlay-opacity":"","overlay-gradient":""},"tablet":{"background-color":"var(--ast-global-color-5)","background-image":"","background-repeat":"repeat","background-position":"center center","background-size":"auto","background-attachment":"scroll","background-type":"","background-media":"","overlay-type":"","overlay-color":"","overlay-opacity":"","overlay-gradient":""},"mobile":{"background-color":"var(--ast-global-color-5)","background-image":"","background-repeat":"repeat","background-position":"center center","background-size":"auto","background-attachment":"scroll","background-type":"","background-media":"","overlay-type":"","overlay-color":"","overlay-opacity":"","overlay-gradient":""}},"footnotes":""},"class_list":["post-32","page","type-page","status-publish","hentry"],"post_mailing_queue_ids":[],"_links":{"self":[{"href":"https:\/\/agora.xtec.cat\/escolaridolaina\/wp-json\/wp\/v2\/pages\/32","targetHints":{"allow":["GET"]}}],"collection":[{"href":"https:\/\/agora.xtec.cat\/escolaridolaina\/wp-json\/wp\/v2\/pages"}],"about":[{"href":"https:\/\/agora.xtec.cat\/escolaridolaina\/wp-json\/wp\/v2\/types\/page"}],"author":[{"embeddable":true,"href":"https:\/\/agora.xtec.cat\/escolaridolaina\/wp-json\/wp\/v2\/users\/1"}],"replies":[{"embeddable":true,"href":"https:\/\/agora.xtec.cat\/escolaridolaina\/wp-json\/wp\/v2\/comments?post=32"}],"version-history":[{"count":7,"href":"https:\/\/agora.xtec.cat\/escolaridolaina\/wp-json\/wp\/v2\/pages\/32\/revisions"}],"predecessor-version":[{"id":2055,"href":"https:\/\/agora.xtec.cat\/escolaridolaina\/wp-json\/wp\/v2\/pages\/32\/revisions\/2055"}],"wp:attachment":[{"href":"https:\/\/agora.xtec.cat\/escolaridolaina\/wp-json\/wp\/v2\/media?parent=32"}],"curies":[{"name":"wp","href":"https:\/\/api.w.org\/{rel}","templated":true}]}}