{"id":30,"date":"2014-09-18T12:30:23","date_gmt":"2014-09-18T11:30:23","guid":{"rendered":"http:\/\/agora.xtec.cat\/escolaridolaina\/?page_id=30"},"modified":"2026-04-15T11:07:59","modified_gmt":"2026-04-15T09:07:59","slug":"ambients","status":"publish","type":"page","link":"https:\/\/agora.xtec.cat\/escolaridolaina\/comunitat\/ambients\/","title":{"rendered":"Els ambients d&#8217;aprenentatge"},"content":{"rendered":"<p><em><strong>De les 9h fins a les 10.00h l\u2019entrada \u00e9s relaxada<\/strong><\/em>. Les fam\u00edlies poden acompanyar \u00a0als infants durant\u00a0aquesta estona que \u00e9s de <strong><em>circulaci\u00f3 lliure<\/em> <\/strong>pels ambients.<\/p>\n<div class=\"page\" title=\"Page 1\">\n<div class=\"section\">\n<div class=\"layoutArea\">\n<div class=\"column\">\n<p>L\u2019escola est\u00e0 dividida en <em><strong>cinc ambients d\u2019aprenentatge.<\/strong><\/em> Els ambients s\u00f3n entorns estimulants on els infants es poden moure lliurement, escollir i desenvolupar\u00ad-se d\u2019una forma natural en relaci\u00f3 als seus interessos i motivacions. S\u00f3n espais que respecten la diversitat, que tenen en compte en tot moment el ritme individual de cada infant i les diferents intel\u00b7lig\u00e8ncies m\u00faltiples de Howard Gardner.<\/p>\n<p>Aquests ambients s\u00f3n:<\/p>\n<ul>\n<li><em><strong>L\u2019Espai dels Somnis<\/strong><\/em>, on destaca principalment la intel\u00b7lig\u00e8ncia lingu\u00edstica, matem\u00e0tica, i pedagogia de la llum.<\/li>\n<li><em><strong>L\u2019Espai del M\u00f3n,<\/strong><\/em> on es treballa principalment la intel.lig\u00e8ncia natural\u00edstica i la l\u00f2gico\u00ad matem\u00e0tica i viso\u00ad espaial.<\/li>\n<li><em><strong>L\u2019Espai dels Artistes,<\/strong><\/em> on es destaquen les intel\u00b7lig\u00e8ncies art\u00edstiques, musicals, intra i interpersonal i viso\u00ad espaial amb el rac\u00f3 de construccions.<\/li>\n<li><em><strong>L\u2019Espai de l&#8217;obrador<\/strong><\/em>, on es desenvolupen diferents ambients tenint en compte les intel\u00b7lig\u00e8ncies m\u00faltiples, pensats per infants de 3, 4 i 5 anys.<\/li>\n<li><em><strong>L&#8217;Espai \u00a0Exterior,<\/strong><\/em> on es destaquen les intel\u00b7lig\u00e8ncies corporal\u00ad cinest\u00e8sica i la natural\u00edstica.<\/li>\n<\/ul>\n<p>Els ambients van evolucionant i modificant-\u00adse a mesura que el curs avan\u00e7a, sempre responent als interessos i necessitats dels alumnes i proposant nous est\u00edmuls.<\/p>\n<p>Cal tenir present que cada alumne t\u00e9 una o m\u00e9s intel\u00b7lig\u00e8ncies m\u00e9s desenvolupades que les altres i \u00e9s amb aquesta intel\u00b7lig\u00e8ncia principal amb la que es relaciona amb el m\u00f3n; per\u00f2 tots els alumnes tenen totes les intel\u00b7lig\u00e8ncies en major o menor grau.<\/p>\n<p>Passa igual amb els ambients, tot i que hi ha una o dues m\u00e9s destacades, totes poden ser\u00ad-hi presents.<\/p>\n<\/div>\n<\/div>\n<\/div>\n<\/div>\n","protected":false},"excerpt":{"rendered":"<p>De les 9h fins a les 10.00h l\u2019entrada \u00e9s relaxada. Les fam\u00edlies poden acompanyar \u00a0als infants durant\u00a0aquesta estona que \u00e9s de circulaci\u00f3 lliure pels ambients. L\u2019escola est\u00e0 dividida en cinc ambients d\u2019aprenentatge. Els ambients s\u00f3n entorns estimulants on els infants es poden moure lliurement, escollir i desenvolupar\u00ad-se d\u2019una forma natural en relaci\u00f3 als seus interessos [&hellip;]<\/p>\n","protected":false},"author":1,"featured_media":0,"parent":9,"menu_order":40,"comment_status":"closed","ping_status":"closed","template":"","meta":{"_bbp_topic_count":0,"_bbp_reply_count":0,"_bbp_total_topic_count":0,"_bbp_total_reply_count":0,"_bbp_voice_count":0,"_bbp_anonymous_reply_count":0,"_bbp_topic_count_hidden":0,"_bbp_reply_count_hidden":0,"_bbp_forum_subforum_count":0,"site-sidebar-layout":"default","site-content-layout":"","ast-site-content-layout":"default","site-content-style":"default","site-sidebar-style":"default","ast-global-header-display":"","ast-banner-title-visibility":"","ast-main-header-display":"","ast-hfb-above-header-display":"","ast-hfb-below-header-display":"","ast-hfb-mobile-header-display":"","site-post-title":"","ast-breadcrumbs-content":"","ast-featured-img":"","footer-sml-layout":"","theme-transparent-header-meta":"default","adv-header-id-meta":"","stick-header-meta":"","header-above-stick-meta":"","header-main-stick-meta":"","header-below-stick-meta":"","astra-migrate-meta-layouts":"set","ast-page-background-enabled":"default","ast-page-background-meta":{"desktop":{"background-color":"var(--ast-global-color-4)","background-image":"","background-repeat":"repeat","background-position":"center center","background-size":"auto","background-attachment":"scroll","background-type":"","background-media":"","overlay-type":"","overlay-color":"","overlay-opacity":"","overlay-gradient":""},"tablet":{"background-color":"","background-image":"","background-repeat":"repeat","background-position":"center center","background-size":"auto","background-attachment":"scroll","background-type":"","background-media":"","overlay-type":"","overlay-color":"","overlay-opacity":"","overlay-gradient":""},"mobile":{"background-color":"","background-image":"","background-repeat":"repeat","background-position":"center center","background-size":"auto","background-attachment":"scroll","background-type":"","background-media":"","overlay-type":"","overlay-color":"","overlay-opacity":"","overlay-gradient":""}},"ast-content-background-meta":{"desktop":{"background-color":"var(--ast-global-color-5)","background-image":"","background-repeat":"repeat","background-position":"center center","background-size":"auto","background-attachment":"scroll","background-type":"","background-media":"","overlay-type":"","overlay-color":"","overlay-opacity":"","overlay-gradient":""},"tablet":{"background-color":"var(--ast-global-color-5)","background-image":"","background-repeat":"repeat","background-position":"center center","background-size":"auto","background-attachment":"scroll","background-type":"","background-media":"","overlay-type":"","overlay-color":"","overlay-opacity":"","overlay-gradient":""},"mobile":{"background-color":"var(--ast-global-color-5)","background-image":"","background-repeat":"repeat","background-position":"center center","background-size":"auto","background-attachment":"scroll","background-type":"","background-media":"","overlay-type":"","overlay-color":"","overlay-opacity":"","overlay-gradient":""}},"footnotes":""},"class_list":["post-30","page","type-page","status-publish","hentry"],"post_mailing_queue_ids":[],"_links":{"self":[{"href":"https:\/\/agora.xtec.cat\/escolaridolaina\/wp-json\/wp\/v2\/pages\/30","targetHints":{"allow":["GET"]}}],"collection":[{"href":"https:\/\/agora.xtec.cat\/escolaridolaina\/wp-json\/wp\/v2\/pages"}],"about":[{"href":"https:\/\/agora.xtec.cat\/escolaridolaina\/wp-json\/wp\/v2\/types\/page"}],"author":[{"embeddable":true,"href":"https:\/\/agora.xtec.cat\/escolaridolaina\/wp-json\/wp\/v2\/users\/1"}],"replies":[{"embeddable":true,"href":"https:\/\/agora.xtec.cat\/escolaridolaina\/wp-json\/wp\/v2\/comments?post=30"}],"version-history":[{"count":5,"href":"https:\/\/agora.xtec.cat\/escolaridolaina\/wp-json\/wp\/v2\/pages\/30\/revisions"}],"predecessor-version":[{"id":2027,"href":"https:\/\/agora.xtec.cat\/escolaridolaina\/wp-json\/wp\/v2\/pages\/30\/revisions\/2027"}],"up":[{"embeddable":true,"href":"https:\/\/agora.xtec.cat\/escolaridolaina\/wp-json\/wp\/v2\/pages\/9"}],"wp:attachment":[{"href":"https:\/\/agora.xtec.cat\/escolaridolaina\/wp-json\/wp\/v2\/media?parent=30"}],"curies":[{"name":"wp","href":"https:\/\/api.w.org\/{rel}","templated":true}]}}