{"id":26,"date":"2014-09-18T12:24:32","date_gmt":"2014-09-18T11:24:32","guid":{"rendered":"http:\/\/agora.xtec.cat\/escolaridolaina\/?page_id=26"},"modified":"2026-04-15T12:36:01","modified_gmt":"2026-04-15T10:36:01","slug":"historia","status":"publish","type":"page","link":"https:\/\/agora.xtec.cat\/escolaridolaina\/historia\/","title":{"rendered":"Context"},"content":{"rendered":"<h3>L\u2019escola Ridolaina de Montell\u00e0: situaci\u00f3, edifici, infants i fam\u00edlies.<\/h3>\n<p>L\u2019escola Ridolaina de Montell\u00e0 es troba situada al municipi de Montell\u00e0 i Martinet i \u00e9s, des de fa anys, un referent en quan a innovaci\u00f3 educativa a l\u2019escola rural, molt connectada a l\u2019entorn natural i a les tradicions del poble i de la comarca.<\/p>\n<p>L\u2019escola consta actualment de quatre espais i cuina; el pati, al sud, \u00e9s un espai educatiu m\u00e9s de l\u2019escola.<\/p>\n<p>Actualment a l\u2019escola hi ha 15 infants, des de I3 a 6\u00e8. Algunes fam\u00edlies no s\u00f3n directament del poble de Montell\u00e0 sin\u00f3 que acudeixen d\u2019altres pobles del voltants.<\/p>\n<p>Som 4 mestres i 1 mestra que fa 1\/2 jornada que treballem a l&#8217;escola, una de les quals parla tota l&#8217;estona en angl\u00e8s. Fem l&#8217;educaci\u00f3 f\u00edsica i l&#8217;ambient exterior en angl\u00e8s.<\/p>\n<p>Funcionem amb espais de lliure circulaci\u00f3, propostes i investigaci\u00f3 per projectes moltes de les quals ja triem l\u2019escola de Montell\u00e0 buscant aquesta mirada educativa.<\/p>\n<p>Treballem amb la il\u00b7lusi\u00f3 de poder millorar en la nostra pr\u00e0ctica en la l\u00ednia d\u2019escola avan\u00e7ada.<\/p>\n<p>Igual que la ci\u00e8ncia, entenem que aquest tamb\u00e9 ser\u00e0 un projecte en evoluci\u00f3 i creixement.<\/p>\n<h3><\/h3>\n<h3>El m\u00f3n en canvi permanent, els aven\u00e7os de la neuroci\u00e8ncia.<\/h3>\n<p>Durant els darrers anys, la necessitat de millorar les pr\u00e0ctiques d\u2019ensenyament-aprenentatge ha anat en augment. Un dels factors determinants s\u00f3n l\u2019abast dels canvis esdevinguts en el nostre m\u00f3n: la velocitat dels aven\u00e7os en TIC, el pas cap a l\u2019economia del coneixement i la import\u00e0ncia que s\u2019atribueix a les compet\u00e8ncies necess\u00e0ries per a adaptar-s\u2019hi.<\/p>\n<p>Atesa la import\u00e0ncia dels canvis que tenen lloc i que ens obliguen a redefinir les compet\u00e8ncies i habilitats fonamentals dels ciutadans del segle XXI, \u00e9s fonamental repensar els entorns d\u2019aprenentatge, \u201crepensar all\u00f2 que s\u2019ensenya, com s\u2019ensenya i com s\u2019avalua\u201d.<\/p>\n<p>\u00c9s des d\u2019aquesta reflexi\u00f3 que sorgeixen els principis que fonamenten aquest projecte i sobre els quals es concretaran els objectius generals i les l\u00ednies d\u2019actuaci\u00f3.<\/p>\n","protected":false},"excerpt":{"rendered":"<p>L\u2019escola Ridolaina de Montell\u00e0: situaci\u00f3, edifici, infants i fam\u00edlies. L\u2019escola Ridolaina de Montell\u00e0 es troba situada al municipi de Montell\u00e0 i Martinet i \u00e9s, des de fa anys, un referent en quan a innovaci\u00f3 educativa a l\u2019escola rural, molt connectada a l\u2019entorn natural i a les tradicions del poble i de la comarca. L\u2019escola consta [&hellip;]<\/p>\n","protected":false},"author":1,"featured_media":0,"parent":0,"menu_order":20,"comment_status":"closed","ping_status":"closed","template":"","meta":{"_bbp_topic_count":0,"_bbp_reply_count":0,"_bbp_total_topic_count":0,"_bbp_total_reply_count":0,"_bbp_voice_count":0,"_bbp_anonymous_reply_count":0,"_bbp_topic_count_hidden":0,"_bbp_reply_count_hidden":0,"_bbp_forum_subforum_count":0,"site-sidebar-layout":"default","site-content-layout":"","ast-site-content-layout":"default","site-content-style":"default","site-sidebar-style":"default","ast-global-header-display":"","ast-banner-title-visibility":"","ast-main-header-display":"","ast-hfb-above-header-display":"","ast-hfb-below-header-display":"","ast-hfb-mobile-header-display":"","site-post-title":"","ast-breadcrumbs-content":"","ast-featured-img":"","footer-sml-layout":"","theme-transparent-header-meta":"default","adv-header-id-meta":"","stick-header-meta":"","header-above-stick-meta":"","header-main-stick-meta":"","header-below-stick-meta":"","astra-migrate-meta-layouts":"set","ast-page-background-enabled":"default","ast-page-background-meta":{"desktop":{"background-color":"var(--ast-global-color-4)","background-image":"","background-repeat":"repeat","background-position":"center center","background-size":"auto","background-attachment":"scroll","background-type":"","background-media":"","overlay-type":"","overlay-color":"","overlay-opacity":"","overlay-gradient":""},"tablet":{"background-color":"","background-image":"","background-repeat":"repeat","background-position":"center center","background-size":"auto","background-attachment":"scroll","background-type":"","background-media":"","overlay-type":"","overlay-color":"","overlay-opacity":"","overlay-gradient":""},"mobile":{"background-color":"","background-image":"","background-repeat":"repeat","background-position":"center center","background-size":"auto","background-attachment":"scroll","background-type":"","background-media":"","overlay-type":"","overlay-color":"","overlay-opacity":"","overlay-gradient":""}},"ast-content-background-meta":{"desktop":{"background-color":"var(--ast-global-color-5)","background-image":"","background-repeat":"repeat","background-position":"center center","background-size":"auto","background-attachment":"scroll","background-type":"","background-media":"","overlay-type":"","overlay-color":"","overlay-opacity":"","overlay-gradient":""},"tablet":{"background-color":"var(--ast-global-color-5)","background-image":"","background-repeat":"repeat","background-position":"center center","background-size":"auto","background-attachment":"scroll","background-type":"","background-media":"","overlay-type":"","overlay-color":"","overlay-opacity":"","overlay-gradient":""},"mobile":{"background-color":"var(--ast-global-color-5)","background-image":"","background-repeat":"repeat","background-position":"center center","background-size":"auto","background-attachment":"scroll","background-type":"","background-media":"","overlay-type":"","overlay-color":"","overlay-opacity":"","overlay-gradient":""}},"footnotes":""},"class_list":["post-26","page","type-page","status-publish","hentry"],"post_mailing_queue_ids":[],"_links":{"self":[{"href":"https:\/\/agora.xtec.cat\/escolaridolaina\/wp-json\/wp\/v2\/pages\/26","targetHints":{"allow":["GET"]}}],"collection":[{"href":"https:\/\/agora.xtec.cat\/escolaridolaina\/wp-json\/wp\/v2\/pages"}],"about":[{"href":"https:\/\/agora.xtec.cat\/escolaridolaina\/wp-json\/wp\/v2\/types\/page"}],"author":[{"embeddable":true,"href":"https:\/\/agora.xtec.cat\/escolaridolaina\/wp-json\/wp\/v2\/users\/1"}],"replies":[{"embeddable":true,"href":"https:\/\/agora.xtec.cat\/escolaridolaina\/wp-json\/wp\/v2\/comments?post=26"}],"version-history":[{"count":4,"href":"https:\/\/agora.xtec.cat\/escolaridolaina\/wp-json\/wp\/v2\/pages\/26\/revisions"}],"predecessor-version":[{"id":2028,"href":"https:\/\/agora.xtec.cat\/escolaridolaina\/wp-json\/wp\/v2\/pages\/26\/revisions\/2028"}],"wp:attachment":[{"href":"https:\/\/agora.xtec.cat\/escolaridolaina\/wp-json\/wp\/v2\/media?parent=26"}],"curies":[{"name":"wp","href":"https:\/\/api.w.org\/{rel}","templated":true}]}}