{"id":24,"date":"2014-09-18T12:23:15","date_gmt":"2014-09-18T11:23:15","guid":{"rendered":"http:\/\/agora.xtec.cat\/escolaridolaina\/?page_id=24"},"modified":"2026-05-04T10:58:30","modified_gmt":"2026-05-04T08:58:30","slug":"trobans","status":"publish","type":"page","link":"https:\/\/agora.xtec.cat\/escolaridolaina\/trobans\/","title":{"rendered":"TROBA&#8217;NS"},"content":{"rendered":"<p style=\"color: #666666;\">Ens trobar\u00e0s a la Cerdanya, amb una vista espl\u00e8ndida de la Serra del Cad\u00ed. A mig cam\u00ed entre Puigcerd\u00e0 i la Seu d&#8217;Urgell, al municipi de Montell\u00e0 i Martinet.<\/p>\n<p style=\"color: #666666;\">Arriba fins a Martinet de Cerdanya. En sortir del poble trobar\u00e0s una rotonda que et porta al carretera de Montell\u00e0.<\/p>\n<p style=\"color: #666666;\">Arribant a Montell\u00e0, trobar\u00e0s a la dreta unes cases adossades, a l&#8217;esquerra una rampa que puja enfilada. Agafa-la i segueix-la fins al final. All\u00e0 trobar\u00e0s l&#8217;escola, al costat del local social.<\/p>\n<p style=\"color: #666666;\">T&#8217;hi esperem!<\/p>\n<p style=\"color: #666666;\"><strong>Escola Ridolaina<\/strong><br \/>\nc\/del Tossal n4<br \/>\n25725 Montell\u00e0 del Cad\u00ed<\/p>\n<p>Tel.\u00a0973 51 51 77<br \/>\nc5003275@xtec.cat<\/p>\n<p>&nbsp;<\/p>\n<p><a href=\"http:\/\/iframe%20src=https:\/\/www.google.com\/maps\/embed?pb=!1m18!1m12!1m3!1d2948.4422190786436!2d1.7017727148572264!3d42.35441404345188!2m3!1f0!2f0!3f0!3m2!1i1024!2i768!4f13.1!3m3!1m2!1s0x12a59aef0b46d1e7%3A0xffd45c243de47fd3!2s25725+Montell%C3%A0%2C+Lleida%2C+Espanya!5e0!3m2!1sca!2sus!4v1481044685920%20width=600%20height=450%20frameborder=0%20style=border:0%20allowfullscreen\/iframe\"><iframe loading=\"lazy\" style=\"border: 0;\" src=\"https:\/\/www.google.com\/maps\/embed?pb=!1m18!1m12!1m3!1d2948.4422190786436!2d1.7017727148572264!3d42.35441404345188!2m3!1f0!2f0!3f0!3m2!1i1024!2i768!4f13.1!3m3!1m2!1s0x12a59aef0b46d1e7%3A0xffd45c243de47fd3!2s25725+Montell%C3%A0%2C+Lleida%2C+Espanya!5e0!3m2!1sca!2sus!4v1481044685920\" width=\"600\" height=\"450\" frameborder=\"0\" allowfullscreen=\"allowfullscreen\"><\/iframe><\/a><\/p>\n<p>&nbsp;<\/p>\n<figure id=\"attachment_603\" aria-describedby=\"caption-attachment-603\" style=\"width: 300px\" class=\"wp-caption alignnone\"><a href=\"http:\/\/agora.xtec.cat\/escolaridolaina\/wp-content\/uploads\/usu1606\/2014\/09\/IMG_1455.jpg\"><img loading=\"lazy\" decoding=\"async\" class=\"wp-image-603 size-medium\" src=\"http:\/\/agora.xtec.cat\/escolaridolaina\/wp-content\/uploads\/usu1606\/2014\/09\/IMG_1455-300x300.jpg\" alt=\"\" width=\"300\" height=\"300\" srcset=\"https:\/\/agora.xtec.cat\/escolaridolaina\/wp-content\/uploads\/usu1606\/2014\/09\/IMG_1455-300x300.jpg 300w, https:\/\/agora.xtec.cat\/escolaridolaina\/wp-content\/uploads\/usu1606\/2014\/09\/IMG_1455-150x150.jpg 150w, https:\/\/agora.xtec.cat\/escolaridolaina\/wp-content\/uploads\/usu1606\/2014\/09\/IMG_1455-768x768.jpg 768w, https:\/\/agora.xtec.cat\/escolaridolaina\/wp-content\/uploads\/usu1606\/2014\/09\/IMG_1455-1024x1024.jpg 1024w\" sizes=\"auto, (max-width: 300px) 100vw, 300px\" \/><\/a><figcaption id=\"caption-attachment-603\" class=\"wp-caption-text\">Espai exterior<\/figcaption><\/figure>\n<p>&nbsp;<\/p>\n<p>&nbsp;<\/p>\n","protected":false},"excerpt":{"rendered":"<p>Ens trobar\u00e0s a la Cerdanya, amb una vista espl\u00e8ndida de la Serra del Cad\u00ed. A mig cam\u00ed entre Puigcerd\u00e0 i la Seu d&#8217;Urgell, al municipi de Montell\u00e0 i Martinet. Arriba fins a Martinet de Cerdanya. En sortir del poble trobar\u00e0s una rotonda que et porta al carretera de Montell\u00e0. Arribant a Montell\u00e0, trobar\u00e0s a la [&hellip;]<\/p>\n","protected":false},"author":1,"featured_media":0,"parent":0,"menu_order":10,"comment_status":"closed","ping_status":"closed","template":"","meta":{"_bbp_topic_count":0,"_bbp_reply_count":0,"_bbp_total_topic_count":0,"_bbp_total_reply_count":0,"_bbp_voice_count":0,"_bbp_anonymous_reply_count":0,"_bbp_topic_count_hidden":0,"_bbp_reply_count_hidden":0,"_bbp_forum_subforum_count":0,"site-sidebar-layout":"default","site-content-layout":"","ast-site-content-layout":"default","site-content-style":"default","site-sidebar-style":"default","ast-global-header-display":"","ast-banner-title-visibility":"","ast-main-header-display":"","ast-hfb-above-header-display":"","ast-hfb-below-header-display":"","ast-hfb-mobile-header-display":"","site-post-title":"","ast-breadcrumbs-content":"","ast-featured-img":"","footer-sml-layout":"","theme-transparent-header-meta":"default","adv-header-id-meta":"","stick-header-meta":"","header-above-stick-meta":"","header-main-stick-meta":"","header-below-stick-meta":"","astra-migrate-meta-layouts":"set","ast-page-background-enabled":"default","ast-page-background-meta":{"desktop":{"background-color":"var(--ast-global-color-4)","background-image":"","background-repeat":"repeat","background-position":"center center","background-size":"auto","background-attachment":"scroll","background-type":"","background-media":"","overlay-type":"","overlay-color":"","overlay-opacity":"","overlay-gradient":""},"tablet":{"background-color":"","background-image":"","background-repeat":"repeat","background-position":"center center","background-size":"auto","background-attachment":"scroll","background-type":"","background-media":"","overlay-type":"","overlay-color":"","overlay-opacity":"","overlay-gradient":""},"mobile":{"background-color":"","background-image":"","background-repeat":"repeat","background-position":"center center","background-size":"auto","background-attachment":"scroll","background-type":"","background-media":"","overlay-type":"","overlay-color":"","overlay-opacity":"","overlay-gradient":""}},"ast-content-background-meta":{"desktop":{"background-color":"var(--ast-global-color-5)","background-image":"","background-repeat":"repeat","background-position":"center center","background-size":"auto","background-attachment":"scroll","background-type":"","background-media":"","overlay-type":"","overlay-color":"","overlay-opacity":"","overlay-gradient":""},"tablet":{"background-color":"var(--ast-global-color-5)","background-image":"","background-repeat":"repeat","background-position":"center center","background-size":"auto","background-attachment":"scroll","background-type":"","background-media":"","overlay-type":"","overlay-color":"","overlay-opacity":"","overlay-gradient":""},"mobile":{"background-color":"var(--ast-global-color-5)","background-image":"","background-repeat":"repeat","background-position":"center center","background-size":"auto","background-attachment":"scroll","background-type":"","background-media":"","overlay-type":"","overlay-color":"","overlay-opacity":"","overlay-gradient":""}},"footnotes":""},"class_list":["post-24","page","type-page","status-publish","hentry"],"post_mailing_queue_ids":[],"_links":{"self":[{"href":"https:\/\/agora.xtec.cat\/escolaridolaina\/wp-json\/wp\/v2\/pages\/24","targetHints":{"allow":["GET"]}}],"collection":[{"href":"https:\/\/agora.xtec.cat\/escolaridolaina\/wp-json\/wp\/v2\/pages"}],"about":[{"href":"https:\/\/agora.xtec.cat\/escolaridolaina\/wp-json\/wp\/v2\/types\/page"}],"author":[{"embeddable":true,"href":"https:\/\/agora.xtec.cat\/escolaridolaina\/wp-json\/wp\/v2\/users\/1"}],"replies":[{"embeddable":true,"href":"https:\/\/agora.xtec.cat\/escolaridolaina\/wp-json\/wp\/v2\/comments?post=24"}],"version-history":[{"count":5,"href":"https:\/\/agora.xtec.cat\/escolaridolaina\/wp-json\/wp\/v2\/pages\/24\/revisions"}],"predecessor-version":[{"id":2056,"href":"https:\/\/agora.xtec.cat\/escolaridolaina\/wp-json\/wp\/v2\/pages\/24\/revisions\/2056"}],"wp:attachment":[{"href":"https:\/\/agora.xtec.cat\/escolaridolaina\/wp-json\/wp\/v2\/media?parent=24"}],"curies":[{"name":"wp","href":"https:\/\/api.w.org\/{rel}","templated":true}]}}