{"id":2012,"date":"2026-04-15T10:10:17","date_gmt":"2026-04-15T08:10:17","guid":{"rendered":"https:\/\/agora.xtec.cat\/escolaridolaina\/?page_id=2012"},"modified":"2026-04-15T10:34:25","modified_gmt":"2026-04-15T08:34:25","slug":"altres-projectes","status":"publish","type":"page","link":"https:\/\/agora.xtec.cat\/escolaridolaina\/altres-projectes\/","title":{"rendered":"D&#8217;ON VENIM: Experi\u00e8ncies viscudes."},"content":{"rendered":"<h2 data-path-to-node=\"3\">El valor del cam\u00ed recorregut<\/h2>\n<p data-path-to-node=\"4\">Benvinguts a aquest espai de mem\u00f2ria viva. En l&#8217;educaci\u00f3, cada projecte \u00e9s una llavor i cada activitat, una experi\u00e8ncia que ens ha ajudat a cr\u00e9ixer com a comunitat educativa.<\/p>\n<p data-path-to-node=\"5\">Aquest rac\u00f3 no \u00e9s nom\u00e9s un arxiu de dates i documents; \u00e9s el <b data-path-to-node=\"5\" data-index-in-node=\"61\">bagatge del nostre centre<\/b>. Aqu\u00ed hi trobareu el testimoni de la feina feta amb il\u00b7lusi\u00f3, les rialles de les promocions que ja han passat per les nostres aules i els aprenentatges que han anat teixint la nostra identitat actual.<\/p>\n<p data-path-to-node=\"6\">Perqu\u00e8 per saber cap a on anem, \u00e9s imprescindible recordar <b data-path-to-node=\"6\" data-index-in-node=\"59\">d&#8217;on venim<\/b>. Us convidem a passejar per aquestes mem\u00f2ries, a redescobrir moments compartits i a posar en valor l&#8217;esfor\u00e7 de tothom qui ha format part de la nostra hist\u00f2ria.<\/p>\n<p data-path-to-node=\"7\"><b data-path-to-node=\"7\" data-index-in-node=\"0\">Gr\u00e0cies per haver-ho fet possible.<\/b><\/p>\n","protected":false},"excerpt":{"rendered":"<p>El valor del cam\u00ed recorregut Benvinguts a aquest espai de mem\u00f2ria viva. En l&#8217;educaci\u00f3, cada projecte \u00e9s una llavor i cada activitat, una experi\u00e8ncia que ens ha ajudat a cr\u00e9ixer com a comunitat educativa. Aquest rac\u00f3 no \u00e9s nom\u00e9s un arxiu de dates i documents; \u00e9s el bagatge del nostre centre. Aqu\u00ed hi trobareu el [&hellip;]<\/p>\n","protected":false},"author":1,"featured_media":0,"parent":0,"menu_order":0,"comment_status":"closed","ping_status":"closed","template":"","meta":{"_bbp_topic_count":0,"_bbp_reply_count":0,"_bbp_total_topic_count":0,"_bbp_total_reply_count":0,"_bbp_voice_count":0,"_bbp_anonymous_reply_count":0,"_bbp_topic_count_hidden":0,"_bbp_reply_count_hidden":0,"_bbp_forum_subforum_count":0,"site-sidebar-layout":"default","site-content-layout":"","ast-site-content-layout":"default","site-content-style":"default","site-sidebar-style":"default","ast-global-header-display":"","ast-banner-title-visibility":"","ast-main-header-display":"","ast-hfb-above-header-display":"","ast-hfb-below-header-display":"","ast-hfb-mobile-header-display":"","site-post-title":"","ast-breadcrumbs-content":"","ast-featured-img":"","footer-sml-layout":"","theme-transparent-header-meta":"default","adv-header-id-meta":"","stick-header-meta":"","header-above-stick-meta":"","header-main-stick-meta":"","header-below-stick-meta":"","astra-migrate-meta-layouts":"set","ast-page-background-enabled":"default","ast-page-background-meta":{"desktop":{"background-color":"var(--ast-global-color-4)","background-image":"","background-repeat":"repeat","background-position":"center center","background-size":"auto","background-attachment":"scroll","background-type":"","background-media":"","overlay-type":"","overlay-color":"","overlay-opacity":"","overlay-gradient":""},"tablet":{"background-color":"","background-image":"","background-repeat":"repeat","background-position":"center center","background-size":"auto","background-attachment":"scroll","background-type":"","background-media":"","overlay-type":"","overlay-color":"","overlay-opacity":"","overlay-gradient":""},"mobile":{"background-color":"","background-image":"","background-repeat":"repeat","background-position":"center center","background-size":"auto","background-attachment":"scroll","background-type":"","background-media":"","overlay-type":"","overlay-color":"","overlay-opacity":"","overlay-gradient":""}},"ast-content-background-meta":{"desktop":{"background-color":"var(--ast-global-color-5)","background-image":"","background-repeat":"repeat","background-position":"center center","background-size":"auto","background-attachment":"scroll","background-type":"","background-media":"","overlay-type":"","overlay-color":"","overlay-opacity":"","overlay-gradient":""},"tablet":{"background-color":"var(--ast-global-color-5)","background-image":"","background-repeat":"repeat","background-position":"center center","background-size":"auto","background-attachment":"scroll","background-type":"","background-media":"","overlay-type":"","overlay-color":"","overlay-opacity":"","overlay-gradient":""},"mobile":{"background-color":"var(--ast-global-color-5)","background-image":"","background-repeat":"repeat","background-position":"center center","background-size":"auto","background-attachment":"scroll","background-type":"","background-media":"","overlay-type":"","overlay-color":"","overlay-opacity":"","overlay-gradient":""}},"footnotes":""},"class_list":["post-2012","page","type-page","status-publish","hentry"],"post_mailing_queue_ids":[],"_links":{"self":[{"href":"https:\/\/agora.xtec.cat\/escolaridolaina\/wp-json\/wp\/v2\/pages\/2012","targetHints":{"allow":["GET"]}}],"collection":[{"href":"https:\/\/agora.xtec.cat\/escolaridolaina\/wp-json\/wp\/v2\/pages"}],"about":[{"href":"https:\/\/agora.xtec.cat\/escolaridolaina\/wp-json\/wp\/v2\/types\/page"}],"author":[{"embeddable":true,"href":"https:\/\/agora.xtec.cat\/escolaridolaina\/wp-json\/wp\/v2\/users\/1"}],"replies":[{"embeddable":true,"href":"https:\/\/agora.xtec.cat\/escolaridolaina\/wp-json\/wp\/v2\/comments?post=2012"}],"version-history":[{"count":3,"href":"https:\/\/agora.xtec.cat\/escolaridolaina\/wp-json\/wp\/v2\/pages\/2012\/revisions"}],"predecessor-version":[{"id":2019,"href":"https:\/\/agora.xtec.cat\/escolaridolaina\/wp-json\/wp\/v2\/pages\/2012\/revisions\/2019"}],"wp:attachment":[{"href":"https:\/\/agora.xtec.cat\/escolaridolaina\/wp-json\/wp\/v2\/media?parent=2012"}],"curies":[{"name":"wp","href":"https:\/\/api.w.org\/{rel}","templated":true}]}}