{"id":1098,"date":"2019-11-26T14:02:36","date_gmt":"2019-11-26T13:02:36","guid":{"rendered":"http:\/\/agora.xtec.cat\/escolaridolaina\/?page_id=1098"},"modified":"2026-04-16T10:22:32","modified_gmt":"2026-04-16T08:22:32","slug":"afa","status":"publish","type":"page","link":"https:\/\/agora.xtec.cat\/escolaridolaina\/afa\/","title":{"rendered":"AFA"},"content":{"rendered":"<h2><strong>ASSOCIACI\u00d3 DE FAM\u00cdLIES I ALUMNES<\/strong><\/h2>\n<p><span style=\"font-weight: 400;\">L\u2019AFA, Associaci\u00f3 de Fam\u00edlies d\u2019Alumnes, \u00e9s una<\/span> <span style=\"font-weight: 400;\">associaci\u00f3 sense afany de lucre formada per mares i pares d\u2019alumnes i situada en el mateix centre educatiu amb una missi\u00f3:<\/span><b> contribuir a la millora de la qualitat del sistema educatiu p\u00fablic<\/b><span style=\"font-weight: 400;\"> i de les <\/span><b>condicions d\u2019escolaritzaci\u00f3<\/b><span style=\"font-weight: 400;\"> dels i les alumnes del centre.<\/span><\/p>\n<p><span style=\"font-weight: 400;\">El seu funcionament es basa en el <\/span><b>di\u00e0leg<\/b><span style=\"font-weight: 400;\"> i en la <\/span><b>col\u00b7laboraci\u00f3<\/b><span style=\"font-weight: 400;\"> amb els sectors de la comunitat educativa.<\/span><\/p>\n<p><span style=\"font-weight: 400;\">Una bona gesti\u00f3 de l\u2019AFA comporta obtenir la <\/span><b>participaci\u00f3 i dinamitzaci\u00f3 global del centre<\/b><span style=\"font-weight: 400;\">. Per aix\u00f2 cal:<\/span><\/p>\n<ul>\n<li style=\"font-weight: 400;\"><span style=\"font-weight: 400;\">la col\u00b7laboraci\u00f3 dels socis<\/span><\/li>\n<\/ul>\n<ul>\n<li style=\"font-weight: 400;\"><span style=\"font-weight: 400;\">l\u2019assessorament de federacions i institucions<\/span><\/li>\n<\/ul>\n<ul>\n<li style=\"font-weight: 400;\"><span style=\"font-weight: 400;\">locals per a desenvolupar les reunions i activitats<\/span><\/li>\n<\/ul>\n<ul>\n<li style=\"font-weight: 400;\"><span style=\"font-weight: 400;\">l\u2019acc\u00e8s a la informaci\u00f3<\/span><\/li>\n<\/ul>\n<ul>\n<li style=\"font-weight: 400;\"><span style=\"font-weight: 400;\">la formaci\u00f3 dels pares i mares i de les juntes directives<\/span><\/li>\n<\/ul>\n<ul>\n<li style=\"font-weight: 400;\"><span style=\"font-weight: 400;\">el suport dels i als mestres<\/span><\/li>\n<\/ul>\n<p><span style=\"font-weight: 400;\">L\u2019AFA \u00e9s un espai que ofereix a totes les fam\u00edlies una<\/span><b> oportunitat \u00fanica per participar en la vida del centre educatiu <\/b><span style=\"font-weight: 400;\">i <\/span><b>en l\u2019educaci\u00f3 que reben els nostres fills<\/b><span style=\"font-weight: 400;\">. El suport de tots els pares i mares \u00e9s fonamental perqu\u00e8 l\u2019associaci\u00f3 sigui m\u00e9s s\u00f2lida i participativa. Des de l\u2019AFA i exercint diferents responsabilitats -econ\u00f2miques, legals, laborals i personals- les fam\u00edlies podem influir en l\u2019educaci\u00f3 de tots els alumnes i en la bona marxa de l\u2019escola.<\/span><\/p>\n<p><b>Activitats<\/b><\/p>\n<ul>\n<li style=\"font-weight: 400;\"><b><i>La Castanyada.<\/i><\/b><span style=\"font-weight: 400;\"> Les fam\u00edlies coem castanyes i moniatos per acompanyar els panellets que han elaborat els infants a l\u2019escola.<\/span><\/li>\n<li style=\"font-weight: 400;\"><b><i>El Quinto.<\/i><\/b><span style=\"font-weight: 400;\"> L\u2019AFA recull productes dels comer\u00e7os del poble i la comarca per a oferir-los com a premis pels m\u00e9s afortunats.<\/span><\/li>\n<li style=\"font-weight: 400;\"><b><i>La Rostita.<\/i><\/b> <span style=\"font-weight: 400;\">El Dijous Gras, fam\u00edlies, alumnes i mestres voltem pel poble de Montell\u00e0 tot cantant i fent m\u00fasica per tal de recollir llepolies i ous per cuinar truites pel dinar.<\/span><\/li>\n<li style=\"font-weight: 400;\"><b><i>Tardes de juny.<\/i><\/b><span style=\"font-weight: 400;\"> Organitzem i planifiquem activitats extraescolars les \u00faltimes setmanes de curs, per a poder allargar la jornada intensiva amb una activitat atractiva i enriquidora.<\/span><\/li>\n<li style=\"font-weight: 400;\"><b><i>Festes de fi de trimestre i fi de curs.<\/i><\/b><span style=\"font-weight: 400;\"> Organitzem una gran festa per acomiadar-nos, finalitzant amb sopar de germanor.<\/span><\/li>\n<\/ul>\n<p><span style=\"font-weight: 400;\">Si teniu qualsevol dubte, sugger\u00e8ncia o necessiteu que fem alguna gesti\u00f3 ens podeu escriure al nostre email: <\/span><a href=\"mailto:afa.ridolaina@gmail.com\"><b><i>afa.ridolaina@gmail.com<\/i><\/b><\/a><\/p>\n","protected":false},"excerpt":{"rendered":"<p>ASSOCIACI\u00d3 DE FAM\u00cdLIES I ALUMNES L\u2019AFA, Associaci\u00f3 de Fam\u00edlies d\u2019Alumnes, \u00e9s una associaci\u00f3 sense afany de lucre formada per mares i pares d\u2019alumnes i situada en el mateix centre educatiu amb una missi\u00f3: contribuir a la millora de la qualitat del sistema educatiu p\u00fablic i de les condicions d\u2019escolaritzaci\u00f3 dels i les alumnes del centre. [&hellip;]<\/p>\n","protected":false},"author":1,"featured_media":0,"parent":0,"menu_order":0,"comment_status":"closed","ping_status":"closed","template":"","meta":{"_bbp_topic_count":0,"_bbp_reply_count":0,"_bbp_total_topic_count":0,"_bbp_total_reply_count":0,"_bbp_voice_count":0,"_bbp_anonymous_reply_count":0,"_bbp_topic_count_hidden":0,"_bbp_reply_count_hidden":0,"_bbp_forum_subforum_count":0,"site-sidebar-layout":"default","site-content-layout":"","ast-site-content-layout":"default","site-content-style":"default","site-sidebar-style":"default","ast-global-header-display":"","ast-banner-title-visibility":"","ast-main-header-display":"","ast-hfb-above-header-display":"","ast-hfb-below-header-display":"","ast-hfb-mobile-header-display":"","site-post-title":"","ast-breadcrumbs-content":"","ast-featured-img":"","footer-sml-layout":"","theme-transparent-header-meta":"default","adv-header-id-meta":"","stick-header-meta":"","header-above-stick-meta":"","header-main-stick-meta":"","header-below-stick-meta":"","astra-migrate-meta-layouts":"set","ast-page-background-enabled":"default","ast-page-background-meta":{"desktop":{"background-color":"var(--ast-global-color-4)","background-image":"","background-repeat":"repeat","background-position":"center center","background-size":"auto","background-attachment":"scroll","background-type":"","background-media":"","overlay-type":"","overlay-color":"","overlay-opacity":"","overlay-gradient":""},"tablet":{"background-color":"","background-image":"","background-repeat":"repeat","background-position":"center center","background-size":"auto","background-attachment":"scroll","background-type":"","background-media":"","overlay-type":"","overlay-color":"","overlay-opacity":"","overlay-gradient":""},"mobile":{"background-color":"","background-image":"","background-repeat":"repeat","background-position":"center center","background-size":"auto","background-attachment":"scroll","background-type":"","background-media":"","overlay-type":"","overlay-color":"","overlay-opacity":"","overlay-gradient":""}},"ast-content-background-meta":{"desktop":{"background-color":"var(--ast-global-color-5)","background-image":"","background-repeat":"repeat","background-position":"center center","background-size":"auto","background-attachment":"scroll","background-type":"","background-media":"","overlay-type":"","overlay-color":"","overlay-opacity":"","overlay-gradient":""},"tablet":{"background-color":"var(--ast-global-color-5)","background-image":"","background-repeat":"repeat","background-position":"center center","background-size":"auto","background-attachment":"scroll","background-type":"","background-media":"","overlay-type":"","overlay-color":"","overlay-opacity":"","overlay-gradient":""},"mobile":{"background-color":"var(--ast-global-color-5)","background-image":"","background-repeat":"repeat","background-position":"center center","background-size":"auto","background-attachment":"scroll","background-type":"","background-media":"","overlay-type":"","overlay-color":"","overlay-opacity":"","overlay-gradient":""}},"footnotes":""},"class_list":["post-1098","page","type-page","status-publish","hentry"],"post_mailing_queue_ids":[],"_links":{"self":[{"href":"https:\/\/agora.xtec.cat\/escolaridolaina\/wp-json\/wp\/v2\/pages\/1098","targetHints":{"allow":["GET"]}}],"collection":[{"href":"https:\/\/agora.xtec.cat\/escolaridolaina\/wp-json\/wp\/v2\/pages"}],"about":[{"href":"https:\/\/agora.xtec.cat\/escolaridolaina\/wp-json\/wp\/v2\/types\/page"}],"author":[{"embeddable":true,"href":"https:\/\/agora.xtec.cat\/escolaridolaina\/wp-json\/wp\/v2\/users\/1"}],"replies":[{"embeddable":true,"href":"https:\/\/agora.xtec.cat\/escolaridolaina\/wp-json\/wp\/v2\/comments?post=1098"}],"version-history":[{"count":3,"href":"https:\/\/agora.xtec.cat\/escolaridolaina\/wp-json\/wp\/v2\/pages\/1098\/revisions"}],"predecessor-version":[{"id":2032,"href":"https:\/\/agora.xtec.cat\/escolaridolaina\/wp-json\/wp\/v2\/pages\/1098\/revisions\/2032"}],"wp:attachment":[{"href":"https:\/\/agora.xtec.cat\/escolaridolaina\/wp-json\/wp\/v2\/media?parent=1098"}],"curies":[{"name":"wp","href":"https:\/\/api.w.org\/{rel}","templated":true}]}}