{"id":87,"date":"2014-09-18T14:28:12","date_gmt":"2014-09-18T12:28:12","guid":{"rendered":"http:\/\/agora.xtec.cat\/escolaribatallada\/?page_id=87"},"modified":"2026-01-30T13:46:46","modified_gmt":"2026-01-30T12:46:46","slug":"nivells","status":"publish","type":"page","link":"https:\/\/agora.xtec.cat\/escolaribatallada\/nivells\/","title":{"rendered":"Blocs dels nivells"},"content":{"rendered":"\n<p>Cada nivell t\u00e9 el seu propi bloc on penja aquelles activitats i sortides que va fent al llarg del curs. A partir de prim\u00e0ria el bloc el gestionen els alumnes tot fent un treball de llengua.<\/p>\n\n\n\n<p class=\"has-white-color has-ast-global-color-1-background-color has-text-color has-background has-link-color wp-elements-142cdc09368b0c58e9940f2b5ff30abc\"><strong>EDUCACI\u00d3 INFANTIL<\/strong><\/p>\n\n\n\n<div class=\"wp-block-columns is-layout-flex wp-container-core-columns-is-layout-1 wp-block-columns-is-layout-flex\">\n<div class=\"wp-block-column is-layout-flow wp-block-column-is-layout-flow\">\n<figure class=\"wp-block-image aligncenter size-full\"><img loading=\"lazy\" decoding=\"async\" width=\"827\" height=\"315\" src=\"https:\/\/agora.xtec.cat\/escolaribatallada\/wp-content\/uploads\/usu233\/2026\/01\/gelats.jpg\" alt=\"Classe dels Gelats\" class=\"wp-image-3340\" srcset=\"https:\/\/agora.xtec.cat\/escolaribatallada\/wp-content\/uploads\/usu233\/2026\/01\/gelats.jpg 827w, https:\/\/agora.xtec.cat\/escolaribatallada\/wp-content\/uploads\/usu233\/2026\/01\/gelats-300x114.jpg 300w, https:\/\/agora.xtec.cat\/escolaribatallada\/wp-content\/uploads\/usu233\/2026\/01\/gelats-768x293.jpg 768w\" sizes=\"auto, (max-width: 827px) 100vw, 827px\" \/><\/figure>\n\n\n\n<p class=\"has-text-align-center has-black-color has-ast-global-color-0-background-color has-text-color has-background has-link-color has-medium-font-size wp-elements-8f2ee35cf55f596dd52dd17d0a244a36\"><strong><a href=\"https:\/\/agora.xtec.cat\/escolaribatallada\/categoria\/infantil\/i3\/\" data-type=\"category\" data-id=\"75\">Gelats<\/a><\/strong><\/p>\n<\/div>\n\n\n\n<div class=\"wp-block-column is-layout-flow wp-block-column-is-layout-flow\">\n<figure class=\"wp-block-image size-full\"><img loading=\"lazy\" decoding=\"async\" width=\"850\" height=\"338\" src=\"https:\/\/agora.xtec.cat\/escolaribatallada\/wp-content\/uploads\/usu233\/2026\/01\/Helicopter.jpg\" alt=\"Classe dels Helic\u00f2pters\" class=\"wp-image-3341\" srcset=\"https:\/\/agora.xtec.cat\/escolaribatallada\/wp-content\/uploads\/usu233\/2026\/01\/Helicopter.jpg 850w, https:\/\/agora.xtec.cat\/escolaribatallada\/wp-content\/uploads\/usu233\/2026\/01\/Helicopter-300x119.jpg 300w, https:\/\/agora.xtec.cat\/escolaribatallada\/wp-content\/uploads\/usu233\/2026\/01\/Helicopter-768x305.jpg 768w\" sizes=\"auto, (max-width: 850px) 100vw, 850px\" \/><\/figure>\n\n\n\n<p class=\"has-text-align-center has-black-color has-ast-global-color-0-background-color has-text-color has-background has-link-color wp-elements-cd555a4232842d8e5eb7dfc0a1d32794\" style=\"font-size:20px\"><a href=\"https:\/\/agora.xtec.cat\/escolaribatallada\/categoria\/infantil\/i4\/\" data-type=\"category\" data-id=\"67\"><strong>Helic\u00f2pters<\/strong><\/a><\/p>\n<\/div>\n\n\n\n<div class=\"wp-block-column is-layout-flow wp-block-column-is-layout-flow\">\n<figure class=\"wp-block-image size-full\"><img loading=\"lazy\" decoding=\"async\" width=\"827\" height=\"315\" src=\"https:\/\/agora.xtec.cat\/escolaribatallada\/wp-content\/uploads\/usu233\/2026\/01\/pandes.jpg\" alt=\"Classe dels Pandes\" class=\"wp-image-3348\" style=\"object-fit:cover\" srcset=\"https:\/\/agora.xtec.cat\/escolaribatallada\/wp-content\/uploads\/usu233\/2026\/01\/pandes.jpg 827w, https:\/\/agora.xtec.cat\/escolaribatallada\/wp-content\/uploads\/usu233\/2026\/01\/pandes-300x114.jpg 300w, https:\/\/agora.xtec.cat\/escolaribatallada\/wp-content\/uploads\/usu233\/2026\/01\/pandes-768x293.jpg 768w\" sizes=\"auto, (max-width: 827px) 100vw, 827px\" \/><\/figure>\n\n\n\n<p class=\"has-text-align-center has-black-color has-ast-global-color-0-background-color has-text-color has-background has-link-color has-medium-font-size wp-elements-3e5246eff6f64871d8e304f18437d0dd\"><a href=\"https:\/\/agora.xtec.cat\/escolaribatallada\/categoria\/infantil\/i5\/\" data-type=\"category\" data-id=\"68\"><strong>Pandes<\/strong><\/a><\/p>\n<\/div>\n<\/div>\n\n\n\n<p class=\"has-white-color has-ast-global-color-1-background-color has-text-color has-background has-link-color wp-elements-f3c7cd775b0a8bf47bd2f4f1adef57cc\"><strong>EDUCACI\u00d3 PRIM\u00c0RIA<\/strong><\/p>\n\n\n\n<div class=\"wp-block-columns is-layout-flex wp-container-core-columns-is-layout-2 wp-block-columns-is-layout-flex\">\n<div class=\"wp-block-column is-layout-flow wp-block-column-is-layout-flow\">\n<figure class=\"wp-block-image aligncenter size-full is-resized\"><img loading=\"lazy\" decoding=\"async\" width=\"827\" height=\"315\" src=\"https:\/\/agora.xtec.cat\/escolaribatallada\/wp-content\/uploads\/usu233\/2026\/01\/llunes.jpg\" alt=\"Classe de les Llunes\" class=\"wp-image-3346\" style=\"width:300px\" srcset=\"https:\/\/agora.xtec.cat\/escolaribatallada\/wp-content\/uploads\/usu233\/2026\/01\/llunes.jpg 827w, https:\/\/agora.xtec.cat\/escolaribatallada\/wp-content\/uploads\/usu233\/2026\/01\/llunes-300x114.jpg 300w, https:\/\/agora.xtec.cat\/escolaribatallada\/wp-content\/uploads\/usu233\/2026\/01\/llunes-768x293.jpg 768w\" sizes=\"auto, (max-width: 827px) 100vw, 827px\" \/><\/figure>\n\n\n\n<p class=\"has-text-align-center has-black-color has-ast-global-color-0-background-color has-text-color has-background has-link-color wp-elements-ad044e6acfa527c333ca8353418cab49\"><a href=\"https:\/\/agora.xtec.cat\/escolaribatallada\/categoria\/primaria\/1r\/\" data-type=\"category\" data-id=\"69\"><strong>Llunes<\/strong><\/a><\/p>\n<\/div>\n\n\n\n<div class=\"wp-block-column is-layout-flow wp-block-column-is-layout-flow\">\n<figure class=\"wp-block-image aligncenter size-full is-resized\"><img loading=\"lazy\" decoding=\"async\" width=\"827\" height=\"315\" src=\"https:\/\/agora.xtec.cat\/escolaribatallada\/wp-content\/uploads\/usu233\/2026\/01\/bicicletes.jpg\" alt=\"Classe de les Bicicletes\" class=\"wp-image-3343\" style=\"width:300px\" srcset=\"https:\/\/agora.xtec.cat\/escolaribatallada\/wp-content\/uploads\/usu233\/2026\/01\/bicicletes.jpg 827w, https:\/\/agora.xtec.cat\/escolaribatallada\/wp-content\/uploads\/usu233\/2026\/01\/bicicletes-300x114.jpg 300w, https:\/\/agora.xtec.cat\/escolaribatallada\/wp-content\/uploads\/usu233\/2026\/01\/bicicletes-768x293.jpg 768w\" sizes=\"auto, (max-width: 827px) 100vw, 827px\" \/><\/figure>\n\n\n\n<p class=\"has-text-align-center has-black-color has-ast-global-color-0-background-color has-text-color has-background has-link-color wp-elements-d1ffbf3c0c5eed9179556ac627ba3129\"><strong><a href=\"https:\/\/agora.xtec.cat\/escolaribatallada\/categoria\/primaria\/2n\/\" data-type=\"category\" data-id=\"70\">Bicicletes<\/a><\/strong><\/p>\n<\/div>\n\n\n\n<div class=\"wp-block-column is-layout-flow wp-block-column-is-layout-flow\">\n<figure class=\"wp-block-image aligncenter size-full is-resized\"><img loading=\"lazy\" decoding=\"async\" width=\"827\" height=\"315\" src=\"https:\/\/agora.xtec.cat\/escolaribatallada\/wp-content\/uploads\/usu233\/2026\/01\/avions.jpg\" alt=\"Classe dels Avions\" class=\"wp-image-3342\" style=\"width:300px\" srcset=\"https:\/\/agora.xtec.cat\/escolaribatallada\/wp-content\/uploads\/usu233\/2026\/01\/avions.jpg 827w, https:\/\/agora.xtec.cat\/escolaribatallada\/wp-content\/uploads\/usu233\/2026\/01\/avions-300x114.jpg 300w, https:\/\/agora.xtec.cat\/escolaribatallada\/wp-content\/uploads\/usu233\/2026\/01\/avions-768x293.jpg 768w\" sizes=\"auto, (max-width: 827px) 100vw, 827px\" \/><\/figure>\n\n\n\n<p class=\"has-text-align-center has-black-color has-ast-global-color-0-background-color has-text-color has-background has-link-color wp-elements-d592ca9588dffad6906f0c39f58cf1af\"><strong><a href=\"https:\/\/agora.xtec.cat\/escolaribatallada\/categoria\/primaria\/3r\/\" data-type=\"category\" data-id=\"71\">Avions<\/a><\/strong><\/p>\n<\/div>\n<\/div>\n\n\n\n<div class=\"wp-block-columns is-layout-flex wp-container-core-columns-is-layout-3 wp-block-columns-is-layout-flex\">\n<div class=\"wp-block-column is-layout-flow wp-block-column-is-layout-flow\">\n<figure class=\"wp-block-image aligncenter size-full is-resized\"><img loading=\"lazy\" decoding=\"async\" width=\"827\" height=\"315\" src=\"https:\/\/agora.xtec.cat\/escolaribatallada\/wp-content\/uploads\/usu233\/2026\/01\/maquines.jpg\" alt=\"Classe de les M\u00e0quines\" class=\"wp-image-3347\" style=\"width:300px\" srcset=\"https:\/\/agora.xtec.cat\/escolaribatallada\/wp-content\/uploads\/usu233\/2026\/01\/maquines.jpg 827w, https:\/\/agora.xtec.cat\/escolaribatallada\/wp-content\/uploads\/usu233\/2026\/01\/maquines-300x114.jpg 300w, https:\/\/agora.xtec.cat\/escolaribatallada\/wp-content\/uploads\/usu233\/2026\/01\/maquines-768x293.jpg 768w\" sizes=\"auto, (max-width: 827px) 100vw, 827px\" \/><\/figure>\n\n\n\n<p class=\"has-text-align-center has-black-color has-ast-global-color-0-background-color has-text-color has-background has-link-color wp-elements-54c5a2911e6bcce7148802f5f88e8fef\"><a href=\"https:\/\/agora.xtec.cat\/escolaribatallada\/categoria\/primaria\/4t\/\" data-type=\"category\" data-id=\"72\"><strong>M\u00e0quines<\/strong><\/a><\/p>\n<\/div>\n\n\n\n<div class=\"wp-block-column is-layout-flow wp-block-column-is-layout-flow\">\n<figure class=\"wp-block-image aligncenter size-full\"><img loading=\"lazy\" decoding=\"async\" width=\"827\" height=\"315\" src=\"https:\/\/agora.xtec.cat\/escolaribatallada\/wp-content\/uploads\/usu233\/2026\/01\/exploradors.jpg\" alt=\"Classe dels Exploradors i les Exploradores\" class=\"wp-image-3345\" srcset=\"https:\/\/agora.xtec.cat\/escolaribatallada\/wp-content\/uploads\/usu233\/2026\/01\/exploradors.jpg 827w, https:\/\/agora.xtec.cat\/escolaribatallada\/wp-content\/uploads\/usu233\/2026\/01\/exploradors-300x114.jpg 300w, https:\/\/agora.xtec.cat\/escolaribatallada\/wp-content\/uploads\/usu233\/2026\/01\/exploradors-768x293.jpg 768w\" sizes=\"auto, (max-width: 827px) 100vw, 827px\" \/><\/figure>\n\n\n\n<p class=\"has-text-align-center has-black-color has-ast-global-color-0-background-color has-text-color has-background has-link-color wp-elements-e4c0bee0b3fc8dc5715024909b3fb339\"><strong><a href=\"https:\/\/agora.xtec.cat\/escolaribatallada\/categoria\/primaria\/5e\/\" data-type=\"category\" data-id=\"73\">Exploradors\/es<\/a><\/strong><\/p>\n<\/div>\n\n\n\n<div class=\"wp-block-column is-layout-flow wp-block-column-is-layout-flow\">\n<figure class=\"wp-block-image aligncenter size-full is-resized\"><img loading=\"lazy\" decoding=\"async\" width=\"827\" height=\"315\" src=\"https:\/\/agora.xtec.cat\/escolaribatallada\/wp-content\/uploads\/usu233\/2026\/01\/dinosaures.jpg\" alt=\"Classe dels dinosaures\" class=\"wp-image-3344\" style=\"width:300px\" srcset=\"https:\/\/agora.xtec.cat\/escolaribatallada\/wp-content\/uploads\/usu233\/2026\/01\/dinosaures.jpg 827w, https:\/\/agora.xtec.cat\/escolaribatallada\/wp-content\/uploads\/usu233\/2026\/01\/dinosaures-300x114.jpg 300w, https:\/\/agora.xtec.cat\/escolaribatallada\/wp-content\/uploads\/usu233\/2026\/01\/dinosaures-768x293.jpg 768w\" sizes=\"auto, (max-width: 827px) 100vw, 827px\" \/><\/figure>\n\n\n\n<p class=\"has-text-align-center has-black-color has-ast-global-color-0-background-color has-text-color has-background has-link-color has-medium-font-size wp-elements-6011bdb9b61a281a80c1e83e9adfb045\"><strong><a href=\"https:\/\/agora.xtec.cat\/escolaribatallada\/categoria\/primaria\/6e\/\" data-type=\"category\" data-id=\"74\">Dinosaures<\/a><\/strong><\/p>\n<\/div>\n<\/div>\n\n\n\n<div style=\"height:100px\" aria-hidden=\"true\" class=\"wp-block-spacer\"><\/div>\n\n\n\n<p class=\"has-white-color has-ast-global-color-1-background-color has-text-color has-background has-link-color wp-elements-c7e5fd599aac762da9447e182c425d24\"><strong>ANTICS ALUMNES<\/strong><\/p>\n\n\n\n<p><a href=\"http:\/\/ribatalladacoales.blogspot.com\/\" target=\"_blank\" rel=\"noreferrer noopener\">Coales<\/a><\/p>\n\n\n\n<p><a href=\"http:\/\/ribatalladaastronautes.blogspot.com\/\" target=\"_blank\" rel=\"noreferrer noopener\">Astronautes<\/a><\/p>\n\n\n\n<p><a href=\"http:\/\/ribatalladabastoners.blogspot.com\/\" target=\"_blank\" rel=\"noreferrer noopener\">Bastoners i bastoneres<\/a><\/p>\n\n\n\n<p><a href=\"http:\/\/ribatalladacangurs.blogspot.com\/\" target=\"_blank\" rel=\"noreferrer noopener\">Cangurs<\/a><\/p>\n\n\n\n<p><a href=\"http:\/\/ribatalladaindis.blogspot.com\/\" target=\"_blank\" rel=\"noreferrer noopener\">Indis<\/a><\/p>\n\n\n\n<p><a href=\"https:\/\/ribatalladagranotes.blogspot.com\/\" target=\"_blank\" rel=\"noreferrer noopener\">Granotes<\/a><\/p>\n\n\n\n<p><a href=\"https:\/\/ribatalladalleons.blogspot.com\/\" target=\"_blank\" rel=\"noreferrer noopener\">Lleons<\/a><\/p>\n\n\n\n<p><a href=\"https:\/\/ribatalladapirates.blogspot.com\/\" target=\"_blank\" rel=\"noreferrer noopener\">Pirates<\/a><\/p>\n\n\n\n<p><a href=\"https:\/\/ribatalladataurons.blogspot.com\/\" target=\"_blank\" rel=\"noreferrer noopener\">Taurons<\/a><\/p>\n\n\n\n<p><a href=\"https:\/\/ribatalladabolets.blogspot.com\/\" target=\"_blank\" rel=\"noreferrer noopener\">Bolets<\/a><\/p>\n","protected":false},"excerpt":{"rendered":"<p>Cada nivell t\u00e9 el seu propi bloc on penja aquelles activitats i sortides que va fent al llarg del curs. A partir de prim\u00e0ria el bloc el gestionen els alumnes tot fent un treball de llengua. EDUCACI\u00d3 INFANTIL Gelats Helic\u00f2pters Pandes EDUCACI\u00d3 PRIM\u00c0RIA Llunes Bicicletes Avions M\u00e0quines Exploradors\/es Dinosaures ANTICS ALUMNES Coales Astronautes Bastoners i [&hellip;]<\/p>\n","protected":false},"author":1,"featured_media":0,"parent":0,"menu_order":0,"comment_status":"closed","ping_status":"closed","template":"","meta":{"_bbp_topic_count":0,"_bbp_reply_count":0,"_bbp_total_topic_count":0,"_bbp_total_reply_count":0,"_bbp_voice_count":0,"_bbp_anonymous_reply_count":0,"_bbp_topic_count_hidden":0,"_bbp_reply_count_hidden":0,"_bbp_forum_subforum_count":0,"site-sidebar-layout":"no-sidebar","site-content-layout":"","ast-site-content-layout":"default","site-content-style":"default","site-sidebar-style":"default","ast-global-header-display":"","ast-banner-title-visibility":"","ast-main-header-display":"","ast-hfb-above-header-display":"","ast-hfb-below-header-display":"","ast-hfb-mobile-header-display":"","site-post-title":"","ast-breadcrumbs-content":"","ast-featured-img":"","footer-sml-layout":"","theme-transparent-header-meta":"","adv-header-id-meta":"","stick-header-meta":"","header-above-stick-meta":"","header-main-stick-meta":"","header-below-stick-meta":"","astra-migrate-meta-layouts":"set","ast-page-background-enabled":"default","ast-page-background-meta":{"desktop":{"background-color":"var(--ast-global-color-4)","background-image":"","background-repeat":"repeat","background-position":"center center","background-size":"auto","background-attachment":"scroll","background-type":"","background-media":"","overlay-type":"","overlay-color":"","overlay-opacity":"","overlay-gradient":""},"tablet":{"background-color":"","background-image":"","background-repeat":"repeat","background-position":"center center","background-size":"auto","background-attachment":"scroll","background-type":"","background-media":"","overlay-type":"","overlay-color":"","overlay-opacity":"","overlay-gradient":""},"mobile":{"background-color":"","background-image":"","background-repeat":"repeat","background-position":"center center","background-size":"auto","background-attachment":"scroll","background-type":"","background-media":"","overlay-type":"","overlay-color":"","overlay-opacity":"","overlay-gradient":""}},"ast-content-background-meta":{"desktop":{"background-color":"var(--ast-global-color-5)","background-image":"","background-repeat":"repeat","background-position":"center center","background-size":"auto","background-attachment":"scroll","background-type":"","background-media":"","overlay-type":"","overlay-color":"","overlay-opacity":"","overlay-gradient":""},"tablet":{"background-color":"var(--ast-global-color-5)","background-image":"","background-repeat":"repeat","background-position":"center center","background-size":"auto","background-attachment":"scroll","background-type":"","background-media":"","overlay-type":"","overlay-color":"","overlay-opacity":"","overlay-gradient":""},"mobile":{"background-color":"var(--ast-global-color-5)","background-image":"","background-repeat":"repeat","background-position":"center center","background-size":"auto","background-attachment":"scroll","background-type":"","background-media":"","overlay-type":"","overlay-color":"","overlay-opacity":"","overlay-gradient":""}},"footnotes":""},"class_list":["post-87","page","type-page","status-publish","hentry"],"post_mailing_queue_ids":[],"_links":{"self":[{"href":"https:\/\/agora.xtec.cat\/escolaribatallada\/wp-json\/wp\/v2\/pages\/87","targetHints":{"allow":["GET"]}}],"collection":[{"href":"https:\/\/agora.xtec.cat\/escolaribatallada\/wp-json\/wp\/v2\/pages"}],"about":[{"href":"https:\/\/agora.xtec.cat\/escolaribatallada\/wp-json\/wp\/v2\/types\/page"}],"author":[{"embeddable":true,"href":"https:\/\/agora.xtec.cat\/escolaribatallada\/wp-json\/wp\/v2\/users\/1"}],"replies":[{"embeddable":true,"href":"https:\/\/agora.xtec.cat\/escolaribatallada\/wp-json\/wp\/v2\/comments?post=87"}],"version-history":[{"count":6,"href":"https:\/\/agora.xtec.cat\/escolaribatallada\/wp-json\/wp\/v2\/pages\/87\/revisions"}],"predecessor-version":[{"id":3368,"href":"https:\/\/agora.xtec.cat\/escolaribatallada\/wp-json\/wp\/v2\/pages\/87\/revisions\/3368"}],"wp:attachment":[{"href":"https:\/\/agora.xtec.cat\/escolaribatallada\/wp-json\/wp\/v2\/media?parent=87"}],"curies":[{"name":"wp","href":"https:\/\/api.w.org\/{rel}","templated":true}]}}