{"id":866,"date":"2018-02-19T15:56:55","date_gmt":"2018-02-19T14:56:55","guid":{"rendered":"http:\/\/agora.xtec.cat\/escolaribatallada\/?page_id=866"},"modified":"2026-03-10T12:45:07","modified_gmt":"2026-03-10T11:45:07","slug":"tallers-daprenentatge","status":"publish","type":"page","link":"https:\/\/agora.xtec.cat\/escolaribatallada\/projecte-educatiu\/tallers-daprenentatge\/","title":{"rendered":"Tallers d&#8217;Aprenentatge"},"content":{"rendered":"<p>Els tallers d&#8217;aprenentatge son espais on els nens i nenes es troben amb propostes<span style=\"font-family: inherit; font-size: 1em;\"> per crear i experimentar des de l&#8217;\u00e0mbit art\u00edstic, ling\u00fc\u00edstic i matem\u00e0tic. <\/span><\/p>\n<p>La mestra \u00e9s qui acompanya a cada infant a resoldre els reptes i anar adquirint aprenentatge, des d&#8217;una vessant respectuosa amb el ritme de cadasc\u00fa.<\/p>\n<p>A cicle inicial es presenten propostes ling\u00fc\u00edstiques i matem\u00e0tiques<span style=\"font-family: inherit;\"><span style=\"font-size: 1em;\">\u00a0a trav\u00e9s de la viv\u00e8ncia i el joc. A cicle mitj\u00e0 i superior ja s&#8217;utilitzen els continguts <\/span><\/span>ling\u00fc\u00edstics<span style=\"font-family: inherit;\"><span style=\"font-size: 1em;\"> i matem\u00e0tics per crear i elaborar. La Ribarevista, el teatre, els programes de r\u00e0dio i els cal\u00b7ligrames en s\u00f3n alguns exemples. Des de l&#8217;\u00e0mbit matem\u00e0tic es plantegen reptes que requereixen una resoluci\u00f3 competencial.\u00a0<\/span><\/span><\/p>\n<p>Els tallers d&#8217;aprenentatge de l&#8217;\u00e0mbit art\u00edstic responen al projecte de l&#8217;Art a l&#8217;escola.<\/p>\n<p>&nbsp;<\/p>\n<div id='gallery-1' class='gallery galleryid-866 gallery-columns-3 gallery-size-medium'><figure class='gallery-item'>\n\t\t\t<div class='gallery-icon portrait'>\n\t\t\t\t<a href='https:\/\/agora.xtec.cat\/escolaribatallada\/projecte-educatiu\/tallers-daprenentatge\/attachment\/tallers-de-llengua-ci-2\/'><img loading=\"lazy\" decoding=\"async\" width=\"225\" height=\"300\" src=\"https:\/\/agora.xtec.cat\/escolaribatallada\/wp-content\/uploads\/usu233\/2020\/02\/tallers-de-llengua-ci-2-e1581931791248-225x300.jpg\" class=\"attachment-medium size-medium\" alt=\"\" srcset=\"https:\/\/agora.xtec.cat\/escolaribatallada\/wp-content\/uploads\/usu233\/2020\/02\/tallers-de-llengua-ci-2-e1581931791248-225x300.jpg 225w, https:\/\/agora.xtec.cat\/escolaribatallada\/wp-content\/uploads\/usu233\/2020\/02\/tallers-de-llengua-ci-2-e1581931791248.jpg 336w\" sizes=\"auto, (max-width: 225px) 100vw, 225px\" \/><\/a>\n\t\t\t<\/div><\/figure><figure class='gallery-item'>\n\t\t\t<div class='gallery-icon portrait'>\n\t\t\t\t<a href='https:\/\/agora.xtec.cat\/escolaribatallada\/projecte-educatiu\/tallers-daprenentatge\/attachment\/trigonos-ci\/'><img loading=\"lazy\" decoding=\"async\" width=\"225\" height=\"300\" src=\"https:\/\/agora.xtec.cat\/escolaribatallada\/wp-content\/uploads\/usu233\/2020\/02\/trigonos-ci-225x300.jpg\" class=\"attachment-medium size-medium\" alt=\"\" srcset=\"https:\/\/agora.xtec.cat\/escolaribatallada\/wp-content\/uploads\/usu233\/2020\/02\/trigonos-ci-225x300.jpg 225w, https:\/\/agora.xtec.cat\/escolaribatallada\/wp-content\/uploads\/usu233\/2020\/02\/trigonos-ci.jpg 336w\" sizes=\"auto, (max-width: 225px) 100vw, 225px\" \/><\/a>\n\t\t\t<\/div><\/figure><figure class='gallery-item'>\n\t\t\t<div class='gallery-icon portrait'>\n\t\t\t\t<a href='https:\/\/agora.xtec.cat\/escolaribatallada\/projecte-educatiu\/tallers-daprenentatge\/attachment\/callligrama\/'><img loading=\"lazy\" decoding=\"async\" width=\"225\" height=\"300\" src=\"https:\/\/agora.xtec.cat\/escolaribatallada\/wp-content\/uploads\/usu233\/2020\/02\/Cal\u00b7lligrama-e1581931886709-225x300.jpg\" class=\"attachment-medium size-medium\" alt=\"\" srcset=\"https:\/\/agora.xtec.cat\/escolaribatallada\/wp-content\/uploads\/usu233\/2020\/02\/Cal\u00b7lligrama-e1581931886709-225x300.jpg 225w, https:\/\/agora.xtec.cat\/escolaribatallada\/wp-content\/uploads\/usu233\/2020\/02\/Cal\u00b7lligrama-e1581931886709-768x1024.jpg 768w, https:\/\/agora.xtec.cat\/escolaribatallada\/wp-content\/uploads\/usu233\/2020\/02\/Cal\u00b7lligrama-e1581931886709.jpg 1212w\" sizes=\"auto, (max-width: 225px) 100vw, 225px\" \/><\/a>\n\t\t\t<\/div><\/figure><figure class='gallery-item'>\n\t\t\t<div class='gallery-icon landscape'>\n\t\t\t\t<a href='https:\/\/agora.xtec.cat\/escolaribatallada\/projecte-educatiu\/tallers-daprenentatge\/attachment\/radio-cs\/'><img loading=\"lazy\" decoding=\"async\" width=\"300\" height=\"225\" src=\"https:\/\/agora.xtec.cat\/escolaribatallada\/wp-content\/uploads\/usu233\/2020\/02\/radio-cs-300x225.jpg\" class=\"attachment-medium size-medium\" alt=\"\" srcset=\"https:\/\/agora.xtec.cat\/escolaribatallada\/wp-content\/uploads\/usu233\/2020\/02\/radio-cs-300x225.jpg 300w, https:\/\/agora.xtec.cat\/escolaribatallada\/wp-content\/uploads\/usu233\/2020\/02\/radio-cs-200x150.jpg 200w, https:\/\/agora.xtec.cat\/escolaribatallada\/wp-content\/uploads\/usu233\/2020\/02\/radio-cs.jpg 320w\" sizes=\"auto, (max-width: 300px) 100vw, 300px\" \/><\/a>\n\t\t\t<\/div><\/figure><figure class='gallery-item'>\n\t\t\t<div class='gallery-icon landscape'>\n\t\t\t\t<a href='https:\/\/agora.xtec.cat\/escolaribatallada\/projecte-educatiu\/tallers-daprenentatge\/attachment\/img_20200203_153823\/'><img loading=\"lazy\" decoding=\"async\" width=\"300\" height=\"225\" src=\"https:\/\/agora.xtec.cat\/escolaribatallada\/wp-content\/uploads\/usu233\/2020\/02\/IMG_20200203_153823-300x225.jpg\" class=\"attachment-medium size-medium\" alt=\"\" srcset=\"https:\/\/agora.xtec.cat\/escolaribatallada\/wp-content\/uploads\/usu233\/2020\/02\/IMG_20200203_153823-300x225.jpg 300w, https:\/\/agora.xtec.cat\/escolaribatallada\/wp-content\/uploads\/usu233\/2020\/02\/IMG_20200203_153823-200x150.jpg 200w, https:\/\/agora.xtec.cat\/escolaribatallada\/wp-content\/uploads\/usu233\/2020\/02\/IMG_20200203_153823.jpg 448w\" sizes=\"auto, (max-width: 300px) 100vw, 300px\" \/><\/a>\n\t\t\t<\/div><\/figure>\n\t\t<\/div>\n\n","protected":false},"excerpt":{"rendered":"<p>Els tallers d&#8217;aprenentatge son espais on els nens i nenes es troben amb propostes per crear i experimentar des de l&#8217;\u00e0mbit art\u00edstic, ling\u00fc\u00edstic i matem\u00e0tic. La mestra \u00e9s qui acompanya a cada infant a resoldre els reptes i anar adquirint aprenentatge, des d&#8217;una vessant respectuosa amb el ritme de cadasc\u00fa. A cicle inicial es presenten [&hellip;]<\/p>\n","protected":false},"author":1,"featured_media":0,"parent":64,"menu_order":4,"comment_status":"closed","ping_status":"closed","template":"","meta":{"_bbp_topic_count":0,"_bbp_reply_count":0,"_bbp_total_topic_count":0,"_bbp_total_reply_count":0,"_bbp_voice_count":0,"_bbp_anonymous_reply_count":0,"_bbp_topic_count_hidden":0,"_bbp_reply_count_hidden":0,"_bbp_forum_subforum_count":0,"site-sidebar-layout":"default","site-content-layout":"","ast-site-content-layout":"","site-content-style":"default","site-sidebar-style":"default","ast-global-header-display":"","ast-banner-title-visibility":"","ast-main-header-display":"","ast-hfb-above-header-display":"","ast-hfb-below-header-display":"","ast-hfb-mobile-header-display":"","site-post-title":"","ast-breadcrumbs-content":"","ast-featured-img":"","footer-sml-layout":"","theme-transparent-header-meta":"","adv-header-id-meta":"","stick-header-meta":"","header-above-stick-meta":"","header-main-stick-meta":"","header-below-stick-meta":"","astra-migrate-meta-layouts":"default","ast-page-background-enabled":"default","ast-page-background-meta":{"desktop":{"background-color":"var(--ast-global-color-4)","background-image":"","background-repeat":"repeat","background-position":"center center","background-size":"auto","background-attachment":"scroll","background-type":"","background-media":"","overlay-type":"","overlay-color":"","overlay-opacity":"","overlay-gradient":""},"tablet":{"background-color":"","background-image":"","background-repeat":"repeat","background-position":"center center","background-size":"auto","background-attachment":"scroll","background-type":"","background-media":"","overlay-type":"","overlay-color":"","overlay-opacity":"","overlay-gradient":""},"mobile":{"background-color":"","background-image":"","background-repeat":"repeat","background-position":"center center","background-size":"auto","background-attachment":"scroll","background-type":"","background-media":"","overlay-type":"","overlay-color":"","overlay-opacity":"","overlay-gradient":""}},"ast-content-background-meta":{"desktop":{"background-color":"var(--ast-global-color-5)","background-image":"","background-repeat":"repeat","background-position":"center center","background-size":"auto","background-attachment":"scroll","background-type":"","background-media":"","overlay-type":"","overlay-color":"","overlay-opacity":"","overlay-gradient":""},"tablet":{"background-color":"var(--ast-global-color-5)","background-image":"","background-repeat":"repeat","background-position":"center center","background-size":"auto","background-attachment":"scroll","background-type":"","background-media":"","overlay-type":"","overlay-color":"","overlay-opacity":"","overlay-gradient":""},"mobile":{"background-color":"var(--ast-global-color-5)","background-image":"","background-repeat":"repeat","background-position":"center center","background-size":"auto","background-attachment":"scroll","background-type":"","background-media":"","overlay-type":"","overlay-color":"","overlay-opacity":"","overlay-gradient":""}},"footnotes":""},"class_list":["post-866","page","type-page","status-publish","hentry"],"post_mailing_queue_ids":[],"_links":{"self":[{"href":"https:\/\/agora.xtec.cat\/escolaribatallada\/wp-json\/wp\/v2\/pages\/866","targetHints":{"allow":["GET"]}}],"collection":[{"href":"https:\/\/agora.xtec.cat\/escolaribatallada\/wp-json\/wp\/v2\/pages"}],"about":[{"href":"https:\/\/agora.xtec.cat\/escolaribatallada\/wp-json\/wp\/v2\/types\/page"}],"author":[{"embeddable":true,"href":"https:\/\/agora.xtec.cat\/escolaribatallada\/wp-json\/wp\/v2\/users\/1"}],"replies":[{"embeddable":true,"href":"https:\/\/agora.xtec.cat\/escolaribatallada\/wp-json\/wp\/v2\/comments?post=866"}],"version-history":[{"count":4,"href":"https:\/\/agora.xtec.cat\/escolaribatallada\/wp-json\/wp\/v2\/pages\/866\/revisions"}],"predecessor-version":[{"id":1386,"href":"https:\/\/agora.xtec.cat\/escolaribatallada\/wp-json\/wp\/v2\/pages\/866\/revisions\/1386"}],"up":[{"embeddable":true,"href":"https:\/\/agora.xtec.cat\/escolaribatallada\/wp-json\/wp\/v2\/pages\/64"}],"wp:attachment":[{"href":"https:\/\/agora.xtec.cat\/escolaribatallada\/wp-json\/wp\/v2\/media?parent=866"}],"curies":[{"name":"wp","href":"https:\/\/api.w.org\/{rel}","templated":true}]}}