{"id":77,"date":"2014-09-18T14:05:08","date_gmt":"2014-09-18T12:05:08","guid":{"rendered":"http:\/\/agora.xtec.cat\/escolaribatallada\/?page_id=77"},"modified":"2025-10-06T11:26:19","modified_gmt":"2025-10-06T09:26:19","slug":"acollida","status":"publish","type":"page","link":"https:\/\/agora.xtec.cat\/escolaribatallada\/organitzacio-i-funcionament\/acollida\/","title":{"rendered":"Educaci\u00f3 F\u00edsica i Psicomotricitat"},"content":{"rendered":"<p>A educaci\u00f3 infantil es realitzen sessions de psicomotricitat amb grups de 13 alumnes un cop per setmana. Es segueix la metodologia de Bernard Accouturier.<\/p>\n<p>L&#8217;horari de psicomotricitat d&#8217;aquest curs \u00e9s el seg\u00fcent:<\/p>\n<p style=\"padding-left: 30px;\">I3: dimecres mat\u00ed<\/p>\n<p style=\"padding-left: 30px;\">I4: dijous mat\u00ed<\/p>\n<p style=\"padding-left: 30px;\">I5: dimarts mat\u00ed<\/p>\n<p>A educaci\u00f3 prim\u00e0ria es realitzen sessions d&#8217;educaci\u00f3 f\u00edsica a les instal\u00b7lacions de Cal Balsach. Cada classe en realitza una hora i mitja a la setmana.<\/p>\n<p>L&#8217;horari d&#8217;educaci\u00f3 f\u00edsica d&#8217;aquest curs \u00e9s el seg\u00fcent:<\/p>\n<p style=\"padding-left: 40px;\">1r: dimecres de 15 a 16:30<\/p>\n<p style=\"padding-left: 40px;\">2n: divendres de 15 a 16:30<\/p>\n<p style=\"padding-left: 40px;\">3r: dijous de 15 a 16:30<\/p>\n<p style=\"padding-left: 40px;\">4t: dijous d&#8217;11 a 12:30<\/p>\n<p style=\"padding-left: 40px;\">5\u00e8: dimarts de 15 a 16:30<\/p>\n<p style=\"padding-left: 40px;\">6\u00e8: divendres de 9 a 10:30<\/p>\n<p><u>Els alumnes de 3r, 4r, 5\u00e8 i 6\u00e8 cal que portin una bosseta per anar a Cal Balsach<\/u> on hi han de dur la cantimplora amb aigua, una tovalloleta molt petita i una samarreta de recanvi.<\/p>\n","protected":false},"excerpt":{"rendered":"<p>A educaci\u00f3 infantil es realitzen sessions de psicomotricitat amb grups de 13 alumnes un cop per setmana. Es segueix la metodologia de Bernard Accouturier. L&#8217;horari de psicomotricitat d&#8217;aquest curs \u00e9s el seg\u00fcent: I3: dimecres mat\u00ed I4: dijous mat\u00ed I5: dimarts mat\u00ed A educaci\u00f3 prim\u00e0ria es realitzen sessions d&#8217;educaci\u00f3 f\u00edsica a les instal\u00b7lacions de Cal Balsach. [&hellip;]<\/p>\n","protected":false},"author":1,"featured_media":0,"parent":1133,"menu_order":20,"comment_status":"closed","ping_status":"closed","template":"","meta":{"_bbp_topic_count":0,"_bbp_reply_count":0,"_bbp_total_topic_count":0,"_bbp_total_reply_count":0,"_bbp_voice_count":0,"_bbp_anonymous_reply_count":0,"_bbp_topic_count_hidden":0,"_bbp_reply_count_hidden":0,"_bbp_forum_subforum_count":0,"site-sidebar-layout":"default","site-content-layout":"","ast-site-content-layout":"default","site-content-style":"default","site-sidebar-style":"default","ast-global-header-display":"","ast-banner-title-visibility":"","ast-main-header-display":"","ast-hfb-above-header-display":"","ast-hfb-below-header-display":"","ast-hfb-mobile-header-display":"","site-post-title":"","ast-breadcrumbs-content":"","ast-featured-img":"","footer-sml-layout":"","theme-transparent-header-meta":"","adv-header-id-meta":"","stick-header-meta":"","header-above-stick-meta":"","header-main-stick-meta":"","header-below-stick-meta":"","astra-migrate-meta-layouts":"set","ast-page-background-enabled":"default","ast-page-background-meta":{"desktop":{"background-color":"var(--ast-global-color-4)","background-image":"","background-repeat":"repeat","background-position":"center center","background-size":"auto","background-attachment":"scroll","background-type":"","background-media":"","overlay-type":"","overlay-color":"","overlay-opacity":"","overlay-gradient":""},"tablet":{"background-color":"","background-image":"","background-repeat":"repeat","background-position":"center center","background-size":"auto","background-attachment":"scroll","background-type":"","background-media":"","overlay-type":"","overlay-color":"","overlay-opacity":"","overlay-gradient":""},"mobile":{"background-color":"","background-image":"","background-repeat":"repeat","background-position":"center center","background-size":"auto","background-attachment":"scroll","background-type":"","background-media":"","overlay-type":"","overlay-color":"","overlay-opacity":"","overlay-gradient":""}},"ast-content-background-meta":{"desktop":{"background-color":"var(--ast-global-color-5)","background-image":"","background-repeat":"repeat","background-position":"center center","background-size":"auto","background-attachment":"scroll","background-type":"","background-media":"","overlay-type":"","overlay-color":"","overlay-opacity":"","overlay-gradient":""},"tablet":{"background-color":"var(--ast-global-color-5)","background-image":"","background-repeat":"repeat","background-position":"center center","background-size":"auto","background-attachment":"scroll","background-type":"","background-media":"","overlay-type":"","overlay-color":"","overlay-opacity":"","overlay-gradient":""},"mobile":{"background-color":"var(--ast-global-color-5)","background-image":"","background-repeat":"repeat","background-position":"center center","background-size":"auto","background-attachment":"scroll","background-type":"","background-media":"","overlay-type":"","overlay-color":"","overlay-opacity":"","overlay-gradient":""}},"footnotes":""},"class_list":["post-77","page","type-page","status-publish","hentry"],"post_mailing_queue_ids":[],"_links":{"self":[{"href":"https:\/\/agora.xtec.cat\/escolaribatallada\/wp-json\/wp\/v2\/pages\/77","targetHints":{"allow":["GET"]}}],"collection":[{"href":"https:\/\/agora.xtec.cat\/escolaribatallada\/wp-json\/wp\/v2\/pages"}],"about":[{"href":"https:\/\/agora.xtec.cat\/escolaribatallada\/wp-json\/wp\/v2\/types\/page"}],"author":[{"embeddable":true,"href":"https:\/\/agora.xtec.cat\/escolaribatallada\/wp-json\/wp\/v2\/users\/1"}],"replies":[{"embeddable":true,"href":"https:\/\/agora.xtec.cat\/escolaribatallada\/wp-json\/wp\/v2\/comments?post=77"}],"version-history":[{"count":6,"href":"https:\/\/agora.xtec.cat\/escolaribatallada\/wp-json\/wp\/v2\/pages\/77\/revisions"}],"predecessor-version":[{"id":2931,"href":"https:\/\/agora.xtec.cat\/escolaribatallada\/wp-json\/wp\/v2\/pages\/77\/revisions\/2931"}],"up":[{"embeddable":true,"href":"https:\/\/agora.xtec.cat\/escolaribatallada\/wp-json\/wp\/v2\/pages\/1133"}],"wp:attachment":[{"href":"https:\/\/agora.xtec.cat\/escolaribatallada\/wp-json\/wp\/v2\/media?parent=77"}],"curies":[{"name":"wp","href":"https:\/\/api.w.org\/{rel}","templated":true}]}}