{"id":503,"date":"2017-03-13T16:17:21","date_gmt":"2017-03-13T15:17:21","guid":{"rendered":"http:\/\/agora.xtec.cat\/escolaribatallada\/?page_id=503"},"modified":"2025-09-12T10:01:36","modified_gmt":"2025-09-12T08:01:36","slug":"membres","status":"publish","type":"page","link":"https:\/\/agora.xtec.cat\/escolaribatallada\/lescola\/membres\/","title":{"rendered":"Qui som?"},"content":{"rendered":"<h4>Aquest curs 2025-2026 som:<\/h4>\n<h4>Tutories<\/h4>\n<p>Infantil 3 anys &#8211; Anna Ma\u00f1osa<\/p>\n<p>Infantil 4 anys &#8211; N\u00faria Ferre<\/p>\n<p>Infantil 5 anys &#8211; Alba de la Rosa<\/p>\n<p>Cicle inicial 1r &#8211; Paula Freixes<\/p>\n<p>Cicle inicial 2n &#8211; N\u00faria Dom\u00e8nech<\/p>\n<p>Cicle mitj\u00e0 3r &#8211;\u00a0 Marta Pallerola<\/p>\n<p>Cicle mitj\u00e0 4t &#8211; Paula Ortiz<\/p>\n<p>Cicle superior 5\u00e8 &#8211; Marta Pont i Judith Mart\u00ednez<\/p>\n<p>Cicle superior 6\u00e8 &#8211; Mar Azor<\/p>\n<h4><\/h4>\n<h4>Codoc\u00e8ncies<\/h4>\n<p>Infantil &#8211; Eva Masip i J\u00falia Garcia<\/p>\n<p>Cicle Inicial &#8211; Rosabel Felix<\/p>\n<p>Cicle Mitj\u00e0 &#8211; Albert Pol i Judith Luz<\/p>\n<p>Cicle Superior &#8211; Ermengol Marcos<\/p>\n<h4><\/h4>\n<h4>Especialistes<\/h4>\n<p>Educaci\u00f3 especial &#8211; Esther Valle i Isha Perandones<\/p>\n<p>Educaci\u00f3 F\u00edsica &#8211; Ermengol Marcos<\/p>\n<p>Educaci\u00f3 Musical &#8211; Albert Pol<\/p>\n<p>Vetlladora &#8211; Mireia Bassets<\/p>\n<p>TEEI I3 &#8211; Saray Asensio<\/p>\n<p>Angl\u00e8s CI &#8211; Marta Barrachina<\/p>\n<p>Angl\u00e8s CM &#8211; Judith Luz<\/p>\n<p>Angl\u00e8s CS &#8211; Marta Barrachina<\/p>\n<h4><\/h4>\n<h4>Coordinadors\/es<\/h4>\n<p>Pedag\u00f2giques &#8211; Paula Freixes i Paula Ortiz<\/p>\n<p>Digital &#8211; Ermengol Marcos<\/p>\n<p>Biblioteca &#8211; Albert Pol<\/p>\n<p>Prevenci\u00f3 de riscos laborals &#8211; Albert Pol<\/p>\n<p>LIC &#8211; Esther Valle<\/p>\n<p>Coeducaci\u00f3, conviv\u00e8ncia i benestar emocional &#8211; Esther Valle<\/p>\n<div>\n<h4>Personal d&#8217;administraci\u00f3<\/h4>\n<p style=\"font-family: 'Helvetica Neue', Helvetica, Helvetica, Arial, sans-serif; font-size: 16px;\">Conserge &#8211; N\u00faria Graell (Marta Font)<\/p>\n<p style=\"font-family: 'Helvetica Neue', Helvetica, Helvetica, Arial, sans-serif; font-size: 16px;\">Administrativa &#8211; Judith Sastre<\/p>\n<h4><\/h4>\n<h4>Equip directiu<\/h4>\n<p>Secretaria &#8211; J\u00falia Berenguer<\/p>\n<p>Cap d&#8217;estudis &#8211; Marta Barrachina<\/p>\n<p>Direcci\u00f3 &#8211; Eva Masip<\/p>\n<h4><\/h4>\n<\/div>\n","protected":false},"excerpt":{"rendered":"<p>Aquest curs 2025-2026 som: Tutories Infantil 3 anys &#8211; Anna Ma\u00f1osa Infantil 4 anys &#8211; N\u00faria Ferre Infantil 5 anys &#8211; Alba de la Rosa Cicle inicial 1r &#8211; Paula Freixes Cicle inicial 2n &#8211; N\u00faria Dom\u00e8nech Cicle mitj\u00e0 3r &#8211;\u00a0 Marta Pallerola Cicle mitj\u00e0 4t &#8211; Paula Ortiz Cicle superior 5\u00e8 &#8211; Marta Pont [&hellip;]<\/p>\n","protected":false},"author":1,"featured_media":0,"parent":22,"menu_order":0,"comment_status":"closed","ping_status":"closed","template":"","meta":{"_bbp_topic_count":0,"_bbp_reply_count":0,"_bbp_total_topic_count":0,"_bbp_total_reply_count":0,"_bbp_voice_count":0,"_bbp_anonymous_reply_count":0,"_bbp_topic_count_hidden":0,"_bbp_reply_count_hidden":0,"_bbp_forum_subforum_count":0,"site-sidebar-layout":"default","site-content-layout":"","ast-site-content-layout":"default","site-content-style":"default","site-sidebar-style":"default","ast-global-header-display":"","ast-banner-title-visibility":"","ast-main-header-display":"","ast-hfb-above-header-display":"","ast-hfb-below-header-display":"","ast-hfb-mobile-header-display":"","site-post-title":"","ast-breadcrumbs-content":"","ast-featured-img":"","footer-sml-layout":"","theme-transparent-header-meta":"","adv-header-id-meta":"","stick-header-meta":"","header-above-stick-meta":"","header-main-stick-meta":"","header-below-stick-meta":"","astra-migrate-meta-layouts":"set","ast-page-background-enabled":"default","ast-page-background-meta":{"desktop":{"background-color":"var(--ast-global-color-4)","background-image":"","background-repeat":"repeat","background-position":"center center","background-size":"auto","background-attachment":"scroll","background-type":"","background-media":"","overlay-type":"","overlay-color":"","overlay-opacity":"","overlay-gradient":""},"tablet":{"background-color":"","background-image":"","background-repeat":"repeat","background-position":"center center","background-size":"auto","background-attachment":"scroll","background-type":"","background-media":"","overlay-type":"","overlay-color":"","overlay-opacity":"","overlay-gradient":""},"mobile":{"background-color":"","background-image":"","background-repeat":"repeat","background-position":"center center","background-size":"auto","background-attachment":"scroll","background-type":"","background-media":"","overlay-type":"","overlay-color":"","overlay-opacity":"","overlay-gradient":""}},"ast-content-background-meta":{"desktop":{"background-color":"var(--ast-global-color-5)","background-image":"","background-repeat":"repeat","background-position":"center center","background-size":"auto","background-attachment":"scroll","background-type":"","background-media":"","overlay-type":"","overlay-color":"","overlay-opacity":"","overlay-gradient":""},"tablet":{"background-color":"var(--ast-global-color-5)","background-image":"","background-repeat":"repeat","background-position":"center center","background-size":"auto","background-attachment":"scroll","background-type":"","background-media":"","overlay-type":"","overlay-color":"","overlay-opacity":"","overlay-gradient":""},"mobile":{"background-color":"var(--ast-global-color-5)","background-image":"","background-repeat":"repeat","background-position":"center center","background-size":"auto","background-attachment":"scroll","background-type":"","background-media":"","overlay-type":"","overlay-color":"","overlay-opacity":"","overlay-gradient":""}},"footnotes":""},"class_list":["post-503","page","type-page","status-publish","hentry"],"post_mailing_queue_ids":[],"_links":{"self":[{"href":"https:\/\/agora.xtec.cat\/escolaribatallada\/wp-json\/wp\/v2\/pages\/503","targetHints":{"allow":["GET"]}}],"collection":[{"href":"https:\/\/agora.xtec.cat\/escolaribatallada\/wp-json\/wp\/v2\/pages"}],"about":[{"href":"https:\/\/agora.xtec.cat\/escolaribatallada\/wp-json\/wp\/v2\/types\/page"}],"author":[{"embeddable":true,"href":"https:\/\/agora.xtec.cat\/escolaribatallada\/wp-json\/wp\/v2\/users\/1"}],"replies":[{"embeddable":true,"href":"https:\/\/agora.xtec.cat\/escolaribatallada\/wp-json\/wp\/v2\/comments?post=503"}],"version-history":[{"count":5,"href":"https:\/\/agora.xtec.cat\/escolaribatallada\/wp-json\/wp\/v2\/pages\/503\/revisions"}],"predecessor-version":[{"id":2821,"href":"https:\/\/agora.xtec.cat\/escolaribatallada\/wp-json\/wp\/v2\/pages\/503\/revisions\/2821"}],"up":[{"embeddable":true,"href":"https:\/\/agora.xtec.cat\/escolaribatallada\/wp-json\/wp\/v2\/pages\/22"}],"wp:attachment":[{"href":"https:\/\/agora.xtec.cat\/escolaribatallada\/wp-json\/wp\/v2\/media?parent=503"}],"curies":[{"name":"wp","href":"https:\/\/api.w.org\/{rel}","templated":true}]}}