{"id":28,"date":"2014-09-18T12:29:35","date_gmt":"2014-09-18T11:29:35","guid":{"rendered":"http:\/\/agora.xtec.cat\/escolaribatallada\/?page_id=28"},"modified":"2025-10-06T11:57:22","modified_gmt":"2025-10-06T09:57:22","slug":"consell-escolar","status":"publish","type":"page","link":"https:\/\/agora.xtec.cat\/escolaribatallada\/lescola\/consell-escolar\/","title":{"rendered":"Consell escolar"},"content":{"rendered":"<h4><strong>Representants equip directiu<\/strong><\/h4>\n<p>Eva Masip<\/p>\n<p>Marta Barrachina<\/p>\n<p>J\u00falia Berenguer<\/p>\n<h4><strong>Representants de mestres<\/strong><\/h4>\n<p><span style=\"font-weight: 400;\">Mar Azor<\/span><\/p>\n<p>Ermengol Marcos<\/p>\n<p><span style=\"font-weight: 400;\">Albert Pol<\/span><\/p>\n<p><span style=\"font-weight: 400;\">Marta Pont<\/span><\/p>\n<p>Esther Valle<\/p>\n<h4><strong>Representants de les fam\u00edlies<\/strong><\/h4>\n<p><span style=\"font-weight: 400;\">No\u00e8lia Exp\u00f3sito<\/span><\/p>\n<p><span style=\"font-weight: 400;\">N\u00faria Gonz\u00e0lez<\/span><\/p>\n<p><span style=\"font-weight: 400;\">Marta Oll\u00e9<\/span><\/p>\n<p>Carmen Catal\u00e1n<\/p>\n<p>Berta Mora<\/p>\n<h4><strong>Representant de l&#8217;AFA<\/strong><\/h4>\n<p>Marina Moya<\/p>\n<h4><strong>Representant de l&#8217;Ajuntament<\/strong><\/h4>\n<p>Pilar Mira<\/p>\n<h4><strong>Representant PAS<\/strong><\/h4>\n<p>N\u00faria Graell<\/p>\n","protected":false},"excerpt":{"rendered":"<p>Representants equip directiu Eva Masip Marta Barrachina J\u00falia Berenguer Representants de mestres Mar Azor Ermengol Marcos Albert Pol Marta Pont Esther Valle Representants de les fam\u00edlies No\u00e8lia Exp\u00f3sito N\u00faria Gonz\u00e0lez Marta Oll\u00e9 Carmen Catal\u00e1n Berta Mora Representant de l&#8217;AFA Marina Moya Representant de l&#8217;Ajuntament Pilar Mira Representant PAS N\u00faria Graell<\/p>\n","protected":false},"author":1,"featured_media":0,"parent":22,"menu_order":30,"comment_status":"closed","ping_status":"closed","template":"","meta":{"_bbp_topic_count":0,"_bbp_reply_count":0,"_bbp_total_topic_count":0,"_bbp_total_reply_count":0,"_bbp_voice_count":0,"_bbp_anonymous_reply_count":0,"_bbp_topic_count_hidden":0,"_bbp_reply_count_hidden":0,"_bbp_forum_subforum_count":0,"site-sidebar-layout":"default","site-content-layout":"","ast-site-content-layout":"default","site-content-style":"default","site-sidebar-style":"default","ast-global-header-display":"","ast-banner-title-visibility":"","ast-main-header-display":"","ast-hfb-above-header-display":"","ast-hfb-below-header-display":"","ast-hfb-mobile-header-display":"","site-post-title":"","ast-breadcrumbs-content":"","ast-featured-img":"","footer-sml-layout":"","theme-transparent-header-meta":"","adv-header-id-meta":"","stick-header-meta":"","header-above-stick-meta":"","header-main-stick-meta":"","header-below-stick-meta":"","astra-migrate-meta-layouts":"set","ast-page-background-enabled":"default","ast-page-background-meta":{"desktop":{"background-color":"var(--ast-global-color-4)","background-image":"","background-repeat":"repeat","background-position":"center center","background-size":"auto","background-attachment":"scroll","background-type":"","background-media":"","overlay-type":"","overlay-color":"","overlay-opacity":"","overlay-gradient":""},"tablet":{"background-color":"","background-image":"","background-repeat":"repeat","background-position":"center center","background-size":"auto","background-attachment":"scroll","background-type":"","background-media":"","overlay-type":"","overlay-color":"","overlay-opacity":"","overlay-gradient":""},"mobile":{"background-color":"","background-image":"","background-repeat":"repeat","background-position":"center center","background-size":"auto","background-attachment":"scroll","background-type":"","background-media":"","overlay-type":"","overlay-color":"","overlay-opacity":"","overlay-gradient":""}},"ast-content-background-meta":{"desktop":{"background-color":"var(--ast-global-color-5)","background-image":"","background-repeat":"repeat","background-position":"center center","background-size":"auto","background-attachment":"scroll","background-type":"","background-media":"","overlay-type":"","overlay-color":"","overlay-opacity":"","overlay-gradient":""},"tablet":{"background-color":"var(--ast-global-color-5)","background-image":"","background-repeat":"repeat","background-position":"center center","background-size":"auto","background-attachment":"scroll","background-type":"","background-media":"","overlay-type":"","overlay-color":"","overlay-opacity":"","overlay-gradient":""},"mobile":{"background-color":"var(--ast-global-color-5)","background-image":"","background-repeat":"repeat","background-position":"center center","background-size":"auto","background-attachment":"scroll","background-type":"","background-media":"","overlay-type":"","overlay-color":"","overlay-opacity":"","overlay-gradient":""}},"footnotes":""},"class_list":["post-28","page","type-page","status-publish","hentry"],"post_mailing_queue_ids":[],"_links":{"self":[{"href":"https:\/\/agora.xtec.cat\/escolaribatallada\/wp-json\/wp\/v2\/pages\/28","targetHints":{"allow":["GET"]}}],"collection":[{"href":"https:\/\/agora.xtec.cat\/escolaribatallada\/wp-json\/wp\/v2\/pages"}],"about":[{"href":"https:\/\/agora.xtec.cat\/escolaribatallada\/wp-json\/wp\/v2\/types\/page"}],"author":[{"embeddable":true,"href":"https:\/\/agora.xtec.cat\/escolaribatallada\/wp-json\/wp\/v2\/users\/1"}],"replies":[{"embeddable":true,"href":"https:\/\/agora.xtec.cat\/escolaribatallada\/wp-json\/wp\/v2\/comments?post=28"}],"version-history":[{"count":6,"href":"https:\/\/agora.xtec.cat\/escolaribatallada\/wp-json\/wp\/v2\/pages\/28\/revisions"}],"predecessor-version":[{"id":2933,"href":"https:\/\/agora.xtec.cat\/escolaribatallada\/wp-json\/wp\/v2\/pages\/28\/revisions\/2933"}],"up":[{"embeddable":true,"href":"https:\/\/agora.xtec.cat\/escolaribatallada\/wp-json\/wp\/v2\/pages\/22"}],"wp:attachment":[{"href":"https:\/\/agora.xtec.cat\/escolaribatallada\/wp-json\/wp\/v2\/media?parent=28"}],"curies":[{"name":"wp","href":"https:\/\/api.w.org\/{rel}","templated":true}]}}