{"id":2791,"date":"2025-08-01T19:37:57","date_gmt":"2025-08-01T17:37:57","guid":{"rendered":"https:\/\/agora.xtec.cat\/escolaribatallada\/?page_id=2791"},"modified":"2026-04-27T13:20:09","modified_gmt":"2026-04-27T11:20:09","slug":"escola-embaixadora","status":"publish","type":"page","link":"https:\/\/agora.xtec.cat\/escolaribatallada\/cami-pedagogic\/escola-embaixadora\/","title":{"rendered":"Escola Ambaixadora"},"content":{"rendered":"\n<p>El Projecte Educatiu de l&#8217;Escola promou la formaci\u00f3 integral de tot l&#8217;alumnat. L\u2019educaci\u00f3 art\u00edstica reflecteix una visi\u00f3 global de l\u2019ensenyament i aprenentatge en qu\u00e8 les arts (visuals, musicals, esc\u00e8niques, etc.) tenen un paper clau en el desenvolupament de tot\u00a0l\u2019alumnat.\u00a0Des de l&#8217;Escola ens plantegem els seg\u00fcents objectius relacionats amb les arts:\u00a0<\/p>\n\n\n\n<ul class=\"wp-block-list\">\n<li>Desenvolupar la capacitat expressiva i comunicativa a trav\u00e9s del llenguatge art\u00edstic (visual, pl\u00e0stic, musical, corporal).<\/li>\n\n\n\n<li>Potenciar la creativitat, l\u2019esperit cr\u00edtic i l\u2019autoestima mitjan\u00e7ant activitats art\u00edstiques.<\/li>\n\n\n\n<li>Fomentar la col\u00b7laboraci\u00f3 i el treball en equip a trav\u00e9s de projectes art\u00edstics comuns.<\/li>\n\n\n\n<li>Integrar les arts com a via d\u2019aprenentatge (projectes on es combinen art i ci\u00e8ncies, lleng\u00fces, matem\u00e0tiques\u2026)<\/li>\n<\/ul>\n\n\n\n<p>Des del curs 2024-2025 l&#8217;Escola \u00e9s reconeguda com a Escola Ambaixadora de LaSala (Centre de creaci\u00f3 d&#8217;Arts per a les fam\u00edlies de Sabadell), el qual ens permet educar de manera integral a l\u2019alumnat, tenint en compte les dimensions emocional, cognitiva, social i creativa, fomentar la sensibilitat art\u00edstica, la creativitat i l\u2019expressi\u00f3 com a eines per al desenvolupament personal i social i valorar les arts com a mitj\u00e0 per a la inclusi\u00f3, l\u2019expressi\u00f3 intercultural i la construcci\u00f3 de la identitat.<\/p>\n\n\n\n<p>Qu\u00e8 significa ser escola ambaixadora?<\/p>\n\n\n\n<ul class=\"wp-block-list\">\n<li>Participem activament dels processos creatius desenvolupats a LaSala.<\/li>\n\n\n\n<li>Participem en assajos oberts gratu\u00efts dels projectes art\u00edstics en resid\u00e8ncia i compartim un di\u00e0leg amb les companyies i amb l\u2019equip de LaSala.<\/li>\n\n\n\n<li>Acollim laboratoris d&#8217;investigaci\u00f3 a l&#8217;escola\u00a0(si l&#8217;espai ens ho permet) amb les companyies residents i obrim els processos creatius a la comunitat educativa del centre.<\/li>\n\n\n\n<li>Gaudim de preus exclusius per entrades als espectacles de tota la programaci\u00f3 escolar de LaSala.<\/li>\n\n\n\n<li>Oferim fer l&#8217;alta gratu\u00efta com a fam\u00edlia amiga de LaSala per a totes les fam\u00edlies del centre educatiu.<\/li>\n<\/ul>\n","protected":false},"excerpt":{"rendered":"<p>El Projecte Educatiu de l&#8217;Escola promou la formaci\u00f3 integral de tot l&#8217;alumnat. L\u2019educaci\u00f3 art\u00edstica reflecteix una visi\u00f3 global de l\u2019ensenyament i aprenentatge en qu\u00e8 les arts (visuals, musicals, esc\u00e8niques, etc.) tenen un paper clau en el desenvolupament de tot\u00a0l\u2019alumnat.\u00a0Des de l&#8217;Escola ens plantegem els seg\u00fcents objectius relacionats amb les arts:\u00a0 Des del curs 2024-2025 l&#8217;Escola [&hellip;]<\/p>\n","protected":false},"author":1,"featured_media":0,"parent":1134,"menu_order":10,"comment_status":"closed","ping_status":"close","template":"","meta":{"_bbp_topic_count":0,"_bbp_reply_count":0,"_bbp_total_topic_count":0,"_bbp_total_reply_count":0,"_bbp_voice_count":0,"_bbp_anonymous_reply_count":0,"_bbp_topic_count_hidden":0,"_bbp_reply_count_hidden":0,"_bbp_forum_subforum_count":0,"site-sidebar-layout":"default","site-content-layout":"","ast-site-content-layout":"default","site-content-style":"default","site-sidebar-style":"default","ast-global-header-display":"","ast-banner-title-visibility":"","ast-main-header-display":"","ast-hfb-above-header-display":"","ast-hfb-below-header-display":"","ast-hfb-mobile-header-display":"","site-post-title":"","ast-breadcrumbs-content":"","ast-featured-img":"","footer-sml-layout":"","theme-transparent-header-meta":"","adv-header-id-meta":"","stick-header-meta":"","header-above-stick-meta":"","header-main-stick-meta":"","header-below-stick-meta":"","astra-migrate-meta-layouts":"set","ast-page-background-enabled":"default","ast-page-background-meta":{"desktop":{"background-color":"var(--ast-global-color-4)","background-image":"","background-repeat":"repeat","background-position":"center center","background-size":"auto","background-attachment":"scroll","background-type":"","background-media":"","overlay-type":"","overlay-color":"","overlay-opacity":"","overlay-gradient":""},"tablet":{"background-color":"","background-image":"","background-repeat":"repeat","background-position":"center center","background-size":"auto","background-attachment":"scroll","background-type":"","background-media":"","overlay-type":"","overlay-color":"","overlay-opacity":"","overlay-gradient":""},"mobile":{"background-color":"","background-image":"","background-repeat":"repeat","background-position":"center center","background-size":"auto","background-attachment":"scroll","background-type":"","background-media":"","overlay-type":"","overlay-color":"","overlay-opacity":"","overlay-gradient":""}},"ast-content-background-meta":{"desktop":{"background-color":"var(--ast-global-color-5)","background-image":"","background-repeat":"repeat","background-position":"center center","background-size":"auto","background-attachment":"scroll","background-type":"","background-media":"","overlay-type":"","overlay-color":"","overlay-opacity":"","overlay-gradient":""},"tablet":{"background-color":"var(--ast-global-color-5)","background-image":"","background-repeat":"repeat","background-position":"center center","background-size":"auto","background-attachment":"scroll","background-type":"","background-media":"","overlay-type":"","overlay-color":"","overlay-opacity":"","overlay-gradient":""},"mobile":{"background-color":"var(--ast-global-color-5)","background-image":"","background-repeat":"repeat","background-position":"center center","background-size":"auto","background-attachment":"scroll","background-type":"","background-media":"","overlay-type":"","overlay-color":"","overlay-opacity":"","overlay-gradient":""}},"footnotes":""},"class_list":["post-2791","page","type-page","status-publish","hentry"],"post_mailing_queue_ids":[],"_links":{"self":[{"href":"https:\/\/agora.xtec.cat\/escolaribatallada\/wp-json\/wp\/v2\/pages\/2791","targetHints":{"allow":["GET"]}}],"collection":[{"href":"https:\/\/agora.xtec.cat\/escolaribatallada\/wp-json\/wp\/v2\/pages"}],"about":[{"href":"https:\/\/agora.xtec.cat\/escolaribatallada\/wp-json\/wp\/v2\/types\/page"}],"author":[{"embeddable":true,"href":"https:\/\/agora.xtec.cat\/escolaribatallada\/wp-json\/wp\/v2\/users\/1"}],"replies":[{"embeddable":true,"href":"https:\/\/agora.xtec.cat\/escolaribatallada\/wp-json\/wp\/v2\/comments?post=2791"}],"version-history":[{"count":2,"href":"https:\/\/agora.xtec.cat\/escolaribatallada\/wp-json\/wp\/v2\/pages\/2791\/revisions"}],"predecessor-version":[{"id":2851,"href":"https:\/\/agora.xtec.cat\/escolaribatallada\/wp-json\/wp\/v2\/pages\/2791\/revisions\/2851"}],"up":[{"embeddable":true,"href":"https:\/\/agora.xtec.cat\/escolaribatallada\/wp-json\/wp\/v2\/pages\/1134"}],"wp:attachment":[{"href":"https:\/\/agora.xtec.cat\/escolaribatallada\/wp-json\/wp\/v2\/media?parent=2791"}],"curies":[{"name":"wp","href":"https:\/\/api.w.org\/{rel}","templated":true}]}}