{"id":2625,"date":"2025-04-30T13:46:35","date_gmt":"2025-04-30T11:46:35","guid":{"rendered":"https:\/\/agora.xtec.cat\/escolaribatallada\/?page_id=2625"},"modified":"2025-07-20T20:07:09","modified_gmt":"2025-07-20T18:07:09","slug":"musica-al-ribatallada","status":"publish","type":"page","link":"https:\/\/agora.xtec.cat\/escolaribatallada\/nivells\/musica-al-ribatallada\/","title":{"rendered":"M\u00fasica al Ribatallada"},"content":{"rendered":"<p>En aquest apartat podreu trobar continguts de l&#8217;\u00e0rea de m\u00fasica i dansa.<\/p>\n<h3>Repertori de la cercavila de Festa Major de la Creu Alta<\/h3>\n<ul>\n<li style=\"list-style-type: none;\">\n<ul>\n<li>Ball del drac Centpeus (<a href=\"https:\/\/drive.google.com\/file\/d\/1rl6eLbGZ53KSuV9bvtlASMRjAieqtdkt\/view?usp=sharing\" target=\"_blank\" rel=\"noopener\">partitura<\/a>) (<a href=\"https:\/\/youtu.be\/VZy8tsj0VBA\" target=\"_blank\" rel=\"noopener\">videotutorial<\/a>)<\/li>\n<li>Ball de Bastons (<a href=\"https:\/\/drive.google.com\/file\/d\/17676t8Pk_jsDOYp5zLiyJDst7Gq1_ook\/view?usp=sharing\" target=\"_blank\" rel=\"noopener\">partitura<\/a>) (<a href=\"https:\/\/youtu.be\/xAcmz9XBFQM\" target=\"_blank\" rel=\"noopener\">videotutorial<\/a>)<\/li>\n<li>Ball de Capgrossos (<a href=\"https:\/\/drive.google.com\/file\/d\/19VnoFYFORfw0jLh1PMQJhvLHIC9BIq4J\/view?usp=sharing\" target=\"_blank\" rel=\"noopener\">partitura<\/a>) (<a href=\"https:\/\/youtu.be\/yJ4tmzhY1Nc\" target=\"_blank\" rel=\"noopener\">videotutorial<\/a>)<\/li>\n<\/ul>\n<\/li>\n<\/ul>\n","protected":false},"excerpt":{"rendered":"<p>En aquest apartat podreu trobar continguts de l&#8217;\u00e0rea de m\u00fasica i dansa. Repertori de la cercavila de Festa Major de la Creu Alta Ball del drac Centpeus (partitura) (videotutorial) Ball de Bastons (partitura) (videotutorial) Ball de Capgrossos (partitura) (videotutorial)<\/p>\n","protected":false},"author":1,"featured_media":0,"parent":87,"menu_order":1,"comment_status":"closed","ping_status":"closed","template":"","meta":{"_bbp_topic_count":0,"_bbp_reply_count":0,"_bbp_total_topic_count":0,"_bbp_total_reply_count":0,"_bbp_voice_count":0,"_bbp_anonymous_reply_count":0,"_bbp_topic_count_hidden":0,"_bbp_reply_count_hidden":0,"_bbp_forum_subforum_count":0,"site-sidebar-layout":"no-sidebar","site-content-layout":"","ast-site-content-layout":"default","site-content-style":"default","site-sidebar-style":"default","ast-global-header-display":"","ast-banner-title-visibility":"","ast-main-header-display":"","ast-hfb-above-header-display":"","ast-hfb-below-header-display":"","ast-hfb-mobile-header-display":"","site-post-title":"","ast-breadcrumbs-content":"","ast-featured-img":"","footer-sml-layout":"","theme-transparent-header-meta":"","adv-header-id-meta":"","stick-header-meta":"","header-above-stick-meta":"","header-main-stick-meta":"","header-below-stick-meta":"","astra-migrate-meta-layouts":"set","ast-page-background-enabled":"default","ast-page-background-meta":{"desktop":{"background-color":"var(--ast-global-color-4)","background-image":"","background-repeat":"repeat","background-position":"center center","background-size":"auto","background-attachment":"scroll","background-type":"","background-media":"","overlay-type":"","overlay-color":"","overlay-opacity":"","overlay-gradient":""},"tablet":{"background-color":"","background-image":"","background-repeat":"repeat","background-position":"center center","background-size":"auto","background-attachment":"scroll","background-type":"","background-media":"","overlay-type":"","overlay-color":"","overlay-opacity":"","overlay-gradient":""},"mobile":{"background-color":"","background-image":"","background-repeat":"repeat","background-position":"center center","background-size":"auto","background-attachment":"scroll","background-type":"","background-media":"","overlay-type":"","overlay-color":"","overlay-opacity":"","overlay-gradient":""}},"ast-content-background-meta":{"desktop":{"background-color":"var(--ast-global-color-5)","background-image":"","background-repeat":"repeat","background-position":"center center","background-size":"auto","background-attachment":"scroll","background-type":"","background-media":"","overlay-type":"","overlay-color":"","overlay-opacity":"","overlay-gradient":""},"tablet":{"background-color":"var(--ast-global-color-5)","background-image":"","background-repeat":"repeat","background-position":"center center","background-size":"auto","background-attachment":"scroll","background-type":"","background-media":"","overlay-type":"","overlay-color":"","overlay-opacity":"","overlay-gradient":""},"mobile":{"background-color":"var(--ast-global-color-5)","background-image":"","background-repeat":"repeat","background-position":"center center","background-size":"auto","background-attachment":"scroll","background-type":"","background-media":"","overlay-type":"","overlay-color":"","overlay-opacity":"","overlay-gradient":""}},"footnotes":""},"class_list":["post-2625","page","type-page","status-publish","hentry"],"post_mailing_queue_ids":[],"_links":{"self":[{"href":"https:\/\/agora.xtec.cat\/escolaribatallada\/wp-json\/wp\/v2\/pages\/2625","targetHints":{"allow":["GET"]}}],"collection":[{"href":"https:\/\/agora.xtec.cat\/escolaribatallada\/wp-json\/wp\/v2\/pages"}],"about":[{"href":"https:\/\/agora.xtec.cat\/escolaribatallada\/wp-json\/wp\/v2\/types\/page"}],"author":[{"embeddable":true,"href":"https:\/\/agora.xtec.cat\/escolaribatallada\/wp-json\/wp\/v2\/users\/1"}],"replies":[{"embeddable":true,"href":"https:\/\/agora.xtec.cat\/escolaribatallada\/wp-json\/wp\/v2\/comments?post=2625"}],"version-history":[{"count":4,"href":"https:\/\/agora.xtec.cat\/escolaribatallada\/wp-json\/wp\/v2\/pages\/2625\/revisions"}],"predecessor-version":[{"id":2768,"href":"https:\/\/agora.xtec.cat\/escolaribatallada\/wp-json\/wp\/v2\/pages\/2625\/revisions\/2768"}],"up":[{"embeddable":true,"href":"https:\/\/agora.xtec.cat\/escolaribatallada\/wp-json\/wp\/v2\/pages\/87"}],"wp:attachment":[{"href":"https:\/\/agora.xtec.cat\/escolaribatallada\/wp-json\/wp\/v2\/media?parent=2625"}],"curies":[{"name":"wp","href":"https:\/\/api.w.org\/{rel}","templated":true}]}}