{"id":26,"date":"2014-09-18T12:24:32","date_gmt":"2014-09-18T10:24:32","guid":{"rendered":"http:\/\/agora.xtec.cat\/escolaribatallada\/?page_id=26"},"modified":"2019-12-27T10:32:50","modified_gmt":"2019-12-27T09:32:50","slug":"historia","status":"publish","type":"page","link":"https:\/\/agora.xtec.cat\/escolaribatallada\/lescola\/historia\/","title":{"rendered":"Els inicis"},"content":{"rendered":"<p style=\"text-align: justify;\"><span class=\"ff1 cf3 fs18\">L&#8217;Escola Ribatallada va ser fundada l&#8217;any 1978 i va iniciar la seva activitat als baixos de la casa Grau, a la pla\u00e7a del Gas, al barri del centre de la ciutat.<\/span><\/p>\n<p style=\"text-align: justify;\"><span class=\"ff1 cf3 fs18\">T\u00e9 el seu origen en l&#8217;esfor\u00e7 cooperatiu d&#8217;unes mares i pares i d&#8217;uns mestres que es van aplegar amb l&#8217;objectiu de fer una escola innovadora i catalana, en uns moments en que l&#8217;oferta p\u00fablica d&#8217;aquestes caracter\u00edstiques era insuficient a la ciutat. L&#8217;Escola Ribatallada formava part, junt amb moltes altres escoles de Catalunya, del Col\u00b7lectiu d&#8217;Escoles per l&#8217;Escola P\u00fablica Catalana (CEPEPC), tot defensant els principis d&#8217;una escola de qualitat, p\u00fablica, democr\u00e0tica, catalana i gratu\u00efta.<br \/>\n<\/span><\/p>\n<p style=\"text-align: justify;\"><span class=\"ff1 cf3 fs18\">L&#8217;edifici es va fer petit i el curs 1985-86 l&#8217;escola es va traslladar al barri de la Creu Alta. La nova ubicaci\u00f3 era fruit de la transformaci\u00f3 d&#8217;unes naus industrials en un centre escolar d&#8217;una l\u00ednia amb els espais m\u00ednims necessaris per a un funcionament correcte d&#8217;escola.<br \/>\n<\/span><\/p>\n<p style=\"text-align: justify;\"><span class=\"ff1 cf3 fs18\">El 31 d&#8217;octubre de 1987 es va signar amb la Generalitat de Catalunya el conveni d&#8217;integraci\u00f3 a la xarxa d&#8217;escoles p\u00fabliques amb el qual es deixava de ser una cooperativa d&#8217;ensenyament concertada per passar a ser un centre p\u00fablic.<\/span><\/p>\n<p><a href=\"http:\/\/agora.xtec.cat\/escolaribatallada\/wp-content\/uploads\/usu233\/2014\/09\/ribavell.jpg\"><img loading=\"lazy\" decoding=\"async\" class=\"wp-image-480 alignleft\" src=\"http:\/\/agora.xtec.cat\/escolaribatallada\/wp-content\/uploads\/usu233\/2014\/09\/ribavell.jpg\" alt=\"ribavell\" width=\"287\" height=\"216\" srcset=\"https:\/\/agora.xtec.cat\/escolaribatallada\/wp-content\/uploads\/usu233\/2014\/09\/ribavell.jpg 283w, https:\/\/agora.xtec.cat\/escolaribatallada\/wp-content\/uploads\/usu233\/2014\/09\/ribavell-200x150.jpg 200w\" sizes=\"auto, (max-width: 287px) 100vw, 287px\" \/><\/a><a href=\"http:\/\/agora.xtec.cat\/escolaribatallada\/wp-content\/uploads\/usu233\/2014\/09\/ribanou.jpg\"><img loading=\"lazy\" decoding=\"async\" class=\"alignright wp-image-479 \" src=\"http:\/\/agora.xtec.cat\/escolaribatallada\/wp-content\/uploads\/usu233\/2014\/09\/ribanou.jpg\" alt=\"ribanou\" width=\"337\" height=\"207\" \/><\/a><\/p>\n","protected":false},"excerpt":{"rendered":"<p>L&#8217;Escola Ribatallada va ser fundada l&#8217;any 1978 i va iniciar la seva activitat als baixos de la casa Grau, a la pla\u00e7a del Gas, al barri del centre de la ciutat. T\u00e9 el seu origen en l&#8217;esfor\u00e7 cooperatiu d&#8217;unes mares i pares i d&#8217;uns mestres que es van aplegar amb l&#8217;objectiu de fer una escola [&hellip;]<\/p>\n","protected":false},"author":1,"featured_media":0,"parent":22,"menu_order":10,"comment_status":"closed","ping_status":"closed","template":"page-templates\/side-menu.php","meta":{"_bbp_topic_count":0,"_bbp_reply_count":0,"_bbp_total_topic_count":0,"_bbp_total_reply_count":0,"_bbp_voice_count":0,"_bbp_anonymous_reply_count":0,"_bbp_topic_count_hidden":0,"_bbp_reply_count_hidden":0,"_bbp_forum_subforum_count":0,"site-sidebar-layout":"default","site-content-layout":"","ast-site-content-layout":"","site-content-style":"default","site-sidebar-style":"default","ast-global-header-display":"","ast-banner-title-visibility":"","ast-main-header-display":"","ast-hfb-above-header-display":"","ast-hfb-below-header-display":"","ast-hfb-mobile-header-display":"","site-post-title":"","ast-breadcrumbs-content":"","ast-featured-img":"","footer-sml-layout":"","theme-transparent-header-meta":"","adv-header-id-meta":"","stick-header-meta":"","header-above-stick-meta":"","header-main-stick-meta":"","header-below-stick-meta":"","astra-migrate-meta-layouts":"default","ast-page-background-enabled":"default","ast-page-background-meta":{"desktop":{"background-color":"var(--ast-global-color-4)","background-image":"","background-repeat":"repeat","background-position":"center center","background-size":"auto","background-attachment":"scroll","background-type":"","background-media":"","overlay-type":"","overlay-color":"","overlay-opacity":"","overlay-gradient":""},"tablet":{"background-color":"","background-image":"","background-repeat":"repeat","background-position":"center center","background-size":"auto","background-attachment":"scroll","background-type":"","background-media":"","overlay-type":"","overlay-color":"","overlay-opacity":"","overlay-gradient":""},"mobile":{"background-color":"","background-image":"","background-repeat":"repeat","background-position":"center center","background-size":"auto","background-attachment":"scroll","background-type":"","background-media":"","overlay-type":"","overlay-color":"","overlay-opacity":"","overlay-gradient":""}},"ast-content-background-meta":{"desktop":{"background-color":"var(--ast-global-color-5)","background-image":"","background-repeat":"repeat","background-position":"center center","background-size":"auto","background-attachment":"scroll","background-type":"","background-media":"","overlay-type":"","overlay-color":"","overlay-opacity":"","overlay-gradient":""},"tablet":{"background-color":"var(--ast-global-color-5)","background-image":"","background-repeat":"repeat","background-position":"center center","background-size":"auto","background-attachment":"scroll","background-type":"","background-media":"","overlay-type":"","overlay-color":"","overlay-opacity":"","overlay-gradient":""},"mobile":{"background-color":"var(--ast-global-color-5)","background-image":"","background-repeat":"repeat","background-position":"center center","background-size":"auto","background-attachment":"scroll","background-type":"","background-media":"","overlay-type":"","overlay-color":"","overlay-opacity":"","overlay-gradient":""}},"footnotes":""},"class_list":["post-26","page","type-page","status-publish","hentry"],"post_mailing_queue_ids":[],"_links":{"self":[{"href":"https:\/\/agora.xtec.cat\/escolaribatallada\/wp-json\/wp\/v2\/pages\/26","targetHints":{"allow":["GET"]}}],"collection":[{"href":"https:\/\/agora.xtec.cat\/escolaribatallada\/wp-json\/wp\/v2\/pages"}],"about":[{"href":"https:\/\/agora.xtec.cat\/escolaribatallada\/wp-json\/wp\/v2\/types\/page"}],"author":[{"embeddable":true,"href":"https:\/\/agora.xtec.cat\/escolaribatallada\/wp-json\/wp\/v2\/users\/1"}],"replies":[{"embeddable":true,"href":"https:\/\/agora.xtec.cat\/escolaribatallada\/wp-json\/wp\/v2\/comments?post=26"}],"version-history":[{"count":3,"href":"https:\/\/agora.xtec.cat\/escolaribatallada\/wp-json\/wp\/v2\/pages\/26\/revisions"}],"predecessor-version":[{"id":1247,"href":"https:\/\/agora.xtec.cat\/escolaribatallada\/wp-json\/wp\/v2\/pages\/26\/revisions\/1247"}],"up":[{"embeddable":true,"href":"https:\/\/agora.xtec.cat\/escolaribatallada\/wp-json\/wp\/v2\/pages\/22"}],"wp:attachment":[{"href":"https:\/\/agora.xtec.cat\/escolaribatallada\/wp-json\/wp\/v2\/media?parent=26"}],"curies":[{"name":"wp","href":"https:\/\/api.w.org\/{rel}","templated":true}]}}