{"id":2275,"date":"2023-09-30T18:11:04","date_gmt":"2023-09-30T16:11:04","guid":{"rendered":"https:\/\/agora.xtec.cat\/escolaribatallada\/?page_id=2275"},"modified":"2023-09-30T18:17:44","modified_gmt":"2023-09-30T16:17:44","slug":"programa-sensei","status":"publish","type":"page","link":"https:\/\/agora.xtec.cat\/escolaribatallada\/cami-pedagogic\/programa-sensei\/","title":{"rendered":"Programa SENSEI"},"content":{"rendered":"<p style=\"text-align: justify;\">Aquest curs 2023\/2024 l&#8217;escola participa del programa <a href=\"https:\/\/educacio.gencat.cat\/ca\/arees-actuacio\/professors\/formacio\/sensei\/\" target=\"_blank\" rel=\"noopener\">SENSEI<\/a>. Es tracta d&#8217;un programa temporal de resid\u00e8ncia inicial docent en centres educatius, en que s&#8217;ofereix acompanyament i suport al professorat novell a l&#8217;inici de la professi\u00f3 docent. Aquests mestres novells s\u00f3n mentoritzats per mestres de l&#8217;escola. Afegir que, a m\u00e9s de garantir l&#8217;assoliment de determinades compet\u00e8ncies clau a l&#8217;inici de la doc\u00e8ncia d&#8217;aquests mestres novells, aquest programa tamb\u00e9 busca la millora dels resultats educatius globals de l&#8217;alumnat i <span style=\"font-family: inherit; font-size: 1em;\">la prevenci\u00f3 i reducci\u00f3 de l&#8217;abandonament escolar prematur.<\/span><\/p>\n<p><img loading=\"lazy\" decoding=\"async\" class=\"aligncenter size-medium wp-image-2276\" src=\"https:\/\/agora.xtec.cat\/escolaribatallada\/wp-content\/uploads\/usu233\/2023\/09\/IMG-0090-300x238.jpg\" alt=\"\" width=\"300\" height=\"238\" srcset=\"https:\/\/agora.xtec.cat\/escolaribatallada\/wp-content\/uploads\/usu233\/2023\/09\/IMG-0090-300x238.jpg 300w, https:\/\/agora.xtec.cat\/escolaribatallada\/wp-content\/uploads\/usu233\/2023\/09\/IMG-0090-1024x812.jpg 1024w, https:\/\/agora.xtec.cat\/escolaribatallada\/wp-content\/uploads\/usu233\/2023\/09\/IMG-0090-768x609.jpg 768w, https:\/\/agora.xtec.cat\/escolaribatallada\/wp-content\/uploads\/usu233\/2023\/09\/IMG-0090-1536x1218.jpg 1536w, https:\/\/agora.xtec.cat\/escolaribatallada\/wp-content\/uploads\/usu233\/2023\/09\/IMG-0090-2048x1624.jpg 2048w\" sizes=\"auto, (max-width: 300px) 100vw, 300px\" \/><\/p>\n","protected":false},"excerpt":{"rendered":"<p>Aquest curs 2023\/2024 l&#8217;escola participa del programa SENSEI. Es tracta d&#8217;un programa temporal de resid\u00e8ncia inicial docent en centres educatius, en que s&#8217;ofereix acompanyament i suport al professorat novell a l&#8217;inici de la professi\u00f3 docent. Aquests mestres novells s\u00f3n mentoritzats per mestres de l&#8217;escola. Afegir que, a m\u00e9s de garantir l&#8217;assoliment de determinades compet\u00e8ncies clau [&hellip;]<\/p>\n","protected":false},"author":1,"featured_media":0,"parent":1134,"menu_order":0,"comment_status":"closed","ping_status":"closed","template":"","meta":{"_bbp_topic_count":0,"_bbp_reply_count":0,"_bbp_total_topic_count":0,"_bbp_total_reply_count":0,"_bbp_voice_count":0,"_bbp_anonymous_reply_count":0,"_bbp_topic_count_hidden":0,"_bbp_reply_count_hidden":0,"_bbp_forum_subforum_count":0,"site-sidebar-layout":"default","site-content-layout":"","ast-site-content-layout":"","site-content-style":"default","site-sidebar-style":"default","ast-global-header-display":"","ast-banner-title-visibility":"","ast-main-header-display":"","ast-hfb-above-header-display":"","ast-hfb-below-header-display":"","ast-hfb-mobile-header-display":"","site-post-title":"","ast-breadcrumbs-content":"","ast-featured-img":"","footer-sml-layout":"","theme-transparent-header-meta":"","adv-header-id-meta":"","stick-header-meta":"","header-above-stick-meta":"","header-main-stick-meta":"","header-below-stick-meta":"","astra-migrate-meta-layouts":"default","ast-page-background-enabled":"default","ast-page-background-meta":{"desktop":{"background-color":"var(--ast-global-color-4)","background-image":"","background-repeat":"repeat","background-position":"center center","background-size":"auto","background-attachment":"scroll","background-type":"","background-media":"","overlay-type":"","overlay-color":"","overlay-opacity":"","overlay-gradient":""},"tablet":{"background-color":"","background-image":"","background-repeat":"repeat","background-position":"center center","background-size":"auto","background-attachment":"scroll","background-type":"","background-media":"","overlay-type":"","overlay-color":"","overlay-opacity":"","overlay-gradient":""},"mobile":{"background-color":"","background-image":"","background-repeat":"repeat","background-position":"center center","background-size":"auto","background-attachment":"scroll","background-type":"","background-media":"","overlay-type":"","overlay-color":"","overlay-opacity":"","overlay-gradient":""}},"ast-content-background-meta":{"desktop":{"background-color":"var(--ast-global-color-5)","background-image":"","background-repeat":"repeat","background-position":"center center","background-size":"auto","background-attachment":"scroll","background-type":"","background-media":"","overlay-type":"","overlay-color":"","overlay-opacity":"","overlay-gradient":""},"tablet":{"background-color":"var(--ast-global-color-5)","background-image":"","background-repeat":"repeat","background-position":"center center","background-size":"auto","background-attachment":"scroll","background-type":"","background-media":"","overlay-type":"","overlay-color":"","overlay-opacity":"","overlay-gradient":""},"mobile":{"background-color":"var(--ast-global-color-5)","background-image":"","background-repeat":"repeat","background-position":"center center","background-size":"auto","background-attachment":"scroll","background-type":"","background-media":"","overlay-type":"","overlay-color":"","overlay-opacity":"","overlay-gradient":""}},"footnotes":""},"class_list":["post-2275","page","type-page","status-publish","hentry"],"post_mailing_queue_ids":[],"_links":{"self":[{"href":"https:\/\/agora.xtec.cat\/escolaribatallada\/wp-json\/wp\/v2\/pages\/2275","targetHints":{"allow":["GET"]}}],"collection":[{"href":"https:\/\/agora.xtec.cat\/escolaribatallada\/wp-json\/wp\/v2\/pages"}],"about":[{"href":"https:\/\/agora.xtec.cat\/escolaribatallada\/wp-json\/wp\/v2\/types\/page"}],"author":[{"embeddable":true,"href":"https:\/\/agora.xtec.cat\/escolaribatallada\/wp-json\/wp\/v2\/users\/1"}],"replies":[{"embeddable":true,"href":"https:\/\/agora.xtec.cat\/escolaribatallada\/wp-json\/wp\/v2\/comments?post=2275"}],"version-history":[{"count":3,"href":"https:\/\/agora.xtec.cat\/escolaribatallada\/wp-json\/wp\/v2\/pages\/2275\/revisions"}],"predecessor-version":[{"id":2280,"href":"https:\/\/agora.xtec.cat\/escolaribatallada\/wp-json\/wp\/v2\/pages\/2275\/revisions\/2280"}],"up":[{"embeddable":true,"href":"https:\/\/agora.xtec.cat\/escolaribatallada\/wp-json\/wp\/v2\/pages\/1134"}],"wp:attachment":[{"href":"https:\/\/agora.xtec.cat\/escolaribatallada\/wp-json\/wp\/v2\/media?parent=2275"}],"curies":[{"name":"wp","href":"https:\/\/api.w.org\/{rel}","templated":true}]}}