{"id":1187,"date":"2019-10-25T11:03:52","date_gmt":"2019-10-25T09:03:52","guid":{"rendered":"https:\/\/agora.xtec.cat\/escolaribatallada\/?page_id=1187"},"modified":"2025-07-21T17:46:58","modified_gmt":"2025-07-21T15:46:58","slug":"revista-la-ceba","status":"publish","type":"page","link":"https:\/\/agora.xtec.cat\/escolaribatallada\/cami-pedagogic\/revista-la-ceba\/","title":{"rendered":"Articles publicats"},"content":{"rendered":"<p>A l&#8217;escola creiem en la formaci\u00f3 continuada, tant des de dins del propi claustre com la formaci\u00f3 que podem rebre i donar amb els col\u00b7legues d&#8217;altres centres. Per aix\u00f2, sempre que ha sigut possible hem col\u00b7laborat en la divulgaci\u00f3 d&#8217;experi\u00e8ncies educatives, en aquest cas, a la revista propulsada pel Centre de Recursos Pedag\u00f2gics de Sabadell i Sant Quirze: la revista La Ceba.<\/p>\n<p>A continuaci\u00f3 trobareu una relaci\u00f3 d&#8217;articles publicats per l&#8217;Escola:<\/p>\n<ul>\n<li style=\"list-style-type: none;\">\n<ul>\n<li><a href=\"https:\/\/sites.google.com\/a\/xtec.cat\/la-ceba-2012-2013\/escola-ribatallada\" target=\"_blank\" rel=\"noopener\">Els animals vertebrats<\/a><\/li>\n<li><a href=\"https:\/\/sites.google.com\/a\/xtec.cat\/la-ceba-2013-2014\/escola-ribatallada\" target=\"_blank\" rel=\"noopener\">El m\u00f3n del cinema<\/a><\/li>\n<li><a href=\"https:\/\/sites.google.com\/a\/xtec.cat\/la-ceba-2014-2015\/escola-ribatallada\" target=\"_blank\" rel=\"noopener\">A qu\u00e8 sonen els anuncis<\/a><\/li>\n<li><a href=\"https:\/\/sites.google.com\/a\/xtec.cat\/la-ceba-2015-2016-lectura\/ribatallada\" target=\"_blank\" rel=\"noopener\">L&#8217;hora del conte<\/a><\/li>\n<li><a href=\"https:\/\/sites.google.com\/a\/xtec.cat\/la-ceba-2016-2017-monografic-de-matematiques\/ribatallada\" target=\"_blank\" rel=\"noopener\">Fem tallers de matem\u00e0tiques<\/a><\/li>\n<li><a href=\"https:\/\/sites.google.com\/a\/xtec.cat\/la-ceba-2017-2018-monografic-de-ciencies\/escoles\/ribatallada\" target=\"_blank\" rel=\"noopener\">Els 5 regnes dels \u00e9ssers vius\u00a0<\/a><\/li>\n<li><a href=\"https:\/\/sites.google.com\/a\/xtec.cat\/la-ceba-2018-2019-monografic-d-arts\/escoles\/ribatallada\" target=\"_blank\" rel=\"noopener\">La cuina de Picasso<\/a><\/li>\n<li><a href=\"https:\/\/drive.google.com\/file\/d\/127lRuhTX0aLlaRe2qHb9_Lrr1iAWCWFK\/view?usp=sharing\" target=\"_blank\" rel=\"noopener\">Dels projectes a les situacions d&#8217;aprenentatge<\/a><\/li>\n<li><a href=\"https:\/\/www.youtube.com\/watch?v=Q6MzK0mxdS0\" target=\"_blank\" rel=\"noopener\">Qu\u00e8 s&#8217;apr\u00e8n i com s&#8217;apr\u00e8n avui a l&#8217;escola?<\/a><\/li>\n<\/ul>\n<\/li>\n<\/ul>\n","protected":false},"excerpt":{"rendered":"<p>A l&#8217;escola creiem en la formaci\u00f3 continuada, tant des de dins del propi claustre com la formaci\u00f3 que podem rebre i donar amb els col\u00b7legues d&#8217;altres centres. Per aix\u00f2, sempre que ha sigut possible hem col\u00b7laborat en la divulgaci\u00f3 d&#8217;experi\u00e8ncies educatives, en aquest cas, a la revista propulsada pel Centre de Recursos Pedag\u00f2gics de Sabadell [&hellip;]<\/p>\n","protected":false},"author":1,"featured_media":0,"parent":1134,"menu_order":3,"comment_status":"closed","ping_status":"closed","template":"","meta":{"_bbp_topic_count":0,"_bbp_reply_count":0,"_bbp_total_topic_count":0,"_bbp_total_reply_count":0,"_bbp_voice_count":0,"_bbp_anonymous_reply_count":0,"_bbp_topic_count_hidden":0,"_bbp_reply_count_hidden":0,"_bbp_forum_subforum_count":0,"site-sidebar-layout":"default","site-content-layout":"","ast-site-content-layout":"default","site-content-style":"default","site-sidebar-style":"default","ast-global-header-display":"","ast-banner-title-visibility":"","ast-main-header-display":"","ast-hfb-above-header-display":"","ast-hfb-below-header-display":"","ast-hfb-mobile-header-display":"","site-post-title":"","ast-breadcrumbs-content":"","ast-featured-img":"","footer-sml-layout":"","theme-transparent-header-meta":"","adv-header-id-meta":"","stick-header-meta":"","header-above-stick-meta":"","header-main-stick-meta":"","header-below-stick-meta":"","astra-migrate-meta-layouts":"set","ast-page-background-enabled":"default","ast-page-background-meta":{"desktop":{"background-color":"var(--ast-global-color-4)","background-image":"","background-repeat":"repeat","background-position":"center center","background-size":"auto","background-attachment":"scroll","background-type":"","background-media":"","overlay-type":"","overlay-color":"","overlay-opacity":"","overlay-gradient":""},"tablet":{"background-color":"","background-image":"","background-repeat":"repeat","background-position":"center center","background-size":"auto","background-attachment":"scroll","background-type":"","background-media":"","overlay-type":"","overlay-color":"","overlay-opacity":"","overlay-gradient":""},"mobile":{"background-color":"","background-image":"","background-repeat":"repeat","background-position":"center center","background-size":"auto","background-attachment":"scroll","background-type":"","background-media":"","overlay-type":"","overlay-color":"","overlay-opacity":"","overlay-gradient":""}},"ast-content-background-meta":{"desktop":{"background-color":"var(--ast-global-color-5)","background-image":"","background-repeat":"repeat","background-position":"center center","background-size":"auto","background-attachment":"scroll","background-type":"","background-media":"","overlay-type":"","overlay-color":"","overlay-opacity":"","overlay-gradient":""},"tablet":{"background-color":"var(--ast-global-color-5)","background-image":"","background-repeat":"repeat","background-position":"center center","background-size":"auto","background-attachment":"scroll","background-type":"","background-media":"","overlay-type":"","overlay-color":"","overlay-opacity":"","overlay-gradient":""},"mobile":{"background-color":"var(--ast-global-color-5)","background-image":"","background-repeat":"repeat","background-position":"center center","background-size":"auto","background-attachment":"scroll","background-type":"","background-media":"","overlay-type":"","overlay-color":"","overlay-opacity":"","overlay-gradient":""}},"footnotes":""},"class_list":["post-1187","page","type-page","status-publish","hentry"],"post_mailing_queue_ids":[],"_links":{"self":[{"href":"https:\/\/agora.xtec.cat\/escolaribatallada\/wp-json\/wp\/v2\/pages\/1187","targetHints":{"allow":["GET"]}}],"collection":[{"href":"https:\/\/agora.xtec.cat\/escolaribatallada\/wp-json\/wp\/v2\/pages"}],"about":[{"href":"https:\/\/agora.xtec.cat\/escolaribatallada\/wp-json\/wp\/v2\/types\/page"}],"author":[{"embeddable":true,"href":"https:\/\/agora.xtec.cat\/escolaribatallada\/wp-json\/wp\/v2\/users\/1"}],"replies":[{"embeddable":true,"href":"https:\/\/agora.xtec.cat\/escolaribatallada\/wp-json\/wp\/v2\/comments?post=1187"}],"version-history":[{"count":6,"href":"https:\/\/agora.xtec.cat\/escolaribatallada\/wp-json\/wp\/v2\/pages\/1187\/revisions"}],"predecessor-version":[{"id":2789,"href":"https:\/\/agora.xtec.cat\/escolaribatallada\/wp-json\/wp\/v2\/pages\/1187\/revisions\/2789"}],"up":[{"embeddable":true,"href":"https:\/\/agora.xtec.cat\/escolaribatallada\/wp-json\/wp\/v2\/pages\/1134"}],"wp:attachment":[{"href":"https:\/\/agora.xtec.cat\/escolaribatallada\/wp-json\/wp\/v2\/media?parent=1187"}],"curies":[{"name":"wp","href":"https:\/\/api.w.org\/{rel}","templated":true}]}}