{"id":1136,"date":"2019-10-17T12:07:07","date_gmt":"2019-10-17T10:07:07","guid":{"rendered":"https:\/\/agora.xtec.cat\/escolaribatallada\/?page_id=1136"},"modified":"2020-02-06T13:14:56","modified_gmt":"2020-02-06T12:14:56","slug":"escola-formadora","status":"publish","type":"page","link":"https:\/\/agora.xtec.cat\/escolaribatallada\/cami-pedagogic\/escola-formadora\/","title":{"rendered":"Escola formadora"},"content":{"rendered":"<p style=\"text-align: justify;\">L&#8217;article 168 de la Llei 12\/2009, de 10 de juliol, d&#8217;educaci\u00f3, estableix que la cooperaci\u00f3 amb les universitats de Catalunya contribueix a l&#8217;excel\u00b7l\u00e8ncia del sistema educatiu.<\/p>\n<p style=\"text-align: justify;\">La realitzaci\u00f3 de pr\u00e0ctiques externes en els ensenyaments universitaris esdev\u00e9 fonamental per contribuir a la formaci\u00f3 integral dels estudiants i a complementar-ne l&#8217;aprenentatge te\u00f2ric, facilitar el coneixement de la metodologia de treball adequada a la realitat professional, afavorir el desenvolupament de compet\u00e8ncies t\u00e8cniques, metodol\u00f2giques, personals i participatives, per obtenir una experi\u00e8ncia pr\u00e0ctica que faciliti la inserci\u00f3 al mercat de treball i millori la seva ocupabilitat futura i per afavorir els valors de la innovaci\u00f3, la creativitat i l&#8217;emprenedoria.<\/p>\n<p style=\"text-align: justify;\">Des de l&#8217;Escola Ribatallada volem contribuir a aquesta formaci\u00f3 pr\u00e0ctica i permetre als estudiants universitaris aplicar i complementar els coneixements adquirits en la seva formaci\u00f3 acad\u00e8mica, alhora que l&#8217;Escola rep un valor afegit derivat del fet d&#8217;adquirir el rol de centre formador, de compartir nous coneixements, noves formes de recerca i un contacte constant amb les universitats. La universitat esdev\u00e9 receptora de coneixements i pr\u00e0ctiques properes a l&#8217;activitat professional que permeten enriquir la formaci\u00f3 impartida a les aules.<\/p>\n","protected":false},"excerpt":{"rendered":"<p>L&#8217;article 168 de la Llei 12\/2009, de 10 de juliol, d&#8217;educaci\u00f3, estableix que la cooperaci\u00f3 amb les universitats de Catalunya contribueix a l&#8217;excel\u00b7l\u00e8ncia del sistema educatiu. La realitzaci\u00f3 de pr\u00e0ctiques externes en els ensenyaments universitaris esdev\u00e9 fonamental per contribuir a la formaci\u00f3 integral dels estudiants i a complementar-ne l&#8217;aprenentatge te\u00f2ric, facilitar el coneixement de la [&hellip;]<\/p>\n","protected":false},"author":1,"featured_media":0,"parent":1134,"menu_order":1,"comment_status":"closed","ping_status":"closed","template":"page-templates\/side-menu.php","meta":{"_bbp_topic_count":0,"_bbp_reply_count":0,"_bbp_total_topic_count":0,"_bbp_total_reply_count":0,"_bbp_voice_count":0,"_bbp_anonymous_reply_count":0,"_bbp_topic_count_hidden":0,"_bbp_reply_count_hidden":0,"_bbp_forum_subforum_count":0,"site-sidebar-layout":"default","site-content-layout":"","ast-site-content-layout":"","site-content-style":"default","site-sidebar-style":"default","ast-global-header-display":"","ast-banner-title-visibility":"","ast-main-header-display":"","ast-hfb-above-header-display":"","ast-hfb-below-header-display":"","ast-hfb-mobile-header-display":"","site-post-title":"","ast-breadcrumbs-content":"","ast-featured-img":"","footer-sml-layout":"","theme-transparent-header-meta":"","adv-header-id-meta":"","stick-header-meta":"","header-above-stick-meta":"","header-main-stick-meta":"","header-below-stick-meta":"","astra-migrate-meta-layouts":"default","ast-page-background-enabled":"default","ast-page-background-meta":{"desktop":{"background-color":"var(--ast-global-color-4)","background-image":"","background-repeat":"repeat","background-position":"center center","background-size":"auto","background-attachment":"scroll","background-type":"","background-media":"","overlay-type":"","overlay-color":"","overlay-opacity":"","overlay-gradient":""},"tablet":{"background-color":"","background-image":"","background-repeat":"repeat","background-position":"center center","background-size":"auto","background-attachment":"scroll","background-type":"","background-media":"","overlay-type":"","overlay-color":"","overlay-opacity":"","overlay-gradient":""},"mobile":{"background-color":"","background-image":"","background-repeat":"repeat","background-position":"center center","background-size":"auto","background-attachment":"scroll","background-type":"","background-media":"","overlay-type":"","overlay-color":"","overlay-opacity":"","overlay-gradient":""}},"ast-content-background-meta":{"desktop":{"background-color":"var(--ast-global-color-5)","background-image":"","background-repeat":"repeat","background-position":"center center","background-size":"auto","background-attachment":"scroll","background-type":"","background-media":"","overlay-type":"","overlay-color":"","overlay-opacity":"","overlay-gradient":""},"tablet":{"background-color":"var(--ast-global-color-5)","background-image":"","background-repeat":"repeat","background-position":"center center","background-size":"auto","background-attachment":"scroll","background-type":"","background-media":"","overlay-type":"","overlay-color":"","overlay-opacity":"","overlay-gradient":""},"mobile":{"background-color":"var(--ast-global-color-5)","background-image":"","background-repeat":"repeat","background-position":"center center","background-size":"auto","background-attachment":"scroll","background-type":"","background-media":"","overlay-type":"","overlay-color":"","overlay-opacity":"","overlay-gradient":""}},"footnotes":""},"class_list":["post-1136","page","type-page","status-publish","hentry"],"post_mailing_queue_ids":[],"_links":{"self":[{"href":"https:\/\/agora.xtec.cat\/escolaribatallada\/wp-json\/wp\/v2\/pages\/1136","targetHints":{"allow":["GET"]}}],"collection":[{"href":"https:\/\/agora.xtec.cat\/escolaribatallada\/wp-json\/wp\/v2\/pages"}],"about":[{"href":"https:\/\/agora.xtec.cat\/escolaribatallada\/wp-json\/wp\/v2\/types\/page"}],"author":[{"embeddable":true,"href":"https:\/\/agora.xtec.cat\/escolaribatallada\/wp-json\/wp\/v2\/users\/1"}],"replies":[{"embeddable":true,"href":"https:\/\/agora.xtec.cat\/escolaribatallada\/wp-json\/wp\/v2\/comments?post=1136"}],"version-history":[{"count":3,"href":"https:\/\/agora.xtec.cat\/escolaribatallada\/wp-json\/wp\/v2\/pages\/1136\/revisions"}],"predecessor-version":[{"id":1261,"href":"https:\/\/agora.xtec.cat\/escolaribatallada\/wp-json\/wp\/v2\/pages\/1136\/revisions\/1261"}],"up":[{"embeddable":true,"href":"https:\/\/agora.xtec.cat\/escolaribatallada\/wp-json\/wp\/v2\/pages\/1134"}],"wp:attachment":[{"href":"https:\/\/agora.xtec.cat\/escolaribatallada\/wp-json\/wp\/v2\/media?parent=1136"}],"curies":[{"name":"wp","href":"https:\/\/api.w.org\/{rel}","templated":true}]}}