{"id":1130,"date":"2019-10-16T11:17:39","date_gmt":"2019-10-16T09:17:39","guid":{"rendered":"https:\/\/agora.xtec.cat\/escolaribatallada\/?page_id=1130"},"modified":"2026-03-10T12:44:05","modified_gmt":"2026-03-10T11:44:05","slug":"projectes","status":"publish","type":"page","link":"https:\/\/agora.xtec.cat\/escolaribatallada\/projecte-educatiu\/projectes\/","title":{"rendered":"Treball per Projectes"},"content":{"rendered":"<p style=\"text-align: justify;\"><span style=\"font-weight: 400;\">La societat evoluciona i cada vegada m\u00e9s hem de preparar els nostres alumnes per donar respostes innovadores en una societat canviant i en evoluci\u00f3 constant.\u00a0<\/span><\/p>\n<p style=\"text-align: justify;\"><span style=\"font-weight: 400;\">El treball per projectes \u00e9s la base del proc\u00e9s d\u2019aprenentatge de la nostra escola, tant a l&#8217;educaci\u00f3 infantil com a prim\u00e0ria. Entenem que l\u2019aprenentatge mitjan\u00e7ant un enfocament globalitzat \u00e9s la clau per formar ciutadans i ciutadanes cr\u00edtics, amb opini\u00f3 pr\u00f2pia, aut\u00f2noms i capa\u00e7os de resoldre nous reptes en cooperaci\u00f3 amb els altres.<\/span><\/p>\n<p style=\"text-align: justify;\"><span style=\"font-weight: 400;\">En el treball per projectes es potencia la capacitat dels nens i nenes<\/span> <span style=\"font-weight: 400;\">d\u2019organitzar i gestionar el seu proc\u00e9s d\u2019aprenentatge tot adquirint nous coneixements. Aquest proc\u00e9s personal \u00e9s efectiu quan s\u2019enriqueix de la interacci\u00f3 amb els iguals i amb el treball cooperatiu.\u00a0<\/span><\/p>\n<p style=\"text-align: justify;\"><span style=\"font-weight: 400;\">Plegats anem creant xarxes de relacions on compartim els aprenentatges treballats, descobrim lligams entre un projecte i un altre tot relacionant all\u00f2 que ja sabem amb els nous coneixements.<\/span><\/p>\n<div id='gallery-1' class='gallery galleryid-1130 gallery-columns-3 gallery-size-thumbnail'><figure class='gallery-item'>\n\t\t\t<div class='gallery-icon landscape'>\n\t\t\t\t<a href='https:\/\/agora.xtec.cat\/escolaribatallada\/projecte-educatiu\/projectes\/attachment\/projecte\/'><img loading=\"lazy\" decoding=\"async\" width=\"150\" height=\"150\" src=\"https:\/\/agora.xtec.cat\/escolaribatallada\/wp-content\/uploads\/usu233\/2020\/02\/projecte-150x150.jpg\" class=\"attachment-thumbnail size-thumbnail\" alt=\"\" \/><\/a>\n\t\t\t<\/div><\/figure><figure class='gallery-item'>\n\t\t\t<div class='gallery-icon landscape'>\n\t\t\t\t<a href='https:\/\/agora.xtec.cat\/escolaribatallada\/projecte-educatiu\/projectes\/attachment\/bty-3\/'><img loading=\"lazy\" decoding=\"async\" width=\"150\" height=\"150\" src=\"https:\/\/agora.xtec.cat\/escolaribatallada\/wp-content\/uploads\/usu233\/2020\/02\/IMG_20191121_162415-1-150x150.jpg\" class=\"attachment-thumbnail size-thumbnail\" alt=\"\" \/><\/a>\n\t\t\t<\/div><\/figure><figure class='gallery-item'>\n\t\t\t<div class='gallery-icon landscape'>\n\t\t\t\t<a href='https:\/\/agora.xtec.cat\/escolaribatallada\/projecte-educatiu\/tallers-daprenentatge\/attachment\/bty\/'><img loading=\"lazy\" decoding=\"async\" width=\"150\" height=\"150\" src=\"https:\/\/agora.xtec.cat\/escolaribatallada\/wp-content\/uploads\/usu233\/2020\/02\/IMG_20191118_160723-150x150.jpg\" class=\"attachment-thumbnail size-thumbnail\" alt=\"\" \/><\/a>\n\t\t\t<\/div><\/figure><figure class='gallery-item'>\n\t\t\t<div class='gallery-icon landscape'>\n\t\t\t\t<a href='https:\/\/agora.xtec.cat\/escolaribatallada\/projecte-educatiu\/projectes\/attachment\/projecte-exposicio-families\/'><img loading=\"lazy\" decoding=\"async\" width=\"150\" height=\"150\" src=\"https:\/\/agora.xtec.cat\/escolaribatallada\/wp-content\/uploads\/usu233\/2020\/02\/Projecte-exposici\u00f3-fam\u00edlies-150x150.jpg\" class=\"attachment-thumbnail size-thumbnail\" alt=\"\" \/><\/a>\n\t\t\t<\/div><\/figure><figure class='gallery-item'>\n\t\t\t<div class='gallery-icon landscape'>\n\t\t\t\t<a href='https:\/\/agora.xtec.cat\/escolaribatallada\/projecte-educatiu\/projectes\/attachment\/dav-2\/'><img loading=\"lazy\" decoding=\"async\" width=\"150\" height=\"150\" src=\"https:\/\/agora.xtec.cat\/escolaribatallada\/wp-content\/uploads\/usu233\/2020\/02\/Projecte-pir\u00e0mide-150x150.jpg\" class=\"attachment-thumbnail size-thumbnail\" alt=\"\" \/><\/a>\n\t\t\t<\/div><\/figure><figure class='gallery-item'>\n\t\t\t<div class='gallery-icon landscape'>\n\t\t\t\t<a href='https:\/\/agora.xtec.cat\/escolaribatallada\/projecte-educatiu\/projectes\/attachment\/treball-intercicles\/'><img loading=\"lazy\" decoding=\"async\" width=\"150\" height=\"150\" src=\"https:\/\/agora.xtec.cat\/escolaribatallada\/wp-content\/uploads\/usu233\/2020\/02\/treball-intercicles-150x150.jpg\" class=\"attachment-thumbnail size-thumbnail\" alt=\"\" \/><\/a>\n\t\t\t<\/div><\/figure>\n\t\t<\/div>\n\n","protected":false},"excerpt":{"rendered":"<p>La societat evoluciona i cada vegada m\u00e9s hem de preparar els nostres alumnes per donar respostes innovadores en una societat canviant i en evoluci\u00f3 constant.\u00a0 El treball per projectes \u00e9s la base del proc\u00e9s d\u2019aprenentatge de la nostra escola, tant a l&#8217;educaci\u00f3 infantil com a prim\u00e0ria. Entenem que l\u2019aprenentatge mitjan\u00e7ant un enfocament globalitzat \u00e9s la [&hellip;]<\/p>\n","protected":false},"author":1,"featured_media":0,"parent":64,"menu_order":3,"comment_status":"closed","ping_status":"closed","template":"","meta":{"_bbp_topic_count":0,"_bbp_reply_count":0,"_bbp_total_topic_count":0,"_bbp_total_reply_count":0,"_bbp_voice_count":0,"_bbp_anonymous_reply_count":0,"_bbp_topic_count_hidden":0,"_bbp_reply_count_hidden":0,"_bbp_forum_subforum_count":0,"site-sidebar-layout":"default","site-content-layout":"","ast-site-content-layout":"","site-content-style":"default","site-sidebar-style":"default","ast-global-header-display":"","ast-banner-title-visibility":"","ast-main-header-display":"","ast-hfb-above-header-display":"","ast-hfb-below-header-display":"","ast-hfb-mobile-header-display":"","site-post-title":"","ast-breadcrumbs-content":"","ast-featured-img":"","footer-sml-layout":"","theme-transparent-header-meta":"","adv-header-id-meta":"","stick-header-meta":"","header-above-stick-meta":"","header-main-stick-meta":"","header-below-stick-meta":"","astra-migrate-meta-layouts":"default","ast-page-background-enabled":"default","ast-page-background-meta":{"desktop":{"background-color":"var(--ast-global-color-4)","background-image":"","background-repeat":"repeat","background-position":"center center","background-size":"auto","background-attachment":"scroll","background-type":"","background-media":"","overlay-type":"","overlay-color":"","overlay-opacity":"","overlay-gradient":""},"tablet":{"background-color":"","background-image":"","background-repeat":"repeat","background-position":"center center","background-size":"auto","background-attachment":"scroll","background-type":"","background-media":"","overlay-type":"","overlay-color":"","overlay-opacity":"","overlay-gradient":""},"mobile":{"background-color":"","background-image":"","background-repeat":"repeat","background-position":"center center","background-size":"auto","background-attachment":"scroll","background-type":"","background-media":"","overlay-type":"","overlay-color":"","overlay-opacity":"","overlay-gradient":""}},"ast-content-background-meta":{"desktop":{"background-color":"var(--ast-global-color-5)","background-image":"","background-repeat":"repeat","background-position":"center center","background-size":"auto","background-attachment":"scroll","background-type":"","background-media":"","overlay-type":"","overlay-color":"","overlay-opacity":"","overlay-gradient":""},"tablet":{"background-color":"var(--ast-global-color-5)","background-image":"","background-repeat":"repeat","background-position":"center center","background-size":"auto","background-attachment":"scroll","background-type":"","background-media":"","overlay-type":"","overlay-color":"","overlay-opacity":"","overlay-gradient":""},"mobile":{"background-color":"var(--ast-global-color-5)","background-image":"","background-repeat":"repeat","background-position":"center center","background-size":"auto","background-attachment":"scroll","background-type":"","background-media":"","overlay-type":"","overlay-color":"","overlay-opacity":"","overlay-gradient":""}},"footnotes":""},"class_list":["post-1130","page","type-page","status-publish","hentry"],"post_mailing_queue_ids":[],"_links":{"self":[{"href":"https:\/\/agora.xtec.cat\/escolaribatallada\/wp-json\/wp\/v2\/pages\/1130","targetHints":{"allow":["GET"]}}],"collection":[{"href":"https:\/\/agora.xtec.cat\/escolaribatallada\/wp-json\/wp\/v2\/pages"}],"about":[{"href":"https:\/\/agora.xtec.cat\/escolaribatallada\/wp-json\/wp\/v2\/types\/page"}],"author":[{"embeddable":true,"href":"https:\/\/agora.xtec.cat\/escolaribatallada\/wp-json\/wp\/v2\/users\/1"}],"replies":[{"embeddable":true,"href":"https:\/\/agora.xtec.cat\/escolaribatallada\/wp-json\/wp\/v2\/comments?post=1130"}],"version-history":[{"count":3,"href":"https:\/\/agora.xtec.cat\/escolaribatallada\/wp-json\/wp\/v2\/pages\/1130\/revisions"}],"predecessor-version":[{"id":1401,"href":"https:\/\/agora.xtec.cat\/escolaribatallada\/wp-json\/wp\/v2\/pages\/1130\/revisions\/1401"}],"up":[{"embeddable":true,"href":"https:\/\/agora.xtec.cat\/escolaribatallada\/wp-json\/wp\/v2\/pages\/64"}],"wp:attachment":[{"href":"https:\/\/agora.xtec.cat\/escolaribatallada\/wp-json\/wp\/v2\/media?parent=1130"}],"curies":[{"name":"wp","href":"https:\/\/api.w.org\/{rel}","templated":true}]}}