{"id":715,"date":"2021-01-08T13:01:55","date_gmt":"2021-01-08T12:01:55","guid":{"rendered":"https:\/\/agora.xtec.cat\/escolaramonllullbcn\/?page_id=715"},"modified":"2021-02-21T17:52:45","modified_gmt":"2021-02-21T16:52:45","slug":"enfocament-matematic","status":"publish","type":"page","link":"https:\/\/agora.xtec.cat\/escolaramonllullbcn\/projecte-educatiu\/enfocament-matematic\/","title":{"rendered":"Enfocament matem\u00e0tic"},"content":{"rendered":"<p style=\"text-align: justify;\"><a href=\"https:\/\/agora.xtec.cat\/escolaramonllullbcn\/wp-content\/uploads\/usu2237\/2021\/02\/mates.jpg\"><img loading=\"lazy\" decoding=\"async\" class=\"size-medium wp-image-1413 alignright\" src=\"https:\/\/agora.xtec.cat\/escolaramonllullbcn\/wp-content\/uploads\/usu2237\/2021\/02\/mates-300x274.jpg\" alt=\"\" width=\"300\" height=\"274\" srcset=\"https:\/\/agora.xtec.cat\/escolaramonllullbcn\/wp-content\/uploads\/usu2237\/2021\/02\/mates-300x274.jpg 300w, https:\/\/agora.xtec.cat\/escolaramonllullbcn\/wp-content\/uploads\/usu2237\/2021\/02\/mates-768x701.jpg 768w, https:\/\/agora.xtec.cat\/escolaramonllullbcn\/wp-content\/uploads\/usu2237\/2021\/02\/mates-1024x935.jpg 1024w, https:\/\/agora.xtec.cat\/escolaramonllullbcn\/wp-content\/uploads\/usu2237\/2021\/02\/mates.jpg 1080w\" sizes=\"auto, (max-width: 300px) 100vw, 300px\" \/><\/a>Paral\u00b7lelament a l&#8217;establiment dels Escenaris d&#8217;aprenentatge valorem la import\u00e0ncia de comptar amb una l\u00ednia metodol\u00f2gica de matem\u00e0tiques. Tot i que algunes activitats queden recollides dins de les programacions d&#8217;escenaris es diposita la confian\u00e7a en una editorial que ens aporta una <strong>nova perspectiva de l&#8217;\u00e0rea<\/strong> i que s&#8217;ha anat instaurant progressivament al centre.<br \/>\nEs tracta d&#8217;entendre les matem\u00e0tiques posant a l&#8217;aula el centre de l&#8217;acci\u00f3: partint de situacions properes i contextos que l&#8217;alumne coneix i pot solucionar, solucions que a l&#8217;hora s\u00f3n m\u00faltiples, com variades s\u00f3n les formes de resoldre. Permetent que tothom hi tingui cabuda, els alumnes m\u00e9s reproductius, els intu\u00eftius i els que arribin a l&#8217;abstracci\u00f3 amb facilitat. Qu\u00e8 tenim pel cam\u00ed ? L&#8217;\u00fas de <strong>materials manipulatius<\/strong> i representatius de la realitat i el <strong>raonament<\/strong> com a proc\u00e9s principal.<\/p>\n<p>No nom\u00e9s \u00e9s reproduir, sin\u00f3 que tamb\u00e9 \u00e9s interpretar, raonar, representar, relacionar, comprendre i compartir.<\/p>\n<p>&nbsp;<\/p>\n","protected":false},"excerpt":{"rendered":"<p><a href=\"https:\/\/agora.xtec.cat\/escolaramonllullbcn\/wp-content\/uploads\/usu2237\/2021\/02\/mates.jpg\"><\/a>Paral\u00b7lelament a l&#8217;establiment dels Escenaris d&#8217;aprenentatge valorem la import\u00e0ncia de comptar amb una l\u00ednia metodol\u00f2gica de matem\u00e0tiques. Tot i que algunes activitats queden recollides dins de les programacions d&#8217;escenaris es diposita la confian\u00e7a en una editorial que ens aporta una nova perspectiva de l&#8217;\u00e0rea&hellip;  <a href=\"https:\/\/agora.xtec.cat\/escolaramonllullbcn\/projecte-educatiu\/enfocament-matematic\/\" title=\"Read Enfocament matem\u00e0tic\">Llegeix m\u00e9s\u00bb<\/a><\/p>\n","protected":false},"author":1,"featured_media":0,"parent":64,"menu_order":25,"comment_status":"closed","ping_status":"closed","template":"page-templates\/side-menu.php","meta":{"_bbp_topic_count":0,"_bbp_reply_count":0,"_bbp_total_topic_count":0,"_bbp_total_reply_count":0,"_bbp_voice_count":0,"_bbp_anonymous_reply_count":0,"_bbp_topic_count_hidden":0,"_bbp_reply_count_hidden":0,"_bbp_forum_subforum_count":0,"footnotes":""},"class_list":["post-715","page","type-page","status-publish","hentry"],"post_mailing_queue_ids":[],"_links":{"self":[{"href":"https:\/\/agora.xtec.cat\/escolaramonllullbcn\/wp-json\/wp\/v2\/pages\/715","targetHints":{"allow":["GET"]}}],"collection":[{"href":"https:\/\/agora.xtec.cat\/escolaramonllullbcn\/wp-json\/wp\/v2\/pages"}],"about":[{"href":"https:\/\/agora.xtec.cat\/escolaramonllullbcn\/wp-json\/wp\/v2\/types\/page"}],"author":[{"embeddable":true,"href":"https:\/\/agora.xtec.cat\/escolaramonllullbcn\/wp-json\/wp\/v2\/users\/1"}],"replies":[{"embeddable":true,"href":"https:\/\/agora.xtec.cat\/escolaramonllullbcn\/wp-json\/wp\/v2\/comments?post=715"}],"version-history":[{"count":3,"href":"https:\/\/agora.xtec.cat\/escolaramonllullbcn\/wp-json\/wp\/v2\/pages\/715\/revisions"}],"predecessor-version":[{"id":1414,"href":"https:\/\/agora.xtec.cat\/escolaramonllullbcn\/wp-json\/wp\/v2\/pages\/715\/revisions\/1414"}],"up":[{"embeddable":true,"href":"https:\/\/agora.xtec.cat\/escolaramonllullbcn\/wp-json\/wp\/v2\/pages\/64"}],"wp:attachment":[{"href":"https:\/\/agora.xtec.cat\/escolaramonllullbcn\/wp-json\/wp\/v2\/media?parent=715"}],"curies":[{"name":"wp","href":"https:\/\/api.w.org\/{rel}","templated":true}]}}