{"id":64,"date":"2014-09-18T12:39:08","date_gmt":"2014-09-18T11:39:08","guid":{"rendered":"http:\/\/agora.xtec.cat\/ceip-ramonllull-bcn\/?page_id=64"},"modified":"2021-01-07T14:22:18","modified_gmt":"2021-01-07T13:22:18","slug":"projecte-educatiu","status":"publish","type":"page","link":"https:\/\/agora.xtec.cat\/escolaramonllullbcn\/projecte-educatiu\/","title":{"rendered":"Projecte educatiu"},"content":{"rendered":"<p style=\"text-align: justify;\">El Projecte Educatiu (PEC) \u00e9s el document que guia l\u2019activitat de tota la comunitat educativa. \u00c9s l\u2019instrument en el que es recull la identitat del centre, explicita els objectius, orienta l\u2019activitat i fonamenta les bases pel proc\u00e9s d\u2019ensenyament &#8211; aprenentatge, amb la finalitat que els infants assoleixin les compet\u00e8ncies b\u00e0siques i el m\u00e0xim aprofitament educatiu.<\/p>\n<p style=\"text-align: justify;\">Cal tenir en compte que hi ha altres documents propis del centre que formen part del PEC (pla anual, mem\u00f2ries, plans de treball, pla d\u2019acollida, projecte ling\u00fc\u00edstic\u2026), per tant cal entendre el PEC com l\u2019eix central d\u2019una xarxa de documents que se\u2019n despleguen.<\/p>\n<p style=\"text-align: justify;\">Us mostrem algunes de les informacions m\u00e9s rellevants.<\/p>\n","protected":false},"excerpt":{"rendered":"<p>El Projecte Educatiu (PEC) \u00e9s el document que guia l\u2019activitat de tota la comunitat educativa. \u00c9s l\u2019instrument en el que es recull la identitat del centre, explicita els objectius, orienta l\u2019activitat i fonamenta les bases pel proc\u00e9s d\u2019ensenyament &#8211; aprenentatge, amb la finalitat que els&hellip;  <a href=\"https:\/\/agora.xtec.cat\/escolaramonllullbcn\/projecte-educatiu\/\" title=\"Read Projecte educatiu\">Llegeix m\u00e9s\u00bb<\/a><\/p>\n","protected":false},"author":1,"featured_media":0,"parent":0,"menu_order":0,"comment_status":"closed","ping_status":"closed","template":"page-templates\/side-menu.php","meta":{"_bbp_topic_count":0,"_bbp_reply_count":0,"_bbp_total_topic_count":0,"_bbp_total_reply_count":0,"_bbp_voice_count":0,"_bbp_anonymous_reply_count":0,"_bbp_topic_count_hidden":0,"_bbp_reply_count_hidden":0,"_bbp_forum_subforum_count":0,"footnotes":""},"class_list":["post-64","page","type-page","status-publish","hentry"],"post_mailing_queue_ids":[],"_links":{"self":[{"href":"https:\/\/agora.xtec.cat\/escolaramonllullbcn\/wp-json\/wp\/v2\/pages\/64","targetHints":{"allow":["GET"]}}],"collection":[{"href":"https:\/\/agora.xtec.cat\/escolaramonllullbcn\/wp-json\/wp\/v2\/pages"}],"about":[{"href":"https:\/\/agora.xtec.cat\/escolaramonllullbcn\/wp-json\/wp\/v2\/types\/page"}],"author":[{"embeddable":true,"href":"https:\/\/agora.xtec.cat\/escolaramonllullbcn\/wp-json\/wp\/v2\/users\/1"}],"replies":[{"embeddable":true,"href":"https:\/\/agora.xtec.cat\/escolaramonllullbcn\/wp-json\/wp\/v2\/comments?post=64"}],"version-history":[{"count":2,"href":"https:\/\/agora.xtec.cat\/escolaramonllullbcn\/wp-json\/wp\/v2\/pages\/64\/revisions"}],"predecessor-version":[{"id":677,"href":"https:\/\/agora.xtec.cat\/escolaramonllullbcn\/wp-json\/wp\/v2\/pages\/64\/revisions\/677"}],"wp:attachment":[{"href":"https:\/\/agora.xtec.cat\/escolaramonllullbcn\/wp-json\/wp\/v2\/media?parent=64"}],"curies":[{"name":"wp","href":"https:\/\/api.w.org\/{rel}","templated":true}]}}