{"id":632,"date":"2021-01-05T18:40:40","date_gmt":"2021-01-05T17:40:40","guid":{"rendered":"https:\/\/agora.xtec.cat\/ceip-ramonllull-bcn\/?page_id=632"},"modified":"2021-02-21T17:49:24","modified_gmt":"2021-02-21T16:49:24","slug":"projecte-tandem","status":"publish","type":"page","link":"https:\/\/agora.xtec.cat\/escolaramonllullbcn\/projecte-educatiu\/projecte-tandem\/","title":{"rendered":"Projecte T\u00e0ndem"},"content":{"rendered":"<p style=\"text-align: justify;\">El Projecte T\u00e0ndem \u00e9s un projecte d\u2019innovaci\u00f3, dissenyat pensant en la sostenibilitat a llarg termini, que t\u00e9 com a principal objectiu dotar al centre d\u2019eines pedag\u00f2giques per implementar un model estable d\u2019integraci\u00f3 de les arts esc\u00e8niques en el Projecte Educatiu de Centre, millorant la formaci\u00f3 i els resultats acad\u00e8mics dels alumnes.<\/p>\n<ul style=\"list-style-type: disc;\">\n<li>Quin ha estat el cam\u00ed ?<\/li>\n<\/ul>\n<p style=\"text-align: justify;\">El curs 2016-2017 acceptem la proposta del Departament d\u2019Innovaci\u00f3 del Consorci d\u2019Educaci\u00f3 de Barcelona i comencem a formar part d\u2019aquest projecte que ens mantindr\u00e0 estretament units al <strong>Teatre Nacional de Catalunya<\/strong> i la <strong>Fundaci\u00f3 Catalunya La Pedrera<\/strong>.<\/p>\n<p style=\"text-align: justify;\">De la m\u00e0 d\u2019aquestes importants entitats, engeguem un pla de formaci\u00f3 pels docents que esdev\u00e9 la clau per la transformaci\u00f3 educativa que es pretenia. Paral\u00b7lelament, s\u2019inicia un proc\u00e9s de diagnosi i de reflexi\u00f3 profunda sobre molts dels aspectes que incideixen en el proc\u00e9s d\u2019ensenyament-aprenentatge i tamb\u00e9 a la nostra Comunitat Educativa.<\/p>\n<p style=\"text-align: justify;\">A poc a poc es van anar produint canvis que ens han aportat una nova mirada vers l\u2019infant, l\u2019aprenentatge i la singularitat del centre on el teatre i les arts esc\u00e8niques tenen un paper principal.<\/p>\n<p><a href=\"https:\/\/agora.xtec.cat\/escolaramonllullbcn\/wp-content\/uploads\/usu2237\/2021\/02\/tandem.jpg\"><img loading=\"lazy\" decoding=\"async\" class=\"aligncenter size-medium wp-image-1411\" src=\"https:\/\/agora.xtec.cat\/escolaramonllullbcn\/wp-content\/uploads\/usu2237\/2021\/02\/tandem-249x300.jpg\" alt=\"\" width=\"249\" height=\"300\" srcset=\"https:\/\/agora.xtec.cat\/escolaramonllullbcn\/wp-content\/uploads\/usu2237\/2021\/02\/tandem-249x300.jpg 249w, https:\/\/agora.xtec.cat\/escolaramonllullbcn\/wp-content\/uploads\/usu2237\/2021\/02\/tandem-768x925.jpg 768w, https:\/\/agora.xtec.cat\/escolaramonllullbcn\/wp-content\/uploads\/usu2237\/2021\/02\/tandem-850x1024.jpg 850w, https:\/\/agora.xtec.cat\/escolaramonllullbcn\/wp-content\/uploads\/usu2237\/2021\/02\/tandem.jpg 1080w\" sizes=\"auto, (max-width: 249px) 100vw, 249px\" \/><\/a><\/p>\n","protected":false},"excerpt":{"rendered":"<p>El Projecte T\u00e0ndem \u00e9s un projecte d\u2019innovaci\u00f3, dissenyat pensant en la sostenibilitat a llarg termini, que t\u00e9 com a principal objectiu dotar al centre d\u2019eines pedag\u00f2giques per implementar un model estable d\u2019integraci\u00f3 de les arts esc\u00e8niques en el Projecte Educatiu de Centre, millorant la formaci\u00f3&hellip;  <a href=\"https:\/\/agora.xtec.cat\/escolaramonllullbcn\/projecte-educatiu\/projecte-tandem\/\" title=\"Read Projecte T\u00e0ndem\">Llegeix m\u00e9s\u00bb<\/a><\/p>\n","protected":false},"author":1,"featured_media":0,"parent":64,"menu_order":0,"comment_status":"closed","ping_status":"closed","template":"page-templates\/side-menu.php","meta":{"_bbp_topic_count":0,"_bbp_reply_count":0,"_bbp_total_topic_count":0,"_bbp_total_reply_count":0,"_bbp_voice_count":0,"_bbp_anonymous_reply_count":0,"_bbp_topic_count_hidden":0,"_bbp_reply_count_hidden":0,"_bbp_forum_subforum_count":0,"footnotes":""},"class_list":["post-632","page","type-page","status-publish","hentry"],"post_mailing_queue_ids":[],"_links":{"self":[{"href":"https:\/\/agora.xtec.cat\/escolaramonllullbcn\/wp-json\/wp\/v2\/pages\/632","targetHints":{"allow":["GET"]}}],"collection":[{"href":"https:\/\/agora.xtec.cat\/escolaramonllullbcn\/wp-json\/wp\/v2\/pages"}],"about":[{"href":"https:\/\/agora.xtec.cat\/escolaramonllullbcn\/wp-json\/wp\/v2\/types\/page"}],"author":[{"embeddable":true,"href":"https:\/\/agora.xtec.cat\/escolaramonllullbcn\/wp-json\/wp\/v2\/users\/1"}],"replies":[{"embeddable":true,"href":"https:\/\/agora.xtec.cat\/escolaramonllullbcn\/wp-json\/wp\/v2\/comments?post=632"}],"version-history":[{"count":4,"href":"https:\/\/agora.xtec.cat\/escolaramonllullbcn\/wp-json\/wp\/v2\/pages\/632\/revisions"}],"predecessor-version":[{"id":1412,"href":"https:\/\/agora.xtec.cat\/escolaramonllullbcn\/wp-json\/wp\/v2\/pages\/632\/revisions\/1412"}],"up":[{"embeddable":true,"href":"https:\/\/agora.xtec.cat\/escolaramonllullbcn\/wp-json\/wp\/v2\/pages\/64"}],"wp:attachment":[{"href":"https:\/\/agora.xtec.cat\/escolaramonllullbcn\/wp-json\/wp\/v2\/media?parent=632"}],"curies":[{"name":"wp","href":"https:\/\/api.w.org\/{rel}","templated":true}]}}