{"id":630,"date":"2021-01-05T18:40:40","date_gmt":"2021-01-05T17:40:40","guid":{"rendered":"https:\/\/agora.xtec.cat\/ceip-ramonllull-bcn\/?page_id=630"},"modified":"2025-09-14T12:28:39","modified_gmt":"2025-09-14T10:28:39","slug":"organitzacio","status":"publish","type":"page","link":"https:\/\/agora.xtec.cat\/escolaramonllullbcn\/projecte-educatiu\/projecte-tandem\/organitzacio\/","title":{"rendered":"Organitzaci\u00f3"},"content":{"rendered":"<p style=\"text-align: justify;\">Per fer realitat alguns dels nostres principis metodol\u00f2gics els primers canvis es van realitzar a l\u2019\u00e0mbit organitzatiu. Comptem amb una bastida d\u2019horari amb espai per a la realitzaci\u00f3 de diferents activitats que permeten desenvolupar la nostra singularitat:<\/p>\n<p style=\"text-align: justify;\"><strong>Treball sistem\u00e0tic<\/strong>: Les \u00e0rees instrumentals es treballen de forma globalitzada. Aix\u00f2 es tradueix amb la incorporaci\u00f3 dels objectius propis de cada mat\u00e8ria amb propostes relacionades amb l\u2019Escenari\u00a0 i no de forma a\u00efllada.<\/p>\n<p style=\"text-align: justify;\"><strong>Escenaris d\u2019aprenentatge<\/strong>: Bona part de l\u2019horari lectiu el dediquem a desenvolupar els reptes teatralitzats que s\u00f3n les nostres propostes did\u00e0ctiques. Projectes d\u2019investigaci\u00f3 que ens permeten desenvolupar les compet\u00e8ncies b\u00e0siques de forma activa, participativa i vivencial.<\/p>\n<p style=\"text-align: justify;\"><strong>Especialitats<\/strong>: Es mantenen sessions per assolir les compet\u00e8ncies dels \u00e0mbits que tenen un docent especialitzat. Aquests intervenen a la programaci\u00f3 dels diferents nivells i elaboren propostes de les seves especialitats tamb\u00e9 relacionades amb els Escenaris.<\/p>\n<p style=\"text-align: justify;\">A Infantil es realitza un tractament totalment globalitzat dels aprenentatges i aix\u00f2 es reflecteix al seu horari, tal com veureu a l\u2019apartat \u201cAmbients d\u2019aprenentatge\u201d. Ara b\u00e9, tamb\u00e9 es desenvolupen les \u00e0rees de psicomotricitat a tots els nivells i l\u2019angl\u00e8s que s\u2019introdueix a partir d&#8217;I5.<\/p>\n<ul>\n<li style=\"text-align: justify;\"><strong>I a nivell intern ?<\/strong><\/li>\n<\/ul>\n<p style=\"text-align: justify;\">El disseny dels escenaris tenint en compte les estrat\u00e8gies esc\u00e8niques, la interdisciplinarietat dels \u00e0mbits, l\u2019atenci\u00f3 a la diversitat, l\u2019avaluaci\u00f3 competencial i la planificaci\u00f3 setmanal requereix un treball en equip intens i coordinat. L\u2019organitzaci\u00f3 de l\u2019horari no lectiu permet als especialistes participar tant en l\u2019elaboraci\u00f3 de la programaci\u00f3 com en la seva posada en pr\u00e0ctica a partir de reunions de coordinaci\u00f3 setmanals de tot l\u2019equip docent.<\/p>\n","protected":false},"excerpt":{"rendered":"<p>Per fer realitat alguns dels nostres principis metodol\u00f2gics els primers canvis es van realitzar a l\u2019\u00e0mbit organitzatiu. Comptem amb una bastida d\u2019horari amb espai per a la realitzaci\u00f3 de diferents activitats que permeten desenvolupar la nostra singularitat:<br \/>\nTreball sistem\u00e0tic: Les \u00e0rees instrumentals es treballen de forma&hellip;  <a href=\"https:\/\/agora.xtec.cat\/escolaramonllullbcn\/projecte-educatiu\/projecte-tandem\/organitzacio\/\" title=\"Read Organitzaci\u00f3\">Llegeix m\u00e9s\u00bb<\/a><\/p>\n","protected":false},"author":1,"featured_media":0,"parent":632,"menu_order":0,"comment_status":"closed","ping_status":"closed","template":"page-templates\/side-menu.php","meta":{"_bbp_topic_count":0,"_bbp_reply_count":0,"_bbp_total_topic_count":0,"_bbp_total_reply_count":0,"_bbp_voice_count":0,"_bbp_anonymous_reply_count":0,"_bbp_topic_count_hidden":0,"_bbp_reply_count_hidden":0,"_bbp_forum_subforum_count":0,"footnotes":""},"class_list":["post-630","page","type-page","status-publish","hentry"],"post_mailing_queue_ids":[],"_links":{"self":[{"href":"https:\/\/agora.xtec.cat\/escolaramonllullbcn\/wp-json\/wp\/v2\/pages\/630","targetHints":{"allow":["GET"]}}],"collection":[{"href":"https:\/\/agora.xtec.cat\/escolaramonllullbcn\/wp-json\/wp\/v2\/pages"}],"about":[{"href":"https:\/\/agora.xtec.cat\/escolaramonllullbcn\/wp-json\/wp\/v2\/types\/page"}],"author":[{"embeddable":true,"href":"https:\/\/agora.xtec.cat\/escolaramonllullbcn\/wp-json\/wp\/v2\/users\/1"}],"replies":[{"embeddable":true,"href":"https:\/\/agora.xtec.cat\/escolaramonllullbcn\/wp-json\/wp\/v2\/comments?post=630"}],"version-history":[{"count":4,"href":"https:\/\/agora.xtec.cat\/escolaramonllullbcn\/wp-json\/wp\/v2\/pages\/630\/revisions"}],"predecessor-version":[{"id":4168,"href":"https:\/\/agora.xtec.cat\/escolaramonllullbcn\/wp-json\/wp\/v2\/pages\/630\/revisions\/4168"}],"up":[{"embeddable":true,"href":"https:\/\/agora.xtec.cat\/escolaramonllullbcn\/wp-json\/wp\/v2\/pages\/632"}],"wp:attachment":[{"href":"https:\/\/agora.xtec.cat\/escolaramonllullbcn\/wp-json\/wp\/v2\/media?parent=630"}],"curies":[{"name":"wp","href":"https:\/\/api.w.org\/{rel}","templated":true}]}}