{"id":629,"date":"2021-01-05T18:40:40","date_gmt":"2021-01-05T17:40:40","guid":{"rendered":"https:\/\/agora.xtec.cat\/ceip-ramonllull-bcn\/?page_id=629"},"modified":"2021-02-21T18:19:48","modified_gmt":"2021-02-21T17:19:48","slug":"metodologia","status":"publish","type":"page","link":"https:\/\/agora.xtec.cat\/escolaramonllullbcn\/projecte-educatiu\/projecte-tandem\/metodologia\/","title":{"rendered":"Metodologia"},"content":{"rendered":"<p>Els trets principals de la nostra proposta:<\/p>\n<p style=\"text-align: justify;\"><strong style=\"text-align: justify;\">Competencial<\/strong><span style=\"text-align: justify;\">: En un context de canvi constant com l\u2019actual, el Curr\u00edculum vigent ens ofereix les directrius per desplegar les compet\u00e8ncies que l\u2019infant haur\u00e0 d\u2019assolir per actuar en aquest m\u00f3n din\u00e0mic i divers. Seleccionem i definim els continguts clau que es treballaran a cada proposta, per\u00f2 els nostres objectius s\u00f3n les compet\u00e8ncies que s\u2019han d\u2019adquirir. No es tracta nom\u00e9s d\u2019incorporar coneixements, sin\u00f3 saber en quin moment aplicar i quines estrat\u00e8gies seguir.<\/span><\/p>\n<p style=\"text-align: justify;\"><strong style=\"text-align: justify;\">Significativa<\/strong><span style=\"text-align: justify;\">: El mitj\u00e0 per desplegar les compet\u00e8ncies no pot ser un altre que el m\u00f3n on volem incidir. <a href=\"https:\/\/agora.xtec.cat\/escolaramonllullbcn\/wp-content\/uploads\/usu2237\/2021\/02\/timbalers.jpg\"><img loading=\"lazy\" decoding=\"async\" class=\"size-thumbnail wp-image-1424 alignright\" src=\"https:\/\/agora.xtec.cat\/escolaramonllullbcn\/wp-content\/uploads\/usu2237\/2021\/02\/timbalers-150x150.jpg\" alt=\"\" width=\"150\" height=\"150\" \/><\/a>Ens basem en propostes significatives per l\u2019infant que parteixen de situacions reals on es puguin mostrar m\u00e9s implicats i de retruc, en el seu propi proc\u00e9s d\u2019aprenentatge.<\/span><\/p>\n<p style=\"text-align: justify;\"><strong style=\"text-align: justify;\">Interdisciplinar i globalitzada<\/strong><span style=\"text-align: justify;\">: la realitat no es troba parcel\u00b7lada ni compartimentada i la resoluci\u00f3 de situacions reals no t\u00e9 resposta des d\u2019un \u00e0mbit \u00fanicament. Per aquest motiu intentem que cada cop m\u00e9s els reptes proposats requereixin totes les \u00e0rees per obtenir resposta.<\/span><\/p>\n<p style=\"text-align: justify;\"><strong style=\"text-align: justify;\">Arts esc\u00e8niques<\/strong><span style=\"text-align: justify;\">: Les propostes teatrals, el joc i la fantasia posen en funcionament la ment, el moviment del cos i el cor des del vessant emocional.<\/span><\/p>\n<p style=\"text-align: justify;\"><strong style=\"text-align: justify;\">Inclusiva<\/strong><span style=\"text-align: justify;\">: Es fan programacions multinivell on es recullen les mesures per atendre a la diversitat: infants de la SIEI, de l\u2019aula d\u2019acollida, de suport ling\u00fc\u00edstic i amb dificultats d\u2019aprenentatge, entre d\u2019altres.<\/span><\/p>\n<p style=\"text-align: justify;\"><strong>Avaluaci\u00f3<\/strong>: Es parteix d\u2019un enfocament on cada cop l\u2019avaluaci\u00f3 forma m\u00e9s part del proc\u00e9s d\u2019aprenentatge, servint per regular el propi proc\u00e9s d\u2019aprenentatge i orientar a l\u2019infant i el docent.<\/p>\n","protected":false},"excerpt":{"rendered":"<p>Els trets principals de la nostra proposta:<br \/>\nCompetencial: En un context de canvi constant com l\u2019actual, el Curr\u00edculum vigent ens ofereix les directrius per desplegar les compet\u00e8ncies que l\u2019infant haur\u00e0 d\u2019assolir per actuar en aquest m\u00f3n din\u00e0mic i divers. Seleccionem i definim els continguts clau que&hellip;  <a href=\"https:\/\/agora.xtec.cat\/escolaramonllullbcn\/projecte-educatiu\/projecte-tandem\/metodologia\/\" title=\"Read Metodologia\">Llegeix m\u00e9s\u00bb<\/a><\/p>\n","protected":false},"author":1,"featured_media":0,"parent":632,"menu_order":0,"comment_status":"closed","ping_status":"closed","template":"page-templates\/side-menu.php","meta":{"_bbp_topic_count":0,"_bbp_reply_count":0,"_bbp_total_topic_count":0,"_bbp_total_reply_count":0,"_bbp_voice_count":0,"_bbp_anonymous_reply_count":0,"_bbp_topic_count_hidden":0,"_bbp_reply_count_hidden":0,"_bbp_forum_subforum_count":0,"footnotes":""},"class_list":["post-629","page","type-page","status-publish","hentry"],"post_mailing_queue_ids":[],"_links":{"self":[{"href":"https:\/\/agora.xtec.cat\/escolaramonllullbcn\/wp-json\/wp\/v2\/pages\/629","targetHints":{"allow":["GET"]}}],"collection":[{"href":"https:\/\/agora.xtec.cat\/escolaramonllullbcn\/wp-json\/wp\/v2\/pages"}],"about":[{"href":"https:\/\/agora.xtec.cat\/escolaramonllullbcn\/wp-json\/wp\/v2\/types\/page"}],"author":[{"embeddable":true,"href":"https:\/\/agora.xtec.cat\/escolaramonllullbcn\/wp-json\/wp\/v2\/users\/1"}],"replies":[{"embeddable":true,"href":"https:\/\/agora.xtec.cat\/escolaramonllullbcn\/wp-json\/wp\/v2\/comments?post=629"}],"version-history":[{"count":3,"href":"https:\/\/agora.xtec.cat\/escolaramonllullbcn\/wp-json\/wp\/v2\/pages\/629\/revisions"}],"predecessor-version":[{"id":1425,"href":"https:\/\/agora.xtec.cat\/escolaramonllullbcn\/wp-json\/wp\/v2\/pages\/629\/revisions\/1425"}],"up":[{"embeddable":true,"href":"https:\/\/agora.xtec.cat\/escolaramonllullbcn\/wp-json\/wp\/v2\/pages\/632"}],"wp:attachment":[{"href":"https:\/\/agora.xtec.cat\/escolaramonllullbcn\/wp-json\/wp\/v2\/media?parent=629"}],"curies":[{"name":"wp","href":"https:\/\/api.w.org\/{rel}","templated":true}]}}