{"id":595,"date":"2021-01-05T16:13:55","date_gmt":"2021-01-05T15:13:55","guid":{"rendered":"https:\/\/agora.xtec.cat\/ceip-ramonllull-bcn\/?page_id=595"},"modified":"2021-01-08T15:38:17","modified_gmt":"2021-01-08T14:38:17","slug":"cultura-de-centre","status":"publish","type":"page","link":"https:\/\/agora.xtec.cat\/escolaramonllullbcn\/projecte-educatiu\/projecte-tandem\/cultura-de-centre\/","title":{"rendered":"Cultura de centre"},"content":{"rendered":"<p style=\"text-align: justify;\">El projecte T\u00e0ndem vetlla per generar Cultura de Centre compartint valors entre tots els membres de la comunitat educativa.<\/p>\n<p style=\"text-align: justify;\">Ens ha perm\u00e8s l\u2019oportunitat de generar <strong>vies de comunicaci\u00f3<\/strong> amb les fam\u00edlies que seguim millorant i potenciant perqu\u00e8 siguin accessibles i v\u00e0lides per tots i totes. Seguim treballant per crear una imatge atractiva que doni a con\u00e8ixer el projecte singular del centre i aquesta nova web n\u2019\u00e9s un nou exemple.<\/p>\n<p style=\"text-align: justify;\">Establir noves oportunitats de treball conjunt, empoderar els diferents sectors que en formem part, fer cr\u00e9ixer el sentiment de pertinen\u00e7a &#8230;., tot per assolir el <strong>benestar emocional<\/strong> i el <strong>respecte mutu<\/strong> de tots els qui participem de la vida a l\u2019escola Ramon Llull.<\/p>\n<p><img loading=\"lazy\" decoding=\"async\" class=\"aligncenter size-medium wp-image-726\" src=\"https:\/\/agora.xtec.cat\/escolaramonllullbcn\/wp-content\/uploads\/usu2237\/2021\/01\/comunitat-educativa-300x203.jpg\" alt=\"\" width=\"300\" height=\"203\" srcset=\"https:\/\/agora.xtec.cat\/escolaramonllullbcn\/wp-content\/uploads\/usu2237\/2021\/01\/comunitat-educativa-300x203.jpg 300w, https:\/\/agora.xtec.cat\/escolaramonllullbcn\/wp-content\/uploads\/usu2237\/2021\/01\/comunitat-educativa.jpg 640w\" sizes=\"auto, (max-width: 300px) 100vw, 300px\" \/><\/p>\n","protected":false},"excerpt":{"rendered":"<p>El projecte T\u00e0ndem vetlla per generar Cultura de Centre compartint valors entre tots els membres de la comunitat educativa.<br \/>\nEns ha perm\u00e8s l\u2019oportunitat de generar vies de comunicaci\u00f3 amb les fam\u00edlies que seguim millorant i potenciant perqu\u00e8 siguin accessibles i v\u00e0lides per tots i totes. Seguim&hellip;  <a href=\"https:\/\/agora.xtec.cat\/escolaramonllullbcn\/projecte-educatiu\/projecte-tandem\/cultura-de-centre\/\" title=\"Read Cultura de centre\">Llegeix m\u00e9s\u00bb<\/a><\/p>\n","protected":false},"author":1,"featured_media":0,"parent":632,"menu_order":40,"comment_status":"closed","ping_status":"closed","template":"page-templates\/side-menu.php","meta":{"_bbp_topic_count":0,"_bbp_reply_count":0,"_bbp_total_topic_count":0,"_bbp_total_reply_count":0,"_bbp_voice_count":0,"_bbp_anonymous_reply_count":0,"_bbp_topic_count_hidden":0,"_bbp_reply_count_hidden":0,"_bbp_forum_subforum_count":0,"footnotes":""},"class_list":["post-595","page","type-page","status-publish","hentry"],"post_mailing_queue_ids":[],"_links":{"self":[{"href":"https:\/\/agora.xtec.cat\/escolaramonllullbcn\/wp-json\/wp\/v2\/pages\/595","targetHints":{"allow":["GET"]}}],"collection":[{"href":"https:\/\/agora.xtec.cat\/escolaramonllullbcn\/wp-json\/wp\/v2\/pages"}],"about":[{"href":"https:\/\/agora.xtec.cat\/escolaramonllullbcn\/wp-json\/wp\/v2\/types\/page"}],"author":[{"embeddable":true,"href":"https:\/\/agora.xtec.cat\/escolaramonllullbcn\/wp-json\/wp\/v2\/users\/1"}],"replies":[{"embeddable":true,"href":"https:\/\/agora.xtec.cat\/escolaramonllullbcn\/wp-json\/wp\/v2\/comments?post=595"}],"version-history":[{"count":2,"href":"https:\/\/agora.xtec.cat\/escolaramonllullbcn\/wp-json\/wp\/v2\/pages\/595\/revisions"}],"predecessor-version":[{"id":727,"href":"https:\/\/agora.xtec.cat\/escolaramonllullbcn\/wp-json\/wp\/v2\/pages\/595\/revisions\/727"}],"up":[{"embeddable":true,"href":"https:\/\/agora.xtec.cat\/escolaramonllullbcn\/wp-json\/wp\/v2\/pages\/632"}],"wp:attachment":[{"href":"https:\/\/agora.xtec.cat\/escolaramonllullbcn\/wp-json\/wp\/v2\/media?parent=595"}],"curies":[{"name":"wp","href":"https:\/\/api.w.org\/{rel}","templated":true}]}}