{"id":564,"date":"2021-01-04T19:55:45","date_gmt":"2021-01-04T18:55:45","guid":{"rendered":"https:\/\/agora.xtec.cat\/ceip-ramonllull-bcn\/?page_id=564"},"modified":"2025-09-14T12:35:34","modified_gmt":"2025-09-14T10:35:34","slug":"secretaria","status":"publish","type":"page","link":"https:\/\/agora.xtec.cat\/escolaramonllullbcn\/comunicacio\/secretaria\/","title":{"rendered":"Secretaria"},"content":{"rendered":"<p>Aqu\u00ed teniu informaci\u00f3 important per contactar amb la <strong>secretaria<\/strong> del centre \u2757\u2757<\/p>\n<p>Ells us acompanyaran i atendran en tr\u00e0mits i procediments com la preinscripci\u00f3 i matriculaci\u00f3, sol\u00b7licitud de beques i ajuts, pagament de quotes i despeses, entre d&#8217;altres q\u00fcestions.<\/p>\n<p><strong>Administrativa<\/strong>: Neus Espias Orozco<\/p>\n<p>Matins: 9:00h &#8211; 13:00h<\/p>\n<p>Dimarts i dijous : 15:00h &#8211; 17:00<\/p>\n<p><strong>Secret\u00e0ria: Goretti Riera<\/strong><\/p>\n<p>(concretar cita amb administraci\u00f3)<\/p>\n<p>Podeu contactar amb elles:<\/p>\n<p>\u260e<strong> 93.231.34.57<\/strong><\/p>\n<p><strong> \u2709 <a class=\"rABsFf RffVmb AL18ce\" href=\"mailto:escolaramonllullbcn@xtec.cat\" target=\"_blank\" rel=\"noopener noreferrer\" data-tooltip=\"Del perfil de l'organitzaci\u00f3 de l'usuari\" data-tooltip-position=\"top\">escolaramonllullbcn@xtec.cat<\/a><\/strong><\/p>\n<p style=\"text-align: center;\">\n","protected":false},"excerpt":{"rendered":"<p>Aqu\u00ed teniu informaci\u00f3 important per contactar amb la secretaria del centre \u2757\u2757<br \/>\nElls us acompanyaran i atendran en tr\u00e0mits i procediments com la preinscripci\u00f3 i matriculaci\u00f3, sol\u00b7licitud de beques i ajuts, pagament de quotes i despeses, entre d&#8217;altres q\u00fcestions.<br \/>\nAdministrativa: Neus Espias Orozco<br \/>\nMatins: 9:00h &#8211; 13:00h<br \/>\nDimarts i&hellip;  <a href=\"https:\/\/agora.xtec.cat\/escolaramonllullbcn\/comunicacio\/secretaria\/\" title=\"Read Secretaria\">Llegeix m\u00e9s\u00bb<\/a><\/p>\n","protected":false},"author":1,"featured_media":0,"parent":521,"menu_order":0,"comment_status":"closed","ping_status":"closed","template":"page-templates\/side-menu.php","meta":{"_bbp_topic_count":0,"_bbp_reply_count":0,"_bbp_total_topic_count":0,"_bbp_total_reply_count":0,"_bbp_voice_count":0,"_bbp_anonymous_reply_count":0,"_bbp_topic_count_hidden":0,"_bbp_reply_count_hidden":0,"_bbp_forum_subforum_count":0,"footnotes":""},"class_list":["post-564","page","type-page","status-publish","hentry"],"post_mailing_queue_ids":[],"_links":{"self":[{"href":"https:\/\/agora.xtec.cat\/escolaramonllullbcn\/wp-json\/wp\/v2\/pages\/564","targetHints":{"allow":["GET"]}}],"collection":[{"href":"https:\/\/agora.xtec.cat\/escolaramonllullbcn\/wp-json\/wp\/v2\/pages"}],"about":[{"href":"https:\/\/agora.xtec.cat\/escolaramonllullbcn\/wp-json\/wp\/v2\/types\/page"}],"author":[{"embeddable":true,"href":"https:\/\/agora.xtec.cat\/escolaramonllullbcn\/wp-json\/wp\/v2\/users\/1"}],"replies":[{"embeddable":true,"href":"https:\/\/agora.xtec.cat\/escolaramonllullbcn\/wp-json\/wp\/v2\/comments?post=564"}],"version-history":[{"count":6,"href":"https:\/\/agora.xtec.cat\/escolaramonllullbcn\/wp-json\/wp\/v2\/pages\/564\/revisions"}],"predecessor-version":[{"id":4174,"href":"https:\/\/agora.xtec.cat\/escolaramonllullbcn\/wp-json\/wp\/v2\/pages\/564\/revisions\/4174"}],"up":[{"embeddable":true,"href":"https:\/\/agora.xtec.cat\/escolaramonllullbcn\/wp-json\/wp\/v2\/pages\/521"}],"wp:attachment":[{"href":"https:\/\/agora.xtec.cat\/escolaramonllullbcn\/wp-json\/wp\/v2\/media?parent=564"}],"curies":[{"name":"wp","href":"https:\/\/api.w.org\/{rel}","templated":true}]}}