{"id":524,"date":"2021-01-04T17:42:17","date_gmt":"2021-01-04T16:42:17","guid":{"rendered":"https:\/\/agora.xtec.cat\/ceip-ramonllull-bcn\/?page_id=524"},"modified":"2021-01-08T18:08:41","modified_gmt":"2021-01-08T17:08:41","slug":"escenaris-daprenentatge","status":"publish","type":"page","link":"https:\/\/agora.xtec.cat\/escolaramonllullbcn\/projecte-educatiu\/escenaris-daprenentatge\/","title":{"rendered":"Escenaris d&#8217;aprenentatge"},"content":{"rendered":"<p style=\"text-align: justify;\">Els Escenaris d\u2019aprenentatge s\u00f3n les <strong>propostes pedag\u00f2giques<\/strong> que oferim als infants per aprendre i tenen una durada trimestral. Parteixen de situacions reals o fict\u00edcies en les quals els nens i nenes participen de manera activa per resoldre un repte proposat. A Infantil, les hist\u00f2ries i personatges de <strong>contes<\/strong> ens ajuden a crear els escenaris.<\/p>\n<p style=\"text-align: justify;\">Els recursos teatrals ens serveixen en aquest cas, per contextualitzar les <strong>hist\u00f2ries<\/strong> que seran el fil conductor del repte. Tamb\u00e9 per crear i configurar l\u2019aparici\u00f3 de diferents <strong>personatges<\/strong> que transportaran als nens i nenes al m\u00f3n de la ficci\u00f3 on ells i elles, amb les seves investigacions i les seves viv\u00e8ncies, en donaran resposta.<\/p>\n<p style=\"text-align: justify;\">El <strong>Pacte de ficci\u00f3<\/strong> \u00e9s la porta que obre cap al m\u00f3n de la fantasia, l\u2019inici de cada sessi\u00f3 on docent i infant saben que a partir d\u2019aquell moment tot pot passar. Un personatge imaginari, una situaci\u00f3 rocambolesca o un fet que ha succe\u00eft, es converteixen en el motor i l\u2019element motivador per investigar i haver de donar resposta al repte que planteja.<\/p>\n<p style=\"text-align: justify;\">Les fam\u00edlies poden col\u00b7laborar aportant experi\u00e8ncies i coneixements a les aules que ajudin a resoldre els reptes que ens proposen els \u00a0escenaris . Tamb\u00e9 assistint a les jornades dels \u00a0<strong>Escenaris en fam\u00edlia<\/strong> on es pret\u00e9n mostrar i transmetre el proc\u00e9s d\u2019aprenentatge que s\u2019ha realitzat en l\u2019escenari ja sigui: fent teatre, fent exposicions art\u00edstiques o orals, compartint estones de joc, de viv\u00e8ncies&#8230;.<\/p>\n<p style=\"text-align: justify;\">Preparats i preparades per entrar en ficci\u00f3 ?<\/p>\n","protected":false},"excerpt":{"rendered":"<p>Els Escenaris d\u2019aprenentatge s\u00f3n les propostes pedag\u00f2giques que oferim als infants per aprendre i tenen una durada trimestral. Parteixen de situacions reals o fict\u00edcies en les quals els nens i nenes participen de manera activa per resoldre un repte proposat. A Infantil, les hist\u00f2ries i&hellip;  <a href=\"https:\/\/agora.xtec.cat\/escolaramonllullbcn\/projecte-educatiu\/escenaris-daprenentatge\/\" title=\"Read Escenaris d&#8217;aprenentatge\">Llegeix m\u00e9s\u00bb<\/a><\/p>\n","protected":false},"author":1,"featured_media":0,"parent":64,"menu_order":15,"comment_status":"closed","ping_status":"closed","template":"page-templates\/side-menu.php","meta":{"_bbp_topic_count":0,"_bbp_reply_count":0,"_bbp_total_topic_count":0,"_bbp_total_reply_count":0,"_bbp_voice_count":0,"_bbp_anonymous_reply_count":0,"_bbp_topic_count_hidden":0,"_bbp_reply_count_hidden":0,"_bbp_forum_subforum_count":0,"footnotes":""},"class_list":["post-524","page","type-page","status-publish","hentry"],"post_mailing_queue_ids":[],"_links":{"self":[{"href":"https:\/\/agora.xtec.cat\/escolaramonllullbcn\/wp-json\/wp\/v2\/pages\/524","targetHints":{"allow":["GET"]}}],"collection":[{"href":"https:\/\/agora.xtec.cat\/escolaramonllullbcn\/wp-json\/wp\/v2\/pages"}],"about":[{"href":"https:\/\/agora.xtec.cat\/escolaramonllullbcn\/wp-json\/wp\/v2\/types\/page"}],"author":[{"embeddable":true,"href":"https:\/\/agora.xtec.cat\/escolaramonllullbcn\/wp-json\/wp\/v2\/users\/1"}],"replies":[{"embeddable":true,"href":"https:\/\/agora.xtec.cat\/escolaramonllullbcn\/wp-json\/wp\/v2\/comments?post=524"}],"version-history":[{"count":3,"href":"https:\/\/agora.xtec.cat\/escolaramonllullbcn\/wp-json\/wp\/v2\/pages\/524\/revisions"}],"predecessor-version":[{"id":739,"href":"https:\/\/agora.xtec.cat\/escolaramonllullbcn\/wp-json\/wp\/v2\/pages\/524\/revisions\/739"}],"up":[{"embeddable":true,"href":"https:\/\/agora.xtec.cat\/escolaramonllullbcn\/wp-json\/wp\/v2\/pages\/64"}],"wp:attachment":[{"href":"https:\/\/agora.xtec.cat\/escolaramonllullbcn\/wp-json\/wp\/v2\/media?parent=524"}],"curies":[{"name":"wp","href":"https:\/\/api.w.org\/{rel}","templated":true}]}}