{"id":522,"date":"2021-01-04T17:42:17","date_gmt":"2021-01-04T16:42:17","guid":{"rendered":"https:\/\/agora.xtec.cat\/ceip-ramonllull-bcn\/?page_id=522"},"modified":"2021-01-16T17:18:36","modified_gmt":"2021-01-16T16:18:36","slug":"escola-familia","status":"publish","type":"page","link":"https:\/\/agora.xtec.cat\/escolaramonllullbcn\/comunicacio\/escola-familia\/","title":{"rendered":"Escola-Fam\u00edlia"},"content":{"rendered":"<p style=\"text-align: justify;\">Fam\u00edlia i escola representem el m\u00f3n davant dels ulls dels infants, som testimonis davant d\u2019ells i d\u2019alguna manera escoltem qu\u00e8 ens volen dir i procurem donar resposta a la seves necessitats, a tot all\u00f2 que els ser\u00e0 \u00fatil per viure i per conviure a la societat que anem construint entre tots.<\/p>\n<p style=\"text-align: justify;\">Estem conven\u00e7uts de la import\u00e0ncia que t\u00e9 que les dues institucions coordinem la nostra acci\u00f3 educativa, en un marc de <strong>comprom\u00eds i di\u00e0leg mutu<\/strong> per situar les necessitats dels infants per sobre d\u2019altres consideracions .<\/p>\n<p style=\"text-align: justify;\">La comunicaci\u00f3 esdev\u00e9 el principal mitj\u00e0 per aconseguir aquest lligam tan especial. Posem a l\u2019abast diferents canals: reunions grupals i individuals, agendes d\u2019aula o correus electr\u00f2nics amb les tutories, entre d\u2019altres. Tots ells ajudaran a construir una <strong>comunicaci\u00f3<\/strong> <strong>assertiva<\/strong>, <strong>constructiva<\/strong> i <strong>positiva<\/strong> entre fam\u00edlia i escola.<\/p>\n","protected":false},"excerpt":{"rendered":"<p>Fam\u00edlia i escola representem el m\u00f3n davant dels ulls dels infants, som testimonis davant d\u2019ells i d\u2019alguna manera escoltem qu\u00e8 ens volen dir i procurem donar resposta a la seves necessitats, a tot all\u00f2 que els ser\u00e0 \u00fatil per viure i per conviure a la&hellip;  <a href=\"https:\/\/agora.xtec.cat\/escolaramonllullbcn\/comunicacio\/escola-familia\/\" title=\"Read Escola-Fam\u00edlia\">Llegeix m\u00e9s\u00bb<\/a><\/p>\n","protected":false},"author":1,"featured_media":0,"parent":521,"menu_order":0,"comment_status":"closed","ping_status":"closed","template":"page-templates\/side-menu.php","meta":{"_bbp_topic_count":0,"_bbp_reply_count":0,"_bbp_total_topic_count":0,"_bbp_total_reply_count":0,"_bbp_voice_count":0,"_bbp_anonymous_reply_count":0,"_bbp_topic_count_hidden":0,"_bbp_reply_count_hidden":0,"_bbp_forum_subforum_count":0,"footnotes":""},"class_list":["post-522","page","type-page","status-publish","hentry"],"post_mailing_queue_ids":[],"_links":{"self":[{"href":"https:\/\/agora.xtec.cat\/escolaramonllullbcn\/wp-json\/wp\/v2\/pages\/522","targetHints":{"allow":["GET"]}}],"collection":[{"href":"https:\/\/agora.xtec.cat\/escolaramonllullbcn\/wp-json\/wp\/v2\/pages"}],"about":[{"href":"https:\/\/agora.xtec.cat\/escolaramonllullbcn\/wp-json\/wp\/v2\/types\/page"}],"author":[{"embeddable":true,"href":"https:\/\/agora.xtec.cat\/escolaramonllullbcn\/wp-json\/wp\/v2\/users\/1"}],"replies":[{"embeddable":true,"href":"https:\/\/agora.xtec.cat\/escolaramonllullbcn\/wp-json\/wp\/v2\/comments?post=522"}],"version-history":[{"count":3,"href":"https:\/\/agora.xtec.cat\/escolaramonllullbcn\/wp-json\/wp\/v2\/pages\/522\/revisions"}],"predecessor-version":[{"id":1096,"href":"https:\/\/agora.xtec.cat\/escolaramonllullbcn\/wp-json\/wp\/v2\/pages\/522\/revisions\/1096"}],"up":[{"embeddable":true,"href":"https:\/\/agora.xtec.cat\/escolaramonllullbcn\/wp-json\/wp\/v2\/pages\/521"}],"wp:attachment":[{"href":"https:\/\/agora.xtec.cat\/escolaramonllullbcn\/wp-json\/wp\/v2\/media?parent=522"}],"curies":[{"name":"wp","href":"https:\/\/api.w.org\/{rel}","templated":true}]}}