{"id":521,"date":"2021-01-04T17:42:17","date_gmt":"2021-01-04T16:42:17","guid":{"rendered":"https:\/\/agora.xtec.cat\/ceip-ramonllull-bcn\/?page_id=521"},"modified":"2021-01-16T18:47:51","modified_gmt":"2021-01-16T17:47:51","slug":"comunicacio","status":"publish","type":"page","link":"https:\/\/agora.xtec.cat\/escolaramonllullbcn\/comunicacio\/","title":{"rendered":"Comunicaci\u00f3"},"content":{"rendered":"<p style=\"text-align: justify;\">Podeu contactar directament amb secretaria, servei de menjador i AFA seguint les indicacions de les properes p\u00e0gines.<\/p>\n<p style=\"text-align: justify;\">Ara b\u00e9, per a qualsevol altra q\u00faesti\u00f3, dubte o b\u00e9 per deixar algun missatge, podeu contactar amb la consergeria del centre:<\/p>\n<p><strong> \u23f0 \u00a0 8:00h &#8211; 17:00h<\/strong><\/p>\n<p>\ud83d\udcde <strong>93.231.34.57<\/strong><\/p>\n<p>Els nostres conserges s\u00f3n:<\/p>\n<p><strong>Jes\u00fas Casares<\/strong><\/p>\n<p><strong>Teresa SIlleros<\/strong><\/p>\n","protected":false},"excerpt":{"rendered":"<p>Podeu contactar directament amb secretaria, servei de menjador i AFA seguint les indicacions de les properes p\u00e0gines.<br \/>\nAra b\u00e9, per a qualsevol altra q\u00faesti\u00f3, dubte o b\u00e9 per deixar algun missatge, podeu contactar amb la consergeria del centre:<br \/>\n \u23f0 \u00a0 8:00h &#8211; 17:00h<br \/>\n\ud83d\udcde 93.231.34.57<br \/>\nEls nostres conserges&hellip;  <a href=\"https:\/\/agora.xtec.cat\/escolaramonllullbcn\/comunicacio\/\" title=\"Read Comunicaci\u00f3\">Llegeix m\u00e9s\u00bb<\/a><\/p>\n","protected":false},"author":1,"featured_media":0,"parent":0,"menu_order":0,"comment_status":"closed","ping_status":"closed","template":"page-templates\/side-menu.php","meta":{"_bbp_topic_count":0,"_bbp_reply_count":0,"_bbp_total_topic_count":0,"_bbp_total_reply_count":0,"_bbp_voice_count":0,"_bbp_anonymous_reply_count":0,"_bbp_topic_count_hidden":0,"_bbp_reply_count_hidden":0,"_bbp_forum_subforum_count":0,"footnotes":""},"class_list":["post-521","page","type-page","status-publish","hentry"],"post_mailing_queue_ids":[],"_links":{"self":[{"href":"https:\/\/agora.xtec.cat\/escolaramonllullbcn\/wp-json\/wp\/v2\/pages\/521","targetHints":{"allow":["GET"]}}],"collection":[{"href":"https:\/\/agora.xtec.cat\/escolaramonllullbcn\/wp-json\/wp\/v2\/pages"}],"about":[{"href":"https:\/\/agora.xtec.cat\/escolaramonllullbcn\/wp-json\/wp\/v2\/types\/page"}],"author":[{"embeddable":true,"href":"https:\/\/agora.xtec.cat\/escolaramonllullbcn\/wp-json\/wp\/v2\/users\/1"}],"replies":[{"embeddable":true,"href":"https:\/\/agora.xtec.cat\/escolaramonllullbcn\/wp-json\/wp\/v2\/comments?post=521"}],"version-history":[{"count":3,"href":"https:\/\/agora.xtec.cat\/escolaramonllullbcn\/wp-json\/wp\/v2\/pages\/521\/revisions"}],"predecessor-version":[{"id":1110,"href":"https:\/\/agora.xtec.cat\/escolaramonllullbcn\/wp-json\/wp\/v2\/pages\/521\/revisions\/1110"}],"wp:attachment":[{"href":"https:\/\/agora.xtec.cat\/escolaramonllullbcn\/wp-json\/wp\/v2\/media?parent=521"}],"curies":[{"name":"wp","href":"https:\/\/api.w.org\/{rel}","templated":true}]}}