{"id":520,"date":"2021-01-04T17:42:17","date_gmt":"2021-01-04T16:42:17","guid":{"rendered":"https:\/\/agora.xtec.cat\/ceip-ramonllull-bcn\/?page_id=520"},"modified":"2023-09-30T19:34:39","modified_gmt":"2023-09-30T17:34:39","slug":"equip-huma-2","status":"publish","type":"page","link":"https:\/\/agora.xtec.cat\/escolaramonllullbcn\/lescola\/equip-huma-2\/","title":{"rendered":"Equip hum\u00e0"},"content":{"rendered":"<p style=\"text-align: justify;\">Tot l\u2019equip de professionals que formem part de la comunitat educativa de l&#8217;escola Ramon Llull tenim l\u2019enc\u00e0rrec i la responsabilitat de dur a terme la nostra tasca seguint\u00a0 els principis pedag\u00f2gics establerts al Projecte Educatiu. Vetllem constantment per la millora del centre en tots els seus \u00e0mbits i la defensa dels principis d&#8217;inclusi\u00f3, igualtat i equitat.<\/p>\n<p style=\"text-align: justify;\"><span style=\"text-align: justify;\">La formaci\u00f3 de l\u2019equip \u00e9s imprescindible i implica assumir que estem en un proc\u00e9s d\u2019aprenentatge continu. El pla de formaci\u00f3 de centre t\u00e9 com a\u00a0 finalitat ajudar a consolidar l\u2019equip i crear un espai de reflexi\u00f3 per compartir i millorar la nostra pr\u00e0ctica. Es valoren positivament els m\u00e8rits obtinguts en l&#8217;aplicaci\u00f3 de metodologies globalitzades, atenci\u00f3 a la diversitat i coneixements teatrals.<\/span><\/p>\n<p>I el m\u00e9s important \u00e9s que ho fem amb gran estima i comprom\u00eds vers els nostres infants.<\/p>\n","protected":false},"excerpt":{"rendered":"<p>Tot l\u2019equip de professionals que formem part de la comunitat educativa de l&#8217;escola Ramon Llull tenim l\u2019enc\u00e0rrec i la responsabilitat de dur a terme la nostra tasca seguint\u00a0 els principis pedag\u00f2gics establerts al Projecte Educatiu. Vetllem constantment per la millora del centre en tots els&hellip;  <a href=\"https:\/\/agora.xtec.cat\/escolaramonllullbcn\/lescola\/equip-huma-2\/\" title=\"Read Equip hum\u00e0\">Llegeix m\u00e9s\u00bb<\/a><\/p>\n","protected":false},"author":1,"featured_media":0,"parent":22,"menu_order":15,"comment_status":"closed","ping_status":"closed","template":"page-templates\/side-menu.php","meta":{"_bbp_topic_count":0,"_bbp_reply_count":0,"_bbp_total_topic_count":0,"_bbp_total_reply_count":0,"_bbp_voice_count":0,"_bbp_anonymous_reply_count":0,"_bbp_topic_count_hidden":0,"_bbp_reply_count_hidden":0,"_bbp_forum_subforum_count":0,"footnotes":""},"class_list":["post-520","page","type-page","status-publish","hentry"],"post_mailing_queue_ids":[],"_links":{"self":[{"href":"https:\/\/agora.xtec.cat\/escolaramonllullbcn\/wp-json\/wp\/v2\/pages\/520","targetHints":{"allow":["GET"]}}],"collection":[{"href":"https:\/\/agora.xtec.cat\/escolaramonllullbcn\/wp-json\/wp\/v2\/pages"}],"about":[{"href":"https:\/\/agora.xtec.cat\/escolaramonllullbcn\/wp-json\/wp\/v2\/types\/page"}],"author":[{"embeddable":true,"href":"https:\/\/agora.xtec.cat\/escolaramonllullbcn\/wp-json\/wp\/v2\/users\/1"}],"replies":[{"embeddable":true,"href":"https:\/\/agora.xtec.cat\/escolaramonllullbcn\/wp-json\/wp\/v2\/comments?post=520"}],"version-history":[{"count":5,"href":"https:\/\/agora.xtec.cat\/escolaramonllullbcn\/wp-json\/wp\/v2\/pages\/520\/revisions"}],"predecessor-version":[{"id":3214,"href":"https:\/\/agora.xtec.cat\/escolaramonllullbcn\/wp-json\/wp\/v2\/pages\/520\/revisions\/3214"}],"up":[{"embeddable":true,"href":"https:\/\/agora.xtec.cat\/escolaramonllullbcn\/wp-json\/wp\/v2\/pages\/22"}],"wp:attachment":[{"href":"https:\/\/agora.xtec.cat\/escolaramonllullbcn\/wp-json\/wp\/v2\/media?parent=520"}],"curies":[{"name":"wp","href":"https:\/\/api.w.org\/{rel}","templated":true}]}}