{"id":502,"date":"2021-01-04T17:01:20","date_gmt":"2021-01-04T16:01:20","guid":{"rendered":"https:\/\/agora.xtec.cat\/ceip-ramonllull-bcn\/?page_id=502"},"modified":"2021-01-06T19:16:23","modified_gmt":"2021-01-06T18:16:23","slug":"qui-som","status":"publish","type":"page","link":"https:\/\/agora.xtec.cat\/escolaramonllullbcn\/lescola\/qui-som\/","title":{"rendered":"Qui som"},"content":{"rendered":"<p style=\"text-align: justify;\">L\u2019Escola Ramon Llull \u00e9s una <strong>escola p\u00fablica catalana, plural i\u00a0 participativa<\/strong>. Gestionada pel Consorci d\u2019Educaci\u00f3 de Barcelona i forma part del patrimoni arquitect\u00f2nic, hist\u00f2ric i cultural de l\u2019Ajuntament de Barcelona i de la Generalitat de Catalunya.<\/p>\n<p><strong>Missi\u00f3<\/strong><\/p>\n<p style=\"text-align: justify;\">Vetllem per crear un espai de conviv\u00e8ncia entre alumnat, mestres i fam\u00edlies, basat en la confian\u00e7a, la coneixen\u00e7a, l\u2019aprenentatge i l\u2019empatia. Tots els membres de la comunitat educativa tenen el seu espai i reben una mirada des de la seva singularitat. La riquesa que ens aporta la diversitat ens permet desenvolupar actituds de respecte i de pertinen\u00e7a al grup, al centre i a la societat. Ens mostrem compromesos amb l&#8217;entorn i mantenim relaci\u00f3 amb les entitats properes.<\/p>\n<p style=\"text-align: justify;\"><strong>Visi\u00f3<\/strong><\/p>\n<p style=\"text-align: justify;\">Volem continuar mantenint la mirada en la metodologia del nostre projecte, com a base per vertebrar l&#8217;ensenyament i amb l&#8217;objectiu de fomentar\u00a0 l&#8217;aprenentatge del nostre alumnat a trav\u00e9s de la curiositat, la investigaci\u00f3 i l&#8217;aprenentatge actiu. Seguirem incorporant les arts esc\u00e8niques com a recurs pedag\u00f2gic per potenciar el desenvolupament integral i l&#8217;assoliment de les compet\u00e8ncies b\u00e0siques que permetin a l&#8217;infant esdevenir un ciutad\u00e0 aut\u00f2nom i amb sentit cr\u00edtic.<\/p>\n<p style=\"text-align: justify;\"><strong>Valors i trets d&#8217;identitat<\/strong><\/p>\n<p>Som escola&#8230;.<\/p>\n<ul>\n<li style=\"text-align: justify;\"><strong>Acollidora<\/strong>: donem valor a formar part d\u2019una comunitat on cadasc\u00fa t\u00e9 dret a ser mirat individualment i respectat en tota la seva ess\u00e8ncia i complexitat.<\/li>\n<li style=\"text-align: justify;\"><strong>Estimulant:<\/strong> partim de l\u2019emoci\u00f3, el cos en moviment i la reflexi\u00f3 per activar les intel\u00b7lig\u00e8ncies m\u00faltiples dels infants a trav\u00e9s de les arts esc\u00e8niques.<\/li>\n<li style=\"text-align: justify;\"><strong>Segura<\/strong>: vetllem perqu\u00e8 els nostres infants se sentin segurs, protegits i feli\u00e7os d&#8217;estar a l\u2019escola.<\/li>\n<li style=\"text-align: justify;\"><strong>Respectuosa i solid\u00e0ria:<\/strong> ensenyem a estimar, respectar i cuidar la pr\u00f2pia persona i la dels altres i protegir l\u2019entorn natural i urb\u00e0.<\/li>\n<li style=\"text-align: justify;\"><strong>Promotora de la cultura de l&#8217;esfor\u00e7<\/strong>: promovem l&#8217;adquisici\u00f3 gradual del sentit de la responsabilitat, l\u2019esfor\u00e7 individual i col\u00b7lectiu i la const\u00e0ncia en el treball, per tal que cada infant progressi en la mesura de les seves capacitats.<\/li>\n<li style=\"text-align: justify;\"><strong>Participativa<\/strong>: propiciem el di\u00e0leg i el consens entre tots els membres de la comunitat educativa, per tal que totes les aportacions ens complementin i tamb\u00e9 com a base del proc\u00e9s d&#8217;ensenyament-d&#8217;aprenentatge.<\/li>\n<li style=\"text-align: justify;\"><strong>Oberta<\/strong>: establim relacions amb l&#8217;entorn i ens mostrem sensibles amb les situacions de la nostra societat.<\/li>\n<\/ul>\n","protected":false},"excerpt":{"rendered":"<p>L\u2019Escola Ramon Llull \u00e9s una escola p\u00fablica catalana, plural i\u00a0 participativa. Gestionada pel Consorci d\u2019Educaci\u00f3 de Barcelona i forma part del patrimoni arquitect\u00f2nic, hist\u00f2ric i cultural de l\u2019Ajuntament de Barcelona i de la Generalitat de Catalunya.<br \/>\nMissi\u00f3<br \/>\nVetllem per crear un espai de conviv\u00e8ncia entre alumnat, mestres&hellip;  <a href=\"https:\/\/agora.xtec.cat\/escolaramonllullbcn\/lescola\/qui-som\/\" title=\"Read Qui som\">Llegeix m\u00e9s\u00bb<\/a><\/p>\n","protected":false},"author":1,"featured_media":0,"parent":22,"menu_order":0,"comment_status":"closed","ping_status":"closed","template":"page-templates\/side-menu.php","meta":{"_bbp_topic_count":0,"_bbp_reply_count":0,"_bbp_total_topic_count":0,"_bbp_total_reply_count":0,"_bbp_voice_count":0,"_bbp_anonymous_reply_count":0,"_bbp_topic_count_hidden":0,"_bbp_reply_count_hidden":0,"_bbp_forum_subforum_count":0,"footnotes":""},"class_list":["post-502","page","type-page","status-publish","hentry"],"post_mailing_queue_ids":[],"_links":{"self":[{"href":"https:\/\/agora.xtec.cat\/escolaramonllullbcn\/wp-json\/wp\/v2\/pages\/502","targetHints":{"allow":["GET"]}}],"collection":[{"href":"https:\/\/agora.xtec.cat\/escolaramonllullbcn\/wp-json\/wp\/v2\/pages"}],"about":[{"href":"https:\/\/agora.xtec.cat\/escolaramonllullbcn\/wp-json\/wp\/v2\/types\/page"}],"author":[{"embeddable":true,"href":"https:\/\/agora.xtec.cat\/escolaramonllullbcn\/wp-json\/wp\/v2\/users\/1"}],"replies":[{"embeddable":true,"href":"https:\/\/agora.xtec.cat\/escolaramonllullbcn\/wp-json\/wp\/v2\/comments?post=502"}],"version-history":[{"count":3,"href":"https:\/\/agora.xtec.cat\/escolaramonllullbcn\/wp-json\/wp\/v2\/pages\/502\/revisions"}],"predecessor-version":[{"id":657,"href":"https:\/\/agora.xtec.cat\/escolaramonllullbcn\/wp-json\/wp\/v2\/pages\/502\/revisions\/657"}],"up":[{"embeddable":true,"href":"https:\/\/agora.xtec.cat\/escolaramonllullbcn\/wp-json\/wp\/v2\/pages\/22"}],"wp:attachment":[{"href":"https:\/\/agora.xtec.cat\/escolaramonllullbcn\/wp-json\/wp\/v2\/media?parent=502"}],"curies":[{"name":"wp","href":"https:\/\/api.w.org\/{rel}","templated":true}]}}