{"id":32,"date":"2014-09-18T12:31:33","date_gmt":"2014-09-18T11:31:33","guid":{"rendered":"http:\/\/agora.xtec.cat\/ceip-ramonllull-bcn\/?page_id=32"},"modified":"2025-09-14T12:01:36","modified_gmt":"2025-09-14T10:01:36","slug":"calendari-del-curs","status":"publish","type":"page","link":"https:\/\/agora.xtec.cat\/escolaramonllullbcn\/lescola\/calendari-del-curs\/","title":{"rendered":"Calendari del curs"},"content":{"rendered":"<h4><\/h4>\n<p><span style=\"color: #590385;\"><strong>INICI DE CURS:<\/strong><\/span><\/p>\n<p>08 de setembre de 2025<\/p>\n<p><span style=\"color: #590385;\"><strong>VACANCES:<\/strong><\/span><\/p>\n<p>Del 20 de desembre de 2025 al 7 de gener de 2026\u00a0 (ambd\u00f3s inclosos)<\/p>\n<p>Del 28 de mar\u00e7 al 6 d\u2019abril de 2026 (ambd\u00f3s inclosos)<\/p>\n<p>A partir del 19 de juny de 2026.<\/p>\n<p><span style=\"color: #590385;\"><strong>DIES FESTIUS DE LLIURE DISPOSICI\u00d3:<\/strong><\/span><\/p>\n<p>10 d&#8217;octubre de 2025<\/p>\n<p>3 de novembre de 2025<\/p>\n<p>16 de febrer de 2026<\/p>\n<p>22 de maig de 2026<\/p>\n<p><span style=\"color: #590385;\"><strong>FESTES LOCALS:<\/strong><\/span><\/p>\n<p>24 de setembre de 2025<\/p>\n<p>25 de maig de 2026<\/p>\n<p><span style=\"color: #590385;\"><strong>JORNADA COMPACTADA:<\/strong><\/span><\/p>\n<p>19 de desembre de 2025 i del 8 al 19 de juny de\u00a0 2026 (ambd\u00f3s inclosos)<\/p>\n<p style=\"text-align: justify;\">L\u2019<b>horari lectiu<\/b> del centre \u00e9s de 9:00h a 12,30 h i de 15,00h a 16,30h per a tots els alumnes del centre. En <strong>horari compactat<\/strong> \u00e9s de 9:00h a 13:00h. (Els alumnes que utilitzen el servei de menjador surten a les 15:30h i si fan \u00fas del casalet a les 16:30h.)<\/p>\n<p style=\"text-align: justify;\">Per als alumnes que inicien l\u2019escolaritzaci\u00f3 a I3 s\u2019organitza un breu per\u00edode d\u2019adaptaci\u00f3 que suposa una certa modificaci\u00f3 dels horaris dels primers dies de classe, i que es fa saber a les fam\u00edlies en les reunions pr\u00e8vies corresponents.<\/p>\n<p>&nbsp;<\/p>\n","protected":false},"excerpt":{"rendered":"<p>INICI DE CURS:<br \/>\n08 de setembre de 2025<br \/>\nVACANCES:<br \/>\nDel 20 de desembre de 2025 al 7 de gener de 2026\u00a0 (ambd\u00f3s inclosos)<br \/>\nDel 28 de mar\u00e7 al 6 d\u2019abril de 2026 (ambd\u00f3s inclosos)<br \/>\nA partir del 19 de juny de 2026.<br \/>\nDIES FESTIUS DE LLIURE DISPOSICI\u00d3:<br \/>\n10 d&#8217;octubre de 2025<br \/>\n3 de&hellip;  <a href=\"https:\/\/agora.xtec.cat\/escolaramonllullbcn\/lescola\/calendari-del-curs\/\" title=\"Read Calendari del curs\">Llegeix m\u00e9s\u00bb<\/a><\/p>\n","protected":false},"author":1,"featured_media":0,"parent":22,"menu_order":70,"comment_status":"closed","ping_status":"closed","template":"page-templates\/side-menu.php","meta":{"_bbp_topic_count":0,"_bbp_reply_count":0,"_bbp_total_topic_count":0,"_bbp_total_reply_count":0,"_bbp_voice_count":0,"_bbp_anonymous_reply_count":0,"_bbp_topic_count_hidden":0,"_bbp_reply_count_hidden":0,"_bbp_forum_subforum_count":0,"footnotes":""},"class_list":["post-32","page","type-page","status-publish","hentry"],"post_mailing_queue_ids":[],"_links":{"self":[{"href":"https:\/\/agora.xtec.cat\/escolaramonllullbcn\/wp-json\/wp\/v2\/pages\/32","targetHints":{"allow":["GET"]}}],"collection":[{"href":"https:\/\/agora.xtec.cat\/escolaramonllullbcn\/wp-json\/wp\/v2\/pages"}],"about":[{"href":"https:\/\/agora.xtec.cat\/escolaramonllullbcn\/wp-json\/wp\/v2\/types\/page"}],"author":[{"embeddable":true,"href":"https:\/\/agora.xtec.cat\/escolaramonllullbcn\/wp-json\/wp\/v2\/users\/1"}],"replies":[{"embeddable":true,"href":"https:\/\/agora.xtec.cat\/escolaramonllullbcn\/wp-json\/wp\/v2\/comments?post=32"}],"version-history":[{"count":6,"href":"https:\/\/agora.xtec.cat\/escolaramonllullbcn\/wp-json\/wp\/v2\/pages\/32\/revisions"}],"predecessor-version":[{"id":4165,"href":"https:\/\/agora.xtec.cat\/escolaramonllullbcn\/wp-json\/wp\/v2\/pages\/32\/revisions\/4165"}],"up":[{"embeddable":true,"href":"https:\/\/agora.xtec.cat\/escolaramonllullbcn\/wp-json\/wp\/v2\/pages\/22"}],"wp:attachment":[{"href":"https:\/\/agora.xtec.cat\/escolaramonllullbcn\/wp-json\/wp\/v2\/media?parent=32"}],"curies":[{"name":"wp","href":"https:\/\/api.w.org\/{rel}","templated":true}]}}