{"id":3125,"date":"2023-06-28T09:42:54","date_gmt":"2023-06-28T07:42:54","guid":{"rendered":"https:\/\/agora.xtec.cat\/escolaramonllullbcn\/?page_id=3125"},"modified":"2025-09-14T12:30:18","modified_gmt":"2025-09-14T10:30:18","slug":"estrategia-digital-de-centre","status":"publish","type":"page","link":"https:\/\/agora.xtec.cat\/escolaramonllullbcn\/projecte-educatiu\/estrategia-digital-de-centre\/","title":{"rendered":"Estrat\u00e8gia digital de centre"},"content":{"rendered":"<p>Durant el curs 2022-2023 el claustre de mestres va elaborar l&#8217;Estrat\u00e8gia Digital de centre, incorporant a les NOFC aspectes relatius a l&#8217;\u00fas de les eines digitals i efectuant una formaci\u00f3 interna de centre per desenvolupar la compet\u00e8ncia digital docent.<\/p>\n<p>Cliqueu a la imatge per con\u00e8ixer m\u00e9s a fons el contingut de l&#8217;EDC:<\/p>\n<p><a href=\"https:\/\/sites.google.com\/escolaramonllullbcn.cat\/edc-escolaramonllull\/p%C3%A0gina-principal\"><img loading=\"lazy\" decoding=\"async\" class=\"aligncenter wp-image-3954\" src=\"https:\/\/agora.xtec.cat\/escolaramonllullbcn\/wp-content\/uploads\/usu2237\/2025\/02\/Captura-de-pantalla-2025-02-24-130059-300x87.png\" alt=\"\" width=\"703\" height=\"204\" srcset=\"https:\/\/agora.xtec.cat\/escolaramonllullbcn\/wp-content\/uploads\/usu2237\/2025\/02\/Captura-de-pantalla-2025-02-24-130059-300x87.png 300w, https:\/\/agora.xtec.cat\/escolaramonllullbcn\/wp-content\/uploads\/usu2237\/2025\/02\/Captura-de-pantalla-2025-02-24-130059-1024x298.png 1024w, https:\/\/agora.xtec.cat\/escolaramonllullbcn\/wp-content\/uploads\/usu2237\/2025\/02\/Captura-de-pantalla-2025-02-24-130059-768x223.png 768w, https:\/\/agora.xtec.cat\/escolaramonllullbcn\/wp-content\/uploads\/usu2237\/2025\/02\/Captura-de-pantalla-2025-02-24-130059-1536x447.png 1536w, https:\/\/agora.xtec.cat\/escolaramonllullbcn\/wp-content\/uploads\/usu2237\/2025\/02\/Captura-de-pantalla-2025-02-24-130059.png 1904w\" sizes=\"auto, (max-width: 703px) 100vw, 703px\" \/><\/a><\/p>\n","protected":false},"excerpt":{"rendered":"<p>Durant el curs 2022-2023 el claustre de mestres va elaborar l&#8217;Estrat\u00e8gia Digital de centre, incorporant a les NOFC aspectes relatius a l&#8217;\u00fas de les eines digitals i efectuant una formaci\u00f3 interna de centre per desenvolupar la compet\u00e8ncia digital docent.<br \/>\nCliqueu a la imatge per con\u00e8ixer m\u00e9s&hellip;  <a href=\"https:\/\/agora.xtec.cat\/escolaramonllullbcn\/projecte-educatiu\/estrategia-digital-de-centre\/\" title=\"Read Estrat\u00e8gia digital de centre\">Llegeix m\u00e9s\u00bb<\/a><\/p>\n","protected":false},"author":1,"featured_media":0,"parent":64,"menu_order":26,"comment_status":"closed","ping_status":"closed","template":"page-templates\/side-menu.php","meta":{"_bbp_topic_count":0,"_bbp_reply_count":0,"_bbp_total_topic_count":0,"_bbp_total_reply_count":0,"_bbp_voice_count":0,"_bbp_anonymous_reply_count":0,"_bbp_topic_count_hidden":0,"_bbp_reply_count_hidden":0,"_bbp_forum_subforum_count":0,"footnotes":""},"class_list":["post-3125","page","type-page","status-publish","hentry"],"post_mailing_queue_ids":[],"_links":{"self":[{"href":"https:\/\/agora.xtec.cat\/escolaramonllullbcn\/wp-json\/wp\/v2\/pages\/3125","targetHints":{"allow":["GET"]}}],"collection":[{"href":"https:\/\/agora.xtec.cat\/escolaramonllullbcn\/wp-json\/wp\/v2\/pages"}],"about":[{"href":"https:\/\/agora.xtec.cat\/escolaramonllullbcn\/wp-json\/wp\/v2\/types\/page"}],"author":[{"embeddable":true,"href":"https:\/\/agora.xtec.cat\/escolaramonllullbcn\/wp-json\/wp\/v2\/users\/1"}],"replies":[{"embeddable":true,"href":"https:\/\/agora.xtec.cat\/escolaramonllullbcn\/wp-json\/wp\/v2\/comments?post=3125"}],"version-history":[{"count":6,"href":"https:\/\/agora.xtec.cat\/escolaramonllullbcn\/wp-json\/wp\/v2\/pages\/3125\/revisions"}],"predecessor-version":[{"id":4169,"href":"https:\/\/agora.xtec.cat\/escolaramonllullbcn\/wp-json\/wp\/v2\/pages\/3125\/revisions\/4169"}],"up":[{"embeddable":true,"href":"https:\/\/agora.xtec.cat\/escolaramonllullbcn\/wp-json\/wp\/v2\/pages\/64"}],"wp:attachment":[{"href":"https:\/\/agora.xtec.cat\/escolaramonllullbcn\/wp-json\/wp\/v2\/media?parent=3125"}],"curies":[{"name":"wp","href":"https:\/\/api.w.org\/{rel}","templated":true}]}}