{"id":28,"date":"2014-09-18T12:29:35","date_gmt":"2014-09-18T11:29:35","guid":{"rendered":"http:\/\/agora.xtec.cat\/ceip-ramonllull-bcn\/?page_id=28"},"modified":"2025-09-14T12:23:02","modified_gmt":"2025-09-14T10:23:02","slug":"consell-escolar","status":"publish","type":"page","link":"https:\/\/agora.xtec.cat\/escolaramonllullbcn\/lescola\/consell-escolar\/","title":{"rendered":"Consell escolar"},"content":{"rendered":"<div class=\"container row\">\n<div class=\"items-row col span_12\">\n<div class=\"item \">\n<p style=\"text-align: justify;\"><span lang=\"CA\">El Consell Escolar del centre es reuneix almenys una vegada al trimestre i sempre que el convoca la directora del centre o ho sol\u00b7licita al menys un ter\u00e7 de les seves persones membres. A m\u00e9s, s&#8217;ha de fer una reuni\u00f3 a principi de curs i una altra a la seva finalitzaci\u00f3.<\/span><\/p>\n<p style=\"text-align: justify;\"><span lang=\"CA\">Actua normalment en ple, tot i que tamb\u00e9 es poden constituir comissions espec\u00edfiques d\u2019estudi i informaci\u00f3.\u00a0<\/span><span lang=\"CA\">A l&#8217;escola Ramon Llull tenim les seg\u00fcents comissions de treball:<\/span><\/p>\n<p><strong><span lang=\"CA\">Permanent<\/span><\/strong><\/p>\n<p><strong><span lang=\"CA\">Econ\u00f2mica<\/span><\/strong><\/p>\n<p><strong><span lang=\"CA\">Conviv\u00e8ncia<\/span><\/strong><\/p>\n<p><span style=\"font-family: inherit; font-size: 1em;\"><span lang=\"CA\"><b>Coeducaci\u00f3<\/b><\/span><\/span><\/p>\n<p style=\"text-align: justify;\"><span lang=\"CA\">Les persones del Consell Escolar s\u00f3n elegides per<strong>\u00a0<\/strong><\/span><strong><span lang=\"CA\">un per\u00edode de quatre anys<\/span><\/strong><span lang=\"CA\"><strong>\u00a0<\/strong>i es renoven per meitats cada dos anys. Enguany s&#8217;haurien d&#8217;haver celebrat eleccions per renovar la meitat dels membres, per\u00f2 donada l&#8217;excepcionalitat del moment s&#8217;ha optat per fer una prorroga d&#8217;un any. <\/span>En aquests moments els representants dels diferents sectors s\u00f3n:<\/p>\n<p><span lang=\"CA\">Directora del centre: <strong>Noelia L\u00f3pez<\/strong><\/span><\/p>\n<p><span lang=\"CA\">Cap d\u2019Estudis: <strong>Cristina Ribera<\/strong><\/span><\/p>\n<p><span lang=\"CA\">Secretari: <strong>Goretti Riera<\/strong><\/span><\/p>\n<p><span lang=\"CA\">Representant municipal: <\/span><strong><span lang=\"CA\">I<\/span><\/strong><strong style=\"font-family: inherit; font-size: 1em;\"><span lang=\"CA\">sabel Ugeda Ca\u00f1ete<\/span><\/strong><\/p>\n<p><span lang=\"CA\">Representants dels mestres:<\/span><\/p>\n<p><strong><span lang=\"CA\">Giovanna Di\u00e9guez, Ramon Salla, Patr\u00edcia Rom\u00e1n, Rosina Guti\u00e9rrez, Pili Porta i Eva Antequera.<\/span><\/strong><\/p>\n<p><span lang=\"CA\">Representants de les fam\u00edlies dels alumnes:<\/span><\/p>\n<p><strong><span lang=\"CA\">Laura L\u00f3pez, Sergi Mauri, Maria Cilleros, Javier Richarte i Laura Campos.<\/span><\/strong><\/p>\n<p><span lang=\"CA\">Representant AFA: <strong>Virginia Mata<\/strong><\/span><\/p>\n<p><span lang=\"CA\">Representant del PAS: <strong>Neus S\u00e1nchez<\/strong><\/span><\/p>\n<p>&nbsp;<\/p>\n<\/div>\n<\/div>\n<\/div>\n","protected":false},"excerpt":{"rendered":"<p>El Consell Escolar del centre es reuneix almenys una vegada al trimestre i sempre que el convoca la directora del centre o ho sol\u00b7licita al menys un ter\u00e7 de les seves persones membres. A m\u00e9s, s&#8217;ha de fer una reuni\u00f3 a principi de curs i&hellip;  <a href=\"https:\/\/agora.xtec.cat\/escolaramonllullbcn\/lescola\/consell-escolar\/\" title=\"Read Consell escolar\">Llegeix m\u00e9s\u00bb<\/a><\/p>\n","protected":false},"author":1,"featured_media":0,"parent":22,"menu_order":30,"comment_status":"closed","ping_status":"closed","template":"page-templates\/side-menu.php","meta":{"_bbp_topic_count":0,"_bbp_reply_count":0,"_bbp_total_topic_count":0,"_bbp_total_reply_count":0,"_bbp_voice_count":0,"_bbp_anonymous_reply_count":0,"_bbp_topic_count_hidden":0,"_bbp_reply_count_hidden":0,"_bbp_forum_subforum_count":0,"footnotes":""},"class_list":["post-28","page","type-page","status-publish","hentry"],"post_mailing_queue_ids":[],"_links":{"self":[{"href":"https:\/\/agora.xtec.cat\/escolaramonllullbcn\/wp-json\/wp\/v2\/pages\/28","targetHints":{"allow":["GET"]}}],"collection":[{"href":"https:\/\/agora.xtec.cat\/escolaramonllullbcn\/wp-json\/wp\/v2\/pages"}],"about":[{"href":"https:\/\/agora.xtec.cat\/escolaramonllullbcn\/wp-json\/wp\/v2\/types\/page"}],"author":[{"embeddable":true,"href":"https:\/\/agora.xtec.cat\/escolaramonllullbcn\/wp-json\/wp\/v2\/users\/1"}],"replies":[{"embeddable":true,"href":"https:\/\/agora.xtec.cat\/escolaramonllullbcn\/wp-json\/wp\/v2\/comments?post=28"}],"version-history":[{"count":7,"href":"https:\/\/agora.xtec.cat\/escolaramonllullbcn\/wp-json\/wp\/v2\/pages\/28\/revisions"}],"predecessor-version":[{"id":4166,"href":"https:\/\/agora.xtec.cat\/escolaramonllullbcn\/wp-json\/wp\/v2\/pages\/28\/revisions\/4166"}],"up":[{"embeddable":true,"href":"https:\/\/agora.xtec.cat\/escolaramonllullbcn\/wp-json\/wp\/v2\/pages\/22"}],"wp:attachment":[{"href":"https:\/\/agora.xtec.cat\/escolaramonllullbcn\/wp-json\/wp\/v2\/media?parent=28"}],"curies":[{"name":"wp","href":"https:\/\/api.w.org\/{rel}","templated":true}]}}