{"id":26,"date":"2021-01-06T16:06:32","date_gmt":"2021-01-06T15:06:32","guid":{"rendered":"http:\/\/agora.xtec.cat\/ceip-ramonllull-bcn\/?page_id=26"},"modified":"2021-01-06T19:03:54","modified_gmt":"2021-01-06T18:03:54","slug":"historia","status":"publish","type":"page","link":"https:\/\/agora.xtec.cat\/escolaramonllullbcn\/lescola\/historia\/","title":{"rendered":"Hist\u00f2ria"},"content":{"rendered":"<p style=\"text-align: justify;\">L\u2019Escola Ramon Llull es va inaugurar l\u2019any <strong>1931<\/strong> i responia al model d\u2019escola nova tant en el seu model pedag\u00f2gic com en la seva concepci\u00f3 arquitect\u00f2nica. L\u2019edifici d\u2019estil noucentista i dissenyat per <strong>Josep Goday<\/strong>, \u00e9s llumin\u00f3s i obert als quatre vents, com correspon a l\u2019ideal d\u2019escola bella. T\u00e9 dos edificis sim\u00e8trics de cinc plantes i amb escales amples per facilitar el tr\u00e0nsit de l\u2019alumnat. L\u2019exist\u00e8ncia dels dos edificis es deu a la pr\u00f2pia concepci\u00f3 educativa del moment: crear un col\u00b7legi mixt, per\u00f2 on els alumnes estiguessin separats per sexe. Actualment el pavell\u00f3 de nenes acull les aules d\u2019Educaci\u00f3 Infantil i Cicle Inicial, i el pavell\u00f3 de nens, les aules de Cicle Mitj\u00e0 i Cicle Superior de Prim\u00e0ria, totes elles mixtes.<\/p>\n<p style=\"text-align: justify;\">Quant al model pedag\u00f2gic, en Frederic Doreste va ser el primer director per a la secci\u00f3 de nens, i l\u2019Anna Rubi\u00e9s, primera directora de l\u2019edifici de les nenes, la qual va importar des de Brusel\u00b7les, on va estudiar, sistemes pedag\u00f2gics m\u00e9s moderns i renovadors com el m\u00e8tode <strong>Decroly<\/strong>, basat en l\u2019observaci\u00f3, l\u2019experimentaci\u00f3 i el contacte amb la natura.<\/p>\n<p style=\"text-align: justify;\">La desfeta que es produ\u00ed al nostre pa\u00eds despr\u00e9s de la Guerra Civil va significar la desaparici\u00f3 de tots els elements que anaven caracteritzant una estructura educativa renovadora.<\/p>\n<p><a href=\"https:\/\/agora.xtec.cat\/ceip-ramonllull-bcn\/wp-content\/uploads\/usu2237\/2021\/01\/antiga.jpg\"><img loading=\"lazy\" decoding=\"async\" class=\"aligncenter size-full wp-image-650\" src=\"https:\/\/agora.xtec.cat\/ceip-ramonllull-bcn\/wp-content\/uploads\/usu2237\/2021\/01\/antiga.jpg\" alt=\"\" width=\"213\" height=\"150\" \/><\/a><\/p>\n","protected":false},"excerpt":{"rendered":"<p>L\u2019Escola Ramon Llull es va inaugurar l\u2019any 1931 i responia al model d\u2019escola nova tant en el seu model pedag\u00f2gic com en la seva concepci\u00f3 arquitect\u00f2nica. L\u2019edifici d\u2019estil noucentista i dissenyat per Josep Goday, \u00e9s llumin\u00f3s i obert als quatre vents, com correspon a l\u2019ideal&hellip;  <a href=\"https:\/\/agora.xtec.cat\/escolaramonllullbcn\/lescola\/historia\/\" title=\"Read Hist\u00f2ria\">Llegeix m\u00e9s\u00bb<\/a><\/p>\n","protected":false},"author":1,"featured_media":0,"parent":22,"menu_order":10,"comment_status":"closed","ping_status":"closed","template":"page-templates\/side-menu.php","meta":{"_bbp_topic_count":0,"_bbp_reply_count":0,"_bbp_total_topic_count":0,"_bbp_total_reply_count":0,"_bbp_voice_count":0,"_bbp_anonymous_reply_count":0,"_bbp_topic_count_hidden":0,"_bbp_reply_count_hidden":0,"_bbp_forum_subforum_count":0,"footnotes":""},"class_list":["post-26","page","type-page","status-publish","hentry"],"post_mailing_queue_ids":[],"_links":{"self":[{"href":"https:\/\/agora.xtec.cat\/escolaramonllullbcn\/wp-json\/wp\/v2\/pages\/26","targetHints":{"allow":["GET"]}}],"collection":[{"href":"https:\/\/agora.xtec.cat\/escolaramonllullbcn\/wp-json\/wp\/v2\/pages"}],"about":[{"href":"https:\/\/agora.xtec.cat\/escolaramonllullbcn\/wp-json\/wp\/v2\/types\/page"}],"author":[{"embeddable":true,"href":"https:\/\/agora.xtec.cat\/escolaramonllullbcn\/wp-json\/wp\/v2\/users\/1"}],"replies":[{"embeddable":true,"href":"https:\/\/agora.xtec.cat\/escolaramonllullbcn\/wp-json\/wp\/v2\/comments?post=26"}],"version-history":[{"count":4,"href":"https:\/\/agora.xtec.cat\/escolaramonllullbcn\/wp-json\/wp\/v2\/pages\/26\/revisions"}],"predecessor-version":[{"id":656,"href":"https:\/\/agora.xtec.cat\/escolaramonllullbcn\/wp-json\/wp\/v2\/pages\/26\/revisions\/656"}],"up":[{"embeddable":true,"href":"https:\/\/agora.xtec.cat\/escolaramonllullbcn\/wp-json\/wp\/v2\/pages\/22"}],"wp:attachment":[{"href":"https:\/\/agora.xtec.cat\/escolaramonllullbcn\/wp-json\/wp\/v2\/media?parent=26"}],"curies":[{"name":"wp","href":"https:\/\/api.w.org\/{rel}","templated":true}]}}