{"id":5165,"date":"2021-05-10T09:42:31","date_gmt":"2021-05-10T07:42:31","guid":{"rendered":"http:\/\/agora.xtec.cat\/escolarambletadelclot\/?page_id=5165"},"modified":"2021-05-10T09:49:20","modified_gmt":"2021-05-10T07:49:20","slug":"projecte-erasmus","status":"publish","type":"page","link":"https:\/\/agora.xtec.cat\/escolarambletadelclot\/projecte-erasmus\/","title":{"rendered":"Projecte Erasmus+"},"content":{"rendered":"<p><span style=\"font-weight: 400;\">L\u2019escola ha participat durant tres cursos (2018-19 \/ 2019-20 \/ 2020-21) en el <strong>projecte Erasmus+<\/strong> liderat per la Universitat de Lleida i en el que tamb\u00e9 han participat centres d&#8217;It\u00e0lia i Luxemburg.<\/span><\/p>\n<p><span style=\"font-weight: 400;\">L&#8217;objectiu d\u2019aquest projecte Erasmus+ ha estat analitzar la <strong>integraci\u00f3, comunicaci\u00f3 i implicaci\u00f3 de les fam\u00edlies d\u2019origen estranger a les escoles<\/strong>; i dissenyar, implementar i avaluar <strong>estrat\u00e8gies innovadores de millora<\/strong>.<\/span><\/p>\n<p><span style=\"font-weight: 400;\">S\u2019ha executat en dues fases: <strong>La fase 1<\/strong>, que va consistir en la recerca i meta-an\u00e0lisi de dades amb els grups de discussi\u00f3 i la<strong> fase 2<\/strong>, d\u2019implementaci\u00f3 i avaluaci\u00f3 de les estrat\u00e8gies innovadores a aplicar. En aquesta segona fase han col\u00b7laborat 7 escoles m\u00e9s de Barcelona.\u00a0<\/span><\/p>\n<p><span style=\"font-weight: 400;\">Tot aquest <strong>coneixement, la recerca, -el marc te\u00f2ric i la implementaci\u00f3 de les estrat\u00e8gies- ha quedat recollit<\/strong> en aquestes <\/span><a href=\"http:\/\/familyandschool.eu\/publicaciones\/\"><span style=\"font-weight: 400;\">dues publicacions<\/span><\/a><span style=\"font-weight: 400;\"> i en aquesta <\/span><a href=\"https:\/\/youtu.be\/pqItiOvvgX8\"><span style=\"font-weight: 400;\">c\u00e0psula audiovisual<\/span><\/a><span style=\"font-weight: 400;\">. Trobareu tota la informaci\u00f3 al <\/span><a href=\"http:\/\/familyandschool.eu\/\"><span style=\"font-weight: 400;\">web<\/span><\/a><span style=\"font-weight: 400;\"> del Programa.<\/span><\/p>\n<p><img loading=\"lazy\" decoding=\"async\" class=\"alignnone wp-image-5170\" src=\"https:\/\/agora.xtec.cat\/escolarambletadelclot\/wp-content\/uploads\/usu436\/2021\/05\/erasmus.png\" alt=\"\" width=\"536\" height=\"217\" srcset=\"https:\/\/agora.xtec.cat\/escolarambletadelclot\/wp-content\/uploads\/usu436\/2021\/05\/erasmus.png 353w, https:\/\/agora.xtec.cat\/escolarambletadelclot\/wp-content\/uploads\/usu436\/2021\/05\/erasmus-300x122.png 300w\" sizes=\"auto, (max-width: 536px) 100vw, 536px\" \/><\/p>\n","protected":false},"excerpt":{"rendered":"<p>L\u2019escola ha participat durant tres cursos (2018-19 \/ 2019-20 \/ 2020-21) en el projecte Erasmus+ liderat per la Universitat de Lleida i en el que tamb\u00e9 han participat centres d&#8217;It\u00e0lia i Luxemburg. L&#8217;objectiu d\u2019aquest projecte Erasmus+ ha estat analitzar la integraci\u00f3, comunicaci\u00f3 i implicaci\u00f3 de les fam\u00edlies d\u2019origen estranger a les escoles; i dissenyar, implementar [&hellip;]<\/p>\n","protected":false},"author":1,"featured_media":0,"parent":0,"menu_order":0,"comment_status":"closed","ping_status":"closed","template":"","meta":{"_bbp_topic_count":0,"_bbp_reply_count":0,"_bbp_total_topic_count":0,"_bbp_total_reply_count":0,"_bbp_voice_count":0,"_bbp_anonymous_reply_count":0,"_bbp_topic_count_hidden":0,"_bbp_reply_count_hidden":0,"_bbp_forum_subforum_count":0,"site-sidebar-layout":"default","site-content-layout":"","ast-site-content-layout":"","site-content-style":"default","site-sidebar-style":"default","ast-global-header-display":"","ast-banner-title-visibility":"","ast-main-header-display":"","ast-hfb-above-header-display":"","ast-hfb-below-header-display":"","ast-hfb-mobile-header-display":"","site-post-title":"","ast-breadcrumbs-content":"","ast-featured-img":"","footer-sml-layout":"","theme-transparent-header-meta":"","adv-header-id-meta":"","stick-header-meta":"","header-above-stick-meta":"","header-main-stick-meta":"","header-below-stick-meta":"","astra-migrate-meta-layouts":"default","ast-page-background-enabled":"default","ast-page-background-meta":{"desktop":{"background-color":"var(--ast-global-color-4)","background-image":"","background-repeat":"repeat","background-position":"center center","background-size":"auto","background-attachment":"scroll","background-type":"","background-media":"","overlay-type":"","overlay-color":"","overlay-opacity":"","overlay-gradient":""},"tablet":{"background-color":"","background-image":"","background-repeat":"repeat","background-position":"center center","background-size":"auto","background-attachment":"scroll","background-type":"","background-media":"","overlay-type":"","overlay-color":"","overlay-opacity":"","overlay-gradient":""},"mobile":{"background-color":"","background-image":"","background-repeat":"repeat","background-position":"center center","background-size":"auto","background-attachment":"scroll","background-type":"","background-media":"","overlay-type":"","overlay-color":"","overlay-opacity":"","overlay-gradient":""}},"ast-content-background-meta":{"desktop":{"background-color":"var(--ast-global-color-5)","background-image":"","background-repeat":"repeat","background-position":"center center","background-size":"auto","background-attachment":"scroll","background-type":"","background-media":"","overlay-type":"","overlay-color":"","overlay-opacity":"","overlay-gradient":""},"tablet":{"background-color":"var(--ast-global-color-5)","background-image":"","background-repeat":"repeat","background-position":"center center","background-size":"auto","background-attachment":"scroll","background-type":"","background-media":"","overlay-type":"","overlay-color":"","overlay-opacity":"","overlay-gradient":""},"mobile":{"background-color":"var(--ast-global-color-5)","background-image":"","background-repeat":"repeat","background-position":"center center","background-size":"auto","background-attachment":"scroll","background-type":"","background-media":"","overlay-type":"","overlay-color":"","overlay-opacity":"","overlay-gradient":""}},"footnotes":""},"class_list":["post-5165","page","type-page","status-publish","hentry"],"post_mailing_queue_ids":[],"_links":{"self":[{"href":"https:\/\/agora.xtec.cat\/escolarambletadelclot\/wp-json\/wp\/v2\/pages\/5165","targetHints":{"allow":["GET"]}}],"collection":[{"href":"https:\/\/agora.xtec.cat\/escolarambletadelclot\/wp-json\/wp\/v2\/pages"}],"about":[{"href":"https:\/\/agora.xtec.cat\/escolarambletadelclot\/wp-json\/wp\/v2\/types\/page"}],"author":[{"embeddable":true,"href":"https:\/\/agora.xtec.cat\/escolarambletadelclot\/wp-json\/wp\/v2\/users\/1"}],"replies":[{"embeddable":true,"href":"https:\/\/agora.xtec.cat\/escolarambletadelclot\/wp-json\/wp\/v2\/comments?post=5165"}],"version-history":[{"count":3,"href":"https:\/\/agora.xtec.cat\/escolarambletadelclot\/wp-json\/wp\/v2\/pages\/5165\/revisions"}],"predecessor-version":[{"id":5172,"href":"https:\/\/agora.xtec.cat\/escolarambletadelclot\/wp-json\/wp\/v2\/pages\/5165\/revisions\/5172"}],"wp:attachment":[{"href":"https:\/\/agora.xtec.cat\/escolarambletadelclot\/wp-json\/wp\/v2\/media?parent=5165"}],"curies":[{"name":"wp","href":"https:\/\/api.w.org\/{rel}","templated":true}]}}