{"id":3268,"date":"2017-02-20T20:26:30","date_gmt":"2017-02-20T19:26:30","guid":{"rendered":"http:\/\/agora.xtec.cat\/escolarambletadelclot\/?page_id=3268"},"modified":"2023-05-22T15:38:32","modified_gmt":"2023-05-22T13:38:32","slug":"formacio-tandem","status":"publish","type":"page","link":"https:\/\/agora.xtec.cat\/escolarambletadelclot\/escola-tandem\/formacio-tandem\/","title":{"rendered":"Formaci\u00f3 de Claustre"},"content":{"rendered":"<p><img loading=\"lazy\" decoding=\"async\" class=\"alignnone size-full wp-image-5027\" src=\"https:\/\/agora.xtec.cat\/escolarambletadelclot\/wp-content\/uploads\/usu436\/2021\/01\/1a-Sessio\u0301.png\" alt=\"\" width=\"960\" height=\"540\" srcset=\"https:\/\/agora.xtec.cat\/escolarambletadelclot\/wp-content\/uploads\/usu436\/2021\/01\/1a-Sessio\u0301.png 960w, https:\/\/agora.xtec.cat\/escolarambletadelclot\/wp-content\/uploads\/usu436\/2021\/01\/1a-Sessio\u0301-300x169.png 300w, https:\/\/agora.xtec.cat\/escolarambletadelclot\/wp-content\/uploads\/usu436\/2021\/01\/1a-Sessio\u0301-768x432.png 768w\" sizes=\"auto, (max-width: 960px) 100vw, 960px\" \/><\/p>\n<p>La <strong>nostra formaci\u00f3<\/strong> <em>&#8220;Reflexionar per Avan\u00e7ar&#8221;<\/em> \u00e9s un moment de <strong>raonament pedag\u00f2gic<\/strong>, de <strong>din\u00e0miques de treball col\u00b7laboratiu<\/strong>, de <strong>compartir experi\u00e8ncies<\/strong> entre els companys i les companyes i d\u2019<strong>aprenentatge significatiu<\/strong>.<\/p>\n<p>A m\u00e9s a m\u00e9s, tot el professorat ens estem posant al dia en <strong>aplicacions tecnol\u00f2giques amb un curs<\/strong> complet d&#8217;<strong>apps i Google Classroom<\/strong> amb l&#8217;objectiu d&#8217;instaurar la plataforma com a <strong>entorn virtual d&#8217;aprenentatge<\/strong> i a <strong>empoderar digitalment a tota la comunitat educativa<\/strong>.<\/p>\n<p>Aquesta <strong>formaci\u00f3 cont\u00ednua<\/strong> t\u00e9 com a objectiu de donar continuitat en el temps la <strong>transformaci\u00f3 pedag\u00f2gica<\/strong> que va experimentar l&#8217;escola amb el Projecte T\u00e0ndem amb el British Council.<\/p>\n<p><img loading=\"lazy\" decoding=\"async\" class=\"aligncenter wp-image-5804 size-medium\" src=\"https:\/\/agora.xtec.cat\/escolarambletadelclot\/wp-content\/uploads\/usu436\/2023\/05\/unnamed-300x225.jpg\" alt=\"\" width=\"300\" height=\"225\" srcset=\"https:\/\/agora.xtec.cat\/escolarambletadelclot\/wp-content\/uploads\/usu436\/2023\/05\/unnamed-300x225.jpg 300w, https:\/\/agora.xtec.cat\/escolarambletadelclot\/wp-content\/uploads\/usu436\/2023\/05\/unnamed-1024x768.jpg 1024w, https:\/\/agora.xtec.cat\/escolarambletadelclot\/wp-content\/uploads\/usu436\/2023\/05\/unnamed-768x576.jpg 768w, https:\/\/agora.xtec.cat\/escolarambletadelclot\/wp-content\/uploads\/usu436\/2023\/05\/unnamed-1536x1152.jpg 1536w, https:\/\/agora.xtec.cat\/escolarambletadelclot\/wp-content\/uploads\/usu436\/2023\/05\/unnamed-2048x1536.jpg 2048w, https:\/\/agora.xtec.cat\/escolarambletadelclot\/wp-content\/uploads\/usu436\/2023\/05\/unnamed-200x150.jpg 200w\" sizes=\"auto, (max-width: 300px) 100vw, 300px\" \/><\/p>\n","protected":false},"excerpt":{"rendered":"<p>La nostra formaci\u00f3 &#8220;Reflexionar per Avan\u00e7ar&#8221; \u00e9s un moment de raonament pedag\u00f2gic, de din\u00e0miques de treball col\u00b7laboratiu, de compartir experi\u00e8ncies entre els companys i les companyes i d\u2019aprenentatge significatiu. A m\u00e9s a m\u00e9s, tot el professorat ens estem posant al dia en aplicacions tecnol\u00f2giques amb un curs complet d&#8217;apps i Google Classroom amb l&#8217;objectiu d&#8217;instaurar [&hellip;]<\/p>\n","protected":false},"author":1,"featured_media":0,"parent":3149,"menu_order":0,"comment_status":"closed","ping_status":"closed","template":"page-templates\/side-menu.php","meta":{"_bbp_topic_count":0,"_bbp_reply_count":0,"_bbp_total_topic_count":0,"_bbp_total_reply_count":0,"_bbp_voice_count":0,"_bbp_anonymous_reply_count":0,"_bbp_topic_count_hidden":0,"_bbp_reply_count_hidden":0,"_bbp_forum_subforum_count":0,"site-sidebar-layout":"default","site-content-layout":"","ast-site-content-layout":"","site-content-style":"default","site-sidebar-style":"default","ast-global-header-display":"","ast-banner-title-visibility":"","ast-main-header-display":"","ast-hfb-above-header-display":"","ast-hfb-below-header-display":"","ast-hfb-mobile-header-display":"","site-post-title":"","ast-breadcrumbs-content":"","ast-featured-img":"","footer-sml-layout":"","theme-transparent-header-meta":"","adv-header-id-meta":"","stick-header-meta":"","header-above-stick-meta":"","header-main-stick-meta":"","header-below-stick-meta":"","astra-migrate-meta-layouts":"default","ast-page-background-enabled":"default","ast-page-background-meta":{"desktop":{"background-color":"var(--ast-global-color-4)","background-image":"","background-repeat":"repeat","background-position":"center center","background-size":"auto","background-attachment":"scroll","background-type":"","background-media":"","overlay-type":"","overlay-color":"","overlay-opacity":"","overlay-gradient":""},"tablet":{"background-color":"","background-image":"","background-repeat":"repeat","background-position":"center center","background-size":"auto","background-attachment":"scroll","background-type":"","background-media":"","overlay-type":"","overlay-color":"","overlay-opacity":"","overlay-gradient":""},"mobile":{"background-color":"","background-image":"","background-repeat":"repeat","background-position":"center center","background-size":"auto","background-attachment":"scroll","background-type":"","background-media":"","overlay-type":"","overlay-color":"","overlay-opacity":"","overlay-gradient":""}},"ast-content-background-meta":{"desktop":{"background-color":"var(--ast-global-color-5)","background-image":"","background-repeat":"repeat","background-position":"center center","background-size":"auto","background-attachment":"scroll","background-type":"","background-media":"","overlay-type":"","overlay-color":"","overlay-opacity":"","overlay-gradient":""},"tablet":{"background-color":"var(--ast-global-color-5)","background-image":"","background-repeat":"repeat","background-position":"center center","background-size":"auto","background-attachment":"scroll","background-type":"","background-media":"","overlay-type":"","overlay-color":"","overlay-opacity":"","overlay-gradient":""},"mobile":{"background-color":"var(--ast-global-color-5)","background-image":"","background-repeat":"repeat","background-position":"center center","background-size":"auto","background-attachment":"scroll","background-type":"","background-media":"","overlay-type":"","overlay-color":"","overlay-opacity":"","overlay-gradient":""}},"footnotes":""},"class_list":["post-3268","page","type-page","status-publish","hentry"],"post_mailing_queue_ids":[],"_links":{"self":[{"href":"https:\/\/agora.xtec.cat\/escolarambletadelclot\/wp-json\/wp\/v2\/pages\/3268","targetHints":{"allow":["GET"]}}],"collection":[{"href":"https:\/\/agora.xtec.cat\/escolarambletadelclot\/wp-json\/wp\/v2\/pages"}],"about":[{"href":"https:\/\/agora.xtec.cat\/escolarambletadelclot\/wp-json\/wp\/v2\/types\/page"}],"author":[{"embeddable":true,"href":"https:\/\/agora.xtec.cat\/escolarambletadelclot\/wp-json\/wp\/v2\/users\/1"}],"replies":[{"embeddable":true,"href":"https:\/\/agora.xtec.cat\/escolarambletadelclot\/wp-json\/wp\/v2\/comments?post=3268"}],"version-history":[{"count":3,"href":"https:\/\/agora.xtec.cat\/escolarambletadelclot\/wp-json\/wp\/v2\/pages\/3268\/revisions"}],"predecessor-version":[{"id":5805,"href":"https:\/\/agora.xtec.cat\/escolarambletadelclot\/wp-json\/wp\/v2\/pages\/3268\/revisions\/5805"}],"up":[{"embeddable":true,"href":"https:\/\/agora.xtec.cat\/escolarambletadelclot\/wp-json\/wp\/v2\/pages\/3149"}],"wp:attachment":[{"href":"https:\/\/agora.xtec.cat\/escolarambletadelclot\/wp-json\/wp\/v2\/media?parent=3268"}],"curies":[{"name":"wp","href":"https:\/\/api.w.org\/{rel}","templated":true}]}}